{"id":2555,"date":"2017-03-22T08:39:41","date_gmt":"2017-03-22T06:39:41","guid":{"rendered":"http:\/\/mkv.miun.se\/dcase1\/?page_id=2555"},"modified":"2019-04-04T13:06:22","modified_gmt":"2019-04-04T11:06:22","slug":"vara-jobb","status":"publish","type":"page","link":"http:\/\/mkv.miun.se\/dcase2018\/","title":{"rendered":"V\u00e5ra unders\u00f6kningar"},"content":{"rendered":"<p>H\u00e4r publicerar vi unders\u00f6kningar som gjorda av Mittuniversitetets journaliststudenter. De f\u00f6rsta stora unders\u00f6kningarna publicerades maj 2017.<\/p>\n<p>Alla unders\u00f6kningar g\u00e5r att \u00e5terpublicera gratis. L\u00e4r mer om att \u00e5terpublicera <a href=\"http:\/\/www.dcase.se\/knyck-vara-knack\/\">h\u00e4r<\/a>.<\/p>\n<p>Vi anv\u00e4nder Creative Commons verktyg f\u00f6r licensiering.\u00a0<span style=\"line-height: 1.5;\">L\u00e4s mer om licensegenskaperna <\/span><a style=\"line-height: 1.5;\" href=\"http:\/\/www.creativecommons.se\/om-cc\/licenserna\/\">h\u00e4r.<\/a><\/p>\n<div id=\"themify_builder_content-2555\" data-postid=\"2555\" class=\"themify_builder_content themify_builder_content-2555 themify_builder\">\n    <\/div>\n<!-- \/themify_builder_content -->","protected":false},"excerpt":{"rendered":"<p>H\u00e4r publicerar vi unders\u00f6kningar som gjorda av Mittuniversitetets journaliststudenter. De f\u00f6rsta stora unders\u00f6kningarna publicerades maj 2017. Alla unders\u00f6kningar g\u00e5r att \u00e5terpublicera gratis. L\u00e4r mer om att \u00e5terpublicera h\u00e4r. Vi anv\u00e4nder Creative Commons verktyg f\u00f6r licensiering.\u00a0L\u00e4s mer om licensegenskaperna h\u00e4r.<\/p>\n","protected":false},"author":1,"featured_media":0,"parent":0,"menu_order":0,"comment_status":"closed","ping_status":"closed","template":"","meta":[],"categories":[12],"tags":[],"_links":{"self":[{"href":"http:\/\/mkv.miun.se\/dcase2018\/wp-json\/wp\/v2\/pages\/2555"}],"collection":[{"href":"http:\/\/mkv.miun.se\/dcase2018\/wp-json\/wp\/v2\/pages"}],"about":[{"href":"http:\/\/mkv.miun.se\/dcase2018\/wp-json\/wp\/v2\/types\/page"}],"author":[{"embeddable":true,"href":"http:\/\/mkv.miun.se\/dcase2018\/wp-json\/wp\/v2\/users\/1"}],"replies":[{"embeddable":true,"href":"http:\/\/mkv.miun.se\/dcase2018\/wp-json\/wp\/v2\/comments?post=2555"}],"version-history":[{"count":8,"href":"http:\/\/mkv.miun.se\/dcase2018\/wp-json\/wp\/v2\/pages\/2555\/revisions"}],"predecessor-version":[{"id":7884,"href":"http:\/\/mkv.miun.se\/dcase2018\/wp-json\/wp\/v2\/pages\/2555\/revisions\/7884"}],"wp:attachment":[{"href":"http:\/\/mkv.miun.se\/dcase2018\/wp-json\/wp\/v2\/media?parent=2555"}],"wp:term":[{"taxonomy":"category","embeddable":true,"href":"http:\/\/mkv.miun.se\/dcase2018\/wp-json\/wp\/v2\/categories?post=2555"},{"taxonomy":"post_tag","embeddable":true,"href":"http:\/\/mkv.miun.se\/dcase2018\/wp-json\/wp\/v2\/tags?post=2555"}],"curies":[{"name":"wp","href":"https:\/\/api.w.org\/{rel}","templated":true}]}}