{"id":2878,"date":"2017-04-08T20:34:34","date_gmt":"2017-04-08T18:34:34","guid":{"rendered":"http:\/\/www.dcase.se\/?page_id=2878"},"modified":"2017-05-17T10:51:10","modified_gmt":"2017-05-17T08:51:10","slug":"25-arsfirande-gyllene-haldan-till-journalisterna-bakom-spar","status":"publish","type":"page","link":"http:\/\/mkv.miun.se\/dcase2018\/nyheter\/25-arsfirande-gyllene-haldan-till-journalisterna-bakom-spar\/","title":{"rendered":"25-\u00e5rsfirande Gyllene Haldan till journalisterna bakom Sp\u00e5r"},"content":{"rendered":"<figure id=\"attachment_2898\" aria-describedby=\"caption-attachment-2898\" style=\"width: 1400px\" class=\"wp-caption alignnone\"><img loading=\"lazy\" class=\"size-full wp-image-2898\" src=\"http:\/\/www.dcase.se\/wp-content\/uploads\/2016\/10\/NJX0962-som-smart-objekt-1-e1491736911871.jpg\" alt=\"\" width=\"1400\" height=\"933\" \/><figcaption id=\"caption-attachment-2898\" class=\"wp-caption-text\">Mathilda Ejefalk och Andreas Linderfors delar ut Gyllene Haldan p\u00e5 Gr\u00e4vseminariet i Uppsala\u008c. Glad mottagare av priset \u00e4r Anton Berg, som tilldelas den f\u00f6rgyllda skrivmaskinen tillsammans med Martin Johnson. Foto: Noella Johansson<\/figcaption><\/figure>\n<p class=\"p1\"><span class=\"ingress\">Den prestigefyllda Gyllene Haldan gick i \u00e5r till de unders\u00f6kande journalisterna Anton Berg och Martin Johnson.<\/span><\/p>\n<p class=\"p1\"><span class=\"s1 ingress\">Priset delades ut p\u00e5 det \u00e5rliga Gr\u00e4vseminariet som avslutades med Guldspadegalan i Uppsala Konsert &amp; Kongress p\u00e5 l\u00f6rdagskv\u00e4llen.<\/span><\/p>\n<figure id=\"attachment_2871\" aria-describedby=\"caption-attachment-2871\" style=\"width: 300px\" class=\"wp-caption alignright\"><img loading=\"lazy\" class=\"wp-image-2871 size-medium\" src=\"http:\/\/www.dcase.se\/wp-content\/uploads\/2017\/04\/GylleneHaldan-300x225.jpg\" alt=\"\" width=\"300\" height=\"225\" srcset=\"http:\/\/mkv.miun.se\/dcase2018\/wp-content\/uploads\/2017\/04\/GylleneHaldan-300x225.jpg 300w, http:\/\/mkv.miun.se\/dcase2018\/wp-content\/uploads\/2017\/04\/GylleneHaldan-768x576.jpg 768w, http:\/\/mkv.miun.se\/dcase2018\/wp-content\/uploads\/2017\/04\/GylleneHaldan-580x435.jpg 580w, http:\/\/mkv.miun.se\/dcase2018\/wp-content\/uploads\/2017\/04\/GylleneHaldan.jpg 1500w\" sizes=\"(max-width: 300px) 100vw, 300px\" \/><figcaption id=\"caption-attachment-2871\" class=\"wp-caption-text\">Gyllene Haldan, 25-\u00e5rigt vandringspris.<\/figcaption><\/figure>\n<p class=\"p1\">&#8221;Med gr\u00e4vande journalistik i ett medie helt r\u00e4tt i tiden har de visat att de som tredje statsmakt kan f\u00f6r\u00e4ndra p\u00e5 riktigt, och genom sitt tillg\u00e4ngliga ber\u00e4ttande n\u00e5 ut till flera tusen lyssnare&#8221;, motiverar journaliststudenterna fr\u00e5n Mittuniversitetet sitt beslut.<\/p>\n<p class=\"p1\"><span class=\"fetingang\">ANTON BERG OCH<\/span> Martin Johnson har b\u00e5da jobbat f\u00f6r Sveriges Radio och producerat avsnitt f\u00f6r P3 och P1 dokument\u00e4r. I podcasten Sp\u00e5r<span class=\"s1\">\u00a0granskar de k\u00e4nda, omtvistade kriminalfall och f\u00f6ljer, kort sagt, sp\u00e5ren. Podcasten \u00e4r en av landets tio mest popul\u00e4ra.<\/span><\/p>\n<p class=\"p1\"><span class=\"s1\">&#8221;Med gr\u00e4vande journalistik i ett medie helt r\u00e4tt i tiden har de visat att de som tredje statsmakt kan f\u00f6r\u00e4ndra p\u00e5 riktigt, och genom sitt tillg\u00e4ngliga ber\u00e4ttande n\u00e5 ut till flera tusen lyssnare<\/span><span class=\"s2\">&#8221;, forts\u00e4tter journaliststudenterna fr\u00e5n Mittuniversitetet sin motivering.<\/span><\/p>\n<p class=\"p1\"><span class=\"s1\"><span class=\"fetingang\">DEN F\u00d6RGYLLDA<\/span> skrivmaskinen, som \u00e4r av det klassiska m\u00e4rket <a href=\"https:\/\/sv.wikipedia.org\/wiki\/Halda\">Halda<\/a>,\u00a0<\/span><span class=\"s1\">\u00e4r ett vandringspris som delas ut av linjef\u00f6reningen JFS, som best\u00e5r av studenter fr\u00e5n journalist- och bildjournalistprogrammet p\u00e5 Mittuniversitetet i Sundsvall. Ett annat namn p\u00e5 vandringspriset \u00e4r Det lite st\u00f6rre journalistpriset, som i \u00e5r \u00e4ven firar 25-\u00e5rsjubileum.<\/span><\/p>\n<p class=\"p1\">H\u00e4r kan du se\u00a0<a href=\"https:\/\/sv.wikipedia.org\/wiki\/Det_lite_st%C3%B6rre_journalistpriset\">listan med alla tidigare pristagare:<\/a><\/p>\n<p class=\"p1\">Det \u00e5rliga <a href=\"http:\/\/gravseminariet.se\/info\/\">Gr\u00e4vseminariet<\/a>, som i \u00e5r h\u00f6lls i Uppsala, samlar gr\u00e4ddan av unders\u00f6kande journalister fr\u00e5n Sverige och v\u00e4rlden.<\/p>\n<div id=\"themify_builder_content-2878\" data-postid=\"2878\" class=\"themify_builder_content themify_builder_content-2878 themify_builder\">\n    <\/div>\n<!-- \/themify_builder_content -->","protected":false},"excerpt":{"rendered":"<p>Den prestigefyllda Gyllene Haldan gick i \u00e5r till de unders\u00f6kande journalisterna Anton Berg och Martin Johnson. Priset delades ut p\u00e5 det \u00e5rliga Gr\u00e4vseminariet som avslutades med Guldspadegalan i Uppsala Konsert &amp; Kongress p\u00e5 l\u00f6rdagskv\u00e4llen. &#8221;Med gr\u00e4vande journalistik i ett medie helt r\u00e4tt i tiden har de visat att de som tredje statsmakt kan f\u00f6r\u00e4ndra p\u00e5 [&hellip;]<\/p>\n","protected":false},"author":87,"featured_media":2888,"parent":1923,"menu_order":0,"comment_status":"closed","ping_status":"closed","template":"","meta":[],"categories":[2],"tags":[],"_links":{"self":[{"href":"http:\/\/mkv.miun.se\/dcase2018\/wp-json\/wp\/v2\/pages\/2878"}],"collection":[{"href":"http:\/\/mkv.miun.se\/dcase2018\/wp-json\/wp\/v2\/pages"}],"about":[{"href":"http:\/\/mkv.miun.se\/dcase2018\/wp-json\/wp\/v2\/types\/page"}],"author":[{"embeddable":true,"href":"http:\/\/mkv.miun.se\/dcase2018\/wp-json\/wp\/v2\/users\/87"}],"replies":[{"embeddable":true,"href":"http:\/\/mkv.miun.se\/dcase2018\/wp-json\/wp\/v2\/comments?post=2878"}],"version-history":[{"count":9,"href":"http:\/\/mkv.miun.se\/dcase2018\/wp-json\/wp\/v2\/pages\/2878\/revisions"}],"predecessor-version":[{"id":2901,"href":"http:\/\/mkv.miun.se\/dcase2018\/wp-json\/wp\/v2\/pages\/2878\/revisions\/2901"}],"up":[{"embeddable":true,"href":"http:\/\/mkv.miun.se\/dcase2018\/wp-json\/wp\/v2\/pages\/1923"}],"wp:featuredmedia":[{"embeddable":true,"href":"http:\/\/mkv.miun.se\/dcase2018\/wp-json\/wp\/v2\/media\/2888"}],"wp:attachment":[{"href":"http:\/\/mkv.miun.se\/dcase2018\/wp-json\/wp\/v2\/media?parent=2878"}],"wp:term":[{"taxonomy":"category","embeddable":true,"href":"http:\/\/mkv.miun.se\/dcase2018\/wp-json\/wp\/v2\/categories?post=2878"},{"taxonomy":"post_tag","embeddable":true,"href":"http:\/\/mkv.miun.se\/dcase2018\/wp-json\/wp\/v2\/tags?post=2878"}],"curies":[{"name":"wp","href":"https:\/\/api.w.org\/{rel}","templated":true}]}}