{"id":2929,"date":"2017-04-26T11:09:06","date_gmt":"2017-04-26T09:09:06","guid":{"rendered":"http:\/\/www.dcase.se\/?page_id=2929"},"modified":"2017-05-22T14:22:44","modified_gmt":"2017-05-22T12:22:44","slug":"joakim-har-bevakat-brott-i-malmo-i-tva-decennier-har-ar-hans-rad","status":"publish","type":"page","link":"http:\/\/mkv.miun.se\/dcase2018\/joakim-har-bevakat-brott-i-malmo-i-tva-decennier-har-ar-hans-rad\/","title":{"rendered":"Joakim har bevakat brott i Malm\u00f6 i tv\u00e5 decennier &#8211; h\u00e4r \u00e4r hans r\u00e5d"},"content":{"rendered":"<p><span class=\"ingress\">I tv\u00e5 decennier har Joakim Palmkvist rapporterat om mord, g\u00e4ngbrott och annan kriminalitet i Malm\u00f6. D\u00e4r har han l\u00e4rt sig vikten av k\u00e4llors betydelse \u2013 p\u00e5 b\u00e5da sidor av lagen.<\/span><\/p>\n<figure id=\"attachment_2968\" aria-describedby=\"caption-attachment-2968\" style=\"width: 300px\" class=\"wp-caption alignright\"><a href=\"http:\/\/www.dcase.se\/wp-content\/uploads\/2017\/05\/IMG_6342-e1493197419395_PUFF.jpg\"><img loading=\"lazy\" class=\"wp-image-2968 size-full\" src=\"http:\/\/www.dcase.se\/wp-content\/uploads\/2017\/05\/IMG_6342-e1493197419395_PUFF.jpg\" alt=\"\" width=\"300\" height=\"300\" \/><\/a><figcaption id=\"caption-attachment-2968\" class=\"wp-caption-text\">Joakim Palmkvist, Sydsvenskan<\/figcaption><\/figure>\n<p>Att Joakim Palmkvist blir kontaktad av kriminella n\u00e4r skotten ljuder i Malm\u00f6 \u00e4r inte ovanligt. Efter flera \u00e5r som kriminalreporter p\u00e5 Sydsvenskan har han gjort sig ett namn bland personer i den undre v\u00e4rlden.<br \/>\n \u2013 De flesta kriminella prenumererar inte p\u00e5 tidningen men det jag skriver finns ju p\u00e5 internet ocks\u00e5. \u00c4r det n\u00e5got som ber\u00f6r deras v\u00e4rld s\u00e5 har de koll p\u00e5 det, s\u00e4ger Joakim Palmkvist.<\/p>\n<p><span class=\"fetingang\">I Joakims dator<\/span> finns ett dokument med \u00f6ver 1500 personer. Det \u00e4r namn p\u00e5 allt i fr\u00e5n m\u00e4nniskor inom polisen till folk i den kriminella v\u00e4rlden. Det gemensamma f\u00f6r alla \u00e4r att de har beh\u00f6vts och kan komma att beh\u00f6vas i Joakims arbete.<br \/>\n \u2013 Det \u00e4r viktigt att systematisera allt. Man vet aldrig n\u00e4r en polis, handl\u00e4ggare eller en annan person f\u00e5r en ny tj\u00e4nst som inneb\u00e4r ny information.<\/p>\n<p>Av alla dessa personer finns det ett visst antal som Joakim underh\u00e5ller systematiskt. Det betyder att Joakim regelbundet kontaktar k\u00e4llorna f\u00f6r att de ofta sitter p\u00e5 nyttig information.<br \/>\n \u2013 Jag g\u00f6r det inte f\u00f6r att sm\u00f6ra utan det \u00e4r mer i stil med: \u201dHej det var ett tag sedan vi pratade. Har det h\u00e4nt n\u00e5got sen sist? Jag beh\u00f6ver ny information.\u201d<br \/>\n \u2013 Det grundl\u00e4ggande \u00e4r att information jag kan f\u00e5 i sin helhet eller som pusselbitar av den k\u00e4llan \u00e4r s\u00e4rskilt viktig. Genom att pussla ihop informationen kan jag f\u00e5 ihop st\u00f6rre nyheter.<\/p>\n<p><span class=\"fetingang\">Under tiden som<\/span> kriminalreporter har m\u00e4ngder av k\u00e4llor p\u00e5 b\u00e5da sidor av lagen korsat Joakims v\u00e4g. Under sin f\u00f6rel\u00e4sning med Mittuniversitetets journaliststudenter pratade han om att odla k\u00e4llor. Beroende p\u00e5 vad det \u00e4r f\u00f6r k\u00e4lla s\u00e5 finns det olika s\u00e4tt att g\u00f6ra det p\u00e5.<\/p>\n<p>\u2013 I den kriminella v\u00e4rlden kan man f\u00f6renklat prata om r\u00e4ttstj\u00e4nare och gangsters. Poliser har en upplysningsplikt som myndighetspersoner och det vet de. D\u00e4r finns det n\u00e5gon sorts grundf\u00f6rst\u00e5else.<br \/>\n \u2013 N\u00e4r det kommer till gangsters \u00e4r det viktigt att n\u00e4rma sig f\u00f6rsiktigt. Det g\u00e4ller att vara s\u00e5 p\u00e5l\u00e4st som m\u00f6jligt f\u00f6r att kunna f\u00f6rutse den m\u00e4nniskans eventuella reaktioner. Det viktigaste \u00e4r dock att klarg\u00f6ra relationen mellan mig och k\u00e4llan.<\/p>\n<p>Att anv\u00e4nda sig av k\u00e4llor i det dagliga journalistiska arbetet \u00e4r n\u00e5got som Joakim anser \u00e4r viktigt.<br \/>\n \u2013 Vill man vara f\u00f6rst p\u00e5 grejer, ha mer sammanhang och f\u00f6rse v\u00e5ra l\u00e4sare med s\u00e5 bra information som m\u00f6jligt s\u00e5 \u00e4r det avg\u00f6rande. Det \u00e4r inte tvunget att arbeta p\u00e5 det s\u00e4ttet men det \u00f6kar identifikationen och medk\u00e4nslan hos l\u00e4saren.<\/p>\n<p>&nbsp;<\/p>\n<div class=\"faktaruta\">\n<p><span class=\"faktarubrik\">Joakims tre tips till dig som vill syssla med kriminaljournalistik:<\/span><\/p>\n<ol>\n<li><span class=\"faktatext\">L\u00e4s p\u00e5 \u2013 l\u00e4r dig grunderna om lagar och regler f\u00f6r f\u00f6runders\u00f6kningar.<\/span><\/li>\n<li><span class=\"faktatext\">Samla allt \u2013 hitta din egen metod men samla allt material som du kan komma att beh\u00f6va.<\/span><\/li>\n<li><span class=\"faktatext\">Ha roligt och var engagerad \u2013 d\u00e5 finns goda m\u00f6jligheter att g\u00f6ra bra kriminaljournalistik. Behovet av den typen av journalistiken kommer alltid att finnas.<\/span><\/li>\n<\/ol>\n<\/div>\n<div class=\"byline\">Anton Johansson<\/p>\n<p><a href=\"mailto:fredrik.nilsson@miun.se\"><span class=\"bylinemail\">info@dcase.se<\/span><\/a><\/p>\n<\/div>\n<div id=\"themify_builder_content-2929\" data-postid=\"2929\" class=\"themify_builder_content themify_builder_content-2929 themify_builder\">\n    <\/div>\n<!-- \/themify_builder_content -->","protected":false},"excerpt":{"rendered":"<p>I tv\u00e5 decennier har Joakim Palmkvist rapporterat om mord, g\u00e4ngbrott och annan kriminalitet i Malm\u00f6. D\u00e4r har han l\u00e4rt sig vikten av k\u00e4llors betydelse \u2013 p\u00e5 b\u00e5da sidor av lagen. Att Joakim Palmkvist blir kontaktad av kriminella n\u00e4r skotten ljuder i Malm\u00f6 \u00e4r inte ovanligt. Efter flera \u00e5r som kriminalreporter p\u00e5 Sydsvenskan har han gjort [&hellip;]<\/p>\n","protected":false},"author":87,"featured_media":2930,"parent":0,"menu_order":0,"comment_status":"closed","ping_status":"closed","template":"","meta":[],"categories":[2],"tags":[],"_links":{"self":[{"href":"http:\/\/mkv.miun.se\/dcase2018\/wp-json\/wp\/v2\/pages\/2929"}],"collection":[{"href":"http:\/\/mkv.miun.se\/dcase2018\/wp-json\/wp\/v2\/pages"}],"about":[{"href":"http:\/\/mkv.miun.se\/dcase2018\/wp-json\/wp\/v2\/types\/page"}],"author":[{"embeddable":true,"href":"http:\/\/mkv.miun.se\/dcase2018\/wp-json\/wp\/v2\/users\/87"}],"replies":[{"embeddable":true,"href":"http:\/\/mkv.miun.se\/dcase2018\/wp-json\/wp\/v2\/comments?post=2929"}],"version-history":[{"count":12,"href":"http:\/\/mkv.miun.se\/dcase2018\/wp-json\/wp\/v2\/pages\/2929\/revisions"}],"predecessor-version":[{"id":3811,"href":"http:\/\/mkv.miun.se\/dcase2018\/wp-json\/wp\/v2\/pages\/2929\/revisions\/3811"}],"wp:featuredmedia":[{"embeddable":true,"href":"http:\/\/mkv.miun.se\/dcase2018\/wp-json\/wp\/v2\/media\/2930"}],"wp:attachment":[{"href":"http:\/\/mkv.miun.se\/dcase2018\/wp-json\/wp\/v2\/media?parent=2929"}],"wp:term":[{"taxonomy":"category","embeddable":true,"href":"http:\/\/mkv.miun.se\/dcase2018\/wp-json\/wp\/v2\/categories?post=2929"},{"taxonomy":"post_tag","embeddable":true,"href":"http:\/\/mkv.miun.se\/dcase2018\/wp-json\/wp\/v2\/tags?post=2929"}],"curies":[{"name":"wp","href":"https:\/\/api.w.org\/{rel}","templated":true}]}}