{"id":2956,"date":"2017-05-08T16:17:36","date_gmt":"2017-05-08T14:17:36","guid":{"rendered":"http:\/\/www.dcase.se\/?page_id=2956"},"modified":"2017-05-17T11:16:52","modified_gmt":"2017-05-17T09:16:52","slug":"ingen-morkning-av-offentliganstalldas-personnummer","status":"publish","type":"page","link":"http:\/\/mkv.miun.se\/dcase2018\/ingen-morkning-av-offentliganstalldas-personnummer\/","title":{"rendered":"Ingen m\u00f6rkning av offentliganst\u00e4lldas personnummer"},"content":{"rendered":"<p><span class=\"ingress\">Regeringen backar fr\u00e5n f\u00f6rslaget att bel\u00e4gga alla offentliganst\u00e4lldas personnummer med sekretess, efter kritik fr\u00e5n Mittuniversitetets journalistutbildning och F\u00f6reningen Gr\u00e4vande journalister.<\/span><br \/>\n <span class=\"ingress\">&#8211; Det k\u00e4nns bra att regeringen tagit till sig v\u00e5ra argument. F\u00f6rslaget hade om\u00f6jliggjort kritisk och granskande journalistik, s\u00e4ger Peter Jonriksson, programansvarig p\u00e5 journalistutbildningen.<\/span><\/p>\n<p> <span class=\"fetingang\">I en f\u00e4rsk remiss<\/span> till lagr\u00e5det framg\u00e5r att regeringen allts\u00e5 verkar sl\u00e4ppa tanken p\u00e5 att g\u00f6ra alla offentliganst\u00e4lldas personuppgifter hemliga. I det ursprungliga f\u00f6rslaget ville regeringens utredare att alla personuppgifter om anst\u00e4llda i myndigheter, landsting och kommuner skulle bel\u00e4ggas med hemligst\u00e4mpel genom en \u00e4ndring i Offentlighets- och sekretesslagen. Motivet var att anst\u00e4llda p\u00e5 s\u00e5 vis skulle f\u00e5 ett b\u00e4ttre skydd mot trakasserier.<br \/>\n Inga universitet ombads yttra sig \u00f6ver f\u00f6rslaget, men Mittuniversitetet l\u00e4mnade p\u00e5 eget initiativ in ett remissvar, utformat av Peter Jonriksson och professor Lars Nord.<br \/>\n Mittuniversitetet och FGJ framh\u00f6ll i sina yttranden bland annat att m\u00e4ngden hot mot myndighetspersoner inte \u00f6kat p\u00e5 20 \u00e5r, men framf\u00f6r allt att en s\u00e5dan lag\u00e4ndring skulle om\u00f6jligg\u00f6ra viktiga journalistiska granskningar.<br \/>\n <span class=\"fetingang\">&#8211; Trakasserier och<\/span> hot mot myndighetsanst\u00e4llda \u00e4r ett allvarligt problem. Men att hemligst\u00e4mpla personnummer skulle enligt v\u00e5r mening inte f\u00f6rb\u00e4ttra s\u00e4kerheten f\u00f6r dem n\u00e4mnv\u00e4rt. Myndigheterna m\u00e5ste ta till andra metoder f\u00f6r att p\u00e5 allvar skydda och st\u00f6dja sina anst\u00e4llda i vardagen. D\u00e4rf\u00f6r \u00e4r det inte heller befogat med en s\u00e5 allvarlig inskr\u00e4nkning i offentlighetsprincipen. Det skulle g\u00f6ra det mycket sv\u00e5rare att avsl\u00f6ja offentliganst\u00e4llda som \u00e4gnar sig \u00e5t maktmissbruk eller skumma aff\u00e4rer, s\u00e4ger Peter Jonriksson.<br \/>\n Regeringen motiverar sin \u00e4ndrade st\u00e5ndpunkt s\u00e5 h\u00e4r i lagr\u00e5dsremissen :<br \/>\n &#8221;Personnummer a\u0308r precis som Mittuniversitet pa\u030apekar godtaget som en sa\u0308ker identifiering av en person. Regeringen kan konstatera att de flesta myndighetssystem anva\u0308nder personnummer fo\u0308r att identifiera ba\u030ade enskilda som a\u0308r so\u0308kande eller klagande och ansta\u0308llda. Om personnummer hemligha\u030alls regelma\u0308ssigt kan det som Mittuniversitetet framha\u030aller vara sva\u030arare att i vissa fall koppla a\u0308gande, ra\u0308ttsfall, transaktioner, myndighets- avgo\u0308randen och politiska handlingar till en enskild offentligansta\u0308lld. Det i sin tur kan fo\u0308rsva\u030ara viktiga granskningar. Utan en sa\u0308ker identifikation kan det vara vanskligt ur juridisk och etisk synvinkel att bela\u0308gga miss- fo\u0308rha\u030allanden kopplade till enskilda befattningshavare.&#8221;<br \/>\n <span class=\"fetingang\">F\u00f6rslaget ska nu<\/span> granskas av lagr\u00e5det innan det formas till en proposition som kan presenteras i riksdagen f\u00f6r beslut.<br \/>\n &#8211; Vi f\u00e5r hoppas att hemligst\u00e4mpeln inte \u00e5terkommer i det slutgiltiga f\u00f6rslaget. De senaste 20 \u00e5ren har vi sett en oroande trend d\u00e4r myndigheter ges allt st\u00f6rre befogenheter att granska medborgarna, samtidigt som de sj\u00e4lva till\u00e5ts d\u00f6lja saker bakom sk\u00e4rpta sekretessregler. Det motiveras ofta med att den personliga integriteten m\u00e5ste skyddas, men s\u00e4llan diskuteras hur det bit f\u00f6r bit har blivit allt sv\u00e5rare att f\u00e5 insyn i myndigheternas g\u00f6randen och l\u00e5tanden, s\u00e4ger Peter Jonriksson.<\/p>\n<p>L\u00e4s hela dokumentet h\u00e4r:<br \/>\n <a href=\"http:\/\/www.regeringen.se\/\u2026\/nagra-fragor-om-offentlighet-och\u2026\">http:\/\/www.regeringen.se\/\u2026\/nagra-fragor-om-offentlighet-och\u2026<\/a><\/p>\n<div id=\"themify_builder_content-2956\" data-postid=\"2956\" class=\"themify_builder_content themify_builder_content-2956 themify_builder\">\n    <\/div>\n<!-- \/themify_builder_content -->","protected":false},"excerpt":{"rendered":"<p>Regeringen backar fr\u00e5n f\u00f6rslaget att bel\u00e4gga alla offentliganst\u00e4lldas personnummer med sekretess, efter kritik fr\u00e5n Mittuniversitetets journalistutbildning och F\u00f6reningen Gr\u00e4vande journalister. &#8211; Det k\u00e4nns bra att regeringen tagit till sig v\u00e5ra argument. F\u00f6rslaget hade om\u00f6jliggjort kritisk och granskande journalistik, s\u00e4ger Peter Jonriksson, programansvarig p\u00e5 journalistutbildningen. I en f\u00e4rsk remiss till lagr\u00e5det framg\u00e5r att regeringen allts\u00e5 verkar [&hellip;]<\/p>\n","protected":false},"author":87,"featured_media":2957,"parent":0,"menu_order":0,"comment_status":"closed","ping_status":"closed","template":"","meta":[],"categories":[2],"tags":[],"_links":{"self":[{"href":"http:\/\/mkv.miun.se\/dcase2018\/wp-json\/wp\/v2\/pages\/2956"}],"collection":[{"href":"http:\/\/mkv.miun.se\/dcase2018\/wp-json\/wp\/v2\/pages"}],"about":[{"href":"http:\/\/mkv.miun.se\/dcase2018\/wp-json\/wp\/v2\/types\/page"}],"author":[{"embeddable":true,"href":"http:\/\/mkv.miun.se\/dcase2018\/wp-json\/wp\/v2\/users\/87"}],"replies":[{"embeddable":true,"href":"http:\/\/mkv.miun.se\/dcase2018\/wp-json\/wp\/v2\/comments?post=2956"}],"version-history":[{"count":5,"href":"http:\/\/mkv.miun.se\/dcase2018\/wp-json\/wp\/v2\/pages\/2956\/revisions"}],"predecessor-version":[{"id":3023,"href":"http:\/\/mkv.miun.se\/dcase2018\/wp-json\/wp\/v2\/pages\/2956\/revisions\/3023"}],"wp:featuredmedia":[{"embeddable":true,"href":"http:\/\/mkv.miun.se\/dcase2018\/wp-json\/wp\/v2\/media\/2957"}],"wp:attachment":[{"href":"http:\/\/mkv.miun.se\/dcase2018\/wp-json\/wp\/v2\/media?parent=2956"}],"wp:term":[{"taxonomy":"category","embeddable":true,"href":"http:\/\/mkv.miun.se\/dcase2018\/wp-json\/wp\/v2\/categories?post=2956"},{"taxonomy":"post_tag","embeddable":true,"href":"http:\/\/mkv.miun.se\/dcase2018\/wp-json\/wp\/v2\/tags?post=2956"}],"curies":[{"name":"wp","href":"https:\/\/api.w.org\/{rel}","templated":true}]}}