{"id":2984,"date":"2017-05-15T15:24:09","date_gmt":"2017-05-15T13:24:09","guid":{"rendered":"http:\/\/www.dcase.se\/?page_id=2984"},"modified":"2017-05-16T19:53:42","modified_gmt":"2017-05-16T17:53:42","slug":"fredrik-strombergs-kit-for-att-na-ut-i-sociala-medier","status":"publish","type":"page","link":"http:\/\/mkv.miun.se\/dcase2018\/fredrik-strombergs-kit-for-att-na-ut-i-sociala-medier\/","title":{"rendered":"Fredrik Str\u00f6mbergs kit f\u00f6r att n\u00e5 ut i sociala medier"},"content":{"rendered":"<p><figure id=\"attachment_2993\" aria-describedby=\"caption-attachment-2993\" style=\"width: 1500px\" class=\"wp-caption alignnone\"><img loading=\"lazy\" class=\"wp-image-2993 size-full\" src=\"http:\/\/www.dcase.se\/wp-content\/uploads\/2017\/05\/Ska\u0308rmavbild-2017-05-15-kl.-16.06.39.png\" alt=\"\" width=\"1500\" height=\"923\" srcset=\"http:\/\/mkv.miun.se\/dcase2018\/wp-content\/uploads\/2017\/05\/Ska\u0308rmavbild-2017-05-15-kl.-16.06.39.png 1500w, http:\/\/mkv.miun.se\/dcase2018\/wp-content\/uploads\/2017\/05\/Ska\u0308rmavbild-2017-05-15-kl.-16.06.39-310x191.png 310w, http:\/\/mkv.miun.se\/dcase2018\/wp-content\/uploads\/2017\/05\/Ska\u0308rmavbild-2017-05-15-kl.-16.06.39-768x472.png 768w, http:\/\/mkv.miun.se\/dcase2018\/wp-content\/uploads\/2017\/05\/Ska\u0308rmavbild-2017-05-15-kl.-16.06.39-580x357.png 580w\" sizes=\"(max-width: 1500px) 100vw, 1500px\" \/><figcaption id=\"caption-attachment-2993\" class=\"wp-caption-text\">Ett KIT-kn\u00e4ck, som gjort f\u00f6r att delas i sociala medier.<\/figcaption><\/figure> <figure id=\"attachment_2996\" aria-describedby=\"caption-attachment-2996\" style=\"width: 145px\" class=\"wp-caption alignleft\"><img loading=\"lazy\" class=\"wp-image-2996 size-thumbnail\" src=\"http:\/\/www.dcase.se\/wp-content\/uploads\/2017\/05\/Ska\u0308rmavbild-2017-05-15-kl.-16.11.53-145x96.png\" alt=\"\" width=\"145\" height=\"96\" \/><figcaption id=\"caption-attachment-2996\" class=\"wp-caption-text\">Fredrik Str\u00f6mberg.<\/figcaption><\/figure><\/p>\n<p>Fredrik Str\u00f6mberg \u00e4r en av grundarna till <a href=\"https:\/\/kit.se\/\">KIT.se<\/a> och alumn fr\u00e5n Mittuniversitetet (Jour 95). N\u00e4r han f\u00f6rel\u00e4ser om hur man n\u00e5r ut med en story i sociala medier s\u00e5 kokar allt ner till det h\u00e4r: h\u00e5rt arbete, eller &#8221;gruvarbete&#8221;, som han sj\u00e4lv s\u00e4ger. Naturligtvis i kombination med kreativitet och\u00a0kunskap, kan vi l\u00e4gga till. 2014 grundades KIT.se, med<a href=\"http:\/\/www.bonniergrowthmedia.com\/\">\u00a0Bonnier Growth Media<\/a> som huvud\u00e4gare. 2015 lanserades KIT.se publikt. Sedan dess har redaktionen mejslat ut en egen modell f\u00f6r effektiv distribution av journalistiskt inneh\u00e5ll.\u00a0Resultatet \u00e4r en v\u00e5t dr\u00f6m, f\u00f6r vilket mediehus som helst. F\u00f6r KIT-redaktionen \u00e4r det inte ovanligt att egenproducerade videofilmer med journalistiskt inneh\u00e5ll visas \u00f6ver en miljon g\u00e5nger p\u00e5 Facebook. Bakom\u00a0framg\u00e5ngen ligger Fredrik Str\u00f6mbergs mer eller mindre maniska insamlande av data, som analyserats, strukturerats och kommit ut som ett konkret produktionsst\u00f6d f\u00f6r redaktionen, som i sin tur har en ovanligt stor tyngd p\u00e5 distributionssidan i sin redaktionella organisation. &#8221;Det \u00e4r inga slasktj\u00e4nster&#8221;, som Fredrik Str\u00f6mberg uttrycker det. Tv\u00e4rtom ligger\u00a0n\u00e5gra av redaktionens skickligaste hantverkare bakom utformningen av de sociala objekt varigenom KIT.se distribuerar sin journalistik i sociala medier. Ambitionen \u00e4r\u00a0att ge varje\u00a0objekt sin optimala form och tonalitet. G\u00f6ra den maximalt delbar, utan att spekulera i viralitet med klickbeten. &#8221;Det m\u00e5ste finnas ett v\u00e4rde att b\u00e5de ta emot och att sprida&#8221;, s\u00e4ger Fredrik Str\u00f6mberg. En viktig faktor f\u00f6r att lyckats \u00e4r, som sagt, h\u00e5rt arbete. Om en grej inte flyger, s\u00e5 \u00e4r det bara att g\u00f6ra om och g\u00f6ra om igen. Jobba, jobba, jobba, f\u00f6r att riktigt gnugga in budskapet. &#8221;Att \u00e5stadkomma spridning \u00e4r som gruvarbete. Det \u00e4r inte magi&#8221;, konstaterar Fredrik Str\u00f6mberg. Den som har kvalitet att bjuda p\u00e5, till exempel ett gr\u00e4vjobb med m\u00e5ls\u00e4ttningen att n\u00e5 maximalt genomslag f\u00f6r att \u00e4ndra ett blottlagt missf\u00f6rh\u00e5llande, b\u00f6r med andra ord f\u00f6rst ta sig en ordentlig funderare p\u00e5 varf\u00f6r n\u00e5gon annan skulle vilja dela p\u00e5 Facebook? G\u00e5r det att ge gr\u00e4vjobbet en form och en tonalitet som tr\u00e4ffar publiken p\u00e5 ett s\u00e5dant s\u00e4tt att s\u00e5 m\u00e5nga som m\u00f6jligt, p\u00e5 ett s\u00e4tt som \u00e4r \u00f6nskv\u00e4rt, v\u00e4ljer att spontant skicka det vidare i sina sociala n\u00e4tverk? Well, d\u00e4r har ni Fredrik Str\u00f6mbergs kit f\u00f6r hur man b\u00e4st n\u00e5r ut med journalistik i sociala medier.<\/p>\n<div class=\"byline\">Fredrik Nilsson<br \/>\n L\u00e4rare, Mittuniversitetets journalistprogram<\/div>\n<div id=\"themify_builder_content-2984\" data-postid=\"2984\" class=\"themify_builder_content themify_builder_content-2984 themify_builder\">\n    <\/div>\n<!-- \/themify_builder_content -->","protected":false},"excerpt":{"rendered":"<p>Fredrik Str\u00f6mberg \u00e4r en av grundarna till KIT.se och alumn fr\u00e5n Mittuniversitetet (Jour 95). N\u00e4r han f\u00f6rel\u00e4ser om hur man n\u00e5r ut med en story i sociala medier s\u00e5 kokar allt ner till det h\u00e4r: h\u00e5rt arbete, eller &#8221;gruvarbete&#8221;, som han sj\u00e4lv s\u00e4ger. Naturligtvis i kombination med kreativitet och\u00a0kunskap, kan vi l\u00e4gga till. 2014 grundades [&hellip;]<\/p>\n","protected":false},"author":87,"featured_media":2985,"parent":0,"menu_order":0,"comment_status":"closed","ping_status":"closed","template":"","meta":[],"categories":[2],"tags":[],"_links":{"self":[{"href":"http:\/\/mkv.miun.se\/dcase2018\/wp-json\/wp\/v2\/pages\/2984"}],"collection":[{"href":"http:\/\/mkv.miun.se\/dcase2018\/wp-json\/wp\/v2\/pages"}],"about":[{"href":"http:\/\/mkv.miun.se\/dcase2018\/wp-json\/wp\/v2\/types\/page"}],"author":[{"embeddable":true,"href":"http:\/\/mkv.miun.se\/dcase2018\/wp-json\/wp\/v2\/users\/87"}],"replies":[{"embeddable":true,"href":"http:\/\/mkv.miun.se\/dcase2018\/wp-json\/wp\/v2\/comments?post=2984"}],"version-history":[{"count":20,"href":"http:\/\/mkv.miun.se\/dcase2018\/wp-json\/wp\/v2\/pages\/2984\/revisions"}],"predecessor-version":[{"id":3012,"href":"http:\/\/mkv.miun.se\/dcase2018\/wp-json\/wp\/v2\/pages\/2984\/revisions\/3012"}],"wp:featuredmedia":[{"embeddable":true,"href":"http:\/\/mkv.miun.se\/dcase2018\/wp-json\/wp\/v2\/media\/2985"}],"wp:attachment":[{"href":"http:\/\/mkv.miun.se\/dcase2018\/wp-json\/wp\/v2\/media?parent=2984"}],"wp:term":[{"taxonomy":"category","embeddable":true,"href":"http:\/\/mkv.miun.se\/dcase2018\/wp-json\/wp\/v2\/categories?post=2984"},{"taxonomy":"post_tag","embeddable":true,"href":"http:\/\/mkv.miun.se\/dcase2018\/wp-json\/wp\/v2\/tags?post=2984"}],"curies":[{"name":"wp","href":"https:\/\/api.w.org\/{rel}","templated":true}]}}