{"id":3406,"date":"2017-05-22T12:00:16","date_gmt":"2017-05-22T10:00:16","guid":{"rendered":"http:\/\/www.dcase.se\/?page_id=3406"},"modified":"2017-05-30T15:10:28","modified_gmt":"2017-05-30T13:10:28","slug":"vi-behover-ett-alternativ","status":"publish","type":"page","link":"http:\/\/mkv.miun.se\/dcase2018\/vi-behover-ett-alternativ\/","title":{"rendered":"Sundsvalls kommun: &#8221;Vi beh\u00f6ver ett alternativ&#8221;"},"content":{"rendered":"<figure id=\"attachment_3411\" aria-describedby=\"caption-attachment-3411\" style=\"width: 1500px\" class=\"wp-caption alignnone\"><img loading=\"lazy\" class=\"wp-image-3411 size-full\" src=\"http:\/\/www.dcase.se\/wp-content\/uploads\/2017\/05\/\u00c5sa_Ulander.jpg\" alt=\"\" width=\"1500\" height=\"1008.9784033002\" srcset=\"http:\/\/mkv.miun.se\/dcase2018\/wp-content\/uploads\/2017\/05\/\u00c5sa_Ulander.jpg 1500w, http:\/\/mkv.miun.se\/dcase2018\/wp-content\/uploads\/2017\/05\/\u00c5sa_Ulander-145x96.jpg 145w, http:\/\/mkv.miun.se\/dcase2018\/wp-content\/uploads\/2017\/05\/\u00c5sa_Ulander-310x209.jpg 310w, http:\/\/mkv.miun.se\/dcase2018\/wp-content\/uploads\/2017\/05\/\u00c5sa_Ulander-768x517.jpg 768w, http:\/\/mkv.miun.se\/dcase2018\/wp-content\/uploads\/2017\/05\/\u00c5sa_Ulander-580x390.jpg 580w\" sizes=\"(max-width: 1500px) 100vw, 1500px\" \/><figcaption id=\"caption-attachment-3411\" class=\"wp-caption-text\">\u00c5sa Ulander har sv\u00e5rt att se en framtid utan konstgr\u00e4splaner. FOTO: Johanna Bak<\/figcaption><\/figure>\n<p><span class=\"ingress\">Varje \u00e5r f\u00f6rsvinner ungef\u00e4r 40 ton gummikulor fr\u00e5n konstgr\u00e4splaner i V\u00e4sternorrland. Ingen verkar ha en l\u00f6sning p\u00e5 problemet.<\/span><br \/>\n <span class=\"ingress\"> <span style=\"font-weight: 400;\">\u2013 <\/span>Vi \u00e4r beroende av att marknaden plockar fram ett alternativ, s\u00e4ger \u00c5sa Ulander, (S).<\/span><\/p>\n<p><span style=\"font-weight: 400;\">V\u00e5r kartl\u00e4ggning visar att antalet konstgr\u00e4splaner mer \u00e4n f\u00f6rdubblats p\u00e5 sju \u00e5r. Tv\u00e5 tredjedelar av planerna fylls regelbundet med granulat: gummikulor som f\u00e5r plastgr\u00e4set att st\u00e5. Spelare, f\u00f6rbund och politiker \u00e4r \u00f6verens om att konstgr\u00e4set beh\u00f6vs f\u00f6r fotbollens utveckling.<\/span><\/p>\n<p><span style=\"font-weight: 400;\">\u00c5sa Ulander, (S), \u00e4r ordf\u00f6rande i Kultur- och fritidsn\u00e4mnden p\u00e5 Sundsvalls kommun. Hon s\u00e4ger att det i dag inte finns n\u00e5got alternativ p\u00e5 marknaden som passar klimatet i norr, men att det \u00e4r viktigt att snabbt hitta nya l\u00f6sningar.<\/span><\/p>\n<p><span style=\"font-weight: 400;\">\u2013 <\/span><span style=\"font-weight: 400;\">Vi m\u00e5ste skapa debatt och opinion. Ju st\u00f6rre krav vi st\u00e4ller och ju st\u00f6rre efterfr\u00e5gan blir desto fortare kommer det g\u00e5. Men ska vi investera m\u00e5nga miljoner m\u00e5ste vi veta att det inte \u00e4r sl\u00f6seri med pengar, s\u00e4ger hon.<\/span><\/p>\n<p><span class=\"mellanrubrik1\">Skulle ni vara beredda att betala?<\/span><\/p>\n<p><span style=\"font-weight: 400;\">\u2013 <\/span><span style=\"font-weight: 400;\">Hittar vi ett milj\u00f6v\u00e4nligt alternativ som h\u00e5ller kommer vi vara beredda att betala.<\/span><\/p>\n<figure id=\"attachment_3410\" aria-describedby=\"caption-attachment-3410\" style=\"width: 310px\" class=\"wp-caption alignright\"><img loading=\"lazy\" class=\"wp-image-3410 size-medium\" src=\"http:\/\/www.dcase.se\/wp-content\/uploads\/2017\/05\/G\u00f6ran_Amund-310x195.jpg\" alt=\"\" width=\"310\" height=\"195\" srcset=\"http:\/\/mkv.miun.se\/dcase2018\/wp-content\/uploads\/2017\/05\/G\u00f6ran_Amund-310x195.jpg 310w, http:\/\/mkv.miun.se\/dcase2018\/wp-content\/uploads\/2017\/05\/G\u00f6ran_Amund-768x484.jpg 768w, http:\/\/mkv.miun.se\/dcase2018\/wp-content\/uploads\/2017\/05\/G\u00f6ran_Amund-580x365.jpg 580w, http:\/\/mkv.miun.se\/dcase2018\/wp-content\/uploads\/2017\/05\/G\u00f6ran_Amund.jpg 1500w\" sizes=\"(max-width: 310px) 100vw, 310px\" \/><figcaption id=\"caption-attachment-3410\" class=\"wp-caption-text\">Just nu ligger det inget gr\u00e4s i Nordichallen d\u00e4r G\u00f6ran Amund har sitt kontor. FOTO: Johanna Bak<\/figcaption><\/figure>\n<p><span style=\"font-weight: 400;\">G\u00f6ran Amund \u00e4r ordf\u00f6rande f\u00f6r Medelpads fotbollf\u00f6rbunds anl\u00e4ggningskommitt\u00e9. Han s\u00e4ger att de inte p\u00e5 n\u00e5got s\u00e4tt vill vara en milj\u00f6bov, men att konstgr\u00e4set har sina f\u00f6rdelar.<\/span><\/p>\n<p><span style=\"font-weight: 400;\">\u2013 <\/span><span style=\"font-weight: 400;\">Jag \u00e4r \u00f6vertygad om att den utveckling som Svensk fotboll har haft \u00e4r mycket tack vare konstgr\u00e4set. Ungar tycker det \u00e4r roligare att spela p\u00e5 konstgr\u00e4s \u00e4n naturgr\u00e4s, s\u00e4ger han.<\/span><\/p>\n<p><span style=\"font-weight: 400;\"><span class=\"fetingang\">P\u00e5 Bor\u00e5s arena<\/span> bytte kommunen f\u00f6rra sommaren ut gummikulorna mot korkbitar. Runt jul best\u00e4mde man sig f\u00f6r att byta tillbaka. <\/span><\/p>\n<p><span style=\"font-weight: 400;\">\u2013 <\/span><span style=\"font-weight: 400;\">Det funkade inte. Men vi f\u00f6rs\u00f6ker h\u00e5lla oss i framkant och letar redan efter andra alternativ som \u00e4r bra b\u00e5de f\u00f6r milj\u00f6n och spelarna, s\u00e4ger anl\u00e4ggningschef Erik Hang.<\/span><\/p>\n<p><span style=\"font-weight: 400;\">Oavsett om marknaden \u00e4r i fas s\u00e5 kvarst\u00e5r faktumet att n\u00e4stan 40 ton granulat varje \u00e5r f\u00f6rsvinner fr\u00e5n konstgr\u00e4splanerna, bara i V\u00e4sternorrland. Naturv\u00e5rdsverket har f\u00e5tt i uppdrag av regeringen att identifiera k\u00e4llor till mikroplast och f\u00f6resl\u00e5 \u00e5tg\u00e4rder. Kerstin \u00c5strand \u00e4r projektledare och s\u00e4ger att konstgr\u00e4splanerna \u00e4r en av fr\u00e5gorna som de jobbar med.<\/span><\/p>\n<p><span style=\"font-weight: 400;\">\u2013 <\/span><span style=\"font-weight: 400;\">Vi har haft en dialog med representanter fr\u00e5n kommuner och med fotbollsf\u00f6rbundet. Vi kommer inte att peka med hela handen och s\u00e4ga \u2018g\u00f6r s\u00e5 h\u00e4r\u2019, utan v\u00e5ra f\u00f6rslag kommer att ligga p\u00e5 ett \u00f6vergripande plan, s\u00e4ger hon och forts\u00e4tter:<\/span><\/p>\n<p><span style=\"font-weight: 400;\">\u2013 <\/span><span style=\"font-weight: 400;\">Det finns olika uppfattningar om hur stort problemet \u00e4r, men vi ser att svinn sker. Sen vet vi inte om det hamnar i vatten eller annan milj\u00f6, det kan variera, men oavsett\u00a0b\u00f6r gummigranulaten inte spridas till milj\u00f6n.<\/span><\/p>\n<p><span style=\"font-weight: 400;\"><span class=\"fetingang\">\u00c5sa Ulander tror<\/span> att l\u00f6sningen \u00e4r att lagstifta om mikroplast.<\/span><\/p>\n<p><span style=\"font-weight: 400;\">\u2013 <\/span><span style=\"font-weight: 400;\">Som med m\u00e5nga andra problem ser vi inte idag att vi p\u00e5verkas och d\u00e5 \u00e4r det sv\u00e5rt att agera. Ibland \u00e4r lagstiftning den enda l\u00f6sningen, s\u00e4ger hon.<\/span><\/p>\n<p><span class=\"byline\">Johanna Bak, Tobias Blixt, Mathilda Gustafsson<br \/>\n Epost: miundigit@gmail.com<\/span><\/p>\n<div id=\"themify_builder_content-3406\" data-postid=\"3406\" class=\"themify_builder_content themify_builder_content-3406 themify_builder\">\n    <\/div>\n<!-- \/themify_builder_content -->","protected":false},"excerpt":{"rendered":"<p>Varje \u00e5r f\u00f6rsvinner ungef\u00e4r 40 ton gummikulor fr\u00e5n konstgr\u00e4splaner i V\u00e4sternorrland. Ingen verkar ha en l\u00f6sning p\u00e5 problemet. \u2013 Vi \u00e4r beroende av att marknaden plockar fram ett alternativ, s\u00e4ger \u00c5sa Ulander, (S). V\u00e5r kartl\u00e4ggning visar att antalet konstgr\u00e4splaner mer \u00e4n f\u00f6rdubblats p\u00e5 sju \u00e5r. Tv\u00e5 tredjedelar av planerna fylls regelbundet med granulat: gummikulor som [&hellip;]<\/p>\n","protected":false},"author":1,"featured_media":0,"parent":0,"menu_order":0,"comment_status":"closed","ping_status":"closed","template":"","meta":[],"categories":[20],"tags":[75,80,81,60,55,86,71,61,76,69,57,67,70,79,62,72,63,77,64,66,59,73,58,78,65,56,74,34,35,68],"_links":{"self":[{"href":"http:\/\/mkv.miun.se\/dcase2018\/wp-json\/wp\/v2\/pages\/3406"}],"collection":[{"href":"http:\/\/mkv.miun.se\/dcase2018\/wp-json\/wp\/v2\/pages"}],"about":[{"href":"http:\/\/mkv.miun.se\/dcase2018\/wp-json\/wp\/v2\/types\/page"}],"author":[{"embeddable":true,"href":"http:\/\/mkv.miun.se\/dcase2018\/wp-json\/wp\/v2\/users\/1"}],"replies":[{"embeddable":true,"href":"http:\/\/mkv.miun.se\/dcase2018\/wp-json\/wp\/v2\/comments?post=3406"}],"version-history":[{"count":23,"href":"http:\/\/mkv.miun.se\/dcase2018\/wp-json\/wp\/v2\/pages\/3406\/revisions"}],"predecessor-version":[{"id":4593,"href":"http:\/\/mkv.miun.se\/dcase2018\/wp-json\/wp\/v2\/pages\/3406\/revisions\/4593"}],"wp:attachment":[{"href":"http:\/\/mkv.miun.se\/dcase2018\/wp-json\/wp\/v2\/media?parent=3406"}],"wp:term":[{"taxonomy":"category","embeddable":true,"href":"http:\/\/mkv.miun.se\/dcase2018\/wp-json\/wp\/v2\/categories?post=3406"},{"taxonomy":"post_tag","embeddable":true,"href":"http:\/\/mkv.miun.se\/dcase2018\/wp-json\/wp\/v2\/tags?post=3406"}],"curies":[{"name":"wp","href":"https:\/\/api.w.org\/{rel}","templated":true}]}}