{"id":49,"date":"2019-04-01T14:28:14","date_gmt":"2019-04-01T13:28:14","guid":{"rendered":"http:\/\/mkv.miun.se\/dcase2019\/?page_id=49"},"modified":"2019-04-16T13:45:32","modified_gmt":"2019-04-16T12:45:32","slug":"om-oss","status":"publish","type":"page","link":"https:\/\/mkv.miun.se\/dcase2019\/om-oss\/","title":{"rendered":"Om oss"},"content":{"rendered":"\n<figure class=\"wp-block-image alignfull\"><img loading=\"lazy\" width=\"960\" height=\"567\" src=\"http:\/\/mkv.miun.se\/dcase2019\/wp-content\/uploads\/2019\/04\/17279_MI7A4605_960_cropped.jpg\" alt=\"\" class=\"wp-image-74\" srcset=\"https:\/\/mkv.miun.se\/dcase2019\/wp-content\/uploads\/2019\/04\/17279_MI7A4605_960_cropped.jpg 960w, https:\/\/mkv.miun.se\/dcase2019\/wp-content\/uploads\/2019\/04\/17279_MI7A4605_960_cropped-300x177.jpg 300w, https:\/\/mkv.miun.se\/dcase2019\/wp-content\/uploads\/2019\/04\/17279_MI7A4605_960_cropped-768x454.jpg 768w, https:\/\/mkv.miun.se\/dcase2019\/wp-content\/uploads\/2019\/04\/17279_MI7A4605_960_cropped-945x558.jpg 945w, https:\/\/mkv.miun.se\/dcase2019\/wp-content\/uploads\/2019\/04\/17279_MI7A4605_960_cropped-600x354.jpg 600w\" sizes=\"(max-width: 960px) 100vw, 960px\" \/><\/figure>\n\n\n\n<p><strong>DCase.se tillh\u00f6r och drivs av  Mittuniversitetets journaliststudenter. Det vi publicerar h\u00e4r \u00e4r  resultatet av god research, faktakontroll och \u00f6vertygelsen att  oberoende journalistik \u00e4r viktig. Du som p\u00e5 olika s\u00e4tt vill vara  delaktig, eller samarbeta med oss, \u00e4r v\u00e4lkommen att h\u00f6ra av dig.<\/strong><\/p>\n\n\n\n<p>De flesta arbeten som publiceras p\u00e5 DCase.se kommer till under kursen  \u201dUnders\u00f6kande journalistik\u201d. Under tio veckor anv\u00e4nder studenterna kunskaper och metoder de till\u00e4gnat sig under utbildningen och f\u00f6rs\u00f6ker skapa en viktig story som f\u00e5r genomslag i  samh\u00e4llet.<\/p>\n\n\n\n<p><strong>DCase.se \u00e4r ocks\u00e5 <\/strong>en  experimentverkstad, som utforskar de nya digitala m\u00f6jligheterna till historieber\u00e4ttande och r\u00e4ckvidd i sociala medier, etablerade  nyhetskanaler och i verkliga livet. V\u00e5ra granskningar avslutas d\u00e4rf\u00f6r  inte med sj\u00e4lva publiceringen. Den \u00e4r snarare startskottet f\u00f6r en period  d\u00e4r studenterna s\u00f6ker maximera genomslaget, utkr\u00e4va ansvar och f\u00f6rsvara  sina slutsatser i en medial offentlighet.<\/p>\n\n\n\n<blockquote class=\"wp-block-quote is-style-large\"><p>DCase.se vill i st\u00f6rsta m\u00f6jliga m\u00e5n g\u00f6ra <\/p><p>metoder, fakta och k\u00e4llor tillg\u00e4ngliga<\/p><\/blockquote>\n\n\n\n<p><strong>Unders\u00f6kande journalistik <\/strong> s\u00e4tter ljuset p\u00e5 det som \u00e4r fel, f\u00f6rklarar hur det blivit s\u00e5, ger r\u00f6st  \u00e5t de drabbade och kr\u00e4ver svar av de ansvariga. Den kan ocks\u00e5 i vissa fall visa hur det borde vara i st\u00e4llet, eller lyfta fram goda exempel p\u00e5 hur verkligheten kan fungera b\u00e4ttre. M\u00e5let \u00e4r h\u00f6gt st\u00e4llt och DCase.se vill i st\u00f6rsta m\u00f6jliga m\u00e5n g\u00f6ra  metoder, fakta och k\u00e4llor tillg\u00e4ngliga f\u00f6r l\u00e4sare och andra redaktioner.<\/p>\n\n\n\n<p>L\u00e4s mer h\u00e4r om hur du kan <a href=\"http:\/\/mkv.miun.se\/dcase2019\/knyck-vara-knack\/\">vidarepublicera v\u00e5r journalistik<\/a><\/p>\n\n\n\n<p><strong>Vi har p\u00e5 senare \u00e5r<\/strong> har vi sett hur gr\u00e4ns\u00f6verskridande journalistiska samarbeten blivit allt viktigare f\u00f6r att avsl\u00f6ja de riktigt stora aff\u00e4rerna. <a href=\"https:\/\/panamapapers.icij.org\/\">Panama Papers<\/a> kommer att f\u00e5 efterf\u00f6ljare tack vare de kontakter som journalister v\u00e4rlden \u00f6ver knutit genom <a href=\"https:\/\/www.icij.org\/\">ICIJ<\/a>. Vi ser ocks\u00e5 nya s\u00e4tt att finansiera oberoende journalistik. Ett av dem \u00e4r medborgarfinansierade svenska <a href=\"https:\/\/www.blankspotproject.se\/\">Blankspot project<\/a>. Ett annat \u00e4r amerikanska non-profit redaktionen <a href=\"https:\/\/www.propublica.org\/\">ProPublica<\/a>  som flera g\u00e5nger erh\u00e5llit Pulitzerpriser f\u00f6r sina oberoende  granskningar. Deras s\u00e4tt att gratis dela sina avsl\u00f6janden till andra  medier har inspirerat oss.<\/p>\n\n\n\n<p style=\"background-color:#f1f3f4\" class=\"has-background has-regular-font-size byline\"><strong>Skicka epost till <\/strong><a href=\"mailto:info@dcase.se\"><strong>tips@dcase.se<\/strong><\/a><strong><br>Tel <\/strong><a href=\"tel:010-1428444\"><strong>010-1428444 <\/strong><\/a><strong>(ansvarig utgivare, Peter Jonriksson)<\/strong><\/p>\n","protected":false},"excerpt":{"rendered":"<p>DCase.se tillh\u00f6r och drivs av Mittuniversitetets journaliststudenter. Det vi publicerar h\u00e4r \u00e4r resultatet av god research, faktakontroll och \u00f6vertygelsen att oberoende journalistik \u00e4r viktig. Du som p\u00e5 olika s\u00e4tt vill vara delaktig, eller samarbeta med oss, \u00e4r v\u00e4lkommen att h\u00f6ra&#8230; <a class=\"more-link\" href=\"https:\/\/mkv.miun.se\/dcase2019\/om-oss\/\">Forts\u00e4tt l\u00e4sa &rarr;<\/a><\/p>\n","protected":false},"author":1,"featured_media":0,"parent":0,"menu_order":0,"comment_status":"closed","ping_status":"closed","template":"","meta":{"_themeisle_gutenberg_block_has_review":false},"featured_image_urls":{"full":"","thumbnail":"","medium":"","medium_large":"","large":"","1536x1536":"","2048x2048":"","ab-block-post-grid-landscape":"","ab-block-post-grid-square":"","gb-block-post-grid-landscape":"","gb-block-post-grid-square":"","post-thumbnail":"","post-image":""},"post_excerpt_stackable":"<p>DCase.se tillh\u00f6r och drivs av Mittuniversitetets journaliststudenter. Det vi publicerar h\u00e4r \u00e4r resultatet av god research, faktakontroll och \u00f6vertygelsen att oberoende journalistik \u00e4r viktig. Du som p\u00e5 olika s\u00e4tt vill vara delaktig, eller samarbeta med oss, \u00e4r v\u00e4lkommen att h\u00f6ra av dig. De flesta arbeten som publiceras p\u00e5 DCase.se kommer till under kursen \u201dUnders\u00f6kande journalistik\u201d. Under tio veckor anv\u00e4nder studenterna kunskaper och metoder de till\u00e4gnat sig under utbildningen och f\u00f6rs\u00f6ker skapa en viktig story som f\u00e5r genomslag i samh\u00e4llet. DCase.se \u00e4r ocks\u00e5 en experimentverkstad, som utforskar de nya digitala m\u00f6jligheterna till historieber\u00e4ttande och r\u00e4ckvidd i sociala medier, etablerade nyhetskanaler och&hellip;<\/p>\n","category_list":"","author_info":{"name":"Per Mattsson","url":"https:\/\/mkv.miun.se\/dcase2019\/author\/admin\/"},"comments_num":"0 comments","featured_image_urls_v2":{"full":"","thumbnail":"","medium":"","medium_large":"","large":"","1536x1536":"","2048x2048":"","ab-block-post-grid-landscape":"","ab-block-post-grid-square":"","gb-block-post-grid-landscape":"","gb-block-post-grid-square":"","post-thumbnail":"","post-image":""},"post_excerpt_stackable_v2":"<p>DCase.se tillh\u00f6r och drivs av Mittuniversitetets journaliststudenter. Det vi publicerar h\u00e4r \u00e4r resultatet av god research, faktakontroll och \u00f6vertygelsen att oberoende journalistik \u00e4r viktig. Du som p\u00e5 olika s\u00e4tt vill vara delaktig, eller samarbeta med oss, \u00e4r v\u00e4lkommen att h\u00f6ra av dig. De flesta arbeten som publiceras p\u00e5 DCase.se kommer till under kursen \u201dUnders\u00f6kande journalistik\u201d. Under tio veckor anv\u00e4nder studenterna kunskaper och metoder de till\u00e4gnat sig under utbildningen och f\u00f6rs\u00f6ker skapa en viktig story som f\u00e5r genomslag i samh\u00e4llet. DCase.se \u00e4r ocks\u00e5 en experimentverkstad, som utforskar de nya digitala m\u00f6jligheterna till historieber\u00e4ttande och r\u00e4ckvidd i sociala medier, etablerade nyhetskanaler och&hellip;<\/p>\n","category_list_v2":"","author_info_v2":{"name":"Per Mattsson","url":"https:\/\/mkv.miun.se\/dcase2019\/author\/admin\/"},"comments_num_v2":"0 comments","featured_image_src":null,"featured_image_src_square":null,"_links":{"self":[{"href":"https:\/\/mkv.miun.se\/dcase2019\/wp-json\/wp\/v2\/pages\/49"}],"collection":[{"href":"https:\/\/mkv.miun.se\/dcase2019\/wp-json\/wp\/v2\/pages"}],"about":[{"href":"https:\/\/mkv.miun.se\/dcase2019\/wp-json\/wp\/v2\/types\/page"}],"author":[{"embeddable":true,"href":"https:\/\/mkv.miun.se\/dcase2019\/wp-json\/wp\/v2\/users\/1"}],"replies":[{"embeddable":true,"href":"https:\/\/mkv.miun.se\/dcase2019\/wp-json\/wp\/v2\/comments?post=49"}],"version-history":[{"count":15,"href":"https:\/\/mkv.miun.se\/dcase2019\/wp-json\/wp\/v2\/pages\/49\/revisions"}],"predecessor-version":[{"id":289,"href":"https:\/\/mkv.miun.se\/dcase2019\/wp-json\/wp\/v2\/pages\/49\/revisions\/289"}],"wp:attachment":[{"href":"https:\/\/mkv.miun.se\/dcase2019\/wp-json\/wp\/v2\/media?parent=49"}],"curies":[{"name":"wp","href":"https:\/\/api.w.org\/{rel}","templated":true}]}}