{"id":11021,"date":"2023-05-29T16:21:28","date_gmt":"2023-05-29T15:21:28","guid":{"rendered":"http:\/\/dcase.se\/dcase2024\/?page_id=11021"},"modified":"2023-05-30T16:29:17","modified_gmt":"2023-05-30T15:29:17","slug":"sa-latt-hamnar-barn-och-ungdomar-i-handerna-pa-forovare-dcase-granskar-den-planeten-pedofilplaneten","status":"publish","type":"page","link":"https:\/\/dcase.se\/dcase-2024\/sa-latt-hamnar-barn-och-ungdomar-i-handerna-pa-forovare-dcase-granskar-den-planeten-pedofilplaneten\/","title":{"rendered":"S\u00e5 l\u00e4tt hamnar barn och ungdomar i h\u00e4nderna p\u00e5 f\u00f6r\u00f6vare. DCase granskar barnspelet Moviestarplanet"},"content":{"rendered":"\n<p><\/p>\n\n\n\n<p><strong>Vi testade onlinespelet Moviestarplanet och fick v\u00e5r f\u00f6rsta dickpic efter 8 minuter. Det popul\u00e4ra spelet f\u00f6r barn och ungdomar \u00e4r n\u00e4tpedofilernas fiskedamm.&nbsp;<\/strong><\/p>\n\n\n\n<p><\/p>\n\n\n","protected":false},"excerpt":{"rendered":"<p>Vi testade onlinespelet Moviestarplanet och fick v\u00e5r f\u00f6rsta dickpic efter 8 minuter. Det popul\u00e4ra spelet f\u00f6r barn och ungdomar \u00e4r n\u00e4tpedofilernas fiskedamm.&nbsp;<\/p>\n","protected":false},"author":149,"featured_media":11022,"parent":0,"menu_order":0,"comment_status":"closed","ping_status":"closed","template":"","meta":{"_monsterinsights_skip_tracking":false,"_monsterinsights_sitenote_active":false,"_monsterinsights_sitenote_note":"","_monsterinsights_sitenote_category":0,"_themeisle_gutenberg_block_has_review":false,"footnotes":""},"class_list":["post-11021","page","type-page","status-publish","has-post-thumbnail","hentry"],"aioseo_notices":[],"featured_image_src":"https:\/\/dcase.se\/dcase-2024\/wp-content\/uploads\/sites\/4\/2023\/05\/www.dcase.se_pedofilplaneten-1-600x400.jpg","featured_image_src_square":"https:\/\/dcase.se\/dcase-2024\/wp-content\/uploads\/sites\/4\/2023\/05\/www.dcase.se_pedofilplaneten-1-600x600.jpg","_links":{"self":[{"href":"https:\/\/dcase.se\/dcase-2024\/wp-json\/wp\/v2\/pages\/11021","targetHints":{"allow":["GET"]}}],"collection":[{"href":"https:\/\/dcase.se\/dcase-2024\/wp-json\/wp\/v2\/pages"}],"about":[{"href":"https:\/\/dcase.se\/dcase-2024\/wp-json\/wp\/v2\/types\/page"}],"author":[{"embeddable":true,"href":"https:\/\/dcase.se\/dcase-2024\/wp-json\/wp\/v2\/users\/149"}],"replies":[{"embeddable":true,"href":"https:\/\/dcase.se\/dcase-2024\/wp-json\/wp\/v2\/comments?post=11021"}],"version-history":[{"count":9,"href":"https:\/\/dcase.se\/dcase-2024\/wp-json\/wp\/v2\/pages\/11021\/revisions"}],"predecessor-version":[{"id":11526,"href":"https:\/\/dcase.se\/dcase-2024\/wp-json\/wp\/v2\/pages\/11021\/revisions\/11526"}],"wp:featuredmedia":[{"embeddable":true,"href":"https:\/\/dcase.se\/dcase-2024\/wp-json\/wp\/v2\/media\/11022"}],"wp:attachment":[{"href":"https:\/\/dcase.se\/dcase-2024\/wp-json\/wp\/v2\/media?parent=11021"}],"curies":[{"name":"wp","href":"https:\/\/api.w.org\/{rel}","templated":true}]}}