{"id":12052,"date":"2024-05-21T08:28:15","date_gmt":"2024-05-21T07:28:15","guid":{"rendered":"http:\/\/dcase.se\/dcase2024\/?page_id=12052"},"modified":"2024-05-22T15:13:11","modified_gmt":"2024-05-22T14:13:11","slug":"dcase-granskar-ny-lag-skulle-skydda-valdsutsatta-kvinnor-tvingar-skyddade-boenden-att-stanga","status":"publish","type":"page","link":"https:\/\/dcase.se\/dcase-2024\/dcase-granskar-ny-lag-skulle-skydda-valdsutsatta-kvinnor-tvingar-skyddade-boenden-att-stanga\/","title":{"rendered":"Dcase granskar: Ny lag skulle skydda v\u00e5ldsutsatta kvinnor \u2013 tvingar skyddade boenden att st\u00e4nga"},"content":{"rendered":"<section class=\"gb-block-post-grid featuredpost aligncenter\"><div class=\"gb-post-grid-items is-grid columns-2\"><article id=\"post-12059\" class=\"gb-post-grid-item post-12059 post type-post status-publish format-standard has-post-thumbnail hentry category-skyddslos\"><div class=\"gb-block-post-grid-image\"><a href=\"https:\/\/dcase.se\/dcase-2024\/25-skyddade-boenden-tvingas-stanga-pa-grund-av-ny-lag-en-kris\/\" rel=\"bookmark\" aria-hidden=\"true\" tabindex=\"-1\"><img loading=\"lazy\" decoding=\"async\" width=\"2560\" height=\"1707\" src=\"https:\/\/dcase.se\/dcase-2024\/wp-content\/uploads\/sites\/4\/2024\/05\/www.dcase.se_britta-scaled.jpg\" class=\"attachment-full size-full\" alt=\"\" srcset=\"https:\/\/dcase.se\/dcase-2024\/wp-content\/uploads\/sites\/4\/2024\/05\/www.dcase.se_britta-scaled.jpg 2560w, https:\/\/dcase.se\/dcase-2024\/wp-content\/uploads\/sites\/4\/2024\/05\/www.dcase.se_britta-300x200.jpg 300w, https:\/\/dcase.se\/dcase-2024\/wp-content\/uploads\/sites\/4\/2024\/05\/www.dcase.se_britta-1280x853.jpg 1280w, https:\/\/dcase.se\/dcase-2024\/wp-content\/uploads\/sites\/4\/2024\/05\/www.dcase.se_britta-768x512.jpg 768w, https:\/\/dcase.se\/dcase-2024\/wp-content\/uploads\/sites\/4\/2024\/05\/www.dcase.se_britta-1536x1024.jpg 1536w, https:\/\/dcase.se\/dcase-2024\/wp-content\/uploads\/sites\/4\/2024\/05\/www.dcase.se_britta-2048x1365.jpg 2048w, https:\/\/dcase.se\/dcase-2024\/wp-content\/uploads\/sites\/4\/2024\/05\/www.dcase.se_britta-600x400.jpg 600w, https:\/\/dcase.se\/dcase-2024\/wp-content\/uploads\/sites\/4\/2024\/05\/www.dcase.se_britta-945x630.jpg 945w\" sizes=\"auto, (max-width: 2560px) 100vw, 2560px\" \/><\/a><\/div><div class=\"gb-block-post-grid-text\"><header class=\"gb-block-post-grid-header\"><h3 class=\"gb-block-post-grid-title\"><a href=\"https:\/\/dcase.se\/dcase-2024\/25-skyddade-boenden-tvingas-stanga-pa-grund-av-ny-lag-en-kris\/\" rel=\"bookmark\">Frist\u00e4der i fara: Avsnitt 1 av #SKYDDSL\u00d6S<\/a><\/h3><div class=\"gb-block-post-grid-byline\"><div class=\"gb-block-post-grid-author\" itemprop=\"author\" itemtype=\"https:\/\/schema.org\/Person\"><a class=\"gb-text-link\" href=\"https:\/\/dcase.se\/dcase-2024\/author\/liai2200\/\" itemprop=\"url\" rel=\"author\"><span itemprop=\"name\">Lina Aili Spj\u00e4lle<\/span><\/a><\/div><time datetime=\"2024-05-20T13:57:55+01:00\" class=\"gb-block-post-grid-date\" itemprop=\"datePublished\">2024-05-20<\/time><\/div><\/header><div class=\"gb-block-post-grid-excerpt\"><p>En nyhetsnotis i mobilen: Minst tolv kvinnor misst\u00e4nks ha m\u00f6rdats i \u00e5r, de flesta av en n\u00e4rst\u00e5ende man. Under hela f\u00f6rra \u00e5ret bekr\u00e4ftades tio. <\/p>\n<p><a class=\"gb-block-post-grid-more-link gb-text-link\" href=\"https:\/\/dcase.se\/dcase-2024\/25-skyddade-boenden-tvingas-stanga-pa-grund-av-ny-lag-en-kris\/\" rel=\"bookmark\">Till granskningen <span class=\"screen-reader-text\">Frist\u00e4der i fara: Avsnitt 1 av #SKYDDSL\u00d6S<\/span><\/a><\/p><\/div><\/div><\/article>\n<article id=\"post-12512\" class=\"gb-post-grid-item post-12512 post type-post status-publish format-standard has-post-thumbnail hentry category-skyddslos\"><div class=\"gb-block-post-grid-image\"><a href=\"https:\/\/dcase.se\/dcase-2024\/nya-lagen-pressar-kvinnojourernas-skyddade-boenden-att-stanga-avsnitt-2-av-skyddslos\/\" rel=\"bookmark\" aria-hidden=\"true\" tabindex=\"-1\"><img loading=\"lazy\" decoding=\"async\" width=\"1920\" height=\"1280\" src=\"https:\/\/dcase.se\/dcase-2024\/wp-content\/uploads\/sites\/4\/2024\/05\/www.dcase.se_namnlos-design-2.png\" class=\"attachment-full size-full\" alt=\"\" srcset=\"https:\/\/dcase.se\/dcase-2024\/wp-content\/uploads\/sites\/4\/2024\/05\/www.dcase.se_namnlos-design-2.png 1920w, https:\/\/dcase.se\/dcase-2024\/wp-content\/uploads\/sites\/4\/2024\/05\/www.dcase.se_namnlos-design-2-300x200.png 300w, https:\/\/dcase.se\/dcase-2024\/wp-content\/uploads\/sites\/4\/2024\/05\/www.dcase.se_namnlos-design-2-1280x853.png 1280w, https:\/\/dcase.se\/dcase-2024\/wp-content\/uploads\/sites\/4\/2024\/05\/www.dcase.se_namnlos-design-2-768x512.png 768w, https:\/\/dcase.se\/dcase-2024\/wp-content\/uploads\/sites\/4\/2024\/05\/www.dcase.se_namnlos-design-2-1536x1024.png 1536w, https:\/\/dcase.se\/dcase-2024\/wp-content\/uploads\/sites\/4\/2024\/05\/www.dcase.se_namnlos-design-2-600x400.png 600w, https:\/\/dcase.se\/dcase-2024\/wp-content\/uploads\/sites\/4\/2024\/05\/www.dcase.se_namnlos-design-2-945x630.png 945w\" sizes=\"auto, (max-width: 1920px) 100vw, 1920px\" \/><\/a><\/div><div class=\"gb-block-post-grid-text\"><header class=\"gb-block-post-grid-header\"><h3 class=\"gb-block-post-grid-title\"><a href=\"https:\/\/dcase.se\/dcase-2024\/nya-lagen-pressar-kvinnojourernas-skyddade-boenden-att-stanga-avsnitt-2-av-skyddslos\/\" rel=\"bookmark\">Nya lagen pressar kvinnojourernas skyddade boenden att st\u00e4nga: Avsnitt 2 av #SKYDDSL\u00d6S<\/a><\/h3><div class=\"gb-block-post-grid-byline\"><div class=\"gb-block-post-grid-author\" itemprop=\"author\" itemtype=\"https:\/\/schema.org\/Person\"><a class=\"gb-text-link\" href=\"https:\/\/dcase.se\/dcase-2024\/author\/liai2200\/\" itemprop=\"url\" rel=\"author\"><span itemprop=\"name\">Lina Aili Spj\u00e4lle<\/span><\/a><\/div><time datetime=\"2024-05-22T15:12:46+01:00\" class=\"gb-block-post-grid-date\" itemprop=\"datePublished\">2024-05-22<\/time><\/div><\/header><div class=\"gb-block-post-grid-excerpt\"><p>M\u00e5nga fr\u00e5gor \u00e4r obesvarade. Varf\u00f6r menar makthavarna att den nya lagen beh\u00f6vs?\u00a0N\u00e4r blev skyddade boenden f\u00f6r kvinnor n\u00e5got man kan tj\u00e4na pengar p\u00e5?\u00a0Och vad har det inneburit f\u00f6r de v\u00e5ldsutsatta kvinnorna?<\/p>\n<p><a class=\"gb-block-post-grid-more-link gb-text-link\" href=\"https:\/\/dcase.se\/dcase-2024\/nya-lagen-pressar-kvinnojourernas-skyddade-boenden-att-stanga-avsnitt-2-av-skyddslos\/\" rel=\"bookmark\">Till granskningen <span class=\"screen-reader-text\">Nya lagen pressar kvinnojourernas skyddade boenden att st\u00e4nga: Avsnitt 2 av #SKYDDSL\u00d6S<\/span><\/a><\/p><\/div><\/div><\/article>\n<article id=\"post-12514\" class=\"gb-post-grid-item post-12514 post type-post status-publish format-standard has-post-thumbnail hentry category-skyddslos\"><div class=\"gb-block-post-grid-image\"><a href=\"https:\/\/dcase.se\/dcase-2024\/kvinnojourernas-oro-avsnitt-3-av-skyddslos\/\" rel=\"bookmark\" aria-hidden=\"true\" tabindex=\"-1\"><img loading=\"lazy\" decoding=\"async\" width=\"2560\" height=\"1707\" src=\"https:\/\/dcase.se\/dcase-2024\/wp-content\/uploads\/sites\/4\/2024\/05\/www.dcase.se_img-3361-scaled.jpg\" class=\"attachment-full size-full\" alt=\"\" srcset=\"https:\/\/dcase.se\/dcase-2024\/wp-content\/uploads\/sites\/4\/2024\/05\/www.dcase.se_img-3361-scaled.jpg 2560w, https:\/\/dcase.se\/dcase-2024\/wp-content\/uploads\/sites\/4\/2024\/05\/www.dcase.se_img-3361-300x200.jpg 300w, https:\/\/dcase.se\/dcase-2024\/wp-content\/uploads\/sites\/4\/2024\/05\/www.dcase.se_img-3361-1280x853.jpg 1280w, https:\/\/dcase.se\/dcase-2024\/wp-content\/uploads\/sites\/4\/2024\/05\/www.dcase.se_img-3361-768x512.jpg 768w, https:\/\/dcase.se\/dcase-2024\/wp-content\/uploads\/sites\/4\/2024\/05\/www.dcase.se_img-3361-1536x1024.jpg 1536w, https:\/\/dcase.se\/dcase-2024\/wp-content\/uploads\/sites\/4\/2024\/05\/www.dcase.se_img-3361-2048x1365.jpg 2048w, https:\/\/dcase.se\/dcase-2024\/wp-content\/uploads\/sites\/4\/2024\/05\/www.dcase.se_img-3361-600x400.jpg 600w, https:\/\/dcase.se\/dcase-2024\/wp-content\/uploads\/sites\/4\/2024\/05\/www.dcase.se_img-3361-945x630.jpg 945w\" sizes=\"auto, (max-width: 2560px) 100vw, 2560px\" \/><\/a><\/div><div class=\"gb-block-post-grid-text\"><header class=\"gb-block-post-grid-header\"><h3 class=\"gb-block-post-grid-title\"><a href=\"https:\/\/dcase.se\/dcase-2024\/kvinnojourernas-oro-avsnitt-3-av-skyddslos\/\" rel=\"bookmark\">Kvinnojourernas oro: Avsnitt 3 av #SKYDDSL\u00d6S<\/a><\/h3><div class=\"gb-block-post-grid-byline\"><div class=\"gb-block-post-grid-author\" itemprop=\"author\" itemtype=\"https:\/\/schema.org\/Person\"><a class=\"gb-text-link\" href=\"https:\/\/dcase.se\/dcase-2024\/author\/liai2200\/\" itemprop=\"url\" rel=\"author\"><span itemprop=\"name\">Lina Aili Spj\u00e4lle<\/span><\/a><\/div><time datetime=\"2024-05-27T12:16:59+01:00\" class=\"gb-block-post-grid-date\" itemprop=\"datePublished\">2024-05-27<\/time><\/div><\/header><div class=\"gb-block-post-grid-excerpt\"><p>Slutet av maj 2024. 25 skyddade boenden st\u00e4nger sina d\u00f6rrar och en oro h\u00e4nger \u00f6ver m\u00e5nga fler kvinnojourer. Kommer de kunna forts\u00e4tta sin verksamhet som innan?<br \/>\n\u2013 Jag tror att kvinnojoursr\u00f6relsen \u00e4r utd\u00f6ende, s\u00e4ger Sara Eriksson, Kvinnojouren J\u00e4mtlands l\u00e4n.<\/p>\n<p><a class=\"gb-block-post-grid-more-link gb-text-link\" href=\"https:\/\/dcase.se\/dcase-2024\/kvinnojourernas-oro-avsnitt-3-av-skyddslos\/\" rel=\"bookmark\">Till granskningen <span class=\"screen-reader-text\">Kvinnojourernas oro: Avsnitt 3 av #SKYDDSL\u00d6S<\/span><\/a><\/p><\/div><\/div><\/article>\n<\/div><\/section>","protected":false},"excerpt":{"rendered":"","protected":false},"author":173,"featured_media":12098,"parent":0,"menu_order":0,"comment_status":"closed","ping_status":"closed","template":"","meta":{"_monsterinsights_skip_tracking":false,"_monsterinsights_sitenote_active":false,"_monsterinsights_sitenote_note":"","_monsterinsights_sitenote_category":0,"_themeisle_gutenberg_block_has_review":false,"footnotes":""},"class_list":["post-12052","page","type-page","status-publish","has-post-thumbnail","hentry"],"aioseo_notices":[],"featured_image_src":"https:\/\/dcase.se\/dcase-2024\/wp-content\/uploads\/sites\/4\/2024\/05\/www.dcase.se_konceptbild-600x400.png","featured_image_src_square":"https:\/\/dcase.se\/dcase-2024\/wp-content\/uploads\/sites\/4\/2024\/05\/www.dcase.se_konceptbild-600x600.png","_links":{"self":[{"href":"https:\/\/dcase.se\/dcase-2024\/wp-json\/wp\/v2\/pages\/12052","targetHints":{"allow":["GET"]}}],"collection":[{"href":"https:\/\/dcase.se\/dcase-2024\/wp-json\/wp\/v2\/pages"}],"about":[{"href":"https:\/\/dcase.se\/dcase-2024\/wp-json\/wp\/v2\/types\/page"}],"author":[{"embeddable":true,"href":"https:\/\/dcase.se\/dcase-2024\/wp-json\/wp\/v2\/users\/173"}],"replies":[{"embeddable":true,"href":"https:\/\/dcase.se\/dcase-2024\/wp-json\/wp\/v2\/comments?post=12052"}],"version-history":[{"count":10,"href":"https:\/\/dcase.se\/dcase-2024\/wp-json\/wp\/v2\/pages\/12052\/revisions"}],"predecessor-version":[{"id":13041,"href":"https:\/\/dcase.se\/dcase-2024\/wp-json\/wp\/v2\/pages\/12052\/revisions\/13041"}],"wp:featuredmedia":[{"embeddable":true,"href":"https:\/\/dcase.se\/dcase-2024\/wp-json\/wp\/v2\/media\/12098"}],"wp:attachment":[{"href":"https:\/\/dcase.se\/dcase-2024\/wp-json\/wp\/v2\/media?parent=12052"}],"curies":[{"name":"wp","href":"https:\/\/api.w.org\/{rel}","templated":true}]}}