{"id":12352,"date":"2024-05-20T14:45:20","date_gmt":"2024-05-20T13:45:20","guid":{"rendered":"http:\/\/dcase.se\/dcase2024\/?page_id=12352"},"modified":"2024-05-24T15:24:28","modified_gmt":"2024-05-24T14:24:28","slug":"foretaget-lockar-med-rikedom-pa-sociala-medier-dcase-avslojar-den-onda-spiralen-av-angest-av-forlorade-pengar-i-jakten-pa-frihet","status":"publish","type":"page","link":"https:\/\/dcase.se\/dcase-2024\/foretaget-lockar-med-rikedom-pa-sociala-medier-dcase-avslojar-den-onda-spiralen-av-angest-av-forlorade-pengar-i-jakten-pa-frihet\/","title":{"rendered":"Igenius lockar med rikedom p\u00e5 sociala medier. Dcase avsl\u00f6jar den onda spiralen av \u00e5ngest av f\u00f6rlorade pengar i jakten p\u00e5 frihet."},"content":{"rendered":"\n<div class=\"wp-block-columns is-layout-flex wp-container-core-columns-is-layout-9d6595d7 wp-block-columns-is-layout-flex\">\n<div class=\"wp-block-column is-layout-flow wp-block-column-is-layout-flow\" style=\"flex-basis:100%\"><section class=\"gb-block-post-grid featuredpost aligncenter\"><div class=\"gb-post-grid-items is-grid columns-2\"><article id=\"post-12389\" class=\"gb-post-grid-item post-12389 post type-post status-publish format-standard has-post-thumbnail hentry category-wifimoney\"><div class=\"gb-block-post-grid-image\"><a href=\"https:\/\/dcase.se\/dcase-2024\/avsnitt-1-forsta-motet\/\" rel=\"bookmark\" aria-hidden=\"true\" tabindex=\"-1\"><img loading=\"lazy\" decoding=\"async\" width=\"2854\" height=\"1596\" src=\"https:\/\/dcase.se\/dcase-2024\/wp-content\/uploads\/sites\/4\/2024\/05\/www.dcase.se_screenshot-2024-05-20-at-14.56.47.png\" class=\"attachment-full size-full\" alt=\"\" srcset=\"https:\/\/dcase.se\/dcase-2024\/wp-content\/uploads\/sites\/4\/2024\/05\/www.dcase.se_screenshot-2024-05-20-at-14.56.47.png 2854w, https:\/\/dcase.se\/dcase-2024\/wp-content\/uploads\/sites\/4\/2024\/05\/www.dcase.se_screenshot-2024-05-20-at-14.56.47-300x168.png 300w, https:\/\/dcase.se\/dcase-2024\/wp-content\/uploads\/sites\/4\/2024\/05\/www.dcase.se_screenshot-2024-05-20-at-14.56.47-1280x716.png 1280w, https:\/\/dcase.se\/dcase-2024\/wp-content\/uploads\/sites\/4\/2024\/05\/www.dcase.se_screenshot-2024-05-20-at-14.56.47-768x429.png 768w, https:\/\/dcase.se\/dcase-2024\/wp-content\/uploads\/sites\/4\/2024\/05\/www.dcase.se_screenshot-2024-05-20-at-14.56.47-1536x859.png 1536w, https:\/\/dcase.se\/dcase-2024\/wp-content\/uploads\/sites\/4\/2024\/05\/www.dcase.se_screenshot-2024-05-20-at-14.56.47-2048x1145.png 2048w, https:\/\/dcase.se\/dcase-2024\/wp-content\/uploads\/sites\/4\/2024\/05\/www.dcase.se_screenshot-2024-05-20-at-14.56.47-600x336.png 600w, https:\/\/dcase.se\/dcase-2024\/wp-content\/uploads\/sites\/4\/2024\/05\/www.dcase.se_screenshot-2024-05-20-at-14.56.47-945x528.png 945w\" sizes=\"auto, (max-width: 2854px) 100vw, 2854px\" \/><\/a><\/div><div class=\"gb-block-post-grid-text\"><header class=\"gb-block-post-grid-header\"><h3 class=\"gb-block-post-grid-title\"><a href=\"https:\/\/dcase.se\/dcase-2024\/avsnitt-1-forsta-motet\/\" rel=\"bookmark\">Avsnitt 1 &#8211; F\u00f6rsta m\u00f6tet<\/a><\/h3><div class=\"gb-block-post-grid-byline\"><div class=\"gb-block-post-grid-author\" itemprop=\"author\" itemtype=\"https:\/\/schema.org\/Person\"><a class=\"gb-text-link\" href=\"https:\/\/dcase.se\/dcase-2024\/author\/lifa2204\/\" itemprop=\"url\" rel=\"author\"><span itemprop=\"name\">Linn\u00e9a Falk<\/span><\/a><\/div><time datetime=\"2024-05-20T14:45:36+01:00\" class=\"gb-block-post-grid-date\" itemprop=\"datePublished\">2024-05-20<\/time><\/div><\/header><div class=\"gb-block-post-grid-excerpt\"><p>https:\/\/youtu.be\/yrXniMGJYCo Det f\u00f6rsta steget i rekryteringsprocessen mot rikedom och frihet.\u00a0En inblick i hur rekryteraren n\u00e5r fram till unga tjejer och tar f\u00f6rsta kontakten p\u00e5 sociala medier. Aisha Sundgren Hanna Hasselteg Linnea Falk Jasmine Bolander<\/p>\n<p><a class=\"gb-block-post-grid-more-link gb-text-link\" href=\"https:\/\/dcase.se\/dcase-2024\/avsnitt-1-forsta-motet\/\" rel=\"bookmark\">Till granskningen <span class=\"screen-reader-text\">Avsnitt 1 &#8211; F\u00f6rsta m\u00f6tet<\/span><\/a><\/p><\/div><\/div><\/article>\n<article id=\"post-13428\" class=\"gb-post-grid-item post-13428 post type-post status-publish format-standard has-post-thumbnail hentry category-wifimoney\"><div class=\"gb-block-post-grid-image\"><a href=\"https:\/\/dcase.se\/dcase-2024\/avsnitt-2-closing-meet\/\" rel=\"bookmark\" aria-hidden=\"true\" tabindex=\"-1\"><img loading=\"lazy\" decoding=\"async\" width=\"2560\" height=\"1458\" src=\"https:\/\/dcase.se\/dcase-2024\/wp-content\/uploads\/sites\/4\/2024\/05\/www.dcase.se_wifimoney-scaled.jpg\" class=\"attachment-full size-full\" alt=\"\" srcset=\"https:\/\/dcase.se\/dcase-2024\/wp-content\/uploads\/sites\/4\/2024\/05\/www.dcase.se_wifimoney-scaled.jpg 2560w, https:\/\/dcase.se\/dcase-2024\/wp-content\/uploads\/sites\/4\/2024\/05\/www.dcase.se_wifimoney-300x171.jpg 300w, https:\/\/dcase.se\/dcase-2024\/wp-content\/uploads\/sites\/4\/2024\/05\/www.dcase.se_wifimoney-1280x729.jpg 1280w, https:\/\/dcase.se\/dcase-2024\/wp-content\/uploads\/sites\/4\/2024\/05\/www.dcase.se_wifimoney-768x437.jpg 768w, https:\/\/dcase.se\/dcase-2024\/wp-content\/uploads\/sites\/4\/2024\/05\/www.dcase.se_wifimoney-1536x875.jpg 1536w, https:\/\/dcase.se\/dcase-2024\/wp-content\/uploads\/sites\/4\/2024\/05\/www.dcase.se_wifimoney-2048x1166.jpg 2048w, https:\/\/dcase.se\/dcase-2024\/wp-content\/uploads\/sites\/4\/2024\/05\/www.dcase.se_wifimoney-600x342.jpg 600w, https:\/\/dcase.se\/dcase-2024\/wp-content\/uploads\/sites\/4\/2024\/05\/www.dcase.se_wifimoney-945x538.jpg 945w\" sizes=\"auto, (max-width: 2560px) 100vw, 2560px\" \/><\/a><\/div><div class=\"gb-block-post-grid-text\"><header class=\"gb-block-post-grid-header\"><h3 class=\"gb-block-post-grid-title\"><a href=\"https:\/\/dcase.se\/dcase-2024\/avsnitt-2-closing-meet\/\" rel=\"bookmark\">Avsnitt 2 &#8211; Closing meet<\/a><\/h3><div class=\"gb-block-post-grid-byline\"><div class=\"gb-block-post-grid-author\" itemprop=\"author\" itemtype=\"https:\/\/schema.org\/Person\"><a class=\"gb-text-link\" href=\"https:\/\/dcase.se\/dcase-2024\/author\/lifa2204\/\" itemprop=\"url\" rel=\"author\"><span itemprop=\"name\">Linn\u00e9a Falk<\/span><\/a><\/div><time datetime=\"2024-05-24T15:22:25+01:00\" class=\"gb-block-post-grid-date\" itemprop=\"datePublished\">2024-05-24<\/time><\/div><\/header><div class=\"gb-block-post-grid-excerpt\"><p>https:\/\/youtu.be\/jqPN9faZTfY Det har blivit dags f\u00f6r closing meet, m\u00f6tet d\u00e4r man f\u00f6rv\u00e4ntas k\u00f6pa startpaket och g\u00e5 med i Igenius och Trading People Revolution. Men vad h\u00e4nder egentligen n\u00e4r man g\u00e5tt med? Aisha Sundgren Hanna Hasselteg Linnea Falk Jasmine Bolander<\/p>\n<p><a class=\"gb-block-post-grid-more-link gb-text-link\" href=\"https:\/\/dcase.se\/dcase-2024\/avsnitt-2-closing-meet\/\" rel=\"bookmark\">Till granskningen <span class=\"screen-reader-text\">Avsnitt 2 &#8211; Closing meet<\/span><\/a><\/p><\/div><\/div><\/article>\n<article id=\"post-13660\" class=\"gb-post-grid-item post-13660 post type-post status-publish format-standard has-post-thumbnail hentry category-wifimoney\"><div class=\"gb-block-post-grid-image\"><a href=\"https:\/\/dcase.se\/dcase-2024\/avsnitt-3-undercover\/\" rel=\"bookmark\" aria-hidden=\"true\" tabindex=\"-1\"><img loading=\"lazy\" decoding=\"async\" width=\"2560\" height=\"1448\" src=\"https:\/\/dcase.se\/dcase-2024\/wp-content\/uploads\/sites\/4\/2024\/05\/www.dcase.se_wifimoney-1-scaled.jpg\" class=\"attachment-full size-full\" alt=\"\" srcset=\"https:\/\/dcase.se\/dcase-2024\/wp-content\/uploads\/sites\/4\/2024\/05\/www.dcase.se_wifimoney-1-scaled.jpg 2560w, https:\/\/dcase.se\/dcase-2024\/wp-content\/uploads\/sites\/4\/2024\/05\/www.dcase.se_wifimoney-1-300x170.jpg 300w, https:\/\/dcase.se\/dcase-2024\/wp-content\/uploads\/sites\/4\/2024\/05\/www.dcase.se_wifimoney-1-1280x724.jpg 1280w, https:\/\/dcase.se\/dcase-2024\/wp-content\/uploads\/sites\/4\/2024\/05\/www.dcase.se_wifimoney-1-768x434.jpg 768w, https:\/\/dcase.se\/dcase-2024\/wp-content\/uploads\/sites\/4\/2024\/05\/www.dcase.se_wifimoney-1-1536x869.jpg 1536w, https:\/\/dcase.se\/dcase-2024\/wp-content\/uploads\/sites\/4\/2024\/05\/www.dcase.se_wifimoney-1-2048x1159.jpg 2048w, https:\/\/dcase.se\/dcase-2024\/wp-content\/uploads\/sites\/4\/2024\/05\/www.dcase.se_wifimoney-1-600x339.jpg 600w, https:\/\/dcase.se\/dcase-2024\/wp-content\/uploads\/sites\/4\/2024\/05\/www.dcase.se_wifimoney-1-945x535.jpg 945w\" sizes=\"auto, (max-width: 2560px) 100vw, 2560px\" \/><\/a><\/div><div class=\"gb-block-post-grid-text\"><header class=\"gb-block-post-grid-header\"><h3 class=\"gb-block-post-grid-title\"><a href=\"https:\/\/dcase.se\/dcase-2024\/avsnitt-3-undercover\/\" rel=\"bookmark\">Avsnitt 3 &#8211; Undercover<\/a><\/h3><div class=\"gb-block-post-grid-byline\"><div class=\"gb-block-post-grid-author\" itemprop=\"author\" itemtype=\"https:\/\/schema.org\/Person\"><a class=\"gb-text-link\" href=\"https:\/\/dcase.se\/dcase-2024\/author\/lifa2204\/\" itemprop=\"url\" rel=\"author\"><span itemprop=\"name\">Linn\u00e9a Falk<\/span><\/a><\/div><time datetime=\"2024-05-27T17:48:12+01:00\" class=\"gb-block-post-grid-date\" itemprop=\"datePublished\">2024-05-27<\/time><\/div><\/header><div class=\"gb-block-post-grid-excerpt\"><p>https:\/\/youtu.be\/wS61u_C5pXc Vi g\u00e5r undercover p\u00e5 ett event av TPR Igenius samt avsl\u00f6jar oss som journalister f\u00f6r rekryteraren. Aisha Sundgren Hanna Hasselteg Linnea Falk Jasmine Bolander<\/p>\n<p><a class=\"gb-block-post-grid-more-link gb-text-link\" href=\"https:\/\/dcase.se\/dcase-2024\/avsnitt-3-undercover\/\" rel=\"bookmark\">Till granskningen <span class=\"screen-reader-text\">Avsnitt 3 &#8211; Undercover<\/span><\/a><\/p><\/div><\/div><\/article>\n<\/div><\/section><\/div>\n<\/div>\n\n\n","protected":false},"excerpt":{"rendered":"","protected":false},"author":180,"featured_media":12370,"parent":0,"menu_order":0,"comment_status":"closed","ping_status":"closed","template":"","meta":{"_monsterinsights_skip_tracking":false,"_monsterinsights_sitenote_active":false,"_monsterinsights_sitenote_note":"","_monsterinsights_sitenote_category":0,"_themeisle_gutenberg_block_has_review":false,"footnotes":""},"class_list":["post-12352","page","type-page","status-publish","has-post-thumbnail","hentry"],"aioseo_notices":[],"featured_image_src":"https:\/\/dcase.se\/dcase-2024\/wp-content\/uploads\/sites\/4\/2024\/05\/www.dcase.se_screenshot-2024-05-20-at-14.43.42-1-600x400.png","featured_image_src_square":"https:\/\/dcase.se\/dcase-2024\/wp-content\/uploads\/sites\/4\/2024\/05\/www.dcase.se_screenshot-2024-05-20-at-14.43.42-1-600x600.png","_links":{"self":[{"href":"https:\/\/dcase.se\/dcase-2024\/wp-json\/wp\/v2\/pages\/12352","targetHints":{"allow":["GET"]}}],"collection":[{"href":"https:\/\/dcase.se\/dcase-2024\/wp-json\/wp\/v2\/pages"}],"about":[{"href":"https:\/\/dcase.se\/dcase-2024\/wp-json\/wp\/v2\/types\/page"}],"author":[{"embeddable":true,"href":"https:\/\/dcase.se\/dcase-2024\/wp-json\/wp\/v2\/users\/180"}],"replies":[{"embeddable":true,"href":"https:\/\/dcase.se\/dcase-2024\/wp-json\/wp\/v2\/comments?post=12352"}],"version-history":[{"count":13,"href":"https:\/\/dcase.se\/dcase-2024\/wp-json\/wp\/v2\/pages\/12352\/revisions"}],"predecessor-version":[{"id":13438,"href":"https:\/\/dcase.se\/dcase-2024\/wp-json\/wp\/v2\/pages\/12352\/revisions\/13438"}],"wp:featuredmedia":[{"embeddable":true,"href":"https:\/\/dcase.se\/dcase-2024\/wp-json\/wp\/v2\/media\/12370"}],"wp:attachment":[{"href":"https:\/\/dcase.se\/dcase-2024\/wp-json\/wp\/v2\/media?parent=12352"}],"curies":[{"name":"wp","href":"https:\/\/api.w.org\/{rel}","templated":true}]}}