{"id":12367,"date":"2024-05-21T16:52:23","date_gmt":"2024-05-21T15:52:23","guid":{"rendered":"http:\/\/dcase.se\/dcase2024\/?page_id=12367"},"modified":"2024-05-27T14:03:18","modified_gmt":"2024-05-27T13:03:18","slug":"bluffsajter-med-klarna-som-betallosning-lurar-svenska-konsumenter-genom-dropshipping-dcase-avslojar-hur-enkelt-det-ar-for-bedragare-att-anvanda-klarnas-tjanster","status":"publish","type":"page","link":"https:\/\/dcase.se\/dcase-2024\/bluffsajter-med-klarna-som-betallosning-lurar-svenska-konsumenter-genom-dropshipping-dcase-avslojar-hur-enkelt-det-ar-for-bedragare-att-anvanda-klarnas-tjanster\/","title":{"rendered":"Bluffsajter med Klarna som betall\u00f6sning lurar svenska konsumenter genom dropshipping. Dcase  avsl\u00f6jar hur enkelt det \u00e4r f\u00f6r bedragare att anv\u00e4nda Klarnas tj\u00e4nster."},"content":{"rendered":"<section class=\"gb-block-post-grid featuredpost aligncenter\"><div class=\"gb-post-grid-items is-grid columns-2\"><article id=\"post-12376\" class=\"gb-post-grid-item post-12376 post type-post status-publish format-standard has-post-thumbnail hentry category-dropklarna\"><div class=\"gb-block-post-grid-image\"><a href=\"https:\/\/dcase.se\/dcase-2024\/sa-latt-ar-det-for-bedragare-att-anvanda-klarnas-betallosningar\/\" rel=\"bookmark\" aria-hidden=\"true\" tabindex=\"-1\"><img loading=\"lazy\" decoding=\"async\" width=\"5520\" height=\"3680\" src=\"https:\/\/dcase.se\/dcase-2024\/wp-content\/uploads\/sites\/4\/2024\/05\/www.dcase.se_shopify-klarna-1.png\" class=\"attachment-full size-full\" alt=\"\" srcset=\"https:\/\/dcase.se\/dcase-2024\/wp-content\/uploads\/sites\/4\/2024\/05\/www.dcase.se_shopify-klarna-1.png 5520w, https:\/\/dcase.se\/dcase-2024\/wp-content\/uploads\/sites\/4\/2024\/05\/www.dcase.se_shopify-klarna-1-300x200.png 300w, https:\/\/dcase.se\/dcase-2024\/wp-content\/uploads\/sites\/4\/2024\/05\/www.dcase.se_shopify-klarna-1-1280x853.png 1280w, https:\/\/dcase.se\/dcase-2024\/wp-content\/uploads\/sites\/4\/2024\/05\/www.dcase.se_shopify-klarna-1-768x512.png 768w, https:\/\/dcase.se\/dcase-2024\/wp-content\/uploads\/sites\/4\/2024\/05\/www.dcase.se_shopify-klarna-1-1536x1024.png 1536w, https:\/\/dcase.se\/dcase-2024\/wp-content\/uploads\/sites\/4\/2024\/05\/www.dcase.se_shopify-klarna-1-2048x1365.png 2048w, https:\/\/dcase.se\/dcase-2024\/wp-content\/uploads\/sites\/4\/2024\/05\/www.dcase.se_shopify-klarna-1-600x400.png 600w, https:\/\/dcase.se\/dcase-2024\/wp-content\/uploads\/sites\/4\/2024\/05\/www.dcase.se_shopify-klarna-1-945x630.png 945w\" sizes=\"auto, (max-width: 5520px) 100vw, 5520px\" \/><\/a><\/div><div class=\"gb-block-post-grid-text\"><header class=\"gb-block-post-grid-header\"><h3 class=\"gb-block-post-grid-title\"><a href=\"https:\/\/dcase.se\/dcase-2024\/sa-latt-ar-det-for-bedragare-att-anvanda-klarnas-betallosningar\/\" rel=\"bookmark\">Del 1: S\u00e5 l\u00e4tt \u00e4r det f\u00f6r bedragare att anv\u00e4nda Klarnas betall\u00f6sningar<\/a><\/h3><div class=\"gb-block-post-grid-byline\"><div class=\"gb-block-post-grid-author\" itemprop=\"author\" itemtype=\"https:\/\/schema.org\/Person\"><a class=\"gb-text-link\" href=\"https:\/\/dcase.se\/dcase-2024\/author\/jaol2201\/\" itemprop=\"url\" rel=\"author\"><span itemprop=\"name\">Jacob Olin Karlsson<\/span><\/a><\/div><time datetime=\"2024-05-21T16:54:31+01:00\" class=\"gb-block-post-grid-date\" itemprop=\"datePublished\">2024-05-21<\/time><\/div><\/header><div class=\"gb-block-post-grid-excerpt\"><p>Klarnas produktchef David Fock, sa den 8 maj till Dagens industri att bedragare bakom bluffsajter anv\u00e4nder sig av \u201csofistikerade\u201d metoder f\u00f6r att anv\u00e4nda Klarnas betall\u00f6sningar. Dcase kan nu avsl\u00f6ja att det endast tar fem minuter och 11 sekunder genom det internationella e-handelsbolaget Shopify.<\/p>\n<p><a class=\"gb-block-post-grid-more-link gb-text-link\" href=\"https:\/\/dcase.se\/dcase-2024\/sa-latt-ar-det-for-bedragare-att-anvanda-klarnas-betallosningar\/\" rel=\"bookmark\">Till granskningen <span class=\"screen-reader-text\">Del 1: S\u00e5 l\u00e4tt \u00e4r det f\u00f6r bedragare att anv\u00e4nda Klarnas betall\u00f6sningar<\/span><\/a><\/p><\/div><\/div><\/article>\n<article id=\"post-13022\" class=\"gb-post-grid-item post-13022 post type-post status-publish format-standard has-post-thumbnail hentry category-dropklarna\"><div class=\"gb-block-post-grid-image\"><a href=\"https:\/\/dcase.se\/dcase-2024\/kritiken-mot-betaljatten-klarna-borde-ta-sitt-ansvar\/\" rel=\"bookmark\" aria-hidden=\"true\" tabindex=\"-1\"><img loading=\"lazy\" decoding=\"async\" width=\"1890\" height=\"1417\" src=\"https:\/\/dcase.se\/dcase-2024\/wp-content\/uploads\/sites\/4\/2024\/05\/www.dcase.se_trustpilot-2.png\" class=\"attachment-full size-full\" alt=\"\" srcset=\"https:\/\/dcase.se\/dcase-2024\/wp-content\/uploads\/sites\/4\/2024\/05\/www.dcase.se_trustpilot-2.png 1890w, https:\/\/dcase.se\/dcase-2024\/wp-content\/uploads\/sites\/4\/2024\/05\/www.dcase.se_trustpilot-2-300x225.png 300w, https:\/\/dcase.se\/dcase-2024\/wp-content\/uploads\/sites\/4\/2024\/05\/www.dcase.se_trustpilot-2-1280x960.png 1280w, https:\/\/dcase.se\/dcase-2024\/wp-content\/uploads\/sites\/4\/2024\/05\/www.dcase.se_trustpilot-2-768x576.png 768w, https:\/\/dcase.se\/dcase-2024\/wp-content\/uploads\/sites\/4\/2024\/05\/www.dcase.se_trustpilot-2-1536x1152.png 1536w, https:\/\/dcase.se\/dcase-2024\/wp-content\/uploads\/sites\/4\/2024\/05\/www.dcase.se_trustpilot-2-600x450.png 600w, https:\/\/dcase.se\/dcase-2024\/wp-content\/uploads\/sites\/4\/2024\/05\/www.dcase.se_trustpilot-2-945x709.png 945w\" sizes=\"auto, (max-width: 1890px) 100vw, 1890px\" \/><\/a><\/div><div class=\"gb-block-post-grid-text\"><header class=\"gb-block-post-grid-header\"><h3 class=\"gb-block-post-grid-title\"><a href=\"https:\/\/dcase.se\/dcase-2024\/kritiken-mot-betaljatten-klarna-borde-ta-sitt-ansvar\/\" rel=\"bookmark\">Del 2: Fick ingen hj\u00e4lp av Klarna &#8211; \u201cDe tar inte fighten\u201d<\/a><\/h3><div class=\"gb-block-post-grid-byline\"><div class=\"gb-block-post-grid-author\" itemprop=\"author\" itemtype=\"https:\/\/schema.org\/Person\"><a class=\"gb-text-link\" href=\"https:\/\/dcase.se\/dcase-2024\/author\/dali2205\/\" itemprop=\"url\" rel=\"author\"><span itemprop=\"name\">David Lindstr\u00f6m<\/span><\/a><\/div><time datetime=\"2024-05-27T07:12:55+01:00\" class=\"gb-block-post-grid-date\" itemprop=\"datePublished\">2024-05-27<\/time><\/div><\/header><div class=\"gb-block-post-grid-excerpt\"><p>Dcase har avsl\u00f6jat hur enkelt bluffsajter kan anv\u00e4nda en vid\u00f6ppen bakd\u00f6rr in i Klarnas betall\u00f6sningar.<\/p>\n<p>Med Klarna som trygghetsst\u00e4mpel har bedragare lurat \u00f6ver 500 svenskar p\u00e5 totalt 548 000 kronor &#8211; och de f\u00e5r s\u00e4llan hj\u00e4lp av Klarna. <\/p>\n<p>&#8211; Jag v\u00e5gade inte riskera n\u00e5gra betalningsanm\u00e4rkningar, s\u00e4ger Niklas Bonnevier, en av de drabbade. <\/p>\n<p><a class=\"gb-block-post-grid-more-link gb-text-link\" href=\"https:\/\/dcase.se\/dcase-2024\/kritiken-mot-betaljatten-klarna-borde-ta-sitt-ansvar\/\" rel=\"bookmark\">Till granskningen <span class=\"screen-reader-text\">Del 2: Fick ingen hj\u00e4lp av Klarna &#8211; \u201cDe tar inte fighten\u201d<\/span><\/a><\/p><\/div><\/div><\/article>\n<article id=\"post-13823\" class=\"gb-post-grid-item post-13823 post type-post status-publish format-standard has-post-thumbnail hentry category-dropklarna\"><div class=\"gb-block-post-grid-image\"><a href=\"https:\/\/dcase.se\/dcase-2024\/personerna-bakom-bluffsajterna-sa-gar-snacket-pa-insidan\/\" rel=\"bookmark\" aria-hidden=\"true\" tabindex=\"-1\"><img loading=\"lazy\" decoding=\"async\" width=\"1890\" height=\"1417\" src=\"https:\/\/dcase.se\/dcase-2024\/wp-content\/uploads\/sites\/4\/2024\/05\/www.dcase.se_etta-bild-discord.png\" class=\"attachment-full size-full\" alt=\"\" srcset=\"https:\/\/dcase.se\/dcase-2024\/wp-content\/uploads\/sites\/4\/2024\/05\/www.dcase.se_etta-bild-discord.png 1890w, https:\/\/dcase.se\/dcase-2024\/wp-content\/uploads\/sites\/4\/2024\/05\/www.dcase.se_etta-bild-discord-300x225.png 300w, https:\/\/dcase.se\/dcase-2024\/wp-content\/uploads\/sites\/4\/2024\/05\/www.dcase.se_etta-bild-discord-1280x960.png 1280w, https:\/\/dcase.se\/dcase-2024\/wp-content\/uploads\/sites\/4\/2024\/05\/www.dcase.se_etta-bild-discord-768x576.png 768w, https:\/\/dcase.se\/dcase-2024\/wp-content\/uploads\/sites\/4\/2024\/05\/www.dcase.se_etta-bild-discord-1536x1152.png 1536w, https:\/\/dcase.se\/dcase-2024\/wp-content\/uploads\/sites\/4\/2024\/05\/www.dcase.se_etta-bild-discord-600x450.png 600w, https:\/\/dcase.se\/dcase-2024\/wp-content\/uploads\/sites\/4\/2024\/05\/www.dcase.se_etta-bild-discord-945x709.png 945w\" sizes=\"auto, (max-width: 1890px) 100vw, 1890px\" \/><\/a><\/div><div class=\"gb-block-post-grid-text\"><header class=\"gb-block-post-grid-header\"><h3 class=\"gb-block-post-grid-title\"><a href=\"https:\/\/dcase.se\/dcase-2024\/personerna-bakom-bluffsajterna-sa-gar-snacket-pa-insidan\/\" rel=\"bookmark\">Del 3: Personerna bakom bluffsajterna \u2013 s\u00e5 g\u00e5r snacket p\u00e5 insidan<\/a><\/h3><div class=\"gb-block-post-grid-byline\"><div class=\"gb-block-post-grid-author\" itemprop=\"author\" itemtype=\"https:\/\/schema.org\/Person\"><a class=\"gb-text-link\" href=\"https:\/\/dcase.se\/dcase-2024\/author\/jaol2201\/\" itemprop=\"url\" rel=\"author\"><span itemprop=\"name\">Jacob Olin Karlsson<\/span><\/a><\/div><time datetime=\"2024-05-29T12:11:58+01:00\" class=\"gb-block-post-grid-date\" itemprop=\"datePublished\">2024-05-29<\/time><\/div><\/header><div class=\"gb-block-post-grid-excerpt\"><p>Trots de \u00e5tg\u00e4rder som Klarna ska vidta efter sina ifr\u00e5gasatta samarbeten, f\u00e5r bedr\u00e4gerierna forts\u00e4tta.<\/p>\n<p>I flera Discordforum g\u00e5r diskussionerna varma om hur man tj\u00e4nar pengar snabbt genom dropshipping och hittar n\u00e4sta b\u00e4sts\u00e4ljare.<\/p>\n<p>\u201cN\u00e5gon som kan ge mig lite reviews?&#8221;, fr\u00e5gar en anv\u00e4ndare i forumet.\u00a0<\/p>\n<p><a class=\"gb-block-post-grid-more-link gb-text-link\" href=\"https:\/\/dcase.se\/dcase-2024\/personerna-bakom-bluffsajterna-sa-gar-snacket-pa-insidan\/\" rel=\"bookmark\">Till granskningen <span class=\"screen-reader-text\">Del 3: Personerna bakom bluffsajterna \u2013 s\u00e5 g\u00e5r snacket p\u00e5 insidan<\/span><\/a><\/p><\/div><\/div><\/article>\n<\/div><\/section>","protected":false},"excerpt":{"rendered":"","protected":false},"author":190,"featured_media":12372,"parent":0,"menu_order":0,"comment_status":"closed","ping_status":"closed","template":"","meta":{"_monsterinsights_skip_tracking":false,"_monsterinsights_sitenote_active":false,"_monsterinsights_sitenote_note":"","_monsterinsights_sitenote_category":0,"_themeisle_gutenberg_block_has_review":false,"footnotes":""},"class_list":["post-12367","page","type-page","status-publish","has-post-thumbnail","hentry"],"aioseo_notices":[],"featured_image_src":"https:\/\/dcase.se\/dcase-2024\/wp-content\/uploads\/sites\/4\/2024\/05\/www.dcase.se_thumbnail-graiv-600x400.png","featured_image_src_square":"https:\/\/dcase.se\/dcase-2024\/wp-content\/uploads\/sites\/4\/2024\/05\/www.dcase.se_thumbnail-graiv-600x600.png","_links":{"self":[{"href":"https:\/\/dcase.se\/dcase-2024\/wp-json\/wp\/v2\/pages\/12367","targetHints":{"allow":["GET"]}}],"collection":[{"href":"https:\/\/dcase.se\/dcase-2024\/wp-json\/wp\/v2\/pages"}],"about":[{"href":"https:\/\/dcase.se\/dcase-2024\/wp-json\/wp\/v2\/types\/page"}],"author":[{"embeddable":true,"href":"https:\/\/dcase.se\/dcase-2024\/wp-json\/wp\/v2\/users\/190"}],"replies":[{"embeddable":true,"href":"https:\/\/dcase.se\/dcase-2024\/wp-json\/wp\/v2\/comments?post=12367"}],"version-history":[{"count":5,"href":"https:\/\/dcase.se\/dcase-2024\/wp-json\/wp\/v2\/pages\/12367\/revisions"}],"predecessor-version":[{"id":13540,"href":"https:\/\/dcase.se\/dcase-2024\/wp-json\/wp\/v2\/pages\/12367\/revisions\/13540"}],"wp:featuredmedia":[{"embeddable":true,"href":"https:\/\/dcase.se\/dcase-2024\/wp-json\/wp\/v2\/media\/12372"}],"wp:attachment":[{"href":"https:\/\/dcase.se\/dcase-2024\/wp-json\/wp\/v2\/media?parent=12367"}],"curies":[{"name":"wp","href":"https:\/\/api.w.org\/{rel}","templated":true}]}}