{"id":12663,"date":"2024-05-21T11:45:49","date_gmt":"2024-05-21T10:45:49","guid":{"rendered":"http:\/\/dcase.se\/dcase2024\/?page_id=12663"},"modified":"2024-05-28T10:53:13","modified_gmt":"2024-05-28T09:53:13","slug":"dcase-avslojar-arbetsformedlingens-basta-verktyg-for-funktionsnedsatta-skapar-eviga-praktikanter","status":"publish","type":"page","link":"https:\/\/dcase.se\/dcase-2024\/dcase-avslojar-arbetsformedlingens-basta-verktyg-for-funktionsnedsatta-skapar-eviga-praktikanter\/","title":{"rendered":"DCase avsl\u00f6jar: Arbetsf\u00f6rmedlingens effektivaste verktyg skapar eviga praktikanter"},"content":{"rendered":"\n<p><\/p>\n\n\n\n<p class=\"has-text-color has-large-font-size\" style=\"color:#0303b2\"><\/p>\n\n\n<section class=\"gb-block-post-grid featuredpost aligncenter\"><div class=\"gb-post-grid-items is-grid columns-2\"><article id=\"post-12548\" class=\"gb-post-grid-item post-12548 post type-post status-publish format-standard has-post-thumbnail hentry category-evigpraktikant\"><div class=\"gb-block-post-grid-image\"><a href=\"https:\/\/dcase.se\/dcase-2024\/del-1-de-evigapraktikanterna-berattar\/\" rel=\"bookmark\" aria-hidden=\"true\" tabindex=\"-1\"><img loading=\"lazy\" decoding=\"async\" width=\"5278\" height=\"3517\" src=\"https:\/\/dcase.se\/dcase-2024\/wp-content\/uploads\/sites\/4\/2024\/05\/www.dcase.se_ratt-bild-kort.png\" class=\"attachment-full size-full\" alt=\"\" srcset=\"https:\/\/dcase.se\/dcase-2024\/wp-content\/uploads\/sites\/4\/2024\/05\/www.dcase.se_ratt-bild-kort.png 5278w, https:\/\/dcase.se\/dcase-2024\/wp-content\/uploads\/sites\/4\/2024\/05\/www.dcase.se_ratt-bild-kort-300x200.png 300w, https:\/\/dcase.se\/dcase-2024\/wp-content\/uploads\/sites\/4\/2024\/05\/www.dcase.se_ratt-bild-kort-1280x853.png 1280w, https:\/\/dcase.se\/dcase-2024\/wp-content\/uploads\/sites\/4\/2024\/05\/www.dcase.se_ratt-bild-kort-768x512.png 768w, https:\/\/dcase.se\/dcase-2024\/wp-content\/uploads\/sites\/4\/2024\/05\/www.dcase.se_ratt-bild-kort-1536x1024.png 1536w, https:\/\/dcase.se\/dcase-2024\/wp-content\/uploads\/sites\/4\/2024\/05\/www.dcase.se_ratt-bild-kort-2048x1365.png 2048w, https:\/\/dcase.se\/dcase-2024\/wp-content\/uploads\/sites\/4\/2024\/05\/www.dcase.se_ratt-bild-kort-600x400.png 600w, https:\/\/dcase.se\/dcase-2024\/wp-content\/uploads\/sites\/4\/2024\/05\/www.dcase.se_ratt-bild-kort-945x630.png 945w\" sizes=\"auto, (max-width: 5278px) 100vw, 5278px\" \/><\/a><\/div><div class=\"gb-block-post-grid-text\"><header class=\"gb-block-post-grid-header\"><h3 class=\"gb-block-post-grid-title\"><a href=\"https:\/\/dcase.se\/dcase-2024\/del-1-de-evigapraktikanterna-berattar\/\" rel=\"bookmark\">Del 1: De #EvigaPraktikanterna ber\u00e4ttar<\/a><\/h3><div class=\"gb-block-post-grid-byline\"><div class=\"gb-block-post-grid-author\" itemprop=\"author\" itemtype=\"https:\/\/schema.org\/Person\"><a class=\"gb-text-link\" href=\"https:\/\/dcase.se\/dcase-2024\/author\/mafi2200\/\" itemprop=\"url\" rel=\"author\"><span itemprop=\"name\">Maja Finn<\/span><\/a><\/div><time datetime=\"2024-05-21T11:32:02+01:00\" class=\"gb-block-post-grid-date\" itemprop=\"datePublished\">2024-05-21<\/time><\/div><\/header><div class=\"gb-block-post-grid-excerpt\"><p>Arbetsf\u00f6rmedlingen s\u00e4ger att deras effektivaste verktyg \u00e4r att f\u00e5 ut funktionsnedsatta i arbete \u00e4r arbetspraktik. DCase granskning visar att m\u00e4nniskor k\u00e4nner sig utnyttjade. <\/p>\n<p><a class=\"gb-block-post-grid-more-link gb-text-link\" href=\"https:\/\/dcase.se\/dcase-2024\/del-1-de-evigapraktikanterna-berattar\/\" rel=\"bookmark\">Till granskningen <span class=\"screen-reader-text\">Del 1: De #EvigaPraktikanterna ber\u00e4ttar<\/span><\/a><\/p><\/div><\/div><\/article>\n<article id=\"post-12191\" class=\"gb-post-grid-item post-12191 post type-post status-publish format-standard has-post-thumbnail hentry category-evigpraktikant\"><div class=\"gb-block-post-grid-image\"><a href=\"https:\/\/dcase.se\/dcase-2024\/patrik-jag-kanner-mig-lite-som-en-overaldrad-praktikant\/\" rel=\"bookmark\" aria-hidden=\"true\" tabindex=\"-1\"><img loading=\"lazy\" decoding=\"async\" width=\"5596\" height=\"3751\" src=\"https:\/\/dcase.se\/dcase-2024\/wp-content\/uploads\/sites\/4\/2024\/05\/www.dcase.se_blomma-fonster.png\" class=\"attachment-full size-full\" alt=\"\" srcset=\"https:\/\/dcase.se\/dcase-2024\/wp-content\/uploads\/sites\/4\/2024\/05\/www.dcase.se_blomma-fonster.png 5596w, https:\/\/dcase.se\/dcase-2024\/wp-content\/uploads\/sites\/4\/2024\/05\/www.dcase.se_blomma-fonster-300x201.png 300w, https:\/\/dcase.se\/dcase-2024\/wp-content\/uploads\/sites\/4\/2024\/05\/www.dcase.se_blomma-fonster-1280x858.png 1280w, https:\/\/dcase.se\/dcase-2024\/wp-content\/uploads\/sites\/4\/2024\/05\/www.dcase.se_blomma-fonster-768x515.png 768w, https:\/\/dcase.se\/dcase-2024\/wp-content\/uploads\/sites\/4\/2024\/05\/www.dcase.se_blomma-fonster-1536x1030.png 1536w, https:\/\/dcase.se\/dcase-2024\/wp-content\/uploads\/sites\/4\/2024\/05\/www.dcase.se_blomma-fonster-2048x1373.png 2048w, https:\/\/dcase.se\/dcase-2024\/wp-content\/uploads\/sites\/4\/2024\/05\/www.dcase.se_blomma-fonster-600x402.png 600w, https:\/\/dcase.se\/dcase-2024\/wp-content\/uploads\/sites\/4\/2024\/05\/www.dcase.se_blomma-fonster-945x633.png 945w\" sizes=\"auto, (max-width: 5596px) 100vw, 5596px\" \/><\/a><\/div><div class=\"gb-block-post-grid-text\"><header class=\"gb-block-post-grid-header\"><h3 class=\"gb-block-post-grid-title\"><a href=\"https:\/\/dcase.se\/dcase-2024\/patrik-jag-kanner-mig-lite-som-en-overaldrad-praktikant\/\" rel=\"bookmark\">Patrik: &#8221;Jag k\u00e4nner mig lite som en \u00f6ver\u00e5ldrad praktikant&#8221;<\/a><\/h3><div class=\"gb-block-post-grid-byline\"><div class=\"gb-block-post-grid-author\" itemprop=\"author\" itemtype=\"https:\/\/schema.org\/Person\"><a class=\"gb-text-link\" href=\"https:\/\/dcase.se\/dcase-2024\/author\/mafi2200\/\" itemprop=\"url\" rel=\"author\"><span itemprop=\"name\">Maja Finn<\/span><\/a><\/div><time datetime=\"2024-05-21T12:53:16+01:00\" class=\"gb-block-post-grid-date\" itemprop=\"datePublished\">2024-05-21<\/time><\/div><\/header><div class=\"gb-block-post-grid-excerpt\"><p>Del 1:<br \/>\nPatrik har varit p\u00e5 otaliga praktikplatser genom \u00e5ren och blivit van med att aldrig f\u00e5 en anst\u00e4llning.<\/p>\n<p><a class=\"gb-block-post-grid-more-link gb-text-link\" href=\"https:\/\/dcase.se\/dcase-2024\/patrik-jag-kanner-mig-lite-som-en-overaldrad-praktikant\/\" rel=\"bookmark\">Till granskningen <span class=\"screen-reader-text\">Patrik: &#8221;Jag k\u00e4nner mig lite som en \u00f6ver\u00e5ldrad praktikant&#8221;<\/span><\/a><\/p><\/div><\/div><\/article>\n<article id=\"post-12182\" class=\"gb-post-grid-item post-12182 post type-post status-publish format-standard has-post-thumbnail hentry category-evigpraktikant\"><div class=\"gb-block-post-grid-image\"><a href=\"https:\/\/dcase.se\/dcase-2024\/robin-den-standiga-praktikanten-blev-ett-substitut-for-personalrekrytering\/\" rel=\"bookmark\" aria-hidden=\"true\" tabindex=\"-1\"><img loading=\"lazy\" decoding=\"async\" width=\"5916\" height=\"3921\" src=\"https:\/\/dcase.se\/dcase-2024\/wp-content\/uploads\/sites\/4\/2024\/05\/www.dcase.se_bibblan.png\" class=\"attachment-full size-full\" alt=\"\" srcset=\"https:\/\/dcase.se\/dcase-2024\/wp-content\/uploads\/sites\/4\/2024\/05\/www.dcase.se_bibblan.png 5916w, https:\/\/dcase.se\/dcase-2024\/wp-content\/uploads\/sites\/4\/2024\/05\/www.dcase.se_bibblan-300x199.png 300w, https:\/\/dcase.se\/dcase-2024\/wp-content\/uploads\/sites\/4\/2024\/05\/www.dcase.se_bibblan-1280x848.png 1280w, https:\/\/dcase.se\/dcase-2024\/wp-content\/uploads\/sites\/4\/2024\/05\/www.dcase.se_bibblan-768x509.png 768w, https:\/\/dcase.se\/dcase-2024\/wp-content\/uploads\/sites\/4\/2024\/05\/www.dcase.se_bibblan-1536x1018.png 1536w, https:\/\/dcase.se\/dcase-2024\/wp-content\/uploads\/sites\/4\/2024\/05\/www.dcase.se_bibblan-2048x1357.png 2048w, https:\/\/dcase.se\/dcase-2024\/wp-content\/uploads\/sites\/4\/2024\/05\/www.dcase.se_bibblan-600x398.png 600w, https:\/\/dcase.se\/dcase-2024\/wp-content\/uploads\/sites\/4\/2024\/05\/www.dcase.se_bibblan-945x626.png 945w\" sizes=\"auto, (max-width: 5916px) 100vw, 5916px\" \/><\/a><\/div><div class=\"gb-block-post-grid-text\"><header class=\"gb-block-post-grid-header\"><h3 class=\"gb-block-post-grid-title\"><a href=\"https:\/\/dcase.se\/dcase-2024\/robin-den-standiga-praktikanten-blev-ett-substitut-for-personalrekrytering\/\" rel=\"bookmark\">Robin: &#8221;Den st\u00e4ndiga praktikanten blev ett substitut f\u00f6r personalrekrytering&#8221;<\/a><\/h3><div class=\"gb-block-post-grid-byline\"><div class=\"gb-block-post-grid-author\" itemprop=\"author\" itemtype=\"https:\/\/schema.org\/Person\"><a class=\"gb-text-link\" href=\"https:\/\/dcase.se\/dcase-2024\/author\/mafi2200\/\" itemprop=\"url\" rel=\"author\"><span itemprop=\"name\">Maja Finn<\/span><\/a><\/div><time datetime=\"2024-05-21T13:01:12+01:00\" class=\"gb-block-post-grid-date\" itemprop=\"datePublished\">2024-05-21<\/time><\/div><\/header><div class=\"gb-block-post-grid-excerpt\"><p>Del 1:<br \/>\nP\u00e5 Robins praktikplats f\u00f6rv\u00e4ntades han arbeta som vilken anst\u00e4lld som helst, men utan l\u00f6n.<\/p>\n<p><a class=\"gb-block-post-grid-more-link gb-text-link\" href=\"https:\/\/dcase.se\/dcase-2024\/robin-den-standiga-praktikanten-blev-ett-substitut-for-personalrekrytering\/\" rel=\"bookmark\">Till granskningen <span class=\"screen-reader-text\">Robin: &#8221;Den st\u00e4ndiga praktikanten blev ett substitut f\u00f6r personalrekrytering&#8221;<\/span><\/a><\/p><\/div><\/div><\/article>\n<article id=\"post-12187\" class=\"gb-post-grid-item post-12187 post type-post status-publish format-standard has-post-thumbnail hentry category-evigpraktikant\"><div class=\"gb-block-post-grid-image\"><a href=\"https:\/\/dcase.se\/dcase-2024\/esther-jag-har-blivit-sa-knackt-och-krankt\/\" rel=\"bookmark\" aria-hidden=\"true\" tabindex=\"-1\"><img loading=\"lazy\" decoding=\"async\" width=\"5831\" height=\"3760\" src=\"https:\/\/dcase.se\/dcase-2024\/wp-content\/uploads\/sites\/4\/2024\/05\/www.dcase.se_maja-2.png\" class=\"attachment-full size-full\" alt=\"\" srcset=\"https:\/\/dcase.se\/dcase-2024\/wp-content\/uploads\/sites\/4\/2024\/05\/www.dcase.se_maja-2.png 5831w, https:\/\/dcase.se\/dcase-2024\/wp-content\/uploads\/sites\/4\/2024\/05\/www.dcase.se_maja-2-300x193.png 300w, https:\/\/dcase.se\/dcase-2024\/wp-content\/uploads\/sites\/4\/2024\/05\/www.dcase.se_maja-2-1280x825.png 1280w, https:\/\/dcase.se\/dcase-2024\/wp-content\/uploads\/sites\/4\/2024\/05\/www.dcase.se_maja-2-768x495.png 768w, https:\/\/dcase.se\/dcase-2024\/wp-content\/uploads\/sites\/4\/2024\/05\/www.dcase.se_maja-2-1536x990.png 1536w, https:\/\/dcase.se\/dcase-2024\/wp-content\/uploads\/sites\/4\/2024\/05\/www.dcase.se_maja-2-2048x1321.png 2048w, https:\/\/dcase.se\/dcase-2024\/wp-content\/uploads\/sites\/4\/2024\/05\/www.dcase.se_maja-2-600x387.png 600w, https:\/\/dcase.se\/dcase-2024\/wp-content\/uploads\/sites\/4\/2024\/05\/www.dcase.se_maja-2-945x609.png 945w\" sizes=\"auto, (max-width: 5831px) 100vw, 5831px\" \/><\/a><\/div><div class=\"gb-block-post-grid-text\"><header class=\"gb-block-post-grid-header\"><h3 class=\"gb-block-post-grid-title\"><a href=\"https:\/\/dcase.se\/dcase-2024\/esther-jag-har-blivit-sa-knackt-och-krankt\/\" rel=\"bookmark\">Esther: &#8221;Jag har blivit s\u00e5 kn\u00e4ckt och kr\u00e4nkt&#8221;<\/a><\/h3><div class=\"gb-block-post-grid-byline\"><div class=\"gb-block-post-grid-author\" itemprop=\"author\" itemtype=\"https:\/\/schema.org\/Person\"><a class=\"gb-text-link\" href=\"https:\/\/dcase.se\/dcase-2024\/author\/mafi2200\/\" itemprop=\"url\" rel=\"author\"><span itemprop=\"name\">Maja Finn<\/span><\/a><\/div><time datetime=\"2024-05-21T15:00:03+01:00\" class=\"gb-block-post-grid-date\" itemprop=\"datePublished\">2024-05-21<\/time><\/div><\/header><div class=\"gb-block-post-grid-excerpt\"><p>Del 1:<br \/>\nHon hade sin framtid utt\u00e4nkt, men barndomsdr\u00f6mmarna f\u00f6rsvann med \u00e5ren. Esther \u00e4r idag sjukpension\u00e4r. <\/p>\n<p><a class=\"gb-block-post-grid-more-link gb-text-link\" href=\"https:\/\/dcase.se\/dcase-2024\/esther-jag-har-blivit-sa-knackt-och-krankt\/\" rel=\"bookmark\">Till granskningen <span class=\"screen-reader-text\">Esther: &#8221;Jag har blivit s\u00e5 kn\u00e4ckt och kr\u00e4nkt&#8221;<\/span><\/a><\/p><\/div><\/div><\/article>\n<article id=\"post-12194\" class=\"gb-post-grid-item post-12194 post type-post status-publish format-standard has-post-thumbnail hentry category-evigpraktikant\"><div class=\"gb-block-post-grid-image\"><a href=\"https:\/\/dcase.se\/dcase-2024\/del-2-fler-praktikanter-an-anstallda-skyddsombudets-kamp-mot-utnyttjandet\/\" rel=\"bookmark\" aria-hidden=\"true\" tabindex=\"-1\"><img loading=\"lazy\" decoding=\"async\" width=\"2560\" height=\"1707\" src=\"https:\/\/dcase.se\/dcase-2024\/wp-content\/uploads\/sites\/4\/2024\/05\/www.dcase.se_img-0362-scaled.jpg\" class=\"attachment-full size-full\" alt=\"\" srcset=\"https:\/\/dcase.se\/dcase-2024\/wp-content\/uploads\/sites\/4\/2024\/05\/www.dcase.se_img-0362-scaled.jpg 2560w, https:\/\/dcase.se\/dcase-2024\/wp-content\/uploads\/sites\/4\/2024\/05\/www.dcase.se_img-0362-300x200.jpg 300w, https:\/\/dcase.se\/dcase-2024\/wp-content\/uploads\/sites\/4\/2024\/05\/www.dcase.se_img-0362-1280x853.jpg 1280w, https:\/\/dcase.se\/dcase-2024\/wp-content\/uploads\/sites\/4\/2024\/05\/www.dcase.se_img-0362-768x512.jpg 768w, https:\/\/dcase.se\/dcase-2024\/wp-content\/uploads\/sites\/4\/2024\/05\/www.dcase.se_img-0362-1536x1024.jpg 1536w, https:\/\/dcase.se\/dcase-2024\/wp-content\/uploads\/sites\/4\/2024\/05\/www.dcase.se_img-0362-2048x1365.jpg 2048w, https:\/\/dcase.se\/dcase-2024\/wp-content\/uploads\/sites\/4\/2024\/05\/www.dcase.se_img-0362-600x400.jpg 600w, https:\/\/dcase.se\/dcase-2024\/wp-content\/uploads\/sites\/4\/2024\/05\/www.dcase.se_img-0362-945x630.jpg 945w\" sizes=\"auto, (max-width: 2560px) 100vw, 2560px\" \/><\/a><\/div><div class=\"gb-block-post-grid-text\"><header class=\"gb-block-post-grid-header\"><h3 class=\"gb-block-post-grid-title\"><a href=\"https:\/\/dcase.se\/dcase-2024\/del-2-fler-praktikanter-an-anstallda-skyddsombudets-kamp-mot-utnyttjandet\/\" rel=\"bookmark\">Del 2: Fler praktikanter \u00e4n anst\u00e4llda &#8211; skyddsombudets kamp mot utnyttjandet<\/a><\/h3><div class=\"gb-block-post-grid-byline\"><div class=\"gb-block-post-grid-author\" itemprop=\"author\" itemtype=\"https:\/\/schema.org\/Person\"><a class=\"gb-text-link\" href=\"https:\/\/dcase.se\/dcase-2024\/author\/mafi2200\/\" itemprop=\"url\" rel=\"author\"><span itemprop=\"name\">Maja Finn<\/span><\/a><\/div><time datetime=\"2024-05-22T15:12:25+01:00\" class=\"gb-block-post-grid-date\" itemprop=\"datePublished\">2024-05-22<\/time><\/div><\/header><div class=\"gb-block-post-grid-excerpt\"><p>P\u00e5 en arbetsplats fanns fler praktikanter med funktionsneds\u00e4ttning \u00e4n anst\u00e4llda. Deras hopp om anst\u00e4llning blev till \u00f6vergivna l\u00f6ften, hot och t\u00e5rar. <\/p>\n<p><a class=\"gb-block-post-grid-more-link gb-text-link\" href=\"https:\/\/dcase.se\/dcase-2024\/del-2-fler-praktikanter-an-anstallda-skyddsombudets-kamp-mot-utnyttjandet\/\" rel=\"bookmark\">Till granskningen <span class=\"screen-reader-text\">Del 2: Fler praktikanter \u00e4n anst\u00e4llda &#8211; skyddsombudets kamp mot utnyttjandet<\/span><\/a><\/p><\/div><\/div><\/article>\n<article id=\"post-13053\" class=\"gb-post-grid-item post-13053 post type-post status-publish format-standard has-post-thumbnail hentry category-evigpraktikant\"><div class=\"gb-block-post-grid-image\"><a href=\"https:\/\/dcase.se\/dcase-2024\/del-3-sektionschefen-om-utnyttjandet-det-ar-olyckligt\/\" rel=\"bookmark\" aria-hidden=\"true\" tabindex=\"-1\"><img loading=\"lazy\" decoding=\"async\" width=\"4810\" height=\"3072\" src=\"https:\/\/dcase.se\/dcase-2024\/wp-content\/uploads\/sites\/4\/2024\/05\/www.dcase.se_peter.png\" class=\"attachment-full size-full\" alt=\"\" srcset=\"https:\/\/dcase.se\/dcase-2024\/wp-content\/uploads\/sites\/4\/2024\/05\/www.dcase.se_peter.png 4810w, https:\/\/dcase.se\/dcase-2024\/wp-content\/uploads\/sites\/4\/2024\/05\/www.dcase.se_peter-300x192.png 300w, https:\/\/dcase.se\/dcase-2024\/wp-content\/uploads\/sites\/4\/2024\/05\/www.dcase.se_peter-1280x817.png 1280w, https:\/\/dcase.se\/dcase-2024\/wp-content\/uploads\/sites\/4\/2024\/05\/www.dcase.se_peter-768x490.png 768w, https:\/\/dcase.se\/dcase-2024\/wp-content\/uploads\/sites\/4\/2024\/05\/www.dcase.se_peter-1536x981.png 1536w, https:\/\/dcase.se\/dcase-2024\/wp-content\/uploads\/sites\/4\/2024\/05\/www.dcase.se_peter-2048x1308.png 2048w, https:\/\/dcase.se\/dcase-2024\/wp-content\/uploads\/sites\/4\/2024\/05\/www.dcase.se_peter-600x383.png 600w, https:\/\/dcase.se\/dcase-2024\/wp-content\/uploads\/sites\/4\/2024\/05\/www.dcase.se_peter-945x604.png 945w\" sizes=\"auto, (max-width: 4810px) 100vw, 4810px\" \/><\/a><\/div><div class=\"gb-block-post-grid-text\"><header class=\"gb-block-post-grid-header\"><h3 class=\"gb-block-post-grid-title\"><a href=\"https:\/\/dcase.se\/dcase-2024\/del-3-sektionschefen-om-utnyttjandet-det-ar-olyckligt\/\" rel=\"bookmark\">Del 3: Sektionschefen om utnyttjandet: &#8221;Det \u00e4r olyckligt&#8221;<\/a><\/h3><div class=\"gb-block-post-grid-byline\"><div class=\"gb-block-post-grid-author\" itemprop=\"author\" itemtype=\"https:\/\/schema.org\/Person\"><a class=\"gb-text-link\" href=\"https:\/\/dcase.se\/dcase-2024\/author\/mafi2200\/\" itemprop=\"url\" rel=\"author\"><span itemprop=\"name\">Maja Finn<\/span><\/a><\/div><time datetime=\"2024-05-24T13:56:31+01:00\" class=\"gb-block-post-grid-date\" itemprop=\"datePublished\">2024-05-24<\/time><\/div><\/header><div class=\"gb-block-post-grid-excerpt\"><p>Flera personer med funktionsneds\u00e4ttning har k\u00e4nt sig utnyttjade som gratis arbetskraft.<\/p>\n<p>Arbetsf\u00f6rmedlingen p\u00e5st\u00e5r att de utf\u00f6r noggranna kontroller av arbetsgivarna innan de skickar ut en person p\u00e5 praktik.<\/p>\n<p><a class=\"gb-block-post-grid-more-link gb-text-link\" href=\"https:\/\/dcase.se\/dcase-2024\/del-3-sektionschefen-om-utnyttjandet-det-ar-olyckligt\/\" rel=\"bookmark\">Till granskningen <span class=\"screen-reader-text\">Del 3: Sektionschefen om utnyttjandet: &#8221;Det \u00e4r olyckligt&#8221;<\/span><\/a><\/p><\/div><\/div><\/article>\n<article id=\"post-12851\" class=\"gb-post-grid-item post-12851 post type-post status-publish format-standard has-post-thumbnail hentry category-evigpraktikant\"><div class=\"gb-block-post-grid-image\"><a href=\"https:\/\/dcase.se\/dcase-2024\/del-4-dcase-avslojar-tusentals-med-funktionsnedsattning-har-felaktigt-skickats-till-vinstdrivna-leverantorer\/\" rel=\"bookmark\" aria-hidden=\"true\" tabindex=\"-1\"><img loading=\"lazy\" decoding=\"async\" width=\"4424\" height=\"2920\" src=\"https:\/\/dcase.se\/dcase-2024\/wp-content\/uploads\/sites\/4\/2024\/05\/www.dcase.se_rusta-maja-jocke.png\" class=\"attachment-full size-full\" alt=\"\" srcset=\"https:\/\/dcase.se\/dcase-2024\/wp-content\/uploads\/sites\/4\/2024\/05\/www.dcase.se_rusta-maja-jocke.png 4424w, https:\/\/dcase.se\/dcase-2024\/wp-content\/uploads\/sites\/4\/2024\/05\/www.dcase.se_rusta-maja-jocke-300x198.png 300w, https:\/\/dcase.se\/dcase-2024\/wp-content\/uploads\/sites\/4\/2024\/05\/www.dcase.se_rusta-maja-jocke-1280x845.png 1280w, https:\/\/dcase.se\/dcase-2024\/wp-content\/uploads\/sites\/4\/2024\/05\/www.dcase.se_rusta-maja-jocke-768x507.png 768w, https:\/\/dcase.se\/dcase-2024\/wp-content\/uploads\/sites\/4\/2024\/05\/www.dcase.se_rusta-maja-jocke-1536x1014.png 1536w, https:\/\/dcase.se\/dcase-2024\/wp-content\/uploads\/sites\/4\/2024\/05\/www.dcase.se_rusta-maja-jocke-2048x1352.png 2048w, https:\/\/dcase.se\/dcase-2024\/wp-content\/uploads\/sites\/4\/2024\/05\/www.dcase.se_rusta-maja-jocke-600x396.png 600w, https:\/\/dcase.se\/dcase-2024\/wp-content\/uploads\/sites\/4\/2024\/05\/www.dcase.se_rusta-maja-jocke-945x624.png 945w\" sizes=\"auto, (max-width: 4424px) 100vw, 4424px\" \/><\/a><\/div><div class=\"gb-block-post-grid-text\"><header class=\"gb-block-post-grid-header\"><h3 class=\"gb-block-post-grid-title\"><a href=\"https:\/\/dcase.se\/dcase-2024\/del-4-dcase-avslojar-tusentals-med-funktionsnedsattning-har-felaktigt-skickats-till-vinstdrivna-leverantorer\/\" rel=\"bookmark\">Del 4: Tusentals med funktionsneds\u00e4ttning har skickats till vinstdrivna leverant\u00f6rer<\/a><\/h3><div class=\"gb-block-post-grid-byline\"><div class=\"gb-block-post-grid-author\" itemprop=\"author\" itemtype=\"https:\/\/schema.org\/Person\"><a class=\"gb-text-link\" href=\"https:\/\/dcase.se\/dcase-2024\/author\/mafi2200\/\" itemprop=\"url\" rel=\"author\"><span itemprop=\"name\">Maja Finn<\/span><\/a><\/div><time datetime=\"2024-05-28T10:35:12+01:00\" class=\"gb-block-post-grid-date\" itemprop=\"datePublished\">2024-05-28<\/time><\/div><\/header><div class=\"gb-block-post-grid-excerpt\"><p>N\u00e4stan 20.000 personer med funktionsneds\u00e4ttning med nedsatt arbetsf\u00f6rm\u00e5ga har skickats till den vinstdrivna leverant\u00f6rtj\u00e4nsten Rusta och Matcha &#8211; trots att det finns en risk att de bortprioriteras.<\/p>\n<p><a class=\"gb-block-post-grid-more-link gb-text-link\" href=\"https:\/\/dcase.se\/dcase-2024\/del-4-dcase-avslojar-tusentals-med-funktionsnedsattning-har-felaktigt-skickats-till-vinstdrivna-leverantorer\/\" rel=\"bookmark\">Till granskningen <span class=\"screen-reader-text\">Del 4: Tusentals med funktionsneds\u00e4ttning har skickats till vinstdrivna leverant\u00f6rer<\/span><\/a><\/p><\/div><\/div><\/article>\n<article id=\"post-13883\" class=\"gb-post-grid-item post-13883 post type-post status-publish format-standard has-post-thumbnail hentry category-evigpraktikant\"><div class=\"gb-block-post-grid-image\"><a href=\"https:\/\/dcase.se\/dcase-2024\/del-5-arbetsformedlingen-om-siffrorna-vi-forsoker-sa-gott-vi-kan\/\" rel=\"bookmark\" aria-hidden=\"true\" tabindex=\"-1\"><img loading=\"lazy\" decoding=\"async\" width=\"2560\" height=\"1439\" src=\"https:\/\/dcase.se\/dcase-2024\/wp-content\/uploads\/sites\/4\/2024\/05\/www.dcase.se_arbetsformedlingen-fasadskylt1-scaled.jpg\" class=\"attachment-full size-full\" alt=\"\" srcset=\"https:\/\/dcase.se\/dcase-2024\/wp-content\/uploads\/sites\/4\/2024\/05\/www.dcase.se_arbetsformedlingen-fasadskylt1-scaled.jpg 2560w, https:\/\/dcase.se\/dcase-2024\/wp-content\/uploads\/sites\/4\/2024\/05\/www.dcase.se_arbetsformedlingen-fasadskylt1-300x169.jpg 300w, https:\/\/dcase.se\/dcase-2024\/wp-content\/uploads\/sites\/4\/2024\/05\/www.dcase.se_arbetsformedlingen-fasadskylt1-1280x720.jpg 1280w, https:\/\/dcase.se\/dcase-2024\/wp-content\/uploads\/sites\/4\/2024\/05\/www.dcase.se_arbetsformedlingen-fasadskylt1-768x432.jpg 768w, https:\/\/dcase.se\/dcase-2024\/wp-content\/uploads\/sites\/4\/2024\/05\/www.dcase.se_arbetsformedlingen-fasadskylt1-1536x864.jpg 1536w, https:\/\/dcase.se\/dcase-2024\/wp-content\/uploads\/sites\/4\/2024\/05\/www.dcase.se_arbetsformedlingen-fasadskylt1-2048x1151.jpg 2048w, https:\/\/dcase.se\/dcase-2024\/wp-content\/uploads\/sites\/4\/2024\/05\/www.dcase.se_arbetsformedlingen-fasadskylt1-600x337.jpg 600w, https:\/\/dcase.se\/dcase-2024\/wp-content\/uploads\/sites\/4\/2024\/05\/www.dcase.se_arbetsformedlingen-fasadskylt1-945x531.jpg 945w\" sizes=\"auto, (max-width: 2560px) 100vw, 2560px\" \/><\/a><\/div><div class=\"gb-block-post-grid-text\"><header class=\"gb-block-post-grid-header\"><h3 class=\"gb-block-post-grid-title\"><a href=\"https:\/\/dcase.se\/dcase-2024\/del-5-arbetsformedlingen-om-siffrorna-vi-forsoker-sa-gott-vi-kan\/\" rel=\"bookmark\">Del 5: Arbetsf\u00f6rmedlingen om siffrorna: &#8221;Vi f\u00f6rs\u00f6ker s\u00e5 gott vi kan&#8221;<\/a><\/h3><div class=\"gb-block-post-grid-byline\"><div class=\"gb-block-post-grid-author\" itemprop=\"author\" itemtype=\"https:\/\/schema.org\/Person\"><a class=\"gb-text-link\" href=\"https:\/\/dcase.se\/dcase-2024\/author\/mafi2200\/\" itemprop=\"url\" rel=\"author\"><span itemprop=\"name\">Maja Finn<\/span><\/a><\/div><time datetime=\"2024-05-30T11:09:11+01:00\" class=\"gb-block-post-grid-date\" itemprop=\"datePublished\">2024-05-30<\/time><\/div><\/header><div class=\"gb-block-post-grid-excerpt\"><p>Arbetsf\u00f6rmedlingen har skickat tusentals med funktionsneds\u00e4ttning till programmet Rusta och Matcha. Nu svarar de p\u00e5 kritiken.<br \/>\n\u2013 Det \u00e4r klart att det finns m\u00e4nniskor i alla system som trillar mellan stolarna. Det \u00e4r f\u00f6rf\u00e4rligt, s\u00e4ger Stina Morian, pressekreterare p\u00e5 Arbetsf\u00f6rmedlingen. <\/p>\n<p><a class=\"gb-block-post-grid-more-link gb-text-link\" href=\"https:\/\/dcase.se\/dcase-2024\/del-5-arbetsformedlingen-om-siffrorna-vi-forsoker-sa-gott-vi-kan\/\" rel=\"bookmark\">Till granskningen <span class=\"screen-reader-text\">Del 5: Arbetsf\u00f6rmedlingen om siffrorna: &#8221;Vi f\u00f6rs\u00f6ker s\u00e5 gott vi kan&#8221;<\/span><\/a><\/p><\/div><\/div><\/article>\n<\/div><\/section>","protected":false},"excerpt":{"rendered":"","protected":false},"author":183,"featured_media":12660,"parent":0,"menu_order":0,"comment_status":"closed","ping_status":"closed","template":"","meta":{"_monsterinsights_skip_tracking":false,"_monsterinsights_sitenote_active":false,"_monsterinsights_sitenote_note":"","_monsterinsights_sitenote_category":0,"_themeisle_gutenberg_block_has_review":false,"footnotes":""},"class_list":["post-12663","page","type-page","status-publish","has-post-thumbnail","hentry"],"aioseo_notices":[],"featured_image_src":"https:\/\/dcase.se\/dcase-2024\/wp-content\/uploads\/sites\/4\/2024\/05\/www.dcase.se_omslag-600x400.png","featured_image_src_square":"https:\/\/dcase.se\/dcase-2024\/wp-content\/uploads\/sites\/4\/2024\/05\/www.dcase.se_omslag-600x600.png","_links":{"self":[{"href":"https:\/\/dcase.se\/dcase-2024\/wp-json\/wp\/v2\/pages\/12663","targetHints":{"allow":["GET"]}}],"collection":[{"href":"https:\/\/dcase.se\/dcase-2024\/wp-json\/wp\/v2\/pages"}],"about":[{"href":"https:\/\/dcase.se\/dcase-2024\/wp-json\/wp\/v2\/types\/page"}],"author":[{"embeddable":true,"href":"https:\/\/dcase.se\/dcase-2024\/wp-json\/wp\/v2\/users\/183"}],"replies":[{"embeddable":true,"href":"https:\/\/dcase.se\/dcase-2024\/wp-json\/wp\/v2\/comments?post=12663"}],"version-history":[{"count":26,"href":"https:\/\/dcase.se\/dcase-2024\/wp-json\/wp\/v2\/pages\/12663\/revisions"}],"predecessor-version":[{"id":13706,"href":"https:\/\/dcase.se\/dcase-2024\/wp-json\/wp\/v2\/pages\/12663\/revisions\/13706"}],"wp:featuredmedia":[{"embeddable":true,"href":"https:\/\/dcase.se\/dcase-2024\/wp-json\/wp\/v2\/media\/12660"}],"wp:attachment":[{"href":"https:\/\/dcase.se\/dcase-2024\/wp-json\/wp\/v2\/media?parent=12663"}],"curies":[{"name":"wp","href":"https:\/\/api.w.org\/{rel}","templated":true}]}}