{"id":12971,"date":"2024-05-22T14:34:16","date_gmt":"2024-05-22T13:34:16","guid":{"rendered":"http:\/\/dcase.se\/dcase2024\/?page_id=12971"},"modified":"2024-05-22T14:40:59","modified_gmt":"2024-05-22T13:40:59","slug":"dcase-avslojar-en-svart-arbetsmarknad-dar-det-saljs-anstallningsavtal-till-personer-fran-tredjelander","status":"publish","type":"page","link":"https:\/\/dcase.se\/dcase-2024\/dcase-avslojar-en-svart-arbetsmarknad-dar-det-saljs-anstallningsavtal-till-personer-fran-tredjelander\/","title":{"rendered":"Dcase avsl\u00f6jar: En svart arbetsmarknad d\u00e4r det s\u00e4ljs anst\u00e4llningsavtal till personer fr\u00e5n tredjel\u00e4nder"},"content":{"rendered":"<section class=\"gb-block-post-grid featuredpost aligncenter\"><div class=\"gb-post-grid-items is-grid columns-2\"><article id=\"post-13872\" class=\"gb-post-grid-item post-13872 post type-post status-publish format-standard has-post-thumbnail hentry category-kontraktfusket\"><div class=\"gb-block-post-grid-image\"><a href=\"https:\/\/dcase.se\/dcase-2024\/lastbilschauffor-kopte-anstallningsavtal-jobbade-halften-av-tiden-obetalt\/\" rel=\"bookmark\" aria-hidden=\"true\" tabindex=\"-1\"><img loading=\"lazy\" decoding=\"async\" width=\"2560\" height=\"1920\" src=\"https:\/\/dcase.se\/dcase-2024\/wp-content\/uploads\/sites\/4\/2024\/05\/www.dcase.se_img-0745-scaled.jpg\" class=\"attachment-full size-full\" alt=\"\" srcset=\"https:\/\/dcase.se\/dcase-2024\/wp-content\/uploads\/sites\/4\/2024\/05\/www.dcase.se_img-0745-scaled.jpg 2560w, https:\/\/dcase.se\/dcase-2024\/wp-content\/uploads\/sites\/4\/2024\/05\/www.dcase.se_img-0745-300x225.jpg 300w, https:\/\/dcase.se\/dcase-2024\/wp-content\/uploads\/sites\/4\/2024\/05\/www.dcase.se_img-0745-1280x960.jpg 1280w, https:\/\/dcase.se\/dcase-2024\/wp-content\/uploads\/sites\/4\/2024\/05\/www.dcase.se_img-0745-768x576.jpg 768w, https:\/\/dcase.se\/dcase-2024\/wp-content\/uploads\/sites\/4\/2024\/05\/www.dcase.se_img-0745-1536x1152.jpg 1536w, https:\/\/dcase.se\/dcase-2024\/wp-content\/uploads\/sites\/4\/2024\/05\/www.dcase.se_img-0745-2048x1536.jpg 2048w, https:\/\/dcase.se\/dcase-2024\/wp-content\/uploads\/sites\/4\/2024\/05\/www.dcase.se_img-0745-600x450.jpg 600w, https:\/\/dcase.se\/dcase-2024\/wp-content\/uploads\/sites\/4\/2024\/05\/www.dcase.se_img-0745-945x709.jpg 945w\" sizes=\"auto, (max-width: 2560px) 100vw, 2560px\" \/><\/a><\/div><div class=\"gb-block-post-grid-text\"><header class=\"gb-block-post-grid-header\"><h3 class=\"gb-block-post-grid-title\"><a href=\"https:\/\/dcase.se\/dcase-2024\/lastbilschauffor-kopte-anstallningsavtal-jobbade-halften-av-tiden-obetalt\/\" rel=\"bookmark\">Lastbilschauff\u00f6r k\u00f6pte anst\u00e4llningsavtal \u2013 jobbade h\u00e4lften av tiden obetalt<\/a><\/h3><div class=\"gb-block-post-grid-byline\"><div class=\"gb-block-post-grid-author\" itemprop=\"author\" itemtype=\"https:\/\/schema.org\/Person\"><a class=\"gb-text-link\" href=\"https:\/\/dcase.se\/dcase-2024\/author\/thja2200\/\" itemprop=\"url\" rel=\"author\"><span itemprop=\"name\">Theodore Jansson Barksell<\/span><\/a><\/div><time datetime=\"2024-05-29T21:02:41+01:00\" class=\"gb-block-post-grid-date\" itemprop=\"datePublished\">2024-05-29<\/time><\/div><\/header><div class=\"gb-block-post-grid-excerpt\"><p>\u201cBlerim Gashi\u201d k\u00f6pte sitt anst\u00e4llningsavtal f\u00f6r 3 000 euro men var tvungen att jobba utan l\u00f6n n\u00e4stan h\u00e4lften av tiden. \u2013 Rena slavarbetet, detta trodde jag inte om Sverige, s\u00e4ger Blerim.&nbsp; N\u00e4r vi kontaktar arbetsgivaren nekar han till anklagelserna. \u2013 Det har fan inte h\u00e4nt p\u00e5 det h\u00e4r f\u00f6retaget, s\u00e4ger arbetsgivaren. \u201cBlerim Gashi\u201d som egentligen&hellip;<\/p>\n<p><a class=\"gb-block-post-grid-more-link gb-text-link\" href=\"https:\/\/dcase.se\/dcase-2024\/lastbilschauffor-kopte-anstallningsavtal-jobbade-halften-av-tiden-obetalt\/\" rel=\"bookmark\">Till granskningen <span class=\"screen-reader-text\">Lastbilschauff\u00f6r k\u00f6pte anst\u00e4llningsavtal \u2013 jobbade h\u00e4lften av tiden obetalt<\/span><\/a><\/p><\/div><\/div><\/article>\n<article id=\"post-13060\" class=\"gb-post-grid-item post-13060 post type-post status-publish format-standard hentry category-kontraktfusket\"><div class=\"gb-block-post-grid-text\"><header class=\"gb-block-post-grid-header\"><h3 class=\"gb-block-post-grid-title\"><a href=\"https:\/\/dcase.se\/dcase-2024\/sa-saljer-arbetsgivare-anstallningskontrakt-kan-kosta-40-000-kronor\/\" rel=\"bookmark\">S\u00e5 s\u00e4ljer arbetsgivare anst\u00e4llningskontrakt &#8211; kan kosta 40 000 kronor<\/a><\/h3><div class=\"gb-block-post-grid-byline\"><div class=\"gb-block-post-grid-author\" itemprop=\"author\" itemtype=\"https:\/\/schema.org\/Person\"><a class=\"gb-text-link\" href=\"https:\/\/dcase.se\/dcase-2024\/author\/edma2200\/\" itemprop=\"url\" rel=\"author\"><span itemprop=\"name\">Edward Marini<\/span><\/a><\/div><time datetime=\"2024-05-28T12:54:08+01:00\" class=\"gb-block-post-grid-date\" itemprop=\"datePublished\">2024-05-28<\/time><\/div><\/header><div class=\"gb-block-post-grid-excerpt\"><p>V\u00e5r unders\u00f6kning b\u00f6rjar med en Facebookgrupp d\u00e4r medlemmar fr\u00e5gar efter arbete och f\u00f6retag s\u00f6ker arbetare. Facebookgruppen heter &#8221;Albaner i Sverige&#8221; och har 23 000 medlemmar. Vi vill ta reda p\u00e5 hur det g\u00e5r till n\u00e4r albanska arbetstagare m\u00f6ter albanska arbetsgivare, och f\u00f6r vilket pris en f\u00f6retagare kan t\u00e4nka sig att s\u00e4lja ett anst\u00e4llningsavtal.&nbsp; N\u00e4r vi&hellip;<\/p>\n<p><a class=\"gb-block-post-grid-more-link gb-text-link\" href=\"https:\/\/dcase.se\/dcase-2024\/sa-saljer-arbetsgivare-anstallningskontrakt-kan-kosta-40-000-kronor\/\" rel=\"bookmark\">Till granskningen <span class=\"screen-reader-text\">S\u00e5 s\u00e4ljer arbetsgivare anst\u00e4llningskontrakt &#8211; kan kosta 40 000 kronor<\/span><\/a><\/p><\/div><\/div><\/article>\n<article id=\"post-12978\" class=\"gb-post-grid-item post-12978 post type-post status-publish format-standard has-post-thumbnail hentry category-kontraktfusket\"><div class=\"gb-block-post-grid-image\"><a href=\"https:\/\/dcase.se\/dcase-2024\/halva-lonen-kravdes-for-att-behalla-arbetsvisumet\/\" rel=\"bookmark\" aria-hidden=\"true\" tabindex=\"-1\"><img loading=\"lazy\" decoding=\"async\" width=\"2560\" height=\"1920\" src=\"https:\/\/dcase.se\/dcase-2024\/wp-content\/uploads\/sites\/4\/2024\/05\/www.dcase.se_image0-scaled.jpeg\" class=\"attachment-full size-full\" alt=\"\" srcset=\"https:\/\/dcase.se\/dcase-2024\/wp-content\/uploads\/sites\/4\/2024\/05\/www.dcase.se_image0-scaled.jpeg 2560w, https:\/\/dcase.se\/dcase-2024\/wp-content\/uploads\/sites\/4\/2024\/05\/www.dcase.se_image0-300x225.jpeg 300w, https:\/\/dcase.se\/dcase-2024\/wp-content\/uploads\/sites\/4\/2024\/05\/www.dcase.se_image0-1280x960.jpeg 1280w, https:\/\/dcase.se\/dcase-2024\/wp-content\/uploads\/sites\/4\/2024\/05\/www.dcase.se_image0-768x576.jpeg 768w, https:\/\/dcase.se\/dcase-2024\/wp-content\/uploads\/sites\/4\/2024\/05\/www.dcase.se_image0-1536x1152.jpeg 1536w, https:\/\/dcase.se\/dcase-2024\/wp-content\/uploads\/sites\/4\/2024\/05\/www.dcase.se_image0-2048x1536.jpeg 2048w, https:\/\/dcase.se\/dcase-2024\/wp-content\/uploads\/sites\/4\/2024\/05\/www.dcase.se_image0-600x450.jpeg 600w, https:\/\/dcase.se\/dcase-2024\/wp-content\/uploads\/sites\/4\/2024\/05\/www.dcase.se_image0-945x709.jpeg 945w\" sizes=\"auto, (max-width: 2560px) 100vw, 2560px\" \/><\/a><\/div><div class=\"gb-block-post-grid-text\"><header class=\"gb-block-post-grid-header\"><h3 class=\"gb-block-post-grid-title\"><a href=\"https:\/\/dcase.se\/dcase-2024\/halva-lonen-kravdes-for-att-behalla-arbetsvisumet\/\" rel=\"bookmark\">Halva l\u00f6nen kr\u00e4vdes f\u00f6r att beh\u00e5lla arbetsvisumet<\/a><\/h3><div class=\"gb-block-post-grid-byline\"><div class=\"gb-block-post-grid-author\" itemprop=\"author\" itemtype=\"https:\/\/schema.org\/Person\"><a class=\"gb-text-link\" href=\"https:\/\/dcase.se\/dcase-2024\/author\/edma2200\/\" itemprop=\"url\" rel=\"author\"><span itemprop=\"name\">Edward Marini<\/span><\/a><\/div><time datetime=\"2024-05-22T14:26:10+01:00\" class=\"gb-block-post-grid-date\" itemprop=\"datePublished\">2024-05-22<\/time><\/div><\/header><div class=\"gb-block-post-grid-excerpt\"><p>\u201cFlorian Muzaka\u201d betalade tillbaka halva l\u00f6nen till arbetsgivaren f\u00f6r att kunna stanna i Sverige. Varje m\u00e5nad gav han sin chef en viss summa kontanter f\u00f6r att forts\u00e4tta jobba under sitt arbetsvisum, nu har han f\u00e5tt beslut om utvisning och blivit pappa. Hans fall \u00e4r inte unikt, \u201cFlorian\u201d \u00e4r bara en i m\u00e4ngden av personer som&hellip;<\/p>\n<p><a class=\"gb-block-post-grid-more-link gb-text-link\" href=\"https:\/\/dcase.se\/dcase-2024\/halva-lonen-kravdes-for-att-behalla-arbetsvisumet\/\" rel=\"bookmark\">Till granskningen <span class=\"screen-reader-text\">Halva l\u00f6nen kr\u00e4vdes f\u00f6r att beh\u00e5lla arbetsvisumet<\/span><\/a><\/p><\/div><\/div><\/article>\n<\/div><\/section>","protected":false},"excerpt":{"rendered":"","protected":false},"author":193,"featured_media":12977,"parent":0,"menu_order":0,"comment_status":"closed","ping_status":"closed","template":"","meta":{"_monsterinsights_skip_tracking":false,"_monsterinsights_sitenote_active":false,"_monsterinsights_sitenote_note":"","_monsterinsights_sitenote_category":0,"_themeisle_gutenberg_block_has_review":false,"footnotes":""},"class_list":["post-12971","page","type-page","status-publish","has-post-thumbnail","hentry"],"aioseo_notices":[],"featured_image_src":"https:\/\/dcase.se\/dcase-2024\/wp-content\/uploads\/sites\/4\/2024\/05\/www.dcase.se_kontraktfusket-600x400.png","featured_image_src_square":"https:\/\/dcase.se\/dcase-2024\/wp-content\/uploads\/sites\/4\/2024\/05\/www.dcase.se_kontraktfusket-600x600.png","_links":{"self":[{"href":"https:\/\/dcase.se\/dcase-2024\/wp-json\/wp\/v2\/pages\/12971","targetHints":{"allow":["GET"]}}],"collection":[{"href":"https:\/\/dcase.se\/dcase-2024\/wp-json\/wp\/v2\/pages"}],"about":[{"href":"https:\/\/dcase.se\/dcase-2024\/wp-json\/wp\/v2\/types\/page"}],"author":[{"embeddable":true,"href":"https:\/\/dcase.se\/dcase-2024\/wp-json\/wp\/v2\/users\/193"}],"replies":[{"embeddable":true,"href":"https:\/\/dcase.se\/dcase-2024\/wp-json\/wp\/v2\/comments?post=12971"}],"version-history":[{"count":5,"href":"https:\/\/dcase.se\/dcase-2024\/wp-json\/wp\/v2\/pages\/12971\/revisions"}],"predecessor-version":[{"id":13012,"href":"https:\/\/dcase.se\/dcase-2024\/wp-json\/wp\/v2\/pages\/12971\/revisions\/13012"}],"wp:featuredmedia":[{"embeddable":true,"href":"https:\/\/dcase.se\/dcase-2024\/wp-json\/wp\/v2\/media\/12977"}],"wp:attachment":[{"href":"https:\/\/dcase.se\/dcase-2024\/wp-json\/wp\/v2\/media?parent=12971"}],"curies":[{"name":"wp","href":"https:\/\/api.w.org\/{rel}","templated":true}]}}