{"id":13070,"date":"2024-05-23T13:46:58","date_gmt":"2024-05-23T12:46:58","guid":{"rendered":"http:\/\/dcase.se\/dcase2024\/?page_id=13070"},"modified":"2024-06-04T12:41:42","modified_gmt":"2024-06-04T11:41:42","slug":"dcase-granskar-hur-skattepengar-som-ska-ga-till-aldres-trygghet-istallet-forsvinner-in-i-fastighetsjattens-k2as-bolag","status":"publish","type":"page","link":"https:\/\/dcase.se\/dcase-2024\/dcase-granskar-hur-skattepengar-som-ska-ga-till-aldres-trygghet-istallet-forsvinner-in-i-fastighetsjattens-k2as-bolag\/","title":{"rendered":"Dcase granskar hur skattepengar som ska g\u00e5 till \u00e4ldres trygghet ist\u00e4llet f\u00f6rsvinner in i fastighetsj\u00e4ttens K2As bolag"},"content":{"rendered":"<section class=\"gb-block-post-grid featuredpost aligncenter\"><div class=\"gb-post-grid-items is-grid columns-2\"><article id=\"post-13526\" class=\"gb-post-grid-item post-13526 post type-post status-publish format-standard has-post-thumbnail hentry category-trygghettillsalu\"><div class=\"gb-block-post-grid-image\"><a href=\"https:\/\/dcase.se\/dcase-2024\/politiker-vi-har-ingen-skyldighet-att-kontrollera-bidragspengar\/\" rel=\"bookmark\" aria-hidden=\"true\" tabindex=\"-1\"><img loading=\"lazy\" decoding=\"async\" width=\"2560\" height=\"1920\" src=\"https:\/\/dcase.se\/dcase-2024\/wp-content\/uploads\/sites\/4\/2024\/05\/www.dcase.se_tallar-boendet-scaled.jpg\" class=\"attachment-full size-full\" alt=\"\" srcset=\"https:\/\/dcase.se\/dcase-2024\/wp-content\/uploads\/sites\/4\/2024\/05\/www.dcase.se_tallar-boendet-scaled.jpg 2560w, https:\/\/dcase.se\/dcase-2024\/wp-content\/uploads\/sites\/4\/2024\/05\/www.dcase.se_tallar-boendet-300x225.jpg 300w, https:\/\/dcase.se\/dcase-2024\/wp-content\/uploads\/sites\/4\/2024\/05\/www.dcase.se_tallar-boendet-1280x960.jpg 1280w, https:\/\/dcase.se\/dcase-2024\/wp-content\/uploads\/sites\/4\/2024\/05\/www.dcase.se_tallar-boendet-768x576.jpg 768w, https:\/\/dcase.se\/dcase-2024\/wp-content\/uploads\/sites\/4\/2024\/05\/www.dcase.se_tallar-boendet-1536x1152.jpg 1536w, https:\/\/dcase.se\/dcase-2024\/wp-content\/uploads\/sites\/4\/2024\/05\/www.dcase.se_tallar-boendet-2048x1536.jpg 2048w, https:\/\/dcase.se\/dcase-2024\/wp-content\/uploads\/sites\/4\/2024\/05\/www.dcase.se_tallar-boendet-600x450.jpg 600w, https:\/\/dcase.se\/dcase-2024\/wp-content\/uploads\/sites\/4\/2024\/05\/www.dcase.se_tallar-boendet-945x709.jpg 945w\" sizes=\"auto, (max-width: 2560px) 100vw, 2560px\" \/><\/a><\/div><div class=\"gb-block-post-grid-text\"><header class=\"gb-block-post-grid-header\"><h3 class=\"gb-block-post-grid-title\"><a href=\"https:\/\/dcase.se\/dcase-2024\/politiker-vi-har-ingen-skyldighet-att-kontrollera-bidragspengar\/\" rel=\"bookmark\">Politiker: \u201dVi\u00a0har ingen skyldighet att kontrollera bidragspengar&#8221;<\/a><\/h3><div class=\"gb-block-post-grid-byline\"><div class=\"gb-block-post-grid-author\" itemprop=\"author\" itemtype=\"https:\/\/schema.org\/Person\"><a class=\"gb-text-link\" href=\"https:\/\/dcase.se\/dcase-2024\/author\/vibe2202\/\" itemprop=\"url\" rel=\"author\"><span itemprop=\"name\">Victoria Bergsten<\/span><\/a><\/div><time datetime=\"2024-05-29T12:01:26+01:00\" class=\"gb-block-post-grid-date\" itemprop=\"datePublished\">2024-05-29<\/time><\/div><\/header><div class=\"gb-block-post-grid-excerpt\"><p>\u00c5r 2023 kvitterade fastighetsbolaget K2A ut n\u00e4stan 600 000 kronor i bidrag fr\u00e5n Sundsvalls kommun.I del 3 f\u00e5r K2A och Sundsvalls kommun svara p\u00e5 vart pengarna tar v\u00e4gen. \u2013 Vi vill ha Sveriges trivsammaste och tryggaste trygghetsboende, s\u00e4ger Henrik Nordlund f\u00f6rvaltningschef K2A. De boende p\u00e5 Lugnets trygghetsboende st\u00e4ller sig fortfarande fr\u00e5gan vart bidragspengarna tar v\u00e4gen.&hellip;<\/p>\n<p><a class=\"gb-block-post-grid-more-link gb-text-link\" href=\"https:\/\/dcase.se\/dcase-2024\/politiker-vi-har-ingen-skyldighet-att-kontrollera-bidragspengar\/\" rel=\"bookmark\">Till granskningen <span class=\"screen-reader-text\">Politiker: \u201dVi\u00a0har ingen skyldighet att kontrollera bidragspengar&#8221;<\/span><\/a><\/p><\/div><\/div><\/article>\n<article id=\"post-13028\" class=\"gb-post-grid-item post-13028 post type-post status-publish format-standard has-post-thumbnail hentry category-trygghettillsalu\"><div class=\"gb-block-post-grid-image\"><a href=\"https:\/\/dcase.se\/dcase-2024\/trygghet-till-salu\/\" rel=\"bookmark\" aria-hidden=\"true\" tabindex=\"-1\"><img loading=\"lazy\" decoding=\"async\" width=\"1890\" height=\"1417\" src=\"https:\/\/dcase.se\/dcase-2024\/wp-content\/uploads\/sites\/4\/2024\/05\/www.dcase.se_bild-papper.png\" class=\"attachment-full size-full\" alt=\"\" srcset=\"https:\/\/dcase.se\/dcase-2024\/wp-content\/uploads\/sites\/4\/2024\/05\/www.dcase.se_bild-papper.png 1890w, https:\/\/dcase.se\/dcase-2024\/wp-content\/uploads\/sites\/4\/2024\/05\/www.dcase.se_bild-papper-300x225.png 300w, https:\/\/dcase.se\/dcase-2024\/wp-content\/uploads\/sites\/4\/2024\/05\/www.dcase.se_bild-papper-1280x960.png 1280w, https:\/\/dcase.se\/dcase-2024\/wp-content\/uploads\/sites\/4\/2024\/05\/www.dcase.se_bild-papper-768x576.png 768w, https:\/\/dcase.se\/dcase-2024\/wp-content\/uploads\/sites\/4\/2024\/05\/www.dcase.se_bild-papper-1536x1152.png 1536w, https:\/\/dcase.se\/dcase-2024\/wp-content\/uploads\/sites\/4\/2024\/05\/www.dcase.se_bild-papper-600x450.png 600w, https:\/\/dcase.se\/dcase-2024\/wp-content\/uploads\/sites\/4\/2024\/05\/www.dcase.se_bild-papper-945x709.png 945w\" sizes=\"auto, (max-width: 1890px) 100vw, 1890px\" \/><\/a><\/div><div class=\"gb-block-post-grid-text\"><header class=\"gb-block-post-grid-header\"><h3 class=\"gb-block-post-grid-title\"><a href=\"https:\/\/dcase.se\/dcase-2024\/trygghet-till-salu\/\" rel=\"bookmark\">Trygghet till salu<\/a><\/h3><div class=\"gb-block-post-grid-byline\"><div class=\"gb-block-post-grid-author\" itemprop=\"author\" itemtype=\"https:\/\/schema.org\/Person\"><a class=\"gb-text-link\" href=\"https:\/\/dcase.se\/dcase-2024\/author\/vibe2202\/\" itemprop=\"url\" rel=\"author\"><span itemprop=\"name\">Victoria Bergsten<\/span><\/a><\/div><time datetime=\"2024-05-23T14:34:08+01:00\" class=\"gb-block-post-grid-date\" itemprop=\"datePublished\">2024-05-23<\/time><\/div><\/header><div class=\"gb-block-post-grid-excerpt\"><p>I del 2 f\u00f6rs\u00f6ker vi f\u00f6rst\u00e5 vad kommunens bidrag egentligen g\u00e5r till men ocks\u00e5 hur en liten summa som 50 kronor har blivit v\u00e4rldens snackis p\u00e5 Lugnets trygghetsboende. Ett mail trillar ner i Bj\u00f6rns inkorg. Brevet \u00e4r fr\u00e5n hyresv\u00e4rden K2A. D\u00e4r st\u00e5r det att han hotas av upps\u00e4gning. D\u00e4rf\u00f6r v\u00e4ljer han nu att ta ett&hellip;<\/p>\n<p><a class=\"gb-block-post-grid-more-link gb-text-link\" href=\"https:\/\/dcase.se\/dcase-2024\/trygghet-till-salu\/\" rel=\"bookmark\">Till granskningen <span class=\"screen-reader-text\">Trygghet till salu<\/span><\/a><\/p><\/div><\/div><\/article>\n<article id=\"post-12991\" class=\"gb-post-grid-item post-12991 post type-post status-publish format-standard has-post-thumbnail hentry category-trygghettillsalu\"><div class=\"gb-block-post-grid-image\"><a href=\"https:\/\/dcase.se\/dcase-2024\/vart-tar-pengarna-vagen\/\" rel=\"bookmark\" aria-hidden=\"true\" tabindex=\"-1\"><img loading=\"lazy\" decoding=\"async\" width=\"1890\" height=\"1417\" src=\"https:\/\/dcase.se\/dcase-2024\/wp-content\/uploads\/sites\/4\/2024\/05\/www.dcase.se_bjorn.png\" class=\"attachment-full size-full\" alt=\"\" srcset=\"https:\/\/dcase.se\/dcase-2024\/wp-content\/uploads\/sites\/4\/2024\/05\/www.dcase.se_bjorn.png 1890w, https:\/\/dcase.se\/dcase-2024\/wp-content\/uploads\/sites\/4\/2024\/05\/www.dcase.se_bjorn-300x225.png 300w, https:\/\/dcase.se\/dcase-2024\/wp-content\/uploads\/sites\/4\/2024\/05\/www.dcase.se_bjorn-1280x960.png 1280w, https:\/\/dcase.se\/dcase-2024\/wp-content\/uploads\/sites\/4\/2024\/05\/www.dcase.se_bjorn-768x576.png 768w, https:\/\/dcase.se\/dcase-2024\/wp-content\/uploads\/sites\/4\/2024\/05\/www.dcase.se_bjorn-1536x1152.png 1536w, https:\/\/dcase.se\/dcase-2024\/wp-content\/uploads\/sites\/4\/2024\/05\/www.dcase.se_bjorn-600x450.png 600w, https:\/\/dcase.se\/dcase-2024\/wp-content\/uploads\/sites\/4\/2024\/05\/www.dcase.se_bjorn-945x709.png 945w\" sizes=\"auto, (max-width: 1890px) 100vw, 1890px\" \/><\/a><\/div><div class=\"gb-block-post-grid-text\"><header class=\"gb-block-post-grid-header\"><h3 class=\"gb-block-post-grid-title\"><a href=\"https:\/\/dcase.se\/dcase-2024\/vart-tar-pengarna-vagen\/\" rel=\"bookmark\">Vart tar pengarna v\u00e4gen?<\/a><\/h3><div class=\"gb-block-post-grid-byline\"><div class=\"gb-block-post-grid-author\" itemprop=\"author\" itemtype=\"https:\/\/schema.org\/Person\"><a class=\"gb-text-link\" href=\"https:\/\/dcase.se\/dcase-2024\/author\/vibe2202\/\" itemprop=\"url\" rel=\"author\"><span itemprop=\"name\">Victoria Bergsten<\/span><\/a><\/div><time datetime=\"2024-05-23T13:47:24+01:00\" class=\"gb-block-post-grid-date\" itemprop=\"datePublished\">2024-05-23<\/time><\/div><\/header><div class=\"gb-block-post-grid-excerpt\"><p>I del 1 m\u00f6ter vi Bj\u00f6rn och Linnea och st\u00e4ller oss fr\u00e5gan: vart tar pengarna v\u00e4gen? DCase granskar hur kommunala bidrag som \u00e4r till f\u00f6r att skapa trygghet f\u00f6r \u00e4ldre blir en handelsvara f\u00f6r f\u00f6retag.&nbsp; Det \u00e4r slutet av maj och den svenska v\u00e5ren har verkligen tvekat. Men de senaste dagarna har \u00e4ntligen sol-t\u00f6rstiga m\u00e4nniskor&hellip;<\/p>\n<p><a class=\"gb-block-post-grid-more-link gb-text-link\" href=\"https:\/\/dcase.se\/dcase-2024\/vart-tar-pengarna-vagen\/\" rel=\"bookmark\">Till granskningen <span class=\"screen-reader-text\">Vart tar pengarna v\u00e4gen?<\/span><\/a><\/p><\/div><\/div><\/article>\n<\/div><\/section>","protected":false},"excerpt":{"rendered":"","protected":false},"author":174,"featured_media":13112,"parent":0,"menu_order":0,"comment_status":"closed","ping_status":"closed","template":"","meta":{"_monsterinsights_skip_tracking":false,"_monsterinsights_sitenote_active":false,"_monsterinsights_sitenote_note":"","_monsterinsights_sitenote_category":0,"_themeisle_gutenberg_block_has_review":false,"footnotes":""},"class_list":["post-13070","page","type-page","status-publish","has-post-thumbnail","hentry"],"aioseo_notices":[],"featured_image_src":"https:\/\/dcase.se\/dcase-2024\/wp-content\/uploads\/sites\/4\/2024\/05\/www.dcase.se_ny-bild-600x400.png","featured_image_src_square":"https:\/\/dcase.se\/dcase-2024\/wp-content\/uploads\/sites\/4\/2024\/05\/www.dcase.se_ny-bild-600x600.png","_links":{"self":[{"href":"https:\/\/dcase.se\/dcase-2024\/wp-json\/wp\/v2\/pages\/13070","targetHints":{"allow":["GET"]}}],"collection":[{"href":"https:\/\/dcase.se\/dcase-2024\/wp-json\/wp\/v2\/pages"}],"about":[{"href":"https:\/\/dcase.se\/dcase-2024\/wp-json\/wp\/v2\/types\/page"}],"author":[{"embeddable":true,"href":"https:\/\/dcase.se\/dcase-2024\/wp-json\/wp\/v2\/users\/174"}],"replies":[{"embeddable":true,"href":"https:\/\/dcase.se\/dcase-2024\/wp-json\/wp\/v2\/comments?post=13070"}],"version-history":[{"count":5,"href":"https:\/\/dcase.se\/dcase-2024\/wp-json\/wp\/v2\/pages\/13070\/revisions"}],"predecessor-version":[{"id":13926,"href":"https:\/\/dcase.se\/dcase-2024\/wp-json\/wp\/v2\/pages\/13070\/revisions\/13926"}],"wp:featuredmedia":[{"embeddable":true,"href":"https:\/\/dcase.se\/dcase-2024\/wp-json\/wp\/v2\/media\/13112"}],"wp:attachment":[{"href":"https:\/\/dcase.se\/dcase-2024\/wp-json\/wp\/v2\/media?parent=13070"}],"curies":[{"name":"wp","href":"https:\/\/api.w.org\/{rel}","templated":true}]}}