{"id":13125,"date":"2024-05-23T16:19:50","date_gmt":"2024-05-23T15:19:50","guid":{"rendered":"http:\/\/dcase.se\/dcase2024\/?page_id=13125"},"modified":"2024-05-24T14:03:28","modified_gmt":"2024-05-24T13:03:28","slug":"dcase-granskar-bracke-kommun-tystnadskultur-svag-ekonomi-och-saknad-framtidstro","status":"publish","type":"page","link":"https:\/\/dcase.se\/dcase-2024\/dcase-granskar-bracke-kommun-tystnadskultur-svag-ekonomi-och-saknad-framtidstro\/","title":{"rendered":"Dcase granskar: Br\u00e4cke kommun &#8211; Tystnadskultur, svag ekonomi och saknad framtidstro."},"content":{"rendered":"<section class=\"gb-block-post-grid featuredpost aligncenter\"><div class=\"gb-post-grid-items is-grid columns-2\"><article id=\"post-13133\" class=\"gb-post-grid-item post-13133 post type-post status-publish format-standard has-post-thumbnail hentry category-bracktkommun-bracktkommun\"><div class=\"gb-block-post-grid-image\"><a href=\"https:\/\/dcase.se\/dcase-2024\/folket-i-bracke-kommun-soker-efter-hopp-om-framtiden\/\" rel=\"bookmark\" aria-hidden=\"true\" tabindex=\"-1\"><img loading=\"lazy\" decoding=\"async\" width=\"2560\" height=\"1920\" src=\"https:\/\/dcase.se\/dcase-2024\/wp-content\/uploads\/sites\/4\/2024\/05\/www.dcase.se_p1027065margarets-frisarsalong--scaled.jpg\" class=\"attachment-full size-full\" alt=\"\" srcset=\"https:\/\/dcase.se\/dcase-2024\/wp-content\/uploads\/sites\/4\/2024\/05\/www.dcase.se_p1027065margarets-frisarsalong--scaled.jpg 2560w, https:\/\/dcase.se\/dcase-2024\/wp-content\/uploads\/sites\/4\/2024\/05\/www.dcase.se_p1027065margarets-frisarsalong--300x225.jpg 300w, https:\/\/dcase.se\/dcase-2024\/wp-content\/uploads\/sites\/4\/2024\/05\/www.dcase.se_p1027065margarets-frisarsalong--1280x960.jpg 1280w, https:\/\/dcase.se\/dcase-2024\/wp-content\/uploads\/sites\/4\/2024\/05\/www.dcase.se_p1027065margarets-frisarsalong--768x576.jpg 768w, https:\/\/dcase.se\/dcase-2024\/wp-content\/uploads\/sites\/4\/2024\/05\/www.dcase.se_p1027065margarets-frisarsalong--1536x1152.jpg 1536w, https:\/\/dcase.se\/dcase-2024\/wp-content\/uploads\/sites\/4\/2024\/05\/www.dcase.se_p1027065margarets-frisarsalong--2048x1536.jpg 2048w, https:\/\/dcase.se\/dcase-2024\/wp-content\/uploads\/sites\/4\/2024\/05\/www.dcase.se_p1027065margarets-frisarsalong--600x450.jpg 600w, https:\/\/dcase.se\/dcase-2024\/wp-content\/uploads\/sites\/4\/2024\/05\/www.dcase.se_p1027065margarets-frisarsalong--945x709.jpg 945w\" sizes=\"auto, (max-width: 2560px) 100vw, 2560px\" \/><\/a><\/div><div class=\"gb-block-post-grid-text\"><header class=\"gb-block-post-grid-header\"><h3 class=\"gb-block-post-grid-title\"><a href=\"https:\/\/dcase.se\/dcase-2024\/folket-i-bracke-kommun-soker-efter-hopp-om-framtiden\/\" rel=\"bookmark\">Folk i Br\u00e4cke kommun s\u00f6ker efter hopp om framtiden<\/a><\/h3><div class=\"gb-block-post-grid-byline\"><div class=\"gb-block-post-grid-author\" itemprop=\"author\" itemtype=\"https:\/\/schema.org\/Person\"><a class=\"gb-text-link\" href=\"https:\/\/dcase.se\/dcase-2024\/author\/sasa2212\/\" itemprop=\"url\" rel=\"author\"><span itemprop=\"name\">Samuel S\u00e4\u00e4f<\/span><\/a><\/div><time datetime=\"2024-05-23T15:21:39+01:00\" class=\"gb-block-post-grid-date\" itemprop=\"datePublished\">2024-05-23<\/time><\/div><\/header><div class=\"gb-block-post-grid-excerpt\"><p>Br\u00e4cke \u00e4r idag en plats d\u00e4r m\u00e5nga inv\u00e5nare f\u00e5r k\u00e4mpa f\u00f6r att hitta framtidstro.\u00a0<\/p>\n<p><a class=\"gb-block-post-grid-more-link gb-text-link\" href=\"https:\/\/dcase.se\/dcase-2024\/folket-i-bracke-kommun-soker-efter-hopp-om-framtiden\/\" rel=\"bookmark\">Till granskningen <span class=\"screen-reader-text\">Folk i Br\u00e4cke kommun s\u00f6ker efter hopp om framtiden<\/span><\/a><\/p><\/div><\/div><\/article>\n<article id=\"post-13196\" class=\"gb-post-grid-item post-13196 post type-post status-publish format-standard has-post-thumbnail hentry category-bracktkommun-bracktkommun category-uncategorized\"><div class=\"gb-block-post-grid-image\"><a href=\"https:\/\/dcase.se\/dcase-2024\/uppgifter-toxiskt-ledarskap-och-tystnadskultur-inom-bracke-kommun\/\" rel=\"bookmark\" aria-hidden=\"true\" tabindex=\"-1\"><img loading=\"lazy\" decoding=\"async\" width=\"2560\" height=\"1920\" src=\"https:\/\/dcase.se\/dcase-2024\/wp-content\/uploads\/sites\/4\/2024\/05\/www.dcase.se_p1027503temabild-tjanstemannen-2-scaled.jpg\" class=\"attachment-full size-full\" alt=\"\" srcset=\"https:\/\/dcase.se\/dcase-2024\/wp-content\/uploads\/sites\/4\/2024\/05\/www.dcase.se_p1027503temabild-tjanstemannen-2-scaled.jpg 2560w, https:\/\/dcase.se\/dcase-2024\/wp-content\/uploads\/sites\/4\/2024\/05\/www.dcase.se_p1027503temabild-tjanstemannen-2-300x225.jpg 300w, https:\/\/dcase.se\/dcase-2024\/wp-content\/uploads\/sites\/4\/2024\/05\/www.dcase.se_p1027503temabild-tjanstemannen-2-1280x960.jpg 1280w, https:\/\/dcase.se\/dcase-2024\/wp-content\/uploads\/sites\/4\/2024\/05\/www.dcase.se_p1027503temabild-tjanstemannen-2-768x576.jpg 768w, https:\/\/dcase.se\/dcase-2024\/wp-content\/uploads\/sites\/4\/2024\/05\/www.dcase.se_p1027503temabild-tjanstemannen-2-1536x1152.jpg 1536w, https:\/\/dcase.se\/dcase-2024\/wp-content\/uploads\/sites\/4\/2024\/05\/www.dcase.se_p1027503temabild-tjanstemannen-2-2048x1536.jpg 2048w, https:\/\/dcase.se\/dcase-2024\/wp-content\/uploads\/sites\/4\/2024\/05\/www.dcase.se_p1027503temabild-tjanstemannen-2-600x450.jpg 600w, https:\/\/dcase.se\/dcase-2024\/wp-content\/uploads\/sites\/4\/2024\/05\/www.dcase.se_p1027503temabild-tjanstemannen-2-945x709.jpg 945w\" sizes=\"auto, (max-width: 2560px) 100vw, 2560px\" \/><\/a><\/div><div class=\"gb-block-post-grid-text\"><header class=\"gb-block-post-grid-header\"><h3 class=\"gb-block-post-grid-title\"><a href=\"https:\/\/dcase.se\/dcase-2024\/uppgifter-toxiskt-ledarskap-och-tystnadskultur-inom-bracke-kommun\/\" rel=\"bookmark\">Uppgifter: Toxiskt ledarskap och tystnadskultur inom Br\u00e4cke kommun<\/a><\/h3><div class=\"gb-block-post-grid-byline\"><div class=\"gb-block-post-grid-author\" itemprop=\"author\" itemtype=\"https:\/\/schema.org\/Person\"><a class=\"gb-text-link\" href=\"https:\/\/dcase.se\/dcase-2024\/author\/sasa2212\/\" itemprop=\"url\" rel=\"author\"><span itemprop=\"name\">Samuel S\u00e4\u00e4f<\/span><\/a><\/div><time datetime=\"2024-05-24T13:43:43+01:00\" class=\"gb-block-post-grid-date\" itemprop=\"datePublished\">2024-05-24<\/time><\/div><\/header><div class=\"gb-block-post-grid-excerpt\"><p>Dcase har intervjuat nuvarande och tidigare tj\u00e4nstem\u00e4n i Br\u00e4cke som vittnar om en tystnadskultur. Trots d\u00e5liga arbetsf\u00f6rh\u00e5llanden \u00e4r anst\u00e4llda r\u00e4dda f\u00f6r att kritisera ledningen.<\/p>\n<p><a class=\"gb-block-post-grid-more-link gb-text-link\" href=\"https:\/\/dcase.se\/dcase-2024\/uppgifter-toxiskt-ledarskap-och-tystnadskultur-inom-bracke-kommun\/\" rel=\"bookmark\">Till granskningen <span class=\"screen-reader-text\">Uppgifter: Toxiskt ledarskap och tystnadskultur inom Br\u00e4cke kommun<\/span><\/a><\/p><\/div><\/div><\/article>\n<article id=\"post-13650\" class=\"gb-post-grid-item post-13650 post type-post status-publish format-standard has-post-thumbnail hentry category-bracktkommun-bracktkommun category-uncategorized\"><div class=\"gb-block-post-grid-image\"><a href=\"https:\/\/dcase.se\/dcase-2024\/tuff-tid-for-kommunen-raknar-med-ytterligare-minusar-%ef%bf%bc\/\" rel=\"bookmark\" aria-hidden=\"true\" tabindex=\"-1\"><img loading=\"lazy\" decoding=\"async\" width=\"2560\" height=\"1945\" src=\"https:\/\/dcase.se\/dcase-2024\/wp-content\/uploads\/sites\/4\/2024\/05\/www.dcase.se_p1027146rivningshus-1c-1-scaled.jpg\" class=\"attachment-full size-full\" alt=\"Ett hus med sliten fasad\" srcset=\"https:\/\/dcase.se\/dcase-2024\/wp-content\/uploads\/sites\/4\/2024\/05\/www.dcase.se_p1027146rivningshus-1c-1-scaled.jpg 2560w, https:\/\/dcase.se\/dcase-2024\/wp-content\/uploads\/sites\/4\/2024\/05\/www.dcase.se_p1027146rivningshus-1c-1-300x228.jpg 300w, https:\/\/dcase.se\/dcase-2024\/wp-content\/uploads\/sites\/4\/2024\/05\/www.dcase.se_p1027146rivningshus-1c-1-1280x973.jpg 1280w, https:\/\/dcase.se\/dcase-2024\/wp-content\/uploads\/sites\/4\/2024\/05\/www.dcase.se_p1027146rivningshus-1c-1-768x584.jpg 768w, https:\/\/dcase.se\/dcase-2024\/wp-content\/uploads\/sites\/4\/2024\/05\/www.dcase.se_p1027146rivningshus-1c-1-1536x1167.jpg 1536w, https:\/\/dcase.se\/dcase-2024\/wp-content\/uploads\/sites\/4\/2024\/05\/www.dcase.se_p1027146rivningshus-1c-1-2048x1556.jpg 2048w, https:\/\/dcase.se\/dcase-2024\/wp-content\/uploads\/sites\/4\/2024\/05\/www.dcase.se_p1027146rivningshus-1c-1-600x456.jpg 600w, https:\/\/dcase.se\/dcase-2024\/wp-content\/uploads\/sites\/4\/2024\/05\/www.dcase.se_p1027146rivningshus-1c-1-945x718.jpg 945w\" sizes=\"auto, (max-width: 2560px) 100vw, 2560px\" \/><\/a><\/div><div class=\"gb-block-post-grid-text\"><header class=\"gb-block-post-grid-header\"><h3 class=\"gb-block-post-grid-title\"><a href=\"https:\/\/dcase.se\/dcase-2024\/tuff-tid-for-kommunen-raknar-med-ytterligare-minusar-%ef%bf%bc\/\" rel=\"bookmark\">Tuff tid f\u00f6r kommunen &#8211; r\u00e4knar med ytterligare minus\u00e5r<\/a><\/h3><div class=\"gb-block-post-grid-byline\"><div class=\"gb-block-post-grid-author\" itemprop=\"author\" itemtype=\"https:\/\/schema.org\/Person\"><a class=\"gb-text-link\" href=\"https:\/\/dcase.se\/dcase-2024\/author\/nobo2200\/\" itemprop=\"url\" rel=\"author\"><span itemprop=\"name\">Noel Bostr\u00f6m<\/span><\/a><\/div><time datetime=\"2024-05-27T16:12:11+01:00\" class=\"gb-block-post-grid-date\" itemprop=\"datePublished\">2024-05-27<\/time><\/div><\/header><div class=\"gb-block-post-grid-excerpt\"><p>Kommunen har under de senaste \u00e5ren kantats av minusresultat.\u00a0\u00a0\u2013 \u00a0De budgeterade underskotten blev gigantiska f\u00f6r 2023. Och det kommer bli \u00e4nnu v\u00e4rre i \u00e5r, s\u00e4ger Henrik Kvist, ekonomichef<\/p>\n<p><a class=\"gb-block-post-grid-more-link gb-text-link\" href=\"https:\/\/dcase.se\/dcase-2024\/tuff-tid-for-kommunen-raknar-med-ytterligare-minusar-%ef%bf%bc\/\" rel=\"bookmark\">Till granskningen <span class=\"screen-reader-text\">Tuff tid f\u00f6r kommunen &#8211; r\u00e4knar med ytterligare minus\u00e5r<\/span><\/a><\/p><\/div><\/div><\/article>\n<article id=\"post-13755\" class=\"gb-post-grid-item post-13755 post type-post status-publish format-standard has-post-thumbnail hentry category-bracktkommun-bracktkommun category-uncategorized\"><div class=\"gb-block-post-grid-image\"><a href=\"https:\/\/dcase.se\/dcase-2024\/brister-inom-bracke-kommun-politiker-vill-se-forandring\/\" rel=\"bookmark\" aria-hidden=\"true\" tabindex=\"-1\"><img loading=\"lazy\" decoding=\"async\" width=\"2560\" height=\"1920\" src=\"https:\/\/dcase.se\/dcase-2024\/wp-content\/uploads\/sites\/4\/2024\/05\/www.dcase.se_p1027034dragarbild-ansvarsutk-1-scaled.jpg\" class=\"attachment-full size-full\" alt=\"\" srcset=\"https:\/\/dcase.se\/dcase-2024\/wp-content\/uploads\/sites\/4\/2024\/05\/www.dcase.se_p1027034dragarbild-ansvarsutk-1-scaled.jpg 2560w, https:\/\/dcase.se\/dcase-2024\/wp-content\/uploads\/sites\/4\/2024\/05\/www.dcase.se_p1027034dragarbild-ansvarsutk-1-300x225.jpg 300w, https:\/\/dcase.se\/dcase-2024\/wp-content\/uploads\/sites\/4\/2024\/05\/www.dcase.se_p1027034dragarbild-ansvarsutk-1-1280x960.jpg 1280w, https:\/\/dcase.se\/dcase-2024\/wp-content\/uploads\/sites\/4\/2024\/05\/www.dcase.se_p1027034dragarbild-ansvarsutk-1-768x576.jpg 768w, https:\/\/dcase.se\/dcase-2024\/wp-content\/uploads\/sites\/4\/2024\/05\/www.dcase.se_p1027034dragarbild-ansvarsutk-1-1536x1152.jpg 1536w, https:\/\/dcase.se\/dcase-2024\/wp-content\/uploads\/sites\/4\/2024\/05\/www.dcase.se_p1027034dragarbild-ansvarsutk-1-2048x1536.jpg 2048w, https:\/\/dcase.se\/dcase-2024\/wp-content\/uploads\/sites\/4\/2024\/05\/www.dcase.se_p1027034dragarbild-ansvarsutk-1-600x450.jpg 600w, https:\/\/dcase.se\/dcase-2024\/wp-content\/uploads\/sites\/4\/2024\/05\/www.dcase.se_p1027034dragarbild-ansvarsutk-1-945x709.jpg 945w\" sizes=\"auto, (max-width: 2560px) 100vw, 2560px\" \/><\/a><\/div><div class=\"gb-block-post-grid-text\"><header class=\"gb-block-post-grid-header\"><h3 class=\"gb-block-post-grid-title\"><a href=\"https:\/\/dcase.se\/dcase-2024\/brister-inom-bracke-kommun-politiker-vill-se-forandring\/\" rel=\"bookmark\">Brister inom Br\u00e4cke kommun \u2013 politiker vill se f\u00f6r\u00e4ndring<\/a><\/h3><div class=\"gb-block-post-grid-byline\"><div class=\"gb-block-post-grid-author\" itemprop=\"author\" itemtype=\"https:\/\/schema.org\/Person\"><a class=\"gb-text-link\" href=\"https:\/\/dcase.se\/dcase-2024\/author\/guni2201\/\" itemprop=\"url\" rel=\"author\"><span itemprop=\"name\">Gustav Nilsson Bucht<\/span><\/a><\/div><time datetime=\"2024-05-28T14:55:34+01:00\" class=\"gb-block-post-grid-date\" itemprop=\"datePublished\">2024-05-28<\/time><\/div><\/header><div class=\"gb-block-post-grid-excerpt\"><p>Dcase har pratat med tv\u00e5 kommunpolitiker som b\u00e5da ser problem inom kommunorganisationen. \u2013 Det har funnits en viss kultur h\u00e4r som jag inte \u00e4r van vid, s\u00e4ger Susanne Pettersson Graff (S).<\/p>\n<p><a class=\"gb-block-post-grid-more-link gb-text-link\" href=\"https:\/\/dcase.se\/dcase-2024\/brister-inom-bracke-kommun-politiker-vill-se-forandring\/\" rel=\"bookmark\">Till granskningen <span class=\"screen-reader-text\">Brister inom Br\u00e4cke kommun \u2013 politiker vill se f\u00f6r\u00e4ndring<\/span><\/a><\/p><\/div><\/div><\/article>\n<article id=\"post-13665\" class=\"gb-post-grid-item post-13665 post type-post status-publish format-standard has-post-thumbnail hentry category-bracktkommun-bracktkommun\"><div class=\"gb-block-post-grid-image\"><a href=\"https:\/\/dcase.se\/dcase-2024\/kommunchefens-svar-pa-kritiken-en-okej-arbetsmiljo\/\" rel=\"bookmark\" aria-hidden=\"true\" tabindex=\"-1\"><img loading=\"lazy\" decoding=\"async\" width=\"235\" height=\"314\" src=\"https:\/\/dcase.se\/dcase-2024\/wp-content\/uploads\/sites\/4\/2024\/05\/www.dcase.se_bengt-flykt-webb.jpg\" class=\"attachment-full size-full\" alt=\"\" srcset=\"https:\/\/dcase.se\/dcase-2024\/wp-content\/uploads\/sites\/4\/2024\/05\/www.dcase.se_bengt-flykt-webb.jpg 235w, https:\/\/dcase.se\/dcase-2024\/wp-content\/uploads\/sites\/4\/2024\/05\/www.dcase.se_bengt-flykt-webb-225x300.jpg 225w\" sizes=\"auto, (max-width: 235px) 100vw, 235px\" \/><\/a><\/div><div class=\"gb-block-post-grid-text\"><header class=\"gb-block-post-grid-header\"><h3 class=\"gb-block-post-grid-title\"><a href=\"https:\/\/dcase.se\/dcase-2024\/kommunchefens-svar-pa-kritiken-en-okej-arbetsmiljo\/\" rel=\"bookmark\">Kommunchefens svar p\u00e5 kritiken &#8211;  en &#8221;okej&#8221; arbetsmilj\u00f6<\/a><\/h3><div class=\"gb-block-post-grid-byline\"><div class=\"gb-block-post-grid-author\" itemprop=\"author\" itemtype=\"https:\/\/schema.org\/Person\"><a class=\"gb-text-link\" href=\"https:\/\/dcase.se\/dcase-2024\/author\/sasa2212\/\" itemprop=\"url\" rel=\"author\"><span itemprop=\"name\">Samuel S\u00e4\u00e4f<\/span><\/a><\/div><time datetime=\"2024-05-28T15:04:54+01:00\" class=\"gb-block-post-grid-date\" itemprop=\"datePublished\">2024-05-28<\/time><\/div><\/header><div class=\"gb-block-post-grid-excerpt\"><p>En k\u00e4rv ekonomi g\u00f6r att m\u00e5nga upplever att det blir mycket att g\u00f6ra men f\u00e5 resurser, s\u00e4ger Bengt Flykt, kommunchef.<\/p>\n<p><a class=\"gb-block-post-grid-more-link gb-text-link\" href=\"https:\/\/dcase.se\/dcase-2024\/kommunchefens-svar-pa-kritiken-en-okej-arbetsmiljo\/\" rel=\"bookmark\">Till granskningen <span class=\"screen-reader-text\">Kommunchefens svar p\u00e5 kritiken &#8211;  en &#8221;okej&#8221; arbetsmilj\u00f6<\/span><\/a><\/p><\/div><\/div><\/article>\n<\/div><\/section>","protected":false},"excerpt":{"rendered":"","protected":false},"author":203,"featured_media":13241,"parent":0,"menu_order":0,"comment_status":"closed","ping_status":"closed","template":"","meta":{"_monsterinsights_skip_tracking":false,"_monsterinsights_sitenote_active":false,"_monsterinsights_sitenote_note":"","_monsterinsights_sitenote_category":0,"_themeisle_gutenberg_block_has_review":false,"footnotes":""},"class_list":["post-13125","page","type-page","status-publish","has-post-thumbnail","hentry"],"aioseo_notices":[],"featured_image_src":"https:\/\/dcase.se\/dcase-2024\/wp-content\/uploads\/sites\/4\/2024\/05\/www.dcase.se_dragarbild-redo-far-publicering-600x400.png","featured_image_src_square":"https:\/\/dcase.se\/dcase-2024\/wp-content\/uploads\/sites\/4\/2024\/05\/www.dcase.se_dragarbild-redo-far-publicering-600x600.png","_links":{"self":[{"href":"https:\/\/dcase.se\/dcase-2024\/wp-json\/wp\/v2\/pages\/13125","targetHints":{"allow":["GET"]}}],"collection":[{"href":"https:\/\/dcase.se\/dcase-2024\/wp-json\/wp\/v2\/pages"}],"about":[{"href":"https:\/\/dcase.se\/dcase-2024\/wp-json\/wp\/v2\/types\/page"}],"author":[{"embeddable":true,"href":"https:\/\/dcase.se\/dcase-2024\/wp-json\/wp\/v2\/users\/203"}],"replies":[{"embeddable":true,"href":"https:\/\/dcase.se\/dcase-2024\/wp-json\/wp\/v2\/comments?post=13125"}],"version-history":[{"count":6,"href":"https:\/\/dcase.se\/dcase-2024\/wp-json\/wp\/v2\/pages\/13125\/revisions"}],"predecessor-version":[{"id":13381,"href":"https:\/\/dcase.se\/dcase-2024\/wp-json\/wp\/v2\/pages\/13125\/revisions\/13381"}],"wp:featuredmedia":[{"embeddable":true,"href":"https:\/\/dcase.se\/dcase-2024\/wp-json\/wp\/v2\/media\/13241"}],"wp:attachment":[{"href":"https:\/\/dcase.se\/dcase-2024\/wp-json\/wp\/v2\/media?parent=13125"}],"curies":[{"name":"wp","href":"https:\/\/api.w.org\/{rel}","templated":true}]}}