{"id":13937,"date":"2025-04-02T13:20:49","date_gmt":"2025-04-02T12:20:49","guid":{"rendered":"http:\/\/dcase.se\/dcase2024\/?page_id=13937"},"modified":"2025-05-30T16:58:53","modified_gmt":"2025-05-30T15:58:53","slug":"dcase-2024","status":"publish","type":"page","link":"https:\/\/dcase.se\/dcase-2024\/","title":{"rendered":"DCase 2024"},"content":{"rendered":"\n<div style=\"height:100px\" aria-hidden=\"true\" class=\"wp-block-spacer\"><\/div>\n\n\n<section class=\"gb-block-post-grid featuredpage aligncenter\"><div class=\"gb-post-grid-items is-grid columns-2\"><article id=\"post-14559\" class=\"gb-post-grid-item post-14559 page type-page status-publish has-post-thumbnail hentry\"><div class=\"gb-block-post-grid-image\"><a href=\"https:\/\/dcase.se\/dcase-2024\/dcase-granskar-nya-textillagen-orsakar-kollaps\/\" rel=\"bookmark\" aria-hidden=\"true\" tabindex=\"-1\"><img loading=\"lazy\" decoding=\"async\" width=\"1366\" height=\"768\" src=\"https:\/\/dcase.se\/dcase-2024\/wp-content\/uploads\/sites\/4\/2025\/05\/www.dcase.se_textilkrisen.png\" class=\"attachment-full size-full\" alt=\"\" srcset=\"https:\/\/dcase.se\/dcase-2024\/wp-content\/uploads\/sites\/4\/2025\/05\/www.dcase.se_textilkrisen.png 1366w, https:\/\/dcase.se\/dcase-2024\/wp-content\/uploads\/sites\/4\/2025\/05\/www.dcase.se_textilkrisen-300x169.png 300w, https:\/\/dcase.se\/dcase-2024\/wp-content\/uploads\/sites\/4\/2025\/05\/www.dcase.se_textilkrisen-1280x720.png 1280w, https:\/\/dcase.se\/dcase-2024\/wp-content\/uploads\/sites\/4\/2025\/05\/www.dcase.se_textilkrisen-768x432.png 768w, https:\/\/dcase.se\/dcase-2024\/wp-content\/uploads\/sites\/4\/2025\/05\/www.dcase.se_textilkrisen-600x337.png 600w, https:\/\/dcase.se\/dcase-2024\/wp-content\/uploads\/sites\/4\/2025\/05\/www.dcase.se_textilkrisen-945x531.png 945w\" sizes=\"auto, (max-width: 1366px) 100vw, 1366px\" \/><\/a><\/div><div class=\"gb-block-post-grid-text\"><header class=\"gb-block-post-grid-header\"><h3 class=\"gb-block-post-grid-title\"><a href=\"https:\/\/dcase.se\/dcase-2024\/dcase-granskar-nya-textillagen-orsakar-kollaps\/\" rel=\"bookmark\">Dcase granskar: Nya textillagen orsakar kollaps<\/a><\/h3><\/header><div class=\"gb-block-post-grid-excerpt\"><p><a class=\"gb-block-post-grid-more-link gb-text-link\" href=\"https:\/\/dcase.se\/dcase-2024\/dcase-granskar-nya-textillagen-orsakar-kollaps\/\" rel=\"bookmark\">Till granskningen <span class=\"screen-reader-text\">Dcase granskar: Nya textillagen orsakar kollaps<\/span><\/a><\/p><\/div><\/div><\/article>\n<article id=\"post-14335\" class=\"gb-post-grid-item post-14335 page type-page status-publish has-post-thumbnail hentry\"><div class=\"gb-block-post-grid-image\"><a href=\"https:\/\/dcase.se\/dcase-2024\/jammerjakt\/\" rel=\"bookmark\" aria-hidden=\"true\" tabindex=\"-1\"><img loading=\"lazy\" decoding=\"async\" width=\"1920\" height=\"1080\" src=\"https:\/\/dcase.se\/dcase-2024\/wp-content\/uploads\/sites\/4\/2025\/05\/www.dcase.se_jammerjaktkonceptbild-1.jpg\" class=\"attachment-full size-full\" alt=\"\" srcset=\"https:\/\/dcase.se\/dcase-2024\/wp-content\/uploads\/sites\/4\/2025\/05\/www.dcase.se_jammerjaktkonceptbild-1.jpg 1920w, https:\/\/dcase.se\/dcase-2024\/wp-content\/uploads\/sites\/4\/2025\/05\/www.dcase.se_jammerjaktkonceptbild-1-300x169.jpg 300w, https:\/\/dcase.se\/dcase-2024\/wp-content\/uploads\/sites\/4\/2025\/05\/www.dcase.se_jammerjaktkonceptbild-1-1280x720.jpg 1280w, https:\/\/dcase.se\/dcase-2024\/wp-content\/uploads\/sites\/4\/2025\/05\/www.dcase.se_jammerjaktkonceptbild-1-768x432.jpg 768w, https:\/\/dcase.se\/dcase-2024\/wp-content\/uploads\/sites\/4\/2025\/05\/www.dcase.se_jammerjaktkonceptbild-1-1536x864.jpg 1536w, https:\/\/dcase.se\/dcase-2024\/wp-content\/uploads\/sites\/4\/2025\/05\/www.dcase.se_jammerjaktkonceptbild-1-600x338.jpg 600w, https:\/\/dcase.se\/dcase-2024\/wp-content\/uploads\/sites\/4\/2025\/05\/www.dcase.se_jammerjaktkonceptbild-1-945x532.jpg 945w\" sizes=\"auto, (max-width: 1920px) 100vw, 1920px\" \/><\/a><\/div><div class=\"gb-block-post-grid-text\"><header class=\"gb-block-post-grid-header\"><h3 class=\"gb-block-post-grid-title\"><a href=\"https:\/\/dcase.se\/dcase-2024\/jammerjakt\/\" rel=\"bookmark\">Dcase granskar: Skyddsjakten havererar i Sundsvall &#8211; avtalet brister<\/a><\/h3><\/header><div class=\"gb-block-post-grid-excerpt\"><p><a class=\"gb-block-post-grid-more-link gb-text-link\" href=\"https:\/\/dcase.se\/dcase-2024\/jammerjakt\/\" rel=\"bookmark\">Till granskningen <span class=\"screen-reader-text\">Dcase granskar: Skyddsjakten havererar i Sundsvall &#8211; avtalet brister<\/span><\/a><\/p><\/div><\/div><\/article>\n<article id=\"post-14253\" class=\"gb-post-grid-item post-14253 page type-page status-publish has-post-thumbnail hentry\"><div class=\"gb-block-post-grid-image\"><a href=\"https:\/\/dcase.se\/dcase-2024\/dcase-granskar-bristen-av-rutiner-inom-varden-orsakar-sjalvmord-med-legala-vapen\/\" rel=\"bookmark\" aria-hidden=\"true\" tabindex=\"-1\"><img loading=\"lazy\" decoding=\"async\" width=\"1200\" height=\"600\" src=\"https:\/\/dcase.se\/dcase-2024\/wp-content\/uploads\/sites\/4\/2025\/05\/www.dcase.se_dardetbrister-2.jpeg\" class=\"attachment-full size-full\" alt=\"\" srcset=\"https:\/\/dcase.se\/dcase-2024\/wp-content\/uploads\/sites\/4\/2025\/05\/www.dcase.se_dardetbrister-2.jpeg 1200w, https:\/\/dcase.se\/dcase-2024\/wp-content\/uploads\/sites\/4\/2025\/05\/www.dcase.se_dardetbrister-2-300x150.jpeg 300w, https:\/\/dcase.se\/dcase-2024\/wp-content\/uploads\/sites\/4\/2025\/05\/www.dcase.se_dardetbrister-2-768x384.jpeg 768w, https:\/\/dcase.se\/dcase-2024\/wp-content\/uploads\/sites\/4\/2025\/05\/www.dcase.se_dardetbrister-2-600x300.jpeg 600w, https:\/\/dcase.se\/dcase-2024\/wp-content\/uploads\/sites\/4\/2025\/05\/www.dcase.se_dardetbrister-2-945x473.jpeg 945w\" sizes=\"auto, (max-width: 1200px) 100vw, 1200px\" \/><\/a><\/div><div class=\"gb-block-post-grid-text\"><header class=\"gb-block-post-grid-header\"><h3 class=\"gb-block-post-grid-title\"><a href=\"https:\/\/dcase.se\/dcase-2024\/dcase-granskar-bristen-av-rutiner-inom-varden-orsakar-sjalvmord-med-legala-vapen\/\" rel=\"bookmark\">100 tals tar sina liv med lagliga jaktvapen &#8211; trots v\u00e5rdkontakt\u00a0<\/a><\/h3><\/header><div class=\"gb-block-post-grid-excerpt\"><p><a class=\"gb-block-post-grid-more-link gb-text-link\" href=\"https:\/\/dcase.se\/dcase-2024\/dcase-granskar-bristen-av-rutiner-inom-varden-orsakar-sjalvmord-med-legala-vapen\/\" rel=\"bookmark\">Till granskningen <span class=\"screen-reader-text\">100 tals tar sina liv med lagliga jaktvapen &#8211; trots v\u00e5rdkontakt\u00a0<\/span><\/a><\/p><\/div><\/div><\/article>\n<article id=\"post-13990\" class=\"gb-post-grid-item post-13990 page type-page status-publish has-post-thumbnail hentry\"><div class=\"gb-block-post-grid-image\"><a href=\"https:\/\/dcase.se\/dcase-2024\/unga-vuxna-lamnar-sundsvall-trots-titeln-som-norrlands-basta-studenstad\/\" rel=\"bookmark\" aria-hidden=\"true\" tabindex=\"-1\"><img loading=\"lazy\" decoding=\"async\" width=\"2089\" height=\"1515\" src=\"https:\/\/dcase.se\/dcase-2024\/wp-content\/uploads\/sites\/4\/2025\/05\/www.dcase.se_inteminstudentstad.jpg\" class=\"attachment-full size-full\" alt=\"\" srcset=\"https:\/\/dcase.se\/dcase-2024\/wp-content\/uploads\/sites\/4\/2025\/05\/www.dcase.se_inteminstudentstad.jpg 2089w, https:\/\/dcase.se\/dcase-2024\/wp-content\/uploads\/sites\/4\/2025\/05\/www.dcase.se_inteminstudentstad-300x218.jpg 300w, https:\/\/dcase.se\/dcase-2024\/wp-content\/uploads\/sites\/4\/2025\/05\/www.dcase.se_inteminstudentstad-1280x928.jpg 1280w, https:\/\/dcase.se\/dcase-2024\/wp-content\/uploads\/sites\/4\/2025\/05\/www.dcase.se_inteminstudentstad-768x557.jpg 768w, https:\/\/dcase.se\/dcase-2024\/wp-content\/uploads\/sites\/4\/2025\/05\/www.dcase.se_inteminstudentstad-1536x1114.jpg 1536w, https:\/\/dcase.se\/dcase-2024\/wp-content\/uploads\/sites\/4\/2025\/05\/www.dcase.se_inteminstudentstad-2048x1485.jpg 2048w, https:\/\/dcase.se\/dcase-2024\/wp-content\/uploads\/sites\/4\/2025\/05\/www.dcase.se_inteminstudentstad-600x435.jpg 600w, https:\/\/dcase.se\/dcase-2024\/wp-content\/uploads\/sites\/4\/2025\/05\/www.dcase.se_inteminstudentstad-945x685.jpg 945w\" sizes=\"auto, (max-width: 2089px) 100vw, 2089px\" \/><\/a><\/div><div class=\"gb-block-post-grid-text\"><header class=\"gb-block-post-grid-header\"><h3 class=\"gb-block-post-grid-title\"><a href=\"https:\/\/dcase.se\/dcase-2024\/unga-vuxna-lamnar-sundsvall-trots-titeln-som-norrlands-basta-studenstad\/\" rel=\"bookmark\">Unga vuxna l\u00e4mnar Sundsvall \u2013 trots titeln som Norrlands b\u00e4sta studentstad<\/a><\/h3><\/header><div class=\"gb-block-post-grid-excerpt\"><p><a class=\"gb-block-post-grid-more-link gb-text-link\" href=\"https:\/\/dcase.se\/dcase-2024\/unga-vuxna-lamnar-sundsvall-trots-titeln-som-norrlands-basta-studenstad\/\" rel=\"bookmark\">Till granskningen <span class=\"screen-reader-text\">Unga vuxna l\u00e4mnar Sundsvall \u2013 trots titeln som Norrlands b\u00e4sta studentstad<\/span><\/a><\/p><\/div><\/div><\/article>\n<article id=\"post-14034\" class=\"gb-post-grid-item post-14034 page type-page status-publish has-post-thumbnail hentry\"><div class=\"gb-block-post-grid-image\"><a href=\"https:\/\/dcase.se\/dcase-2024\/nar-varden-sviker-dcase-granskar-varden-av-sjukdomen-som-drabbar-tusentals-kvinnor-i-sverige\/\" rel=\"bookmark\" aria-hidden=\"true\" tabindex=\"-1\"><img loading=\"lazy\" decoding=\"async\" width=\"1123\" height=\"957\" src=\"https:\/\/dcase.se\/dcase-2024\/wp-content\/uploads\/sites\/4\/2025\/05\/www.dcase.se_bild-3-1.jpeg\" class=\"attachment-full size-full\" alt=\"Illustration av en livmoder och #Planl\u00f6s\" srcset=\"https:\/\/dcase.se\/dcase-2024\/wp-content\/uploads\/sites\/4\/2025\/05\/www.dcase.se_bild-3-1.jpeg 1123w, https:\/\/dcase.se\/dcase-2024\/wp-content\/uploads\/sites\/4\/2025\/05\/www.dcase.se_bild-3-1-300x256.jpeg 300w, https:\/\/dcase.se\/dcase-2024\/wp-content\/uploads\/sites\/4\/2025\/05\/www.dcase.se_bild-3-1-768x654.jpeg 768w, https:\/\/dcase.se\/dcase-2024\/wp-content\/uploads\/sites\/4\/2025\/05\/www.dcase.se_bild-3-1-600x511.jpeg 600w, https:\/\/dcase.se\/dcase-2024\/wp-content\/uploads\/sites\/4\/2025\/05\/www.dcase.se_bild-3-1-945x805.jpeg 945w\" sizes=\"auto, (max-width: 1123px) 100vw, 1123px\" \/><\/a><\/div><div class=\"gb-block-post-grid-text\"><header class=\"gb-block-post-grid-header\"><h3 class=\"gb-block-post-grid-title\"><a href=\"https:\/\/dcase.se\/dcase-2024\/nar-varden-sviker-dcase-granskar-varden-av-sjukdomen-som-drabbar-tusentals-kvinnor-i-sverige\/\" rel=\"bookmark\">N\u00e4r v\u00e5rden sviker \u2013 Dcase granskar v\u00e5rden av sjukdomen som drabbar tusentals kvinnor i Sverige<\/a><\/h3><\/header><div class=\"gb-block-post-grid-excerpt\"><p><a class=\"gb-block-post-grid-more-link gb-text-link\" href=\"https:\/\/dcase.se\/dcase-2024\/nar-varden-sviker-dcase-granskar-varden-av-sjukdomen-som-drabbar-tusentals-kvinnor-i-sverige\/\" rel=\"bookmark\">Till granskningen <span class=\"screen-reader-text\">N\u00e4r v\u00e5rden sviker \u2013 Dcase granskar v\u00e5rden av sjukdomen som drabbar tusentals kvinnor i Sverige<\/span><\/a><\/p><\/div><\/div><\/article>\n<article id=\"post-13998\" class=\"gb-post-grid-item post-13998 page type-page status-publish has-post-thumbnail hentry\"><div class=\"gb-block-post-grid-image\"><a href=\"https:\/\/dcase.se\/dcase-2024\/scampilot\/\" rel=\"bookmark\" aria-hidden=\"true\" tabindex=\"-1\"><img loading=\"lazy\" decoding=\"async\" width=\"2560\" height=\"1625\" src=\"https:\/\/dcase.se\/dcase-2024\/wp-content\/uploads\/sites\/4\/2025\/05\/www.dcase.se_dragarbilden-grav-1-1-scaled-e1747926956675.jpg\" class=\"attachment-full size-full\" alt=\"\" srcset=\"https:\/\/dcase.se\/dcase-2024\/wp-content\/uploads\/sites\/4\/2025\/05\/www.dcase.se_dragarbilden-grav-1-1-scaled-e1747926956675.jpg 2560w, https:\/\/dcase.se\/dcase-2024\/wp-content\/uploads\/sites\/4\/2025\/05\/www.dcase.se_dragarbilden-grav-1-1-scaled-e1747926956675-300x190.jpg 300w, https:\/\/dcase.se\/dcase-2024\/wp-content\/uploads\/sites\/4\/2025\/05\/www.dcase.se_dragarbilden-grav-1-1-scaled-e1747926956675-1280x813.jpg 1280w, https:\/\/dcase.se\/dcase-2024\/wp-content\/uploads\/sites\/4\/2025\/05\/www.dcase.se_dragarbilden-grav-1-1-scaled-e1747926956675-768x488.jpg 768w, https:\/\/dcase.se\/dcase-2024\/wp-content\/uploads\/sites\/4\/2025\/05\/www.dcase.se_dragarbilden-grav-1-1-scaled-e1747926956675-1536x975.jpg 1536w, https:\/\/dcase.se\/dcase-2024\/wp-content\/uploads\/sites\/4\/2025\/05\/www.dcase.se_dragarbilden-grav-1-1-scaled-e1747926956675-2048x1300.jpg 2048w, https:\/\/dcase.se\/dcase-2024\/wp-content\/uploads\/sites\/4\/2025\/05\/www.dcase.se_dragarbilden-grav-1-1-scaled-e1747926956675-600x381.jpg 600w, https:\/\/dcase.se\/dcase-2024\/wp-content\/uploads\/sites\/4\/2025\/05\/www.dcase.se_dragarbilden-grav-1-1-scaled-e1747926956675-945x600.jpg 945w\" sizes=\"auto, (max-width: 2560px) 100vw, 2560px\" \/><\/a><\/div><div class=\"gb-block-post-grid-text\"><header class=\"gb-block-post-grid-header\"><h3 class=\"gb-block-post-grid-title\"><a href=\"https:\/\/dcase.se\/dcase-2024\/scampilot\/\" rel=\"bookmark\">S\u00e5 luras du av falska och olagliga omd\u00f6men p\u00e5 Trustpilot<\/a><\/h3><\/header><div class=\"gb-block-post-grid-excerpt\"><p>Har du eller n\u00e5gon du k\u00e4nner blivit lurad av Trustpilot. H\u00f6r g\u00e4rna av dig till oss p\u00e5 v\u00e5r mejl strid.dcase@gmail.com eller p\u00e5 telefon 073 -96 06 160 Del 1. F\u00f6retag skryter om femstj\u00e4rniga&hellip;<\/p>\n<p><a class=\"gb-block-post-grid-more-link gb-text-link\" href=\"https:\/\/dcase.se\/dcase-2024\/scampilot\/\" rel=\"bookmark\">Till granskningen <span class=\"screen-reader-text\">S\u00e5 luras du av falska och olagliga omd\u00f6men p\u00e5 Trustpilot<\/span><\/a><\/p><\/div><\/div><\/article>\n<\/div><\/section>\n\n\n<p><\/p>\n","protected":false},"excerpt":{"rendered":"","protected":false},"author":138,"featured_media":0,"parent":0,"menu_order":0,"comment_status":"closed","ping_status":"closed","template":"","meta":{"_monsterinsights_skip_tracking":false,"_monsterinsights_sitenote_active":false,"_monsterinsights_sitenote_note":"","_monsterinsights_sitenote_category":0,"_themeisle_gutenberg_block_has_review":false,"footnotes":""},"class_list":["post-13937","page","type-page","status-publish","hentry"],"aioseo_notices":[],"featured_image_src":null,"featured_image_src_square":null,"_links":{"self":[{"href":"https:\/\/dcase.se\/dcase-2024\/wp-json\/wp\/v2\/pages\/13937","targetHints":{"allow":["GET"]}}],"collection":[{"href":"https:\/\/dcase.se\/dcase-2024\/wp-json\/wp\/v2\/pages"}],"about":[{"href":"https:\/\/dcase.se\/dcase-2024\/wp-json\/wp\/v2\/types\/page"}],"author":[{"embeddable":true,"href":"https:\/\/dcase.se\/dcase-2024\/wp-json\/wp\/v2\/users\/138"}],"replies":[{"embeddable":true,"href":"https:\/\/dcase.se\/dcase-2024\/wp-json\/wp\/v2\/comments?post=13937"}],"version-history":[{"count":17,"href":"https:\/\/dcase.se\/dcase-2024\/wp-json\/wp\/v2\/pages\/13937\/revisions"}],"predecessor-version":[{"id":14735,"href":"https:\/\/dcase.se\/dcase-2024\/wp-json\/wp\/v2\/pages\/13937\/revisions\/14735"}],"wp:attachment":[{"href":"https:\/\/dcase.se\/dcase-2024\/wp-json\/wp\/v2\/media?parent=13937"}],"curies":[{"name":"wp","href":"https:\/\/api.w.org\/{rel}","templated":true}]}}