{"id":14569,"date":"2025-05-29T10:06:19","date_gmt":"2025-05-29T09:06:19","guid":{"rendered":"http:\/\/dcase.se\/dcase2024\/?page_id=14569"},"modified":"2025-05-29T10:06:19","modified_gmt":"2025-05-29T09:06:19","slug":"dcase-granskar-nya-textillagen-orsakar-systemkollaps","status":"publish","type":"page","link":"https:\/\/dcase.se\/dcase-2024\/dcase-granskar-nya-textillagen-orsakar-systemkollaps\/","title":{"rendered":"Dcase granskar: Nya textillagen orsakar systemkollaps"},"content":{"rendered":"<section class=\"gb-block-post-grid featuredpost aligncenter\"><div class=\"gb-post-grid-items is-grid columns-2\"><article id=\"post-13908\" class=\"gb-post-grid-item post-13908 post type-post status-publish format-standard has-post-thumbnail hentry category-psykologmiljonerna\"><div class=\"gb-block-post-grid-image\"><a href=\"https:\/\/dcase.se\/dcase-2024\/psykologens-vittnesmal-om-bonliva-som-arbetsplats-miserabla-forhallanden-och-ingen-respekt-for-kvalitet\/\" rel=\"bookmark\" aria-hidden=\"true\" tabindex=\"-1\"><img loading=\"lazy\" decoding=\"async\" width=\"2560\" height=\"1440\" src=\"https:\/\/dcase.se\/dcase-2024\/wp-content\/uploads\/sites\/4\/2024\/06\/www.dcase.se_www.dcase-.se-dragaredel3-pdf.jpg\" class=\"attachment-full size-full\" alt=\"\" \/><\/a><\/div><div class=\"gb-block-post-grid-text\"><header class=\"gb-block-post-grid-header\"><h3 class=\"gb-block-post-grid-title\"><a href=\"https:\/\/dcase.se\/dcase-2024\/psykologens-vittnesmal-om-bonliva-som-arbetsplats-miserabla-forhallanden-och-ingen-respekt-for-kvalitet\/\" rel=\"bookmark\">Psykologens vittnesm\u00e5l om Bonliva som arbetsplats: &#8221;Miserabla f\u00f6rh\u00e5llanden och ingen respekt f\u00f6r kvalitet&#8221;<\/a><\/h3><div class=\"gb-block-post-grid-byline\"><div class=\"gb-block-post-grid-author\" itemprop=\"author\" itemtype=\"https:\/\/schema.org\/Person\"><a class=\"gb-text-link\" href=\"https:\/\/dcase.se\/dcase-2024\/author\/jest2202\/\" itemprop=\"url\" rel=\"author\"><span itemprop=\"name\">Jesper Stridsberg<\/span><\/a><\/div><time datetime=\"2024-06-03T09:35:07+01:00\" class=\"gb-block-post-grid-date\" itemprop=\"datePublished\">2024-06-03<\/time><\/div><\/header><div class=\"gb-block-post-grid-excerpt\"><p>Snabba utredningar, inget eget inflytande, allt ska ske p\u00e5 deras villkor och i den takt det kr\u00e4ver, annars blir du utan l\u00f6n. Detta kan man uppleva som anst\u00e4lld psykolog hos det privata bemanningsbolaget Bonliva Care AB.&nbsp; \u2013 Jag k\u00e4nde mig utnyttjad under miserabla och om\u00e4nskliga f\u00f6rh\u00e5llanden, s\u00e5 beskriver psykologen Eva Bergendal sin tid som anst\u00e4lld&hellip;<\/p>\n<p><a class=\"gb-block-post-grid-more-link gb-text-link\" href=\"https:\/\/dcase.se\/dcase-2024\/psykologens-vittnesmal-om-bonliva-som-arbetsplats-miserabla-forhallanden-och-ingen-respekt-for-kvalitet\/\" rel=\"bookmark\">Continue Reading <span class=\"screen-reader-text\">Psykologens vittnesm\u00e5l om Bonliva som arbetsplats: &#8221;Miserabla f\u00f6rh\u00e5llanden och ingen respekt f\u00f6r kvalitet&#8221;<\/span><\/a><\/p><\/div><\/div><\/article>\n<article id=\"post-13883\" class=\"gb-post-grid-item post-13883 post type-post status-publish format-standard has-post-thumbnail hentry category-evigpraktikant\"><div class=\"gb-block-post-grid-image\"><a href=\"https:\/\/dcase.se\/dcase-2024\/del-5-arbetsformedlingen-om-siffrorna-vi-forsoker-sa-gott-vi-kan\/\" rel=\"bookmark\" aria-hidden=\"true\" tabindex=\"-1\"><img loading=\"lazy\" decoding=\"async\" width=\"2560\" height=\"1439\" src=\"https:\/\/dcase.se\/dcase-2024\/wp-content\/uploads\/sites\/4\/2024\/05\/www.dcase.se_arbetsformedlingen-fasadskylt1-scaled.jpg\" class=\"attachment-full size-full\" alt=\"\" srcset=\"https:\/\/dcase.se\/dcase-2024\/wp-content\/uploads\/sites\/4\/2024\/05\/www.dcase.se_arbetsformedlingen-fasadskylt1-scaled.jpg 2560w, https:\/\/dcase.se\/dcase-2024\/wp-content\/uploads\/sites\/4\/2024\/05\/www.dcase.se_arbetsformedlingen-fasadskylt1-300x169.jpg 300w, https:\/\/dcase.se\/dcase-2024\/wp-content\/uploads\/sites\/4\/2024\/05\/www.dcase.se_arbetsformedlingen-fasadskylt1-1280x720.jpg 1280w, https:\/\/dcase.se\/dcase-2024\/wp-content\/uploads\/sites\/4\/2024\/05\/www.dcase.se_arbetsformedlingen-fasadskylt1-768x432.jpg 768w, https:\/\/dcase.se\/dcase-2024\/wp-content\/uploads\/sites\/4\/2024\/05\/www.dcase.se_arbetsformedlingen-fasadskylt1-1536x864.jpg 1536w, https:\/\/dcase.se\/dcase-2024\/wp-content\/uploads\/sites\/4\/2024\/05\/www.dcase.se_arbetsformedlingen-fasadskylt1-2048x1151.jpg 2048w, https:\/\/dcase.se\/dcase-2024\/wp-content\/uploads\/sites\/4\/2024\/05\/www.dcase.se_arbetsformedlingen-fasadskylt1-600x337.jpg 600w, https:\/\/dcase.se\/dcase-2024\/wp-content\/uploads\/sites\/4\/2024\/05\/www.dcase.se_arbetsformedlingen-fasadskylt1-945x531.jpg 945w\" sizes=\"auto, (max-width: 2560px) 100vw, 2560px\" \/><\/a><\/div><div class=\"gb-block-post-grid-text\"><header class=\"gb-block-post-grid-header\"><h3 class=\"gb-block-post-grid-title\"><a href=\"https:\/\/dcase.se\/dcase-2024\/del-5-arbetsformedlingen-om-siffrorna-vi-forsoker-sa-gott-vi-kan\/\" rel=\"bookmark\">Del 5: Arbetsf\u00f6rmedlingen om siffrorna: &#8221;Vi f\u00f6rs\u00f6ker s\u00e5 gott vi kan&#8221;<\/a><\/h3><div class=\"gb-block-post-grid-byline\"><div class=\"gb-block-post-grid-author\" itemprop=\"author\" itemtype=\"https:\/\/schema.org\/Person\"><a class=\"gb-text-link\" href=\"https:\/\/dcase.se\/dcase-2024\/author\/mafi2200\/\" itemprop=\"url\" rel=\"author\"><span itemprop=\"name\">Maja Finn<\/span><\/a><\/div><time datetime=\"2024-05-30T11:09:11+01:00\" class=\"gb-block-post-grid-date\" itemprop=\"datePublished\">2024-05-30<\/time><\/div><\/header><div class=\"gb-block-post-grid-excerpt\"><p>Arbetsf\u00f6rmedlingen har skickat tusentals med funktionsneds\u00e4ttning till programmet Rusta och Matcha. Nu svarar de p\u00e5 kritiken.<br \/>\n\u2013 Det \u00e4r klart att det finns m\u00e4nniskor i alla system som trillar mellan stolarna. Det \u00e4r f\u00f6rf\u00e4rligt, s\u00e4ger Stina Morian, pressekreterare p\u00e5 Arbetsf\u00f6rmedlingen. <\/p>\n<p><a class=\"gb-block-post-grid-more-link gb-text-link\" href=\"https:\/\/dcase.se\/dcase-2024\/del-5-arbetsformedlingen-om-siffrorna-vi-forsoker-sa-gott-vi-kan\/\" rel=\"bookmark\">Continue Reading <span class=\"screen-reader-text\">Del 5: Arbetsf\u00f6rmedlingen om siffrorna: &#8221;Vi f\u00f6rs\u00f6ker s\u00e5 gott vi kan&#8221;<\/span><\/a><\/p><\/div><\/div><\/article>\n<article id=\"post-13872\" class=\"gb-post-grid-item post-13872 post type-post status-publish format-standard has-post-thumbnail hentry category-kontraktfusket\"><div class=\"gb-block-post-grid-image\"><a href=\"https:\/\/dcase.se\/dcase-2024\/lastbilschauffor-kopte-anstallningsavtal-jobbade-halften-av-tiden-obetalt\/\" rel=\"bookmark\" aria-hidden=\"true\" tabindex=\"-1\"><img loading=\"lazy\" decoding=\"async\" width=\"2560\" height=\"1920\" src=\"https:\/\/dcase.se\/dcase-2024\/wp-content\/uploads\/sites\/4\/2024\/05\/www.dcase.se_img-0745-scaled.jpg\" class=\"attachment-full size-full\" alt=\"\" srcset=\"https:\/\/dcase.se\/dcase-2024\/wp-content\/uploads\/sites\/4\/2024\/05\/www.dcase.se_img-0745-scaled.jpg 2560w, https:\/\/dcase.se\/dcase-2024\/wp-content\/uploads\/sites\/4\/2024\/05\/www.dcase.se_img-0745-300x225.jpg 300w, https:\/\/dcase.se\/dcase-2024\/wp-content\/uploads\/sites\/4\/2024\/05\/www.dcase.se_img-0745-1280x960.jpg 1280w, https:\/\/dcase.se\/dcase-2024\/wp-content\/uploads\/sites\/4\/2024\/05\/www.dcase.se_img-0745-768x576.jpg 768w, https:\/\/dcase.se\/dcase-2024\/wp-content\/uploads\/sites\/4\/2024\/05\/www.dcase.se_img-0745-1536x1152.jpg 1536w, https:\/\/dcase.se\/dcase-2024\/wp-content\/uploads\/sites\/4\/2024\/05\/www.dcase.se_img-0745-2048x1536.jpg 2048w, https:\/\/dcase.se\/dcase-2024\/wp-content\/uploads\/sites\/4\/2024\/05\/www.dcase.se_img-0745-600x450.jpg 600w, https:\/\/dcase.se\/dcase-2024\/wp-content\/uploads\/sites\/4\/2024\/05\/www.dcase.se_img-0745-945x709.jpg 945w\" sizes=\"auto, (max-width: 2560px) 100vw, 2560px\" \/><\/a><\/div><div class=\"gb-block-post-grid-text\"><header class=\"gb-block-post-grid-header\"><h3 class=\"gb-block-post-grid-title\"><a href=\"https:\/\/dcase.se\/dcase-2024\/lastbilschauffor-kopte-anstallningsavtal-jobbade-halften-av-tiden-obetalt\/\" rel=\"bookmark\">Lastbilschauff\u00f6r k\u00f6pte anst\u00e4llningsavtal \u2013 jobbade h\u00e4lften av tiden obetalt<\/a><\/h3><div class=\"gb-block-post-grid-byline\"><div class=\"gb-block-post-grid-author\" itemprop=\"author\" itemtype=\"https:\/\/schema.org\/Person\"><a class=\"gb-text-link\" href=\"https:\/\/dcase.se\/dcase-2024\/author\/thja2200\/\" itemprop=\"url\" rel=\"author\"><span itemprop=\"name\">Theodore Jansson Barksell<\/span><\/a><\/div><time datetime=\"2024-05-29T21:02:41+01:00\" class=\"gb-block-post-grid-date\" itemprop=\"datePublished\">2024-05-29<\/time><\/div><\/header><div class=\"gb-block-post-grid-excerpt\"><p>\u201cBlerim Gashi\u201d k\u00f6pte sitt anst\u00e4llningsavtal f\u00f6r 3 000 euro men var tvungen att jobba utan l\u00f6n n\u00e4stan h\u00e4lften av tiden. \u2013 Rena slavarbetet, detta trodde jag inte om Sverige, s\u00e4ger Blerim.&nbsp; N\u00e4r vi kontaktar arbetsgivaren nekar han till anklagelserna. \u2013 Det har fan inte h\u00e4nt p\u00e5 det h\u00e4r f\u00f6retaget, s\u00e4ger arbetsgivaren. \u201cBlerim Gashi\u201d som egentligen&hellip;<\/p>\n<p><a class=\"gb-block-post-grid-more-link gb-text-link\" href=\"https:\/\/dcase.se\/dcase-2024\/lastbilschauffor-kopte-anstallningsavtal-jobbade-halften-av-tiden-obetalt\/\" rel=\"bookmark\">Continue Reading <span class=\"screen-reader-text\">Lastbilschauff\u00f6r k\u00f6pte anst\u00e4llningsavtal \u2013 jobbade h\u00e4lften av tiden obetalt<\/span><\/a><\/p><\/div><\/div><\/article>\n<article id=\"post-13823\" class=\"gb-post-grid-item post-13823 post type-post status-publish format-standard has-post-thumbnail hentry category-dropklarna\"><div class=\"gb-block-post-grid-image\"><a href=\"https:\/\/dcase.se\/dcase-2024\/personerna-bakom-bluffsajterna-sa-gar-snacket-pa-insidan\/\" rel=\"bookmark\" aria-hidden=\"true\" tabindex=\"-1\"><img loading=\"lazy\" decoding=\"async\" width=\"1890\" height=\"1417\" src=\"https:\/\/dcase.se\/dcase-2024\/wp-content\/uploads\/sites\/4\/2024\/05\/www.dcase.se_etta-bild-discord.png\" class=\"attachment-full size-full\" alt=\"\" srcset=\"https:\/\/dcase.se\/dcase-2024\/wp-content\/uploads\/sites\/4\/2024\/05\/www.dcase.se_etta-bild-discord.png 1890w, https:\/\/dcase.se\/dcase-2024\/wp-content\/uploads\/sites\/4\/2024\/05\/www.dcase.se_etta-bild-discord-300x225.png 300w, https:\/\/dcase.se\/dcase-2024\/wp-content\/uploads\/sites\/4\/2024\/05\/www.dcase.se_etta-bild-discord-1280x960.png 1280w, https:\/\/dcase.se\/dcase-2024\/wp-content\/uploads\/sites\/4\/2024\/05\/www.dcase.se_etta-bild-discord-768x576.png 768w, https:\/\/dcase.se\/dcase-2024\/wp-content\/uploads\/sites\/4\/2024\/05\/www.dcase.se_etta-bild-discord-1536x1152.png 1536w, https:\/\/dcase.se\/dcase-2024\/wp-content\/uploads\/sites\/4\/2024\/05\/www.dcase.se_etta-bild-discord-600x450.png 600w, https:\/\/dcase.se\/dcase-2024\/wp-content\/uploads\/sites\/4\/2024\/05\/www.dcase.se_etta-bild-discord-945x709.png 945w\" sizes=\"auto, (max-width: 1890px) 100vw, 1890px\" \/><\/a><\/div><div class=\"gb-block-post-grid-text\"><header class=\"gb-block-post-grid-header\"><h3 class=\"gb-block-post-grid-title\"><a href=\"https:\/\/dcase.se\/dcase-2024\/personerna-bakom-bluffsajterna-sa-gar-snacket-pa-insidan\/\" rel=\"bookmark\">Del 3: Personerna bakom bluffsajterna \u2013 s\u00e5 g\u00e5r snacket p\u00e5 insidan<\/a><\/h3><div class=\"gb-block-post-grid-byline\"><div class=\"gb-block-post-grid-author\" itemprop=\"author\" itemtype=\"https:\/\/schema.org\/Person\"><a class=\"gb-text-link\" href=\"https:\/\/dcase.se\/dcase-2024\/author\/jaol2201\/\" itemprop=\"url\" rel=\"author\"><span itemprop=\"name\">Jacob Olin Karlsson<\/span><\/a><\/div><time datetime=\"2024-05-29T12:11:58+01:00\" class=\"gb-block-post-grid-date\" itemprop=\"datePublished\">2024-05-29<\/time><\/div><\/header><div class=\"gb-block-post-grid-excerpt\"><p>Trots de \u00e5tg\u00e4rder som Klarna ska vidta efter sina ifr\u00e5gasatta samarbeten, f\u00e5r bedr\u00e4gerierna forts\u00e4tta.<\/p>\n<p>I flera Discordforum g\u00e5r diskussionerna varma om hur man tj\u00e4nar pengar snabbt genom dropshipping och hittar n\u00e4sta b\u00e4sts\u00e4ljare.<\/p>\n<p>\u201cN\u00e5gon som kan ge mig lite reviews?&#8221;, fr\u00e5gar en anv\u00e4ndare i forumet.\u00a0<\/p>\n<p><a class=\"gb-block-post-grid-more-link gb-text-link\" href=\"https:\/\/dcase.se\/dcase-2024\/personerna-bakom-bluffsajterna-sa-gar-snacket-pa-insidan\/\" rel=\"bookmark\">Continue Reading <span class=\"screen-reader-text\">Del 3: Personerna bakom bluffsajterna \u2013 s\u00e5 g\u00e5r snacket p\u00e5 insidan<\/span><\/a><\/p><\/div><\/div><\/article>\n<article id=\"post-13526\" class=\"gb-post-grid-item post-13526 post type-post status-publish format-standard has-post-thumbnail hentry category-trygghettillsalu\"><div class=\"gb-block-post-grid-image\"><a href=\"https:\/\/dcase.se\/dcase-2024\/politiker-vi-har-ingen-skyldighet-att-kontrollera-bidragspengar\/\" rel=\"bookmark\" aria-hidden=\"true\" tabindex=\"-1\"><img loading=\"lazy\" decoding=\"async\" width=\"2560\" height=\"1920\" src=\"https:\/\/dcase.se\/dcase-2024\/wp-content\/uploads\/sites\/4\/2024\/05\/www.dcase.se_tallar-boendet-scaled.jpg\" class=\"attachment-full size-full\" alt=\"\" srcset=\"https:\/\/dcase.se\/dcase-2024\/wp-content\/uploads\/sites\/4\/2024\/05\/www.dcase.se_tallar-boendet-scaled.jpg 2560w, https:\/\/dcase.se\/dcase-2024\/wp-content\/uploads\/sites\/4\/2024\/05\/www.dcase.se_tallar-boendet-300x225.jpg 300w, https:\/\/dcase.se\/dcase-2024\/wp-content\/uploads\/sites\/4\/2024\/05\/www.dcase.se_tallar-boendet-1280x960.jpg 1280w, https:\/\/dcase.se\/dcase-2024\/wp-content\/uploads\/sites\/4\/2024\/05\/www.dcase.se_tallar-boendet-768x576.jpg 768w, https:\/\/dcase.se\/dcase-2024\/wp-content\/uploads\/sites\/4\/2024\/05\/www.dcase.se_tallar-boendet-1536x1152.jpg 1536w, https:\/\/dcase.se\/dcase-2024\/wp-content\/uploads\/sites\/4\/2024\/05\/www.dcase.se_tallar-boendet-2048x1536.jpg 2048w, https:\/\/dcase.se\/dcase-2024\/wp-content\/uploads\/sites\/4\/2024\/05\/www.dcase.se_tallar-boendet-600x450.jpg 600w, https:\/\/dcase.se\/dcase-2024\/wp-content\/uploads\/sites\/4\/2024\/05\/www.dcase.se_tallar-boendet-945x709.jpg 945w\" sizes=\"auto, (max-width: 2560px) 100vw, 2560px\" \/><\/a><\/div><div class=\"gb-block-post-grid-text\"><header class=\"gb-block-post-grid-header\"><h3 class=\"gb-block-post-grid-title\"><a href=\"https:\/\/dcase.se\/dcase-2024\/politiker-vi-har-ingen-skyldighet-att-kontrollera-bidragspengar\/\" rel=\"bookmark\">Politiker: \u201dVi\u00a0har ingen skyldighet att kontrollera bidragspengar&#8221;<\/a><\/h3><div class=\"gb-block-post-grid-byline\"><div class=\"gb-block-post-grid-author\" itemprop=\"author\" itemtype=\"https:\/\/schema.org\/Person\"><a class=\"gb-text-link\" href=\"https:\/\/dcase.se\/dcase-2024\/author\/vibe2202\/\" itemprop=\"url\" rel=\"author\"><span itemprop=\"name\">Victoria Bergsten<\/span><\/a><\/div><time datetime=\"2024-05-29T12:01:26+01:00\" class=\"gb-block-post-grid-date\" itemprop=\"datePublished\">2024-05-29<\/time><\/div><\/header><div class=\"gb-block-post-grid-excerpt\"><p>\u00c5r 2023 kvitterade fastighetsbolaget K2A ut n\u00e4stan 600 000 kronor i bidrag fr\u00e5n Sundsvalls kommun.I del 3 f\u00e5r K2A och Sundsvalls kommun svara p\u00e5 vart pengarna tar v\u00e4gen. \u2013 Vi vill ha Sveriges trivsammaste och tryggaste trygghetsboende, s\u00e4ger Henrik Nordlund f\u00f6rvaltningschef K2A. De boende p\u00e5 Lugnets trygghetsboende st\u00e4ller sig fortfarande fr\u00e5gan vart bidragspengarna tar v\u00e4gen.&hellip;<\/p>\n<p><a class=\"gb-block-post-grid-more-link gb-text-link\" href=\"https:\/\/dcase.se\/dcase-2024\/politiker-vi-har-ingen-skyldighet-att-kontrollera-bidragspengar\/\" rel=\"bookmark\">Continue Reading <span class=\"screen-reader-text\">Politiker: \u201dVi\u00a0har ingen skyldighet att kontrollera bidragspengar&#8221;<\/span><\/a><\/p><\/div><\/div><\/article>\n<article id=\"post-13774\" class=\"gb-post-grid-item post-13774 post type-post status-publish format-standard has-post-thumbnail hentry category-densalsyntajakten\"><div class=\"gb-block-post-grid-image\"><a href=\"https:\/\/dcase.se\/dcase-2024\/myndigheternas-svar\/\" rel=\"bookmark\" aria-hidden=\"true\" tabindex=\"-1\"><img loading=\"lazy\" decoding=\"async\" width=\"1280\" height=\"1272\" src=\"https:\/\/dcase.se\/dcase-2024\/wp-content\/uploads\/sites\/4\/2024\/05\/www.dcase.se_bird-24605-1280.png\" class=\"attachment-full size-full\" alt=\"\" srcset=\"https:\/\/dcase.se\/dcase-2024\/wp-content\/uploads\/sites\/4\/2024\/05\/www.dcase.se_bird-24605-1280.png 1280w, https:\/\/dcase.se\/dcase-2024\/wp-content\/uploads\/sites\/4\/2024\/05\/www.dcase.se_bird-24605-1280-300x298.png 300w, https:\/\/dcase.se\/dcase-2024\/wp-content\/uploads\/sites\/4\/2024\/05\/www.dcase.se_bird-24605-1280-150x150.png 150w, https:\/\/dcase.se\/dcase-2024\/wp-content\/uploads\/sites\/4\/2024\/05\/www.dcase.se_bird-24605-1280-768x763.png 768w, https:\/\/dcase.se\/dcase-2024\/wp-content\/uploads\/sites\/4\/2024\/05\/www.dcase.se_bird-24605-1280-600x596.png 600w, https:\/\/dcase.se\/dcase-2024\/wp-content\/uploads\/sites\/4\/2024\/05\/www.dcase.se_bird-24605-1280-945x939.png 945w\" sizes=\"auto, (max-width: 1280px) 100vw, 1280px\" \/><\/a><\/div><div class=\"gb-block-post-grid-text\"><header class=\"gb-block-post-grid-header\"><h3 class=\"gb-block-post-grid-title\"><a href=\"https:\/\/dcase.se\/dcase-2024\/myndigheternas-svar\/\" rel=\"bookmark\">Myndigheternas svar &#8211; ett delat ansvar<\/a><\/h3><div class=\"gb-block-post-grid-byline\"><div class=\"gb-block-post-grid-author\" itemprop=\"author\" itemtype=\"https:\/\/schema.org\/Person\"><a class=\"gb-text-link\" href=\"https:\/\/dcase.se\/dcase-2024\/author\/viza2200\/\" itemprop=\"url\" rel=\"author\"><span itemprop=\"name\">Viktor Zacharoff<\/span><\/a><\/div><time datetime=\"2024-05-28T15:48:12+01:00\" class=\"gb-block-post-grid-date\" itemprop=\"datePublished\">2024-05-28<\/time><\/div><\/header><div class=\"gb-block-post-grid-excerpt\"><p>Del 3.<br \/>\nI tidigare avsnitt har vi tr\u00e4ffat personer som har upplevt en d\u00e5lig f\u00f6rvaltning av s\u00e4l och skarv. Nu kommer de ansvariga myndigheterna till tals och ber\u00e4ttar hur de arbetar med fr\u00e5gan och vilka roller de spelar i att f\u00f6rvalta best\u00e5nden.<\/p>\n<p><a class=\"gb-block-post-grid-more-link gb-text-link\" href=\"https:\/\/dcase.se\/dcase-2024\/myndigheternas-svar\/\" rel=\"bookmark\">Continue Reading <span class=\"screen-reader-text\">Myndigheternas svar &#8211; ett delat ansvar<\/span><\/a><\/p><\/div><\/div><\/article>\n<\/div><\/section>","protected":false},"excerpt":{"rendered":"","protected":false},"author":223,"featured_media":14561,"parent":0,"menu_order":0,"comment_status":"closed","ping_status":"closed","template":"","meta":{"_monsterinsights_skip_tracking":false,"_monsterinsights_sitenote_active":false,"_monsterinsights_sitenote_note":"","_monsterinsights_sitenote_category":0,"_themeisle_gutenberg_block_has_review":false,"footnotes":""},"class_list":["post-14569","page","type-page","status-publish","has-post-thumbnail","hentry"],"aioseo_notices":[],"featured_image_src":"https:\/\/dcase.se\/dcase-2024\/wp-content\/uploads\/sites\/4\/2025\/05\/www.dcase.se_textilkrisen-600x400.png","featured_image_src_square":"https:\/\/dcase.se\/dcase-2024\/wp-content\/uploads\/sites\/4\/2025\/05\/www.dcase.se_textilkrisen-600x600.png","_links":{"self":[{"href":"https:\/\/dcase.se\/dcase-2024\/wp-json\/wp\/v2\/pages\/14569","targetHints":{"allow":["GET"]}}],"collection":[{"href":"https:\/\/dcase.se\/dcase-2024\/wp-json\/wp\/v2\/pages"}],"about":[{"href":"https:\/\/dcase.se\/dcase-2024\/wp-json\/wp\/v2\/types\/page"}],"author":[{"embeddable":true,"href":"https:\/\/dcase.se\/dcase-2024\/wp-json\/wp\/v2\/users\/223"}],"replies":[{"embeddable":true,"href":"https:\/\/dcase.se\/dcase-2024\/wp-json\/wp\/v2\/comments?post=14569"}],"version-history":[{"count":1,"href":"https:\/\/dcase.se\/dcase-2024\/wp-json\/wp\/v2\/pages\/14569\/revisions"}],"predecessor-version":[{"id":14570,"href":"https:\/\/dcase.se\/dcase-2024\/wp-json\/wp\/v2\/pages\/14569\/revisions\/14570"}],"wp:featuredmedia":[{"embeddable":true,"href":"https:\/\/dcase.se\/dcase-2024\/wp-json\/wp\/v2\/media\/14561"}],"wp:attachment":[{"href":"https:\/\/dcase.se\/dcase-2024\/wp-json\/wp\/v2\/media?parent=14569"}],"curies":[{"name":"wp","href":"https:\/\/api.w.org\/{rel}","templated":true}]}}