{"id":6543,"date":"2022-05-25T08:21:01","date_gmt":"2022-05-25T07:21:01","guid":{"rendered":"http:\/\/dcase.se\/dcase2024\/?page_id=6543"},"modified":"2023-05-09T15:31:50","modified_gmt":"2023-05-09T14:31:50","slug":"journalistprogrammet-presenterar-2","status":"publish","type":"page","link":"https:\/\/dcase.se\/dcase-2024\/journalistprogrammet-presenterar-2\/","title":{"rendered":"DCase 2022"},"content":{"rendered":"\n<section id=\"wp-block-themeisle-blocks-advanced-columns-e4373a2b\" class=\"wp-block-themeisle-blocks-advanced-columns alignfull has-1-columns has-desktop-equal-layout has-tablet-equal-layout has-mobile-equal-layout has-vertical-flex-start has-light-bg\"><div class=\"wp-block-themeisle-blocks-advanced-columns-overlay\"><\/div><div class=\"innerblocks-wrap\">\n<div id=\"wp-block-themeisle-blocks-advanced-column-0b9db5af\" class=\"wp-block-themeisle-blocks-advanced-column\">\n<section id=\"wp-block-themeisle-blocks-advanced-columns-62d68e08\" class=\"wp-block-themeisle-blocks-advanced-columns has-0-columns has-desktop-equal-layout has-tablet-equal-layout has-mobile-collapsedRows-layout has-vertical-flex-start\"><div class=\"wp-block-themeisle-blocks-advanced-columns-overlay\"><\/div><div class=\"innerblocks-wrap\"><\/div><\/section>\n\n\n\n<section id=\"wp-block-themeisle-blocks-advanced-columns-6fc7adce\" class=\"wp-block-themeisle-blocks-advanced-columns has-3-columns has-desktop-equal-layout has-tablet-equal-layout has-mobile-collapsedRows-layout has-vertical-flex-start\"><div class=\"wp-block-themeisle-blocks-advanced-columns-overlay\"><\/div><div class=\"innerblocks-wrap\">\n<div id=\"wp-block-themeisle-blocks-advanced-column-25e97a9a\" class=\"wp-block-themeisle-blocks-advanced-column\">\n<figure class=\"wp-block-gallery has-nested-images columns-default is-cropped wp-block-gallery-1 is-layout-flex wp-block-gallery-is-layout-flex\">\n<figure class=\"wp-block-image size-large\"><img loading=\"lazy\" decoding=\"async\" width=\"1280\" height=\"721\" data-id=\"6692\" src=\"https:\/\/dcase.se\/wp-content\/uploads\/sites\/4\/2022\/05\/www.dcase.se_inte-1-3-1280x721.png\" alt=\"\" class=\"wp-image-6692\" srcset=\"https:\/\/dcase.se\/dcase-2024\/wp-content\/uploads\/sites\/4\/2022\/05\/www.dcase.se_inte-1-3-1280x721.png 1280w, https:\/\/dcase.se\/dcase-2024\/wp-content\/uploads\/sites\/4\/2022\/05\/www.dcase.se_inte-1-3-300x169.png 300w, https:\/\/dcase.se\/dcase-2024\/wp-content\/uploads\/sites\/4\/2022\/05\/www.dcase.se_inte-1-3-768x433.png 768w, https:\/\/dcase.se\/dcase-2024\/wp-content\/uploads\/sites\/4\/2022\/05\/www.dcase.se_inte-1-3-1536x865.png 1536w, https:\/\/dcase.se\/dcase-2024\/wp-content\/uploads\/sites\/4\/2022\/05\/www.dcase.se_inte-1-3-600x338.png 600w, https:\/\/dcase.se\/dcase-2024\/wp-content\/uploads\/sites\/4\/2022\/05\/www.dcase.se_inte-1-3-945x532.png 945w, https:\/\/dcase.se\/dcase-2024\/wp-content\/uploads\/sites\/4\/2022\/05\/www.dcase.se_inte-1-3.png 1640w\" sizes=\"auto, (max-width: 1280px) 100vw, 1280px\" \/><\/figure>\n<\/figure>\n\n\n\n<h3 class=\"has-text-align-left wp-block-heading\">Sanningen om kollektivtalet som matbuden p\u00e5 Foodora inte k\u00e4nner till<\/h3>\n\n\n\n<p class=\"has-text-align-left\">2021 tecknade Foodora ett kollektivavtal. Men i endast 13 av 73 verksamma omr\u00e5den i Sverige har de anst\u00e4llda m\u00f6jlighet att ta del av avtalet \u2013 #intefoodora<\/p>\n\n\n\n<div class=\"wp-block-buttons is-layout-flex wp-block-buttons-is-layout-flex\">\n<div class=\"wp-block-button is-style-primary is-style-fill\"><a class=\"wp-block-button__link\" href=\"https:\/\/dcase.se\/dcase-2024\/2021-tecknade-foodora-ett-kollektivavtal-men-i-endast-13-av-73-verksamma-omraden-i-sverige-har-de-anstallda-mojlighet-att-ta-del-av-avtalet\/\" target=\"_blank\" rel=\"noreferrer noopener\">Till granskningen<\/a><\/div>\n<\/div>\n<\/div>\n\n\n\n<div id=\"wp-block-themeisle-blocks-advanced-column-6be03cf4\" class=\"wp-block-themeisle-blocks-advanced-column\">\n<figure class=\"wp-block-image size-large\"><img loading=\"lazy\" decoding=\"async\" width=\"1280\" height=\"550\" src=\"https:\/\/dcase.se\/wp-content\/uploads\/sites\/4\/2022\/05\/www.dcase.se_karhusfiaskot-1-1280x550.jpg\" alt=\"\" class=\"wp-image-6902\" srcset=\"https:\/\/dcase.se\/dcase-2024\/wp-content\/uploads\/sites\/4\/2022\/05\/www.dcase.se_karhusfiaskot-1-1280x550.jpg 1280w, https:\/\/dcase.se\/dcase-2024\/wp-content\/uploads\/sites\/4\/2022\/05\/www.dcase.se_karhusfiaskot-1-300x129.jpg 300w, https:\/\/dcase.se\/dcase-2024\/wp-content\/uploads\/sites\/4\/2022\/05\/www.dcase.se_karhusfiaskot-1-768x330.jpg 768w, https:\/\/dcase.se\/dcase-2024\/wp-content\/uploads\/sites\/4\/2022\/05\/www.dcase.se_karhusfiaskot-1-1536x660.jpg 1536w, https:\/\/dcase.se\/dcase-2024\/wp-content\/uploads\/sites\/4\/2022\/05\/www.dcase.se_karhusfiaskot-1-2048x880.jpg 2048w, https:\/\/dcase.se\/dcase-2024\/wp-content\/uploads\/sites\/4\/2022\/05\/www.dcase.se_karhusfiaskot-1-600x258.jpg 600w, https:\/\/dcase.se\/dcase-2024\/wp-content\/uploads\/sites\/4\/2022\/05\/www.dcase.se_karhusfiaskot-1-945x406.jpg 945w\" sizes=\"auto, (max-width: 1280px) 100vw, 1280px\" \/><\/figure>\n\n\n\n<h3 class=\"has-text-align-left wp-block-heading\">Hela ber\u00e4ttelsen om kampen, besvikelsen och konkursen i Gr\u00f6nborgs<\/h3>\n\n\n\n<p>En tid blomstrade k\u00e5rhuset med tre barer och upp emot 30 h\u00e5rt arbetande studenter per kv\u00e4ll. Sedan f\u00f6r\u00e4ndrades allt n\u00e4r det kommunala bolaget SKIFU kom in i bilden och k\u00e5rhuset flyttade till Gr\u00f6nborgs \u2013 #k\u00e5rhusfiaskot<\/p>\n\n\n\n<div class=\"wp-block-buttons is-layout-flex wp-block-buttons-is-layout-flex\">\n<div class=\"wp-block-button is-style-primary\"><a class=\"wp-block-button__link\" href=\"https:\/\/dcase.se\/dcase-2024\/karhusfiaskot\/\" target=\"_blank\" rel=\"noreferrer noopener\">Till granskningen<\/a><\/div>\n<\/div>\n<\/div>\n\n\n\n<div id=\"wp-block-themeisle-blocks-advanced-column-b5b3ad1c\" class=\"wp-block-themeisle-blocks-advanced-column\">\n<figure class=\"wp-block-image size-large\"><a href=\"https:\/\/dcase.se\/dcase-2024\/lakareovergransen\/\"><img loading=\"lazy\" decoding=\"async\" width=\"1280\" height=\"720\" src=\"https:\/\/dcase.se\/wp-content\/uploads\/sites\/4\/2022\/05\/www.dcase.se_lakareovergransen-1280x720.png\" alt=\"\" class=\"wp-image-6928\" srcset=\"https:\/\/dcase.se\/dcase-2024\/wp-content\/uploads\/sites\/4\/2022\/05\/www.dcase.se_lakareovergransen-1280x720.png 1280w, https:\/\/dcase.se\/dcase-2024\/wp-content\/uploads\/sites\/4\/2022\/05\/www.dcase.se_lakareovergransen-300x169.png 300w, https:\/\/dcase.se\/dcase-2024\/wp-content\/uploads\/sites\/4\/2022\/05\/www.dcase.se_lakareovergransen-768x432.png 768w, https:\/\/dcase.se\/dcase-2024\/wp-content\/uploads\/sites\/4\/2022\/05\/www.dcase.se_lakareovergransen-600x337.png 600w, https:\/\/dcase.se\/dcase-2024\/wp-content\/uploads\/sites\/4\/2022\/05\/www.dcase.se_lakareovergransen-945x531.png 945w, https:\/\/dcase.se\/dcase-2024\/wp-content\/uploads\/sites\/4\/2022\/05\/www.dcase.se_lakareovergransen.png 1366w\" sizes=\"auto, (max-width: 1280px) 100vw, 1280px\" \/><\/a><\/figure>\n\n\n\n<h3 class=\"has-text-align-left wp-block-heading\">Patienter skadas n\u00e4r det internationella varningssystemet inte stoppar prickade l\u00e4kare <\/h3>\n\n\n\n<p class=\"has-text-align-left\">En l\u00e4kare som mist sin legitimation i ett annat land f\u00e5r jobba i Sverige. M\u00e4nniskor far illa och v\u00e5rdkostnaderna blir h\u00f6ga. Dcase granskar det bristande varningssystemet \u2013 <a href=\"https:\/\/dcase.se\/dcase-2024\/lakareovergransen\/\">#l\u00e4kare\u00f6vergr\u00e4nsen<\/a><\/p>\n\n\n\n<div class=\"wp-block-buttons is-layout-flex wp-block-buttons-is-layout-flex\">\n<div class=\"wp-block-button is-style-primary\"><a class=\"wp-block-button__link\" href=\"https:\/\/dcase.se\/dcase-2024\/lakareovergransen\/\">Till granskningen<\/a><\/div>\n<\/div>\n<\/div>\n<\/div><\/section>\n<\/div>\n<\/div><\/section>\n\n\n\n<section id=\"wp-block-themeisle-blocks-advanced-columns-ede4a22e\" class=\"wp-block-themeisle-blocks-advanced-columns alignfull has-1-columns has-desktop-equal-layout has-tablet-equal-layout has-mobile-equal-layout has-vertical-flex-start has-light-bg\"><div class=\"wp-block-themeisle-blocks-advanced-columns-overlay\"><\/div><div class=\"innerblocks-wrap\">\n<div id=\"wp-block-themeisle-blocks-advanced-column-354974fb\" class=\"wp-block-themeisle-blocks-advanced-column\">\n<section id=\"wp-block-themeisle-blocks-advanced-columns-89fd8e9c\" class=\"wp-block-themeisle-blocks-advanced-columns has-1-columns has-desktop-equal-layout has-tablet-equal-layout has-mobile-collapsedRows-layout has-vertical-flex-start\"><div class=\"wp-block-themeisle-blocks-advanced-columns-overlay\"><\/div><div class=\"innerblocks-wrap\">\n<div id=\"wp-block-themeisle-blocks-advanced-column-56ae3dad\" class=\"wp-block-themeisle-blocks-advanced-column\"><\/div>\n<\/div><\/section>\n\n\n\n<section id=\"wp-block-themeisle-blocks-advanced-columns-858ec6ed\" class=\"wp-block-themeisle-blocks-advanced-columns has-3-columns has-desktop-equal-layout has-tablet-equal-layout has-mobile-collapsedRows-layout has-vertical-flex-start\"><div class=\"wp-block-themeisle-blocks-advanced-columns-overlay\"><\/div><div class=\"innerblocks-wrap\">\n<div id=\"wp-block-themeisle-blocks-advanced-column-8609e64c\" class=\"wp-block-themeisle-blocks-advanced-column\">\n<figure class=\"wp-block-gallery has-nested-images columns-default is-cropped wp-block-gallery-2 is-layout-flex wp-block-gallery-is-layout-flex\">\n<figure class=\"wp-block-image size-large\"><img loading=\"lazy\" decoding=\"async\" width=\"1280\" height=\"720\" data-id=\"6976\" src=\"https:\/\/dcase.se\/wp-content\/uploads\/sites\/4\/2022\/05\/www.dcase.se_taxi-ja-1-1-1280x720.jpg\" alt=\"\" class=\"wp-image-6976\" srcset=\"https:\/\/dcase.se\/dcase-2024\/wp-content\/uploads\/sites\/4\/2022\/05\/www.dcase.se_taxi-ja-1-1-1280x720.jpg 1280w, https:\/\/dcase.se\/dcase-2024\/wp-content\/uploads\/sites\/4\/2022\/05\/www.dcase.se_taxi-ja-1-1-300x169.jpg 300w, https:\/\/dcase.se\/dcase-2024\/wp-content\/uploads\/sites\/4\/2022\/05\/www.dcase.se_taxi-ja-1-1-768x432.jpg 768w, https:\/\/dcase.se\/dcase-2024\/wp-content\/uploads\/sites\/4\/2022\/05\/www.dcase.se_taxi-ja-1-1-1536x864.jpg 1536w, https:\/\/dcase.se\/dcase-2024\/wp-content\/uploads\/sites\/4\/2022\/05\/www.dcase.se_taxi-ja-1-1-2048x1152.jpg 2048w, https:\/\/dcase.se\/dcase-2024\/wp-content\/uploads\/sites\/4\/2022\/05\/www.dcase.se_taxi-ja-1-1-600x337.jpg 600w, https:\/\/dcase.se\/dcase-2024\/wp-content\/uploads\/sites\/4\/2022\/05\/www.dcase.se_taxi-ja-1-1-945x531.jpg 945w\" sizes=\"auto, (max-width: 1280px) 100vw, 1280px\" \/><\/figure>\n<\/figure>\n\n\n\n<h3 class=\"has-text-align-left wp-block-heading\">Dcase granskar de d\u00e5liga arbetsvillkoren i taxibranschen <\/h3>\n\n\n\n<p>I en rapport sl\u00e5r facket fast att f\u00f6rarna lider av d\u00e5liga arbetsvillkor och kritiserar procentl\u00f6nen som enligt dem \u00f6kar stressen. Men meningarna g\u00e5r is\u00e4r \u2013 #taxif\u00f6rarna<br><\/p>\n\n\n\n<div class=\"wp-block-buttons is-layout-flex wp-block-buttons-is-layout-flex\">\n<div class=\"wp-block-button is-style-primary is-style-fill\"><a class=\"wp-block-button__link\" href=\"https:\/\/dcase.se\/dcase-2024\/taxiforarna\/\">Till granskningen<\/a><\/div>\n<\/div>\n<\/div>\n\n\n\n<div id=\"wp-block-themeisle-blocks-advanced-column-d0a01600\" class=\"wp-block-themeisle-blocks-advanced-column\">\n<figure class=\"wp-block-image size-large\"><a href=\"https:\/\/dcase.se\/dcase-2024\/dubblastolar-2\/\"><img loading=\"lazy\" decoding=\"async\" width=\"1280\" height=\"640\" src=\"https:\/\/dcase.se\/wp-content\/uploads\/sites\/4\/2022\/05\/www.dcase.se_dubblastolar-3-1280x640.png\" alt=\"\" class=\"wp-image-6791\" srcset=\"https:\/\/dcase.se\/dcase-2024\/wp-content\/uploads\/sites\/4\/2022\/05\/www.dcase.se_dubblastolar-3-1280x640.png 1280w, https:\/\/dcase.se\/dcase-2024\/wp-content\/uploads\/sites\/4\/2022\/05\/www.dcase.se_dubblastolar-3-300x150.png 300w, https:\/\/dcase.se\/dcase-2024\/wp-content\/uploads\/sites\/4\/2022\/05\/www.dcase.se_dubblastolar-3-768x384.png 768w, https:\/\/dcase.se\/dcase-2024\/wp-content\/uploads\/sites\/4\/2022\/05\/www.dcase.se_dubblastolar-3-1536x768.png 1536w, https:\/\/dcase.se\/dcase-2024\/wp-content\/uploads\/sites\/4\/2022\/05\/www.dcase.se_dubblastolar-3-2048x1024.png 2048w, https:\/\/dcase.se\/dcase-2024\/wp-content\/uploads\/sites\/4\/2022\/05\/www.dcase.se_dubblastolar-3-600x300.png 600w, https:\/\/dcase.se\/dcase-2024\/wp-content\/uploads\/sites\/4\/2022\/05\/www.dcase.se_dubblastolar-3-945x473.png 945w\" sizes=\"auto, (max-width: 1280px) 100vw, 1280px\" \/><\/a><\/figure>\n\n\n\n<h3 class=\"has-text-align-left wp-block-heading\">BK H\u00e4cken och sanningen \u2013 det som aldrig blev sagt om miljonrullningen till Gothia Park Academy<\/h3>\n\n\n\n<p>Dcase avsl\u00f6jar sanningen om fastighetsaff\u00e4ren och j\u00e4vssituationen i en av Sveriges st\u00f6rsta fotbollsklubbar \u2013 <a href=\"https:\/\/dcase.se\/dcase-2024\/dubblastolar-2\/\" target=\"_blank\" rel=\"noopener\" title=\"\">#dubblastolar<\/a><\/p>\n\n\n\n<div class=\"wp-block-buttons is-layout-flex wp-block-buttons-is-layout-flex\">\n<div class=\"wp-block-button is-style-primary\"><a class=\"wp-block-button__link\" href=\"https:\/\/dcase.se\/dcase-2024\/dubblastolar-2\/\" target=\"_blank\" rel=\"noreferrer noopener\">Till granskningen<\/a><\/div>\n<\/div>\n<\/div>\n\n\n\n<div id=\"wp-block-themeisle-blocks-advanced-column-f2ef3061\" class=\"wp-block-themeisle-blocks-advanced-column\">\n<figure class=\"wp-block-image size-large\"><img loading=\"lazy\" decoding=\"async\" width=\"1280\" height=\"640\" src=\"https:\/\/dcase.se\/wp-content\/uploads\/sites\/4\/2022\/05\/www.dcase.se_5-1280x640.png\" alt=\"\" class=\"wp-image-7350\" srcset=\"https:\/\/dcase.se\/dcase-2024\/wp-content\/uploads\/sites\/4\/2022\/05\/www.dcase.se_5-1280x640.png 1280w, https:\/\/dcase.se\/dcase-2024\/wp-content\/uploads\/sites\/4\/2022\/05\/www.dcase.se_5-300x150.png 300w, https:\/\/dcase.se\/dcase-2024\/wp-content\/uploads\/sites\/4\/2022\/05\/www.dcase.se_5-768x384.png 768w, https:\/\/dcase.se\/dcase-2024\/wp-content\/uploads\/sites\/4\/2022\/05\/www.dcase.se_5-1536x768.png 1536w, https:\/\/dcase.se\/dcase-2024\/wp-content\/uploads\/sites\/4\/2022\/05\/www.dcase.se_5-2048x1024.png 2048w, https:\/\/dcase.se\/dcase-2024\/wp-content\/uploads\/sites\/4\/2022\/05\/www.dcase.se_5-600x300.png 600w, https:\/\/dcase.se\/dcase-2024\/wp-content\/uploads\/sites\/4\/2022\/05\/www.dcase.se_5-945x473.png 945w\" sizes=\"auto, (max-width: 1280px) 100vw, 1280px\" \/><\/figure>\n\n\n\n<h3 class=\"has-text-align-left wp-block-heading\">Ukrainare flyr sitt hemland och m\u00e5nga av dem kommer f\u00f6r att s\u00f6ka trygghet i Sverige, men hur har det funkat?<\/h3>\n\n\n\n<p class=\"has-text-align-left\">Migrationsverket har ansvar f\u00f6r att alla flyktingar ska f\u00e5 mat och boende. Men de tycks inte klara av att fullf\u00f6lja sitt uppdrag \u2013#Migrationsv\u00e4rken<\/p>\n\n\n\n<div class=\"wp-block-buttons is-layout-flex wp-block-buttons-is-layout-flex\">\n<div class=\"wp-block-button is-style-primary\"><a class=\"wp-block-button__link\" href=\"https:\/\/dcase.se\/dcase-2024\/migrationsvarken\/\" target=\"_blank\" rel=\"noreferrer noopener\">Till granskningen<\/a><\/div>\n<\/div>\n<\/div>\n<\/div><\/section>\n<\/div>\n<\/div><\/section>\n\n\n\n<section id=\"wp-block-themeisle-blocks-advanced-columns-47743e47\" class=\"wp-block-themeisle-blocks-advanced-columns alignfull has-1-columns has-desktop-equal-layout has-tablet-equal-layout has-mobile-equal-layout has-vertical-flex-start has-light-bg\"><div class=\"wp-block-themeisle-blocks-advanced-columns-overlay\"><\/div><div class=\"innerblocks-wrap\">\n<div id=\"wp-block-themeisle-blocks-advanced-column-3de87f62\" class=\"wp-block-themeisle-blocks-advanced-column\">\n<section id=\"wp-block-themeisle-blocks-advanced-columns-42076be2\" class=\"wp-block-themeisle-blocks-advanced-columns has-1-columns has-desktop-equal-layout has-tablet-equal-layout has-mobile-collapsedRows-layout has-vertical-flex-start\"><div class=\"wp-block-themeisle-blocks-advanced-columns-overlay\"><\/div><div class=\"innerblocks-wrap\">\n<div id=\"wp-block-themeisle-blocks-advanced-column-37c688cb\" class=\"wp-block-themeisle-blocks-advanced-column\"><\/div>\n<\/div><\/section>\n\n\n\n<section id=\"wp-block-themeisle-blocks-advanced-columns-dfbe1067\" class=\"wp-block-themeisle-blocks-advanced-columns has-3-columns has-desktop-equal-layout has-tablet-equal-layout has-mobile-collapsedRows-layout has-vertical-flex-start\"><div class=\"wp-block-themeisle-blocks-advanced-columns-overlay\"><\/div><div class=\"innerblocks-wrap\">\n<div id=\"wp-block-themeisle-blocks-advanced-column-9395e1ec\" class=\"wp-block-themeisle-blocks-advanced-column\">\n<figure class=\"wp-block-image size-large\"><img loading=\"lazy\" decoding=\"async\" width=\"1280\" height=\"531\" src=\"https:\/\/dcase.se\/wp-content\/uploads\/sites\/4\/2022\/05\/www.dcase.se_domstolstrotset-1280x531.jpg\" alt=\"\" class=\"wp-image-7255\" srcset=\"https:\/\/dcase.se\/dcase-2024\/wp-content\/uploads\/sites\/4\/2022\/05\/www.dcase.se_domstolstrotset-1280x531.jpg 1280w, https:\/\/dcase.se\/dcase-2024\/wp-content\/uploads\/sites\/4\/2022\/05\/www.dcase.se_domstolstrotset-300x125.jpg 300w, https:\/\/dcase.se\/dcase-2024\/wp-content\/uploads\/sites\/4\/2022\/05\/www.dcase.se_domstolstrotset-768x319.jpg 768w, https:\/\/dcase.se\/dcase-2024\/wp-content\/uploads\/sites\/4\/2022\/05\/www.dcase.se_domstolstrotset-1536x638.jpg 1536w, https:\/\/dcase.se\/dcase-2024\/wp-content\/uploads\/sites\/4\/2022\/05\/www.dcase.se_domstolstrotset-2048x850.jpg 2048w, https:\/\/dcase.se\/dcase-2024\/wp-content\/uploads\/sites\/4\/2022\/05\/www.dcase.se_domstolstrotset-600x249.jpg 600w, https:\/\/dcase.se\/dcase-2024\/wp-content\/uploads\/sites\/4\/2022\/05\/www.dcase.se_domstolstrotset-945x392.jpg 945w\" sizes=\"auto, (max-width: 1280px) 100vw, 1280px\" \/><\/figure>\n\n\n\n<h3 class=\"has-text-align-left wp-block-heading\">S\u00e5 trotsar Falu kommun domstolen \u2013 och s\u00e5 sl\u00e5r det mot den 80-\u00e5riga kvinnan som bara kr\u00e4ver sin r\u00e4tt <\/h3>\n\n\n\n<p>I ett halv\u00e5r har Falu kommun motarbetat en 80-\u00e5rig kvinna som vill ha tillg\u00e5ng till sina egna journaler och handlingar som ang\u00e5r henne. L\u00e4s om kommunens #domstolstrotset<\/p>\n\n\n\n<div class=\"wp-block-buttons is-layout-flex wp-block-buttons-is-layout-flex\">\n<div class=\"wp-block-button is-style-primary\"><a class=\"wp-block-button__link\" href=\"https:\/\/dcase.se\/dcase-2024\/en-granskning-om-falun-kommuns-hantering-gallande-utlamning-kring-offentliga-handlingar\/\" target=\"_blank\" rel=\"noreferrer noopener\">Till granskningen<\/a><\/div>\n<\/div>\n<\/div>\n\n\n\n<div id=\"wp-block-themeisle-blocks-advanced-column-1e6df958\" class=\"wp-block-themeisle-blocks-advanced-column\">\n<figure class=\"wp-block-gallery has-nested-images columns-default is-cropped wp-block-gallery-3 is-layout-flex wp-block-gallery-is-layout-flex\">\n<figure class=\"wp-block-image size-large\"><img loading=\"lazy\" decoding=\"async\" width=\"1280\" height=\"853\" data-id=\"7394\" src=\"https:\/\/dcase.se\/wp-content\/uploads\/sites\/4\/2022\/05\/www.dcase.se_bb170409ln019-1280x853.jpg\" alt=\"\" class=\"wp-image-7394\" srcset=\"https:\/\/dcase.se\/dcase-2024\/wp-content\/uploads\/sites\/4\/2022\/05\/www.dcase.se_bb170409ln019-1280x853.jpg 1280w, https:\/\/dcase.se\/dcase-2024\/wp-content\/uploads\/sites\/4\/2022\/05\/www.dcase.se_bb170409ln019-300x200.jpg 300w, https:\/\/dcase.se\/dcase-2024\/wp-content\/uploads\/sites\/4\/2022\/05\/www.dcase.se_bb170409ln019-768x512.jpg 768w, https:\/\/dcase.se\/dcase-2024\/wp-content\/uploads\/sites\/4\/2022\/05\/www.dcase.se_bb170409ln019-1536x1024.jpg 1536w, https:\/\/dcase.se\/dcase-2024\/wp-content\/uploads\/sites\/4\/2022\/05\/www.dcase.se_bb170409ln019-2048x1365.jpg 2048w, https:\/\/dcase.se\/dcase-2024\/wp-content\/uploads\/sites\/4\/2022\/05\/www.dcase.se_bb170409ln019-600x400.jpg 600w, https:\/\/dcase.se\/dcase-2024\/wp-content\/uploads\/sites\/4\/2022\/05\/www.dcase.se_bb170409ln019-945x630.jpg 945w\" sizes=\"auto, (max-width: 1280px) 100vw, 1280px\" \/><\/figure>\n<\/figure>\n\n\n\n<h3 class=\"has-text-align-left wp-block-heading\">Dcase granskar det synliga skuggsamh\u00e4llet d\u00e4r pappersl\u00f6sa jobbar 70 timmar i veckan f\u00f6r v\u00e4ldigt l\u00e5g l\u00f6n<\/h3>\n\n\n\n<p>&#8221;Landsm\u00e4n utnyttjar landsm\u00e4n&#8221; och de som utnyttjas \u00e4r r\u00e4dda f\u00f6r repressalier om de inte finner sig i villkoren. Vem tar ansvar f\u00f6r #skuggsamh\u00e4llet2022?<\/p>\n\n\n\n<div class=\"wp-block-buttons is-layout-flex wp-block-buttons-is-layout-flex\">\n<div class=\"wp-block-button is-style-primary is-style-fill\"><a class=\"wp-block-button__link\" href=\"https:\/\/dcase.se\/dcase-2024\/skuggsamhallet2022-2\/\" target=\"_blank\" rel=\"noreferrer noopener\">Till granskningen<\/a><\/div>\n<\/div>\n<\/div>\n\n\n\n<div id=\"wp-block-themeisle-blocks-advanced-column-5bdf33f0\" class=\"wp-block-themeisle-blocks-advanced-column\">\n<figure class=\"wp-block-image size-large\"><img loading=\"lazy\" decoding=\"async\" width=\"849\" height=\"1280\" src=\"https:\/\/dcase.se\/wp-content\/uploads\/sites\/4\/2022\/05\/www.dcase.se_sunksvallplanch-849x1280.jpg\" alt=\"\" class=\"wp-image-7218\" srcset=\"https:\/\/dcase.se\/dcase-2024\/wp-content\/uploads\/sites\/4\/2022\/05\/www.dcase.se_sunksvallplanch-849x1280.jpg 849w, https:\/\/dcase.se\/dcase-2024\/wp-content\/uploads\/sites\/4\/2022\/05\/www.dcase.se_sunksvallplanch-199x300.jpg 199w, https:\/\/dcase.se\/dcase-2024\/wp-content\/uploads\/sites\/4\/2022\/05\/www.dcase.se_sunksvallplanch-768x1158.jpg 768w, https:\/\/dcase.se\/dcase-2024\/wp-content\/uploads\/sites\/4\/2022\/05\/www.dcase.se_sunksvallplanch-1018x1536.jpg 1018w, https:\/\/dcase.se\/dcase-2024\/wp-content\/uploads\/sites\/4\/2022\/05\/www.dcase.se_sunksvallplanch-1358x2048.jpg 1358w, https:\/\/dcase.se\/dcase-2024\/wp-content\/uploads\/sites\/4\/2022\/05\/www.dcase.se_sunksvallplanch-600x905.jpg 600w, https:\/\/dcase.se\/dcase-2024\/wp-content\/uploads\/sites\/4\/2022\/05\/www.dcase.se_sunksvallplanch-945x1425.jpg 945w, https:\/\/dcase.se\/dcase-2024\/wp-content\/uploads\/sites\/4\/2022\/05\/www.dcase.se_sunksvallplanch-scaled.jpg 1697w\" sizes=\"auto, (max-width: 849px) 100vw, 849px\" \/><\/figure>\n\n\n\n<h3 class=\"has-text-align-left wp-block-heading\">Det som g\u00f6ms i sn\u00f6 kommer upp i t\u00f6 \u2013 och det visar sig vara s\u00e5 mycket skr\u00e4p att balansen blivit rubbad i \u00e5tervinningssystemet<\/h3>\n\n\n\n<p class=\"has-text-align-left\">Missn\u00f6jet med nedskr\u00e4pningen \u00e4r stort bland m\u00e5nga Sundsvallsbor. En stor m\u00e4ngd av skr\u00e4pet sprids fr\u00e5n \u00e5tervinningsstationerna. I #Sunksvall har \u00e5tervinningssystemet blivit ett riktigt skr\u00e4psystem.<\/p>\n\n\n\n<div class=\"wp-block-buttons is-layout-flex wp-block-buttons-is-layout-flex\">\n<div class=\"wp-block-button is-style-primary\"><a class=\"wp-block-button__link\" href=\"https:\/\/dcase.se\/dcase-2024\/sunksvall\/\" target=\"_blank\" rel=\"noreferrer noopener\">Till granskningen<\/a><\/div>\n<\/div>\n<\/div>\n<\/div><\/section>\n<\/div>\n<\/div><\/section>\n\n\n\n<div id=\"wp-block-themeisle-blocks-advanced-columns-da048c66\" class=\"wp-block-themeisle-blocks-advanced-columns has-2-columns has-desktop-equal-layout has-tablet-equal-layout has-mobile-equal-layout has-vertical-unset\"><div class=\"wp-block-themeisle-blocks-advanced-columns-overlay\"><\/div><div class=\"innerblocks-wrap\">\n<div id=\"wp-block-themeisle-blocks-advanced-column-0ce62349\" class=\"wp-block-themeisle-blocks-advanced-column\"><\/div>\n\n\n\n<div id=\"wp-block-themeisle-blocks-advanced-column-6eadf215\" class=\"wp-block-themeisle-blocks-advanced-column\"><\/div>\n<\/div><\/div>\n\n\n\n<p><\/p>\n\n\n\n<p><\/p>\n","protected":false},"excerpt":{"rendered":"","protected":false},"author":109,"featured_media":0,"parent":0,"menu_order":0,"comment_status":"closed","ping_status":"closed","template":"","meta":{"_monsterinsights_skip_tracking":false,"_monsterinsights_sitenote_active":false,"_monsterinsights_sitenote_note":"","_monsterinsights_sitenote_category":0,"_themeisle_gutenberg_block_has_review":false,"footnotes":""},"class_list":["post-6543","page","type-page","status-publish","hentry"],"aioseo_notices":[],"featured_image_src":null,"featured_image_src_square":null,"_links":{"self":[{"href":"https:\/\/dcase.se\/dcase-2024\/wp-json\/wp\/v2\/pages\/6543","targetHints":{"allow":["GET"]}}],"collection":[{"href":"https:\/\/dcase.se\/dcase-2024\/wp-json\/wp\/v2\/pages"}],"about":[{"href":"https:\/\/dcase.se\/dcase-2024\/wp-json\/wp\/v2\/types\/page"}],"author":[{"embeddable":true,"href":"https:\/\/dcase.se\/dcase-2024\/wp-json\/wp\/v2\/users\/109"}],"replies":[{"embeddable":true,"href":"https:\/\/dcase.se\/dcase-2024\/wp-json\/wp\/v2\/comments?post=6543"}],"version-history":[{"count":58,"href":"https:\/\/dcase.se\/dcase-2024\/wp-json\/wp\/v2\/pages\/6543\/revisions"}],"predecessor-version":[{"id":8589,"href":"https:\/\/dcase.se\/dcase-2024\/wp-json\/wp\/v2\/pages\/6543\/revisions\/8589"}],"wp:attachment":[{"href":"https:\/\/dcase.se\/dcase-2024\/wp-json\/wp\/v2\/media?parent=6543"}],"curies":[{"name":"wp","href":"https:\/\/api.w.org\/{rel}","templated":true}]}}