{"id":7108,"date":"2022-05-27T14:33:44","date_gmt":"2022-05-27T13:33:44","guid":{"rendered":"http:\/\/dcase.se\/dcase2024\/?page_id=7108"},"modified":"2025-04-16T14:30:19","modified_gmt":"2025-04-16T13:30:19","slug":"lakareovergransen","status":"publish","type":"page","link":"https:\/\/dcase.se\/dcase-2024\/lakareovergransen\/","title":{"rendered":"En l\u00e4kare som mist sin legitimation i ett annat land f\u00e5r jobba i Sverige. M\u00e4nniskor far illa och v\u00e5rdkostnaderna blir h\u00f6ga. Dcase granskar det bristande varningssystemet \u2013 #l\u00e4kare\u00f6vergr\u00e4nsen"},"content":{"rendered":"\n<section id=\"wp-block-themeisle-blocks-advanced-columns-debe9c02\" class=\"wp-block-themeisle-blocks-advanced-columns alignfull has-2-columns has-desktop-equal-layout has-tablet-equal-layout has-mobile-collapsedRows-layout has-vertical-center\"><div class=\"wp-block-themeisle-blocks-advanced-columns-overlay\"><\/div><div class=\"innerblocks-wrap\">\n<div id=\"wp-block-themeisle-blocks-advanced-column-1cf06e66\" class=\"wp-block-themeisle-blocks-advanced-column\">\n<div id=\"wp-block-themeisle-blocks-advanced-heading-02bd25d9\" class=\"wp-block-themeisle-blocks-advanced-heading wp-block-themeisle-blocks-advanced-heading-02bd25d9\"><strong>Del 1:<\/strong><\/div>\n\n\n\n<h1 id=\"wp-block-themeisle-blocks-advanced-heading-b7196eeb\" class=\"wp-block-themeisle-blocks-advanced-heading wp-block-themeisle-blocks-advanced-heading-b7196eeb\">Det &#8221;s\u00e4kra&#8221; systemet<\/h1>\n\n\n\n<div style=\"height:20px\" aria-hidden=\"true\" class=\"wp-block-spacer\"><\/div>\n\n\n\n<p class=\"has-text-align-left\">En granskning av ett bristande varningssystem som ska skydda patienter. L\u00e4kare som felbehandlar, livsl\u00e5nga lidanden och stora v\u00e5rdkostnader. H\u00e4r \u00e4r f\u00f6rsta delen av granskningen #l\u00e4kare\u00f6vergr\u00e4nsen<\/p>\n\n\n\n<div class=\"wp-block-buttons is-layout-flex wp-block-buttons-is-layout-flex\">\n<div class=\"wp-block-button is-style-primary\"><a class=\"wp-block-button__link\" href=\"https:\/\/dcase.se\/dcase-2024\/lakareovergransen\/\">L\u00e4s artikeln h\u00e4r<\/a><\/div>\n<\/div>\n<\/div>\n\n\n\n<div id=\"wp-block-themeisle-blocks-advanced-column-11e58f7d\" class=\"wp-block-themeisle-blocks-advanced-column\">\n<figure class=\"wp-block-image size-large\"><img loading=\"lazy\" decoding=\"async\" width=\"1280\" height=\"960\" src=\"https:\/\/dcase.se\/wp-content\/uploads\/sites\/4\/2022\/05\/www.dcase.se_20220523-103837-1-1280x960.jpg\" alt=\"\" class=\"wp-image-7120\" srcset=\"https:\/\/dcase.se\/dcase-2024\/wp-content\/uploads\/sites\/4\/2022\/05\/www.dcase.se_20220523-103837-1-1280x960.jpg 1280w, https:\/\/dcase.se\/dcase-2024\/wp-content\/uploads\/sites\/4\/2022\/05\/www.dcase.se_20220523-103837-1-300x225.jpg 300w, https:\/\/dcase.se\/dcase-2024\/wp-content\/uploads\/sites\/4\/2022\/05\/www.dcase.se_20220523-103837-1-768x576.jpg 768w, https:\/\/dcase.se\/dcase-2024\/wp-content\/uploads\/sites\/4\/2022\/05\/www.dcase.se_20220523-103837-1-1536x1152.jpg 1536w, https:\/\/dcase.se\/dcase-2024\/wp-content\/uploads\/sites\/4\/2022\/05\/www.dcase.se_20220523-103837-1-2048x1536.jpg 2048w, https:\/\/dcase.se\/dcase-2024\/wp-content\/uploads\/sites\/4\/2022\/05\/www.dcase.se_20220523-103837-1-600x450.jpg 600w, https:\/\/dcase.se\/dcase-2024\/wp-content\/uploads\/sites\/4\/2022\/05\/www.dcase.se_20220523-103837-1-945x709.jpg 945w\" sizes=\"auto, (max-width: 1280px) 100vw, 1280px\" \/><\/figure>\n<\/div>\n<\/div><\/section>\n\n\n\n<section id=\"wp-block-themeisle-blocks-advanced-columns-91b173ee\" class=\"wp-block-themeisle-blocks-advanced-columns alignfull has-2-columns has-desktop-equal-layout has-tablet-equal-layout has-mobile-collapsedRows-layout has-vertical-center\"><div class=\"wp-block-themeisle-blocks-advanced-columns-overlay\"><\/div><div class=\"innerblocks-wrap\">\n<div id=\"wp-block-themeisle-blocks-advanced-column-bbab8247\" class=\"wp-block-themeisle-blocks-advanced-column\">\n<div id=\"wp-block-themeisle-blocks-advanced-heading-6b641961\" class=\"wp-block-themeisle-blocks-advanced-heading wp-block-themeisle-blocks-advanced-heading-6b641961\"><strong>Del 2<\/strong><\/div>\n\n\n\n<h1 id=\"wp-block-themeisle-blocks-advanced-heading-800c0019\" class=\"wp-block-themeisle-blocks-advanced-heading wp-block-themeisle-blocks-advanced-heading-800c0019\"><a href=\"https:\/\/dcase.se\/dcase-2024\/lakareovergransen-kryphalen-domd-for-barnvaldtakt-i-sverige-fick-legitimation-i-norge\/\">L\u00e4karkollegorna larmade men IVO hittade inte kryph\u00e5len<\/a><\/h1>\n\n\n\n<div style=\"height:20px\" aria-hidden=\"true\" class=\"wp-block-spacer\"><\/div>\n\n\n\n<p class=\"has-text-align-left\">En svensk l\u00e4kare d\u00f6mdes f\u00f6r sexuella \u00f6vergrepp mot barn och blev av med sin svenska l\u00e4karlegitimation. Innan r\u00e4tteg\u00e5ngen var avslutad ans\u00f6kte han och fick norsk l\u00e4karlegitimation. I del tv\u00e5 ber\u00e4ttar vi om tv\u00e5 l\u00e4kare som p\u00e5 olika vis missk\u00f6tt sig och \u00e4nd\u00e5 f\u00e5tt r\u00e4tten att behandla patienter. #l\u00e4kare\u00f6vergr\u00e4nsen<\/p>\n\n\n\n<div class=\"wp-block-buttons is-layout-flex wp-block-buttons-is-layout-flex\">\n<div class=\"wp-block-button is-style-primary\"><a class=\"wp-block-button__link\" href=\"https:\/\/dcase.se\/dcase-2024\/lakareovergransen-2\/\">L\u00e4s artikeln h\u00e4r<\/a><\/div>\n<\/div>\n<\/div>\n\n\n\n<div id=\"wp-block-themeisle-blocks-advanced-column-b25e9483\" class=\"wp-block-themeisle-blocks-advanced-column\">\n<figure class=\"wp-block-image size-large\"><img loading=\"lazy\" decoding=\"async\" width=\"1280\" height=\"960\" src=\"https:\/\/dcase.se\/wp-content\/uploads\/sites\/4\/2022\/05\/www.dcase.se_img-1086-1-1280x960.jpg\" alt=\"\" class=\"wp-image-8329\" srcset=\"https:\/\/dcase.se\/dcase-2024\/wp-content\/uploads\/sites\/4\/2022\/05\/www.dcase.se_img-1086-1-1280x960.jpg 1280w, https:\/\/dcase.se\/dcase-2024\/wp-content\/uploads\/sites\/4\/2022\/05\/www.dcase.se_img-1086-1-300x225.jpg 300w, https:\/\/dcase.se\/dcase-2024\/wp-content\/uploads\/sites\/4\/2022\/05\/www.dcase.se_img-1086-1-768x576.jpg 768w, https:\/\/dcase.se\/dcase-2024\/wp-content\/uploads\/sites\/4\/2022\/05\/www.dcase.se_img-1086-1-1536x1152.jpg 1536w, https:\/\/dcase.se\/dcase-2024\/wp-content\/uploads\/sites\/4\/2022\/05\/www.dcase.se_img-1086-1-2048x1536.jpg 2048w, https:\/\/dcase.se\/dcase-2024\/wp-content\/uploads\/sites\/4\/2022\/05\/www.dcase.se_img-1086-1-600x450.jpg 600w, https:\/\/dcase.se\/dcase-2024\/wp-content\/uploads\/sites\/4\/2022\/05\/www.dcase.se_img-1086-1-945x709.jpg 945w\" sizes=\"auto, (max-width: 1280px) 100vw, 1280px\" \/><\/figure>\n<\/div>\n<\/div><\/section>\n\n\n\n<section id=\"wp-block-themeisle-blocks-advanced-columns-12a3bb26\" class=\"wp-block-themeisle-blocks-advanced-columns alignfull has-2-columns has-desktop-equal-layout has-tablet-equal-layout has-mobile-collapsedRows-layout has-vertical-center\"><div class=\"wp-block-themeisle-blocks-advanced-columns-overlay\"><\/div><div class=\"innerblocks-wrap\">\n<div id=\"wp-block-themeisle-blocks-advanced-column-f027f05c\" class=\"wp-block-themeisle-blocks-advanced-column\">\n<div id=\"wp-block-themeisle-blocks-advanced-heading-02e15a2f\" class=\"wp-block-themeisle-blocks-advanced-heading wp-block-themeisle-blocks-advanced-heading-02e15a2f\"><strong>Del 3 <\/strong><\/div>\n\n\n\n<h1 id=\"wp-block-themeisle-blocks-advanced-heading-b4dcd74d\" class=\"wp-block-themeisle-blocks-advanced-heading wp-block-themeisle-blocks-advanced-heading-b4dcd74d\">Testosteronl\u00e4karen och omsk\u00e4relsen<\/h1>\n\n\n\n<div style=\"height:20px\" aria-hidden=\"true\" class=\"wp-block-spacer\"><\/div>\n\n\n\n<p class=\"has-text-align-left\">En svensk l\u00e4kare miste legitimationen i Norge. Efter tre \u00e5r av fortsatt arbete i Sverige inkom ett allvarligt klagom\u00e5l mot honom. #l\u00e4kare\u00f6vergr\u00e4nsen<\/p>\n\n\n\n<div class=\"wp-block-buttons is-layout-flex wp-block-buttons-is-layout-flex\">\n<div class=\"wp-block-button is-style-primary\"><a class=\"wp-block-button__link\" href=\"https:\/\/dcase.se\/dcase-2024\/lakareovergransen-3\/\">L\u00e4s artikeln h\u00e4r<\/a><\/div>\n<\/div>\n<\/div>\n\n\n\n<div id=\"wp-block-themeisle-blocks-advanced-column-2825154a\" class=\"wp-block-themeisle-blocks-advanced-column\">\n<figure class=\"wp-block-image size-large\"><img loading=\"lazy\" decoding=\"async\" width=\"2560\" height=\"1919\" src=\"https:\/\/dcase.se\/wp-content\/uploads\/sites\/4\/2022\/05\/www.dcase.se_www.dcase-.se-urolog-1-edited-scaled.jpg\" alt=\"\" class=\"wp-image-8383\" srcset=\"https:\/\/dcase.se\/dcase-2024\/wp-content\/uploads\/sites\/4\/2022\/05\/www.dcase.se_www.dcase-.se-urolog-1-edited-scaled.jpg 2560w, https:\/\/dcase.se\/dcase-2024\/wp-content\/uploads\/sites\/4\/2022\/05\/www.dcase.se_www.dcase-.se-urolog-1-edited-300x225.jpg 300w, https:\/\/dcase.se\/dcase-2024\/wp-content\/uploads\/sites\/4\/2022\/05\/www.dcase.se_www.dcase-.se-urolog-1-edited-1280x959.jpg 1280w, https:\/\/dcase.se\/dcase-2024\/wp-content\/uploads\/sites\/4\/2022\/05\/www.dcase.se_www.dcase-.se-urolog-1-edited-768x576.jpg 768w, https:\/\/dcase.se\/dcase-2024\/wp-content\/uploads\/sites\/4\/2022\/05\/www.dcase.se_www.dcase-.se-urolog-1-edited-1536x1151.jpg 1536w, https:\/\/dcase.se\/dcase-2024\/wp-content\/uploads\/sites\/4\/2022\/05\/www.dcase.se_www.dcase-.se-urolog-1-edited-2048x1535.jpg 2048w, https:\/\/dcase.se\/dcase-2024\/wp-content\/uploads\/sites\/4\/2022\/05\/www.dcase.se_www.dcase-.se-urolog-1-edited-600x450.jpg 600w, https:\/\/dcase.se\/dcase-2024\/wp-content\/uploads\/sites\/4\/2022\/05\/www.dcase.se_www.dcase-.se-urolog-1-edited-945x708.jpg 945w\" sizes=\"auto, (max-width: 2560px) 100vw, 2560px\" \/><\/figure>\n<\/div>\n<\/div><\/section>\n\n\n\n<section id=\"wp-block-themeisle-blocks-advanced-columns-02540ff4\" class=\"wp-block-themeisle-blocks-advanced-columns alignfull has-2-columns has-desktop-equal-layout has-tablet-equal-layout has-mobile-collapsedRows-layout has-vertical-center\"><div class=\"wp-block-themeisle-blocks-advanced-columns-overlay\"><\/div><div class=\"innerblocks-wrap\">\n<div id=\"wp-block-themeisle-blocks-advanced-column-8960be84\" class=\"wp-block-themeisle-blocks-advanced-column\">\n<div id=\"wp-block-themeisle-blocks-advanced-heading-c4443ec4\" class=\"wp-block-themeisle-blocks-advanced-heading wp-block-themeisle-blocks-advanced-heading-c4443ec4\"><strong>Del 4 <\/strong><\/div>\n\n\n\n<h1 id=\"wp-block-themeisle-blocks-advanced-heading-a987b609\" class=\"wp-block-themeisle-blocks-advanced-heading wp-block-themeisle-blocks-advanced-heading-a987b609\">Vem b\u00e4r ansvaret?<\/h1>\n\n\n\n<div style=\"height:20px\" aria-hidden=\"true\" class=\"wp-block-spacer\"><\/div>\n\n\n\n<p class=\"has-text-align-left\">Kommer inom kort. #l\u00e4kare\u00f6vergr\u00e4nsen<\/p>\n\n\n\n<div class=\"wp-block-buttons is-layout-flex wp-block-buttons-is-layout-flex\">\n<div class=\"wp-block-button is-style-primary\"><a class=\"wp-block-button__link\">L\u00e4s artikeln h\u00e4r<\/a><\/div>\n<\/div>\n<\/div>\n\n\n\n<div id=\"wp-block-themeisle-blocks-advanced-column-19a483b3\" class=\"wp-block-themeisle-blocks-advanced-column\">\n<figure class=\"wp-block-image size-large\"><img loading=\"lazy\" decoding=\"async\" width=\"1092\" height=\"615\" src=\"https:\/\/dcase.se\/wp-content\/uploads\/sites\/4\/2022\/06\/www.dcase.se_www.dcase-.se-kommer-inom-snart-edited.png\" alt=\"\" class=\"wp-image-8417\" srcset=\"https:\/\/dcase.se\/dcase-2024\/wp-content\/uploads\/sites\/4\/2022\/06\/www.dcase.se_www.dcase-.se-kommer-inom-snart-edited.png 1092w, https:\/\/dcase.se\/dcase-2024\/wp-content\/uploads\/sites\/4\/2022\/06\/www.dcase.se_www.dcase-.se-kommer-inom-snart-edited-300x169.png 300w, https:\/\/dcase.se\/dcase-2024\/wp-content\/uploads\/sites\/4\/2022\/06\/www.dcase.se_www.dcase-.se-kommer-inom-snart-edited-768x433.png 768w, https:\/\/dcase.se\/dcase-2024\/wp-content\/uploads\/sites\/4\/2022\/06\/www.dcase.se_www.dcase-.se-kommer-inom-snart-edited-600x338.png 600w, https:\/\/dcase.se\/dcase-2024\/wp-content\/uploads\/sites\/4\/2022\/06\/www.dcase.se_www.dcase-.se-kommer-inom-snart-edited-945x532.png 945w\" sizes=\"auto, (max-width: 1092px) 100vw, 1092px\" \/><\/figure>\n<\/div>\n<\/div><\/section>\n\n\n\n<p><\/p>\n","protected":false},"excerpt":{"rendered":"","protected":false},"author":1,"featured_media":7113,"parent":0,"menu_order":0,"comment_status":"closed","ping_status":"closed","template":"","meta":{"_monsterinsights_skip_tracking":false,"_monsterinsights_sitenote_active":false,"_monsterinsights_sitenote_note":"","_monsterinsights_sitenote_category":0,"_themeisle_gutenberg_block_has_review":false,"footnotes":""},"class_list":["post-7108","page","type-page","status-publish","has-post-thumbnail","hentry"],"aioseo_notices":[],"featured_image_src":"https:\/\/dcase.se\/dcase-2024\/wp-content\/uploads\/sites\/4\/2022\/05\/www.dcase.se_home-600x400.png","featured_image_src_square":"https:\/\/dcase.se\/dcase-2024\/wp-content\/uploads\/sites\/4\/2022\/05\/www.dcase.se_home-600x600.png","_links":{"self":[{"href":"https:\/\/dcase.se\/dcase-2024\/wp-json\/wp\/v2\/pages\/7108","targetHints":{"allow":["GET"]}}],"collection":[{"href":"https:\/\/dcase.se\/dcase-2024\/wp-json\/wp\/v2\/pages"}],"about":[{"href":"https:\/\/dcase.se\/dcase-2024\/wp-json\/wp\/v2\/types\/page"}],"author":[{"embeddable":true,"href":"https:\/\/dcase.se\/dcase-2024\/wp-json\/wp\/v2\/users\/1"}],"replies":[{"embeddable":true,"href":"https:\/\/dcase.se\/dcase-2024\/wp-json\/wp\/v2\/comments?post=7108"}],"version-history":[{"count":21,"href":"https:\/\/dcase.se\/dcase-2024\/wp-json\/wp\/v2\/pages\/7108\/revisions"}],"predecessor-version":[{"id":13975,"href":"https:\/\/dcase.se\/dcase-2024\/wp-json\/wp\/v2\/pages\/7108\/revisions\/13975"}],"wp:featuredmedia":[{"embeddable":true,"href":"https:\/\/dcase.se\/dcase-2024\/wp-json\/wp\/v2\/media\/7113"}],"wp:attachment":[{"href":"https:\/\/dcase.se\/dcase-2024\/wp-json\/wp\/v2\/media?parent=7108"}],"curies":[{"name":"wp","href":"https:\/\/api.w.org\/{rel}","templated":true}]}}