{"id":7251,"date":"2022-05-25T16:24:01","date_gmt":"2022-05-25T15:24:01","guid":{"rendered":"http:\/\/dcase.se\/dcase2024\/?page_id=7251"},"modified":"2022-09-08T19:58:45","modified_gmt":"2022-09-08T18:58:45","slug":"en-granskning-om-falun-kommuns-hantering-gallande-utlamning-kring-offentliga-handlingar","status":"publish","type":"page","link":"https:\/\/dcase.se\/dcase-2024\/en-granskning-om-falun-kommuns-hantering-gallande-utlamning-kring-offentliga-handlingar\/","title":{"rendered":"En granskning om Falu kommuns hantering g\u00e4llande utl\u00e4mning kring offentliga handlingar."},"content":{"rendered":"\n<section id=\"wp-block-themeisle-blocks-advanced-columns-c35e1bf3\" class=\"wp-block-themeisle-blocks-advanced-columns alignfull has-1-columns has-desktop-equal-layout has-tablet-equal-layout has-mobile-equal-layout has-vertical-flex-start\"><div class=\"wp-block-themeisle-blocks-advanced-columns-overlay\"><\/div><div class=\"innerblocks-wrap\">\n<div id=\"wp-block-themeisle-blocks-advanced-column-7002fb8f\" class=\"wp-block-themeisle-blocks-advanced-column\">\n<h3 class=\"has-text-align-left wp-block-heading\">Falu Kommun trotsar domstolen och ratar en 80-\u00e5rig kvinnas r\u00e4ttigheter<\/h3>\n\n\n\n<p class=\"has-text-align-left\">Under ett halv\u00e5r har Falu kommun motarbetat en 80-\u00e5rig kvinna som vill ha tillg\u00e5ng till sina egna journaler och handlingar som ang\u00e5r henne &#8211; #domstolstrotset<\/p>\n\n\n\n<div class=\"wp-block-buttons alignfull is-layout-flex wp-block-buttons-is-layout-flex\">\n<div class=\"wp-block-button aligncenter is-style-primary\"><a class=\"wp-block-button__link\" href=\"https:\/\/dcase.se\/dcase-2024\/domstolstrotset-falu-kommun-trotsar-domstolen-och-ratar-en-80-arig-kvinnas-rattigheter\/\">L\u00e4s mer<\/a><\/div>\n<\/div>\n<\/div>\n<\/div><\/section>\n","protected":false},"excerpt":{"rendered":"","protected":false},"author":1,"featured_media":7255,"parent":0,"menu_order":0,"comment_status":"closed","ping_status":"closed","template":"","meta":{"_monsterinsights_skip_tracking":false,"_monsterinsights_sitenote_active":false,"_monsterinsights_sitenote_note":"","_monsterinsights_sitenote_category":0,"_themeisle_gutenberg_block_has_review":false,"footnotes":""},"class_list":["post-7251","page","type-page","status-publish","has-post-thumbnail","hentry"],"aioseo_notices":[],"featured_image_src":"https:\/\/dcase.se\/dcase-2024\/wp-content\/uploads\/sites\/4\/2022\/05\/www.dcase.se_domstolstrotset-600x400.jpg","featured_image_src_square":"https:\/\/dcase.se\/dcase-2024\/wp-content\/uploads\/sites\/4\/2022\/05\/www.dcase.se_domstolstrotset-600x600.jpg","_links":{"self":[{"href":"https:\/\/dcase.se\/dcase-2024\/wp-json\/wp\/v2\/pages\/7251","targetHints":{"allow":["GET"]}}],"collection":[{"href":"https:\/\/dcase.se\/dcase-2024\/wp-json\/wp\/v2\/pages"}],"about":[{"href":"https:\/\/dcase.se\/dcase-2024\/wp-json\/wp\/v2\/types\/page"}],"author":[{"embeddable":true,"href":"https:\/\/dcase.se\/dcase-2024\/wp-json\/wp\/v2\/users\/1"}],"replies":[{"embeddable":true,"href":"https:\/\/dcase.se\/dcase-2024\/wp-json\/wp\/v2\/comments?post=7251"}],"version-history":[{"count":21,"href":"https:\/\/dcase.se\/dcase-2024\/wp-json\/wp\/v2\/pages\/7251\/revisions"}],"predecessor-version":[{"id":8551,"href":"https:\/\/dcase.se\/dcase-2024\/wp-json\/wp\/v2\/pages\/7251\/revisions\/8551"}],"wp:featuredmedia":[{"embeddable":true,"href":"https:\/\/dcase.se\/dcase-2024\/wp-json\/wp\/v2\/media\/7255"}],"wp:attachment":[{"href":"https:\/\/dcase.se\/dcase-2024\/wp-json\/wp\/v2\/media?parent=7251"}],"curies":[{"name":"wp","href":"https:\/\/api.w.org\/{rel}","templated":true}]}}