{"id":7337,"date":"2022-05-25T23:34:21","date_gmt":"2022-05-25T22:34:21","guid":{"rendered":"http:\/\/dcase.se\/dcase2024\/?page_id=7337"},"modified":"2022-05-27T07:12:51","modified_gmt":"2022-05-27T06:12:51","slug":"migrationsvarken","status":"publish","type":"page","link":"https:\/\/dcase.se\/dcase-2024\/migrationsvarken\/","title":{"rendered":"#Migrationsv\u00e4rken"},"content":{"rendered":"\n<section id=\"wp-block-themeisle-blocks-advanced-columns-debe9c02\" class=\"wp-block-themeisle-blocks-advanced-columns alignfull has-2-columns has-desktop-equal-layout has-tablet-equal-layout has-mobile-collapsedRows-layout has-vertical-center\"><div class=\"wp-block-themeisle-blocks-advanced-columns-overlay\"><\/div><div class=\"innerblocks-wrap\">\n<div id=\"wp-block-themeisle-blocks-advanced-column-1cf06e66\" class=\"wp-block-themeisle-blocks-advanced-column\">\n<div id=\"wp-block-themeisle-blocks-advanced-heading-02bd25d9\" class=\"wp-block-themeisle-blocks-advanced-heading wp-block-themeisle-blocks-advanced-heading-02bd25d9\"><strong>En poddserie i tv\u00e5 delar<\/strong><\/div>\n\n\n\n<h1 id=\"wp-block-themeisle-blocks-advanced-heading-b7196eeb\" class=\"wp-block-themeisle-blocks-advanced-heading wp-block-themeisle-blocks-advanced-heading-b7196eeb\">#Migrationsv\u00e4rken<\/h1>\n\n\n\n<div style=\"height:20px\" aria-hidden=\"true\" class=\"wp-block-spacer\"><\/div>\n\n\n\n<p class=\"has-text-align-left\">I poddserien #Migrationsv\u00e4rken f\u00e5r du h\u00f6ra om hur ukrainska flyktingar l\u00e4mnats utan pengar eller tillg\u00e5ng till mat.  <\/p>\n\n\n\n<div class=\"wp-block-buttons is-layout-flex wp-block-buttons-is-layout-flex\"><\/div>\n<\/div>\n\n\n\n<div id=\"wp-block-themeisle-blocks-advanced-column-11e58f7d\" class=\"wp-block-themeisle-blocks-advanced-column\">\n<figure class=\"wp-block-image size-large\"><img loading=\"lazy\" decoding=\"async\" width=\"1280\" height=\"1280\" src=\"https:\/\/dcase.se\/wp-content\/uploads\/sites\/4\/2022\/05\/www.dcase.se_2-1-1280x1280.png\" alt=\"\" class=\"wp-image-7338\" srcset=\"https:\/\/dcase.se\/dcase-2024\/wp-content\/uploads\/sites\/4\/2022\/05\/www.dcase.se_2-1-1280x1280.png 1280w, https:\/\/dcase.se\/dcase-2024\/wp-content\/uploads\/sites\/4\/2022\/05\/www.dcase.se_2-1-300x300.png 300w, https:\/\/dcase.se\/dcase-2024\/wp-content\/uploads\/sites\/4\/2022\/05\/www.dcase.se_2-1-150x150.png 150w, https:\/\/dcase.se\/dcase-2024\/wp-content\/uploads\/sites\/4\/2022\/05\/www.dcase.se_2-1-768x768.png 768w, https:\/\/dcase.se\/dcase-2024\/wp-content\/uploads\/sites\/4\/2022\/05\/www.dcase.se_2-1-1536x1536.png 1536w, https:\/\/dcase.se\/dcase-2024\/wp-content\/uploads\/sites\/4\/2022\/05\/www.dcase.se_2-1-2048x2048.png 2048w, https:\/\/dcase.se\/dcase-2024\/wp-content\/uploads\/sites\/4\/2022\/05\/www.dcase.se_2-1-600x600.png 600w, https:\/\/dcase.se\/dcase-2024\/wp-content\/uploads\/sites\/4\/2022\/05\/www.dcase.se_2-1-945x945.png 945w\" sizes=\"auto, (max-width: 1280px) 100vw, 1280px\" \/><\/figure>\n<\/div>\n<\/div><\/section>\n\n\n\n<h2 class=\"wp-block-heading\">Del 1 &#8211; Vems ansvar \u00e4r flyktingen?<\/h2>\n\n\n\n<p>Ukrainare flyr sitt hemland och m\u00e5nga av dem kommer f\u00f6r att s\u00f6ka trygghet i Sverige. Ett Sverige som \u00e4r uppbyggt p\u00e5 myndigheter och strukturer. \u00c4nd\u00e5 hamnar ukrainska flyktingar utan pengar till mat och f\u00e5r f\u00f6rlita sig p\u00e5 volont\u00e4rer. P\u00e5 vem faller ansvaret? Vems ansvar \u00e4r flyktingen?<\/p>\n\n\n\n<figure class=\"wp-block-embed is-type-rich is-provider-spotify wp-block-embed-spotify wp-embed-aspect-21-9 wp-has-aspect-ratio\"><div class=\"wp-block-embed__wrapper\">\n<iframe title=\"Spotify Embed: #Migrationsv\u00e4rken - Del 1 Vems ansvar \u00e4r flyktingen?\" style=\"border-radius: 12px\" width=\"100%\" height=\"152\" frameborder=\"0\" allowfullscreen allow=\"autoplay; clipboard-write; encrypted-media; fullscreen; picture-in-picture\" loading=\"lazy\" src=\"https:\/\/open.spotify.com\/embed\/episode\/1PsN8i8NqaXBSMK6bodmGB?si=11624cc1332144c8&#038;utm_source=oembed\"><\/iframe>\n<\/div><\/figure>\n\n\n\n<h2 class=\"wp-block-heading\">Del 2 &#8211; Hade det g\u00e5tt utan volont\u00e4rer?<\/h2>\n\n\n\n<p>Migrationsverket har ansvar f\u00f6r att alla flyktingar ska f\u00e5 mat och boende. Men de tycks inte klara av sitt uppdrag. Hur kommer det sig att flyktingar st\u00e5tt utan hj\u00e4lp fr\u00e5n myndigheten, trots att de ber\u00e4ttat att de beh\u00f6ver den. F\u00f6rlitar sig Migrationsverket p\u00e5 volont\u00e4rer? Och hur ska flyktingar f\u00e5nga all information, n\u00e4r det inte finns p\u00e5 ett spr\u00e5k de f\u00f6rst\u00e5r?<\/p>\n\n\n\n<figure class=\"wp-block-embed is-type-rich is-provider-spotify wp-block-embed-spotify wp-embed-aspect-21-9 wp-has-aspect-ratio\"><div class=\"wp-block-embed__wrapper\">\n<iframe title=\"Spotify Embed: #Migrationsv\u00e4rken - Del 2 Hade det g\u00e5tt utan volont\u00e4rer?\" style=\"border-radius: 12px\" width=\"100%\" height=\"152\" frameborder=\"0\" allowfullscreen allow=\"autoplay; clipboard-write; encrypted-media; fullscreen; picture-in-picture\" loading=\"lazy\" src=\"https:\/\/open.spotify.com\/embed\/episode\/6Q4vr5Nbzz9IuDqvDiCT9t?si=d171494fdc8e45c3&#038;utm_source=oembed\"><\/iframe>\n<\/div><\/figure>\n","protected":false},"excerpt":{"rendered":"<p>Del 1 &#8211; Vems ansvar \u00e4r flyktingen? Ukrainare flyr sitt hemland och m\u00e5nga av dem kommer f\u00f6r att s\u00f6ka trygghet i Sverige. Ett Sverige som \u00e4r uppbyggt p\u00e5 myndigheter och strukturer. \u00c4nd\u00e5 hamnar ukrainska flyktingar utan pengar till mat och&#8230; <a class=\"more-link\" href=\"https:\/\/dcase.se\/dcase-2024\/migrationsvarken\/\">Forts\u00e4tt l\u00e4sa &rarr;<\/a><\/p>\n","protected":false},"author":2,"featured_media":7585,"parent":0,"menu_order":0,"comment_status":"closed","ping_status":"closed","template":"","meta":{"_monsterinsights_skip_tracking":false,"_monsterinsights_sitenote_active":false,"_monsterinsights_sitenote_note":"","_monsterinsights_sitenote_category":0,"_themeisle_gutenberg_block_has_review":false,"footnotes":""},"class_list":["post-7337","page","type-page","status-publish","has-post-thumbnail","hentry"],"aioseo_notices":[],"featured_image_src":"https:\/\/dcase.se\/dcase-2024\/wp-content\/uploads\/sites\/4\/2022\/05\/www.dcase.se_2-2-600x400.png","featured_image_src_square":"https:\/\/dcase.se\/dcase-2024\/wp-content\/uploads\/sites\/4\/2022\/05\/www.dcase.se_2-2-600x600.png","_links":{"self":[{"href":"https:\/\/dcase.se\/dcase-2024\/wp-json\/wp\/v2\/pages\/7337","targetHints":{"allow":["GET"]}}],"collection":[{"href":"https:\/\/dcase.se\/dcase-2024\/wp-json\/wp\/v2\/pages"}],"about":[{"href":"https:\/\/dcase.se\/dcase-2024\/wp-json\/wp\/v2\/types\/page"}],"author":[{"embeddable":true,"href":"https:\/\/dcase.se\/dcase-2024\/wp-json\/wp\/v2\/users\/2"}],"replies":[{"embeddable":true,"href":"https:\/\/dcase.se\/dcase-2024\/wp-json\/wp\/v2\/comments?post=7337"}],"version-history":[{"count":7,"href":"https:\/\/dcase.se\/dcase-2024\/wp-json\/wp\/v2\/pages\/7337\/revisions"}],"predecessor-version":[{"id":9457,"href":"https:\/\/dcase.se\/dcase-2024\/wp-json\/wp\/v2\/pages\/7337\/revisions\/9457"}],"wp:featuredmedia":[{"embeddable":true,"href":"https:\/\/dcase.se\/dcase-2024\/wp-json\/wp\/v2\/media\/7585"}],"wp:attachment":[{"href":"https:\/\/dcase.se\/dcase-2024\/wp-json\/wp\/v2\/media?parent=7337"}],"curies":[{"name":"wp","href":"https:\/\/api.w.org\/{rel}","templated":true}]}}