{"id":7640,"date":"2022-05-27T12:08:36","date_gmt":"2022-05-27T11:08:36","guid":{"rendered":"http:\/\/dcase.se\/dcase2024\/?page_id=7640"},"modified":"2022-05-27T12:12:58","modified_gmt":"2022-05-27T11:12:58","slug":"sunksvall","status":"publish","type":"page","link":"https:\/\/dcase.se\/dcase-2024\/sunksvall\/","title":{"rendered":"#Sunksvall"},"content":{"rendered":"\n<div class=\"wp-block-cover\" style=\"min-height:1258px;aspect-ratio:unset;\"><span aria-hidden=\"true\" class=\"wp-block-cover__gradient-background has-background-dim\"><\/span><img loading=\"lazy\" decoding=\"async\" width=\"1706\" height=\"2560\" class=\"wp-block-cover__image-background wp-image-7685\" alt=\"\" src=\"https:\/\/dcase.se\/wp-content\/uploads\/sites\/4\/2022\/05\/www.dcase.se_sunksvallsajt-1-scaled.jpg\" data-object-fit=\"cover\" srcset=\"https:\/\/dcase.se\/dcase-2024\/wp-content\/uploads\/sites\/4\/2022\/05\/www.dcase.se_sunksvallsajt-1-scaled.jpg 1706w, https:\/\/dcase.se\/dcase-2024\/wp-content\/uploads\/sites\/4\/2022\/05\/www.dcase.se_sunksvallsajt-1-200x300.jpg 200w, https:\/\/dcase.se\/dcase-2024\/wp-content\/uploads\/sites\/4\/2022\/05\/www.dcase.se_sunksvallsajt-1-853x1280.jpg 853w, https:\/\/dcase.se\/dcase-2024\/wp-content\/uploads\/sites\/4\/2022\/05\/www.dcase.se_sunksvallsajt-1-768x1152.jpg 768w, https:\/\/dcase.se\/dcase-2024\/wp-content\/uploads\/sites\/4\/2022\/05\/www.dcase.se_sunksvallsajt-1-1024x1536.jpg 1024w, https:\/\/dcase.se\/dcase-2024\/wp-content\/uploads\/sites\/4\/2022\/05\/www.dcase.se_sunksvallsajt-1-1365x2048.jpg 1365w, https:\/\/dcase.se\/dcase-2024\/wp-content\/uploads\/sites\/4\/2022\/05\/www.dcase.se_sunksvallsajt-1-600x900.jpg 600w, https:\/\/dcase.se\/dcase-2024\/wp-content\/uploads\/sites\/4\/2022\/05\/www.dcase.se_sunksvallsajt-1-945x1418.jpg 945w\" sizes=\"auto, (max-width: 1706px) 100vw, 1706px\" \/><div class=\"wp-block-cover__inner-container is-layout-flow wp-block-cover-is-layout-flow\">\n<div class=\"wp-block-columns is-layout-flex wp-container-core-columns-is-layout-9d6595d7 wp-block-columns-is-layout-flex\">\n<div class=\"wp-block-column is-layout-flow wp-block-column-is-layout-flow\">\n<div class=\"wp-block-image\"><figure class=\"aligncenter size-full is-resized\"><img loading=\"lazy\" decoding=\"async\" src=\"https:\/\/dcase.se\/wp-content\/uploads\/sites\/4\/2022\/05\/www.dcase.se_sidsjon-plastlov-1-scaled.jpg\" alt=\"\" class=\"wp-image-7709\" width=\"280\" height=\"210\" srcset=\"https:\/\/dcase.se\/dcase-2024\/wp-content\/uploads\/sites\/4\/2022\/05\/www.dcase.se_sidsjon-plastlov-1-scaled.jpg 2560w, https:\/\/dcase.se\/dcase-2024\/wp-content\/uploads\/sites\/4\/2022\/05\/www.dcase.se_sidsjon-plastlov-1-300x225.jpg 300w, https:\/\/dcase.se\/dcase-2024\/wp-content\/uploads\/sites\/4\/2022\/05\/www.dcase.se_sidsjon-plastlov-1-1280x960.jpg 1280w, https:\/\/dcase.se\/dcase-2024\/wp-content\/uploads\/sites\/4\/2022\/05\/www.dcase.se_sidsjon-plastlov-1-768x576.jpg 768w, https:\/\/dcase.se\/dcase-2024\/wp-content\/uploads\/sites\/4\/2022\/05\/www.dcase.se_sidsjon-plastlov-1-1536x1152.jpg 1536w, https:\/\/dcase.se\/dcase-2024\/wp-content\/uploads\/sites\/4\/2022\/05\/www.dcase.se_sidsjon-plastlov-1-2048x1536.jpg 2048w, https:\/\/dcase.se\/dcase-2024\/wp-content\/uploads\/sites\/4\/2022\/05\/www.dcase.se_sidsjon-plastlov-1-600x450.jpg 600w, https:\/\/dcase.se\/dcase-2024\/wp-content\/uploads\/sites\/4\/2022\/05\/www.dcase.se_sidsjon-plastlov-1-945x709.jpg 945w\" sizes=\"auto, (max-width: 280px) 100vw, 280px\" \/><\/figure><\/div>\n\n\n\n<p class=\"has-white-color has-text-color has-large-font-size\"><strong>Del 1<\/strong><\/p>\n\n\n\n<p class=\"has-white-color has-text-color has-large-font-size\"><strong>\u00c5tervinning i bl\u00e5sv\u00e4der<\/strong><\/p>\n\n\n\n<p class=\"has-small-font-size\">\u00c5tervinningsstationerna i Sundsvalls kommun t\u00f6ms och st\u00e4das ungef\u00e4r varannan dag, vissa oftare \u00e4n andra. Trots detta \u00e4r m\u00e5nga sundsvallsbor missn\u00f6jda \u00f6ver att m\u00f6tas av \u00f6verfulla k\u00e4rl och skr\u00e4pig milj\u00f6.<\/p>\n\n\n\n<div class=\"wp-block-buttons is-layout-flex wp-block-buttons-is-layout-flex\">\n<div class=\"wp-block-button\"><a class=\"wp-block-button__link\" href=\"https:\/\/dcase.se\/dcase-2024\/sunksvall-1\/\" target=\"_blank\" rel=\"noreferrer noopener\">L\u00e4s artikeln h\u00e4r<\/a><\/div>\n<\/div>\n<\/div>\n\n\n\n<div class=\"wp-block-column is-layout-flow wp-block-column-is-layout-flow\">\n<div class=\"wp-block-image\"><figure class=\"aligncenter size-large is-resized\"><img loading=\"lazy\" decoding=\"async\" src=\"https:\/\/dcase.se\/wp-content\/uploads\/sites\/4\/2022\/05\/www.dcase.se_kopia-av-sidsjoplast-1280x1055.jpg\" alt=\"\" class=\"wp-image-7686\" width=\"256\" height=\"211\" srcset=\"https:\/\/dcase.se\/dcase-2024\/wp-content\/uploads\/sites\/4\/2022\/05\/www.dcase.se_kopia-av-sidsjoplast-1280x1055.jpg 1280w, https:\/\/dcase.se\/dcase-2024\/wp-content\/uploads\/sites\/4\/2022\/05\/www.dcase.se_kopia-av-sidsjoplast-300x247.jpg 300w, https:\/\/dcase.se\/dcase-2024\/wp-content\/uploads\/sites\/4\/2022\/05\/www.dcase.se_kopia-av-sidsjoplast-768x633.jpg 768w, https:\/\/dcase.se\/dcase-2024\/wp-content\/uploads\/sites\/4\/2022\/05\/www.dcase.se_kopia-av-sidsjoplast-1536x1266.jpg 1536w, https:\/\/dcase.se\/dcase-2024\/wp-content\/uploads\/sites\/4\/2022\/05\/www.dcase.se_kopia-av-sidsjoplast-2048x1688.jpg 2048w, https:\/\/dcase.se\/dcase-2024\/wp-content\/uploads\/sites\/4\/2022\/05\/www.dcase.se_kopia-av-sidsjoplast-600x495.jpg 600w, https:\/\/dcase.se\/dcase-2024\/wp-content\/uploads\/sites\/4\/2022\/05\/www.dcase.se_kopia-av-sidsjoplast-945x779.jpg 945w\" sizes=\"auto, (max-width: 256px) 100vw, 256px\" \/><\/figure><\/div>\n\n\n\n<p class=\"has-white-color has-text-color has-large-font-size\"><strong>Del 2<\/strong><\/p>\n\n\n\n<p class=\"has-white-color has-text-color has-large-font-size\"><strong>Skr\u00e4psystemet<\/strong><\/p>\n\n\n\n<p class=\"has-small-font-size\">Systemet vilar p\u00e5 ansvar b\u00e5de fr\u00e5n kommun och producenter. Men det r\u00e5der delade uppfattningar om vem som tar hand om s\u00e5dant som inte h\u00f6r hemma p\u00e5 \u00e5tervinningsstationerna.<\/p>\n\n\n\n<div class=\"wp-block-buttons is-layout-flex wp-block-buttons-is-layout-flex\">\n<div class=\"wp-block-button\"><a class=\"wp-block-button__link\" href=\"https:\/\/dcase.se\/dcase-2024\/sunksvall-2\/\" target=\"_blank\" rel=\"noreferrer noopener\">L\u00e4s artikeln h\u00e4r<\/a><\/div>\n<\/div>\n<\/div>\n\n\n\n<div class=\"wp-block-column is-layout-flow wp-block-column-is-layout-flow\">\n<div class=\"wp-block-image\"><figure class=\"aligncenter size-large is-resized\"><img loading=\"lazy\" decoding=\"async\" src=\"https:\/\/dcase.se\/wp-content\/uploads\/sites\/4\/2022\/05\/www.dcase.se_sidsjon-artistic-zoom-1280x960.jpg\" alt=\"\" class=\"wp-image-7708\" width=\"283\" height=\"212\" srcset=\"https:\/\/dcase.se\/dcase-2024\/wp-content\/uploads\/sites\/4\/2022\/05\/www.dcase.se_sidsjon-artistic-zoom-1280x960.jpg 1280w, https:\/\/dcase.se\/dcase-2024\/wp-content\/uploads\/sites\/4\/2022\/05\/www.dcase.se_sidsjon-artistic-zoom-300x225.jpg 300w, https:\/\/dcase.se\/dcase-2024\/wp-content\/uploads\/sites\/4\/2022\/05\/www.dcase.se_sidsjon-artistic-zoom-768x576.jpg 768w, https:\/\/dcase.se\/dcase-2024\/wp-content\/uploads\/sites\/4\/2022\/05\/www.dcase.se_sidsjon-artistic-zoom-1536x1152.jpg 1536w, https:\/\/dcase.se\/dcase-2024\/wp-content\/uploads\/sites\/4\/2022\/05\/www.dcase.se_sidsjon-artistic-zoom-2048x1536.jpg 2048w, https:\/\/dcase.se\/dcase-2024\/wp-content\/uploads\/sites\/4\/2022\/05\/www.dcase.se_sidsjon-artistic-zoom-600x450.jpg 600w, https:\/\/dcase.se\/dcase-2024\/wp-content\/uploads\/sites\/4\/2022\/05\/www.dcase.se_sidsjon-artistic-zoom-945x709.jpg 945w\" sizes=\"auto, (max-width: 283px) 100vw, 283px\" \/><\/figure><\/div>\n\n\n\n<p class=\"has-white-color has-text-color has-large-font-size\"><strong>Del 3<\/strong><\/p>\n\n\n\n<p class=\"has-white-color has-text-color has-large-font-size\"><strong>Slaget om skr\u00e4pet<\/strong><\/p>\n\n\n\n<p class=\"has-small-font-size\">Sundsvalls kommun vill ha hela ansvaret \u00f6ver f\u00f6rpackningarna. Men F\u00f6rpackningsinsamlingen vill inte sl\u00e4ppa taget. En proposition finns p\u00e5 regeringens bord &#8211; men denna inneb\u00e4r ett fortsatt gemensamt ansvar.<\/p>\n\n\n\n<div class=\"wp-block-buttons is-layout-flex wp-block-buttons-is-layout-flex\">\n<div class=\"wp-block-button\"><a class=\"wp-block-button__link\" href=\"https:\/\/dcase.se\/dcase-2024\/sunksvall-3\/\" target=\"_blank\" rel=\"noreferrer noopener\">L\u00e4s artikeln h\u00e4r<\/a><\/div>\n<\/div>\n<\/div>\n<\/div>\n\n\n\n<p class=\"has-dark-gray-background-color has-background has-large-font-size\">Missn\u00f6jet \u00e4r stort bland m\u00e5nga Sundsvallsbor \u00f6ver nedskr\u00e4pningen. En stor m\u00e4ngd av skr\u00e4pet sprids fr\u00e5n \u00e5tervinningsstationerna. I #Sunksvall har \u00e5tervinningssystemet blivit ett riktigt skr\u00e4psystem.<\/p>\n<\/div><\/div>\n\n\n\n<p><\/p>\n","protected":false},"excerpt":{"rendered":"","protected":false},"author":1,"featured_media":0,"parent":0,"menu_order":0,"comment_status":"closed","ping_status":"closed","template":"","meta":{"_monsterinsights_skip_tracking":false,"_monsterinsights_sitenote_active":false,"_monsterinsights_sitenote_note":"","_monsterinsights_sitenote_category":0,"_themeisle_gutenberg_block_has_review":false,"footnotes":""},"class_list":["post-7640","page","type-page","status-publish","hentry"],"aioseo_notices":[],"featured_image_src":null,"featured_image_src_square":null,"_links":{"self":[{"href":"https:\/\/dcase.se\/dcase-2024\/wp-json\/wp\/v2\/pages\/7640","targetHints":{"allow":["GET"]}}],"collection":[{"href":"https:\/\/dcase.se\/dcase-2024\/wp-json\/wp\/v2\/pages"}],"about":[{"href":"https:\/\/dcase.se\/dcase-2024\/wp-json\/wp\/v2\/types\/page"}],"author":[{"embeddable":true,"href":"https:\/\/dcase.se\/dcase-2024\/wp-json\/wp\/v2\/users\/1"}],"replies":[{"embeddable":true,"href":"https:\/\/dcase.se\/dcase-2024\/wp-json\/wp\/v2\/comments?post=7640"}],"version-history":[{"count":59,"href":"https:\/\/dcase.se\/dcase-2024\/wp-json\/wp\/v2\/pages\/7640\/revisions"}],"predecessor-version":[{"id":12026,"href":"https:\/\/dcase.se\/dcase-2024\/wp-json\/wp\/v2\/pages\/7640\/revisions\/12026"}],"wp:attachment":[{"href":"https:\/\/dcase.se\/dcase-2024\/wp-json\/wp\/v2\/media?parent=7640"}],"curies":[{"name":"wp","href":"https:\/\/api.w.org\/{rel}","templated":true}]}}