{"id":7875,"date":"2022-05-27T13:41:28","date_gmt":"2022-05-27T12:41:28","guid":{"rendered":"http:\/\/dcase.se\/dcase2024\/?page_id=7875"},"modified":"2022-05-27T14:11:02","modified_gmt":"2022-05-27T13:11:02","slug":"skuggsamhallet2022-2","status":"publish","type":"page","link":"https:\/\/dcase.se\/dcase-2024\/skuggsamhallet2022-2\/","title":{"rendered":"#skuggsamh\u00e4llet2022"},"content":{"rendered":"\n<section id=\"wp-block-themeisle-blocks-advanced-columns-c35e1bf3\" class=\"wp-block-themeisle-blocks-advanced-columns alignfull has-3-columns has-desktop-equal-layout has-tablet-equal-layout has-mobile-collapsedRows-layout has-vertical-flex-start\"><div class=\"wp-block-themeisle-blocks-advanced-columns-overlay\"><\/div><div class=\"innerblocks-wrap\">\n<div id=\"wp-block-themeisle-blocks-advanced-column-7002fb8f\" class=\"wp-block-themeisle-blocks-advanced-column\">\n<figure class=\"wp-block-gallery has-nested-images columns-default is-cropped wp-block-gallery-1 is-layout-flex wp-block-gallery-is-layout-flex\">\n<figure class=\"wp-block-image size-large\"><img loading=\"lazy\" decoding=\"async\" width=\"2560\" height=\"1707\" data-id=\"7881\" src=\"https:\/\/dcase.se\/wp-content\/uploads\/sites\/4\/2022\/05\/www.dcase.se_linnea-rheborg-bildbyran-scaled.jpg\" alt=\"\" class=\"wp-image-7881\" srcset=\"https:\/\/dcase.se\/dcase-2024\/wp-content\/uploads\/sites\/4\/2022\/05\/www.dcase.se_linnea-rheborg-bildbyran-scaled.jpg 2560w, https:\/\/dcase.se\/dcase-2024\/wp-content\/uploads\/sites\/4\/2022\/05\/www.dcase.se_linnea-rheborg-bildbyran-300x200.jpg 300w, https:\/\/dcase.se\/dcase-2024\/wp-content\/uploads\/sites\/4\/2022\/05\/www.dcase.se_linnea-rheborg-bildbyran-1280x853.jpg 1280w, https:\/\/dcase.se\/dcase-2024\/wp-content\/uploads\/sites\/4\/2022\/05\/www.dcase.se_linnea-rheborg-bildbyran-768x512.jpg 768w, https:\/\/dcase.se\/dcase-2024\/wp-content\/uploads\/sites\/4\/2022\/05\/www.dcase.se_linnea-rheborg-bildbyran-1536x1024.jpg 1536w, https:\/\/dcase.se\/dcase-2024\/wp-content\/uploads\/sites\/4\/2022\/05\/www.dcase.se_linnea-rheborg-bildbyran-2048x1365.jpg 2048w, https:\/\/dcase.se\/dcase-2024\/wp-content\/uploads\/sites\/4\/2022\/05\/www.dcase.se_linnea-rheborg-bildbyran-600x400.jpg 600w, https:\/\/dcase.se\/dcase-2024\/wp-content\/uploads\/sites\/4\/2022\/05\/www.dcase.se_linnea-rheborg-bildbyran-945x630.jpg 945w\" sizes=\"auto, (max-width: 2560px) 100vw, 2560px\" \/><\/figure>\n<\/figure>\n\n\n\n<h3 class=\"has-text-align-left wp-block-heading\"><a href=\"https:\/\/dcase.se\/dcase-2024\/den-svarta-arbetsmarknaden-det-synliga-skuggsamhallet\/\">Den svarta arbetsmarknaden \u2013 det synliga skuggsamh\u00e4llet<\/a><\/h3>\n\n\n\n<p class=\"has-text-align-left\">Folk har alltid varit p\u00e5 flykt och det \u00e4r inte n\u00e5gon skillnad idag. M\u00e4nniskor flyr fr\u00e5n sina heml\u00e4nder f\u00f6r att finna asyl och s\u00e4kerhet i ett annat land. Enligt en rapport fr\u00e5n UNHCR har Sverige varit ett av EU-l\u00e4nderna som \u2026<\/p>\n\n\n\n<div class=\"wp-block-buttons is-layout-flex wp-block-buttons-is-layout-flex\">\n<div class=\"wp-block-button is-style-primary\"><a class=\"wp-block-button__link\" href=\"https:\/\/dcase.se\/dcase-2024\/den-svarta-arbetsmarknaden-det-synliga-skuggsamhallet\/\">Forts\u00e4tt l\u00e4sa<\/a><\/div>\n<\/div>\n<\/div>\n\n\n\n<div id=\"wp-block-themeisle-blocks-advanced-column-3e5aec1f\" class=\"wp-block-themeisle-blocks-advanced-column\">\n<figure class=\"wp-block-gallery has-nested-images columns-default is-cropped wp-block-gallery-2 is-layout-flex wp-block-gallery-is-layout-flex\">\n<figure class=\"wp-block-image size-large\"><img loading=\"lazy\" decoding=\"async\" width=\"1280\" height=\"853\" data-id=\"7884\" src=\"https:\/\/dcase.se\/wp-content\/uploads\/sites\/4\/2022\/05\/www.dcase.se_mathias-bergeld---bildbyran-1280x853.jpg\" alt=\"\" class=\"wp-image-7884\" srcset=\"https:\/\/dcase.se\/dcase-2024\/wp-content\/uploads\/sites\/4\/2022\/05\/www.dcase.se_mathias-bergeld---bildbyran-1280x853.jpg 1280w, https:\/\/dcase.se\/dcase-2024\/wp-content\/uploads\/sites\/4\/2022\/05\/www.dcase.se_mathias-bergeld---bildbyran-300x200.jpg 300w, https:\/\/dcase.se\/dcase-2024\/wp-content\/uploads\/sites\/4\/2022\/05\/www.dcase.se_mathias-bergeld---bildbyran-768x512.jpg 768w, https:\/\/dcase.se\/dcase-2024\/wp-content\/uploads\/sites\/4\/2022\/05\/www.dcase.se_mathias-bergeld---bildbyran-1536x1024.jpg 1536w, https:\/\/dcase.se\/dcase-2024\/wp-content\/uploads\/sites\/4\/2022\/05\/www.dcase.se_mathias-bergeld---bildbyran-2048x1365.jpg 2048w, https:\/\/dcase.se\/dcase-2024\/wp-content\/uploads\/sites\/4\/2022\/05\/www.dcase.se_mathias-bergeld---bildbyran-600x400.jpg 600w, https:\/\/dcase.se\/dcase-2024\/wp-content\/uploads\/sites\/4\/2022\/05\/www.dcase.se_mathias-bergeld---bildbyran-945x630.jpg 945w\" sizes=\"auto, (max-width: 1280px) 100vw, 1280px\" \/><\/figure>\n<\/figure>\n\n\n\n<h3 class=\"has-text-align-left wp-block-heading\"><a href=\"https:\/\/dcase.se\/dcase-2024\/papperslos-och-utsatt-jag-var-radd\/\">Pappersl\u00f6s och utsatt: \u201dJag var r\u00e4dd\u201d<\/a><\/h3>\n\n\n\n<p class=\"has-text-align-left\">Alina \u00e4r i 20-\u00e5rs\u00e5ldern och \u00e4r pappersl\u00f6s i Sverige, det inneb\u00e4r att hon g\u00f6mmer sig h\u00e4r. Hon har jobbat svart sen ton\u00e5ren och haft en del olika arbeten p\u00e5 den svarta arbetsmarknaden. Hon b\u00f6rjade jobba i st\u00e4dbranschen n\u00e4r hon var&#8230;<\/p>\n\n\n\n<div class=\"wp-block-buttons is-layout-flex wp-block-buttons-is-layout-flex\">\n<div class=\"wp-block-button is-style-primary\"><a class=\"wp-block-button__link\" href=\"https:\/\/dcase.se\/dcase-2024\/papperslos-och-utsatt-jag-var-radd\/\">Forts\u00e4tt l\u00e4sa<\/a><\/div>\n<\/div>\n<\/div>\n\n\n\n<div id=\"wp-block-themeisle-blocks-advanced-column-be60fbba\" class=\"wp-block-themeisle-blocks-advanced-column\">\n<figure class=\"wp-block-gallery has-nested-images columns-default is-cropped wp-block-gallery-3 is-layout-flex wp-block-gallery-is-layout-flex\">\n<figure class=\"wp-block-image size-large\"><img loading=\"lazy\" decoding=\"async\" width=\"1280\" height=\"720\" data-id=\"7825\" src=\"https:\/\/dcase.se\/wp-content\/uploads\/sites\/4\/2022\/05\/www.dcase.se_peter-kroon-arbetsformedlingen-2-1280x720.jpeg\" alt=\"\" class=\"wp-image-7825\" srcset=\"https:\/\/dcase.se\/dcase-2024\/wp-content\/uploads\/sites\/4\/2022\/05\/www.dcase.se_peter-kroon-arbetsformedlingen-2-1280x720.jpeg 1280w, https:\/\/dcase.se\/dcase-2024\/wp-content\/uploads\/sites\/4\/2022\/05\/www.dcase.se_peter-kroon-arbetsformedlingen-2-300x169.jpeg 300w, https:\/\/dcase.se\/dcase-2024\/wp-content\/uploads\/sites\/4\/2022\/05\/www.dcase.se_peter-kroon-arbetsformedlingen-2-768x432.jpeg 768w, https:\/\/dcase.se\/dcase-2024\/wp-content\/uploads\/sites\/4\/2022\/05\/www.dcase.se_peter-kroon-arbetsformedlingen-2-1536x864.jpeg 1536w, https:\/\/dcase.se\/dcase-2024\/wp-content\/uploads\/sites\/4\/2022\/05\/www.dcase.se_peter-kroon-arbetsformedlingen-2-2048x1151.jpeg 2048w, https:\/\/dcase.se\/dcase-2024\/wp-content\/uploads\/sites\/4\/2022\/05\/www.dcase.se_peter-kroon-arbetsformedlingen-2-600x337.jpeg 600w, https:\/\/dcase.se\/dcase-2024\/wp-content\/uploads\/sites\/4\/2022\/05\/www.dcase.se_peter-kroon-arbetsformedlingen-2-945x531.jpeg 945w\" sizes=\"auto, (max-width: 1280px) 100vw, 1280px\" \/><\/figure>\n<\/figure>\n\n\n\n<h3 class=\"has-text-align-left wp-block-heading\"><a href=\"https:\/\/dcase.se\/dcase-2024\/en-bransch-utan-skyddsnat-landsman-utnyttjar-landsman\/\">En bransch utan skyddsn\u00e4t \u2013 \u201dLandsm\u00e4n utnyttjar landsm\u00e4n\u201d<\/a><\/h3>\n\n\n\n<p class=\"has-text-align-left\">Enligt Statistiska Centralbyr\u00e5n var det 11 425 personer som s\u00f6kte asyl&nbsp; i Sverige under 2021. Det var det l\u00e4gsta antalet asyls\u00f6kande Sverige sett under 2000-talet. Problemet med arbetlivskriminalitet kvarst\u00e5r. \u2013 Dessa f\u00f6retagare vet ju att det hela tiden kommer nya \u2026<\/p>\n\n\n\n<div class=\"wp-block-buttons is-layout-flex wp-block-buttons-is-layout-flex\">\n<div class=\"wp-block-button is-style-primary\"><a class=\"wp-block-button__link\" href=\"https:\/\/dcase.se\/dcase-2024\/en-bransch-utan-skyddsnat-landsman-utnyttjar-landsman\/\">Forts\u00e4tt l\u00e4sa<\/a><\/div>\n<\/div>\n<\/div>\n<\/div><\/section>\n","protected":false},"excerpt":{"rendered":"","protected":false},"author":2,"featured_media":7394,"parent":0,"menu_order":0,"comment_status":"closed","ping_status":"closed","template":"","meta":{"_monsterinsights_skip_tracking":false,"_monsterinsights_sitenote_active":false,"_monsterinsights_sitenote_note":"","_monsterinsights_sitenote_category":0,"_themeisle_gutenberg_block_has_review":false,"footnotes":""},"class_list":["post-7875","page","type-page","status-publish","has-post-thumbnail","hentry"],"aioseo_notices":[],"featured_image_src":"https:\/\/dcase.se\/dcase-2024\/wp-content\/uploads\/sites\/4\/2022\/05\/www.dcase.se_bb170409ln019-600x400.jpg","featured_image_src_square":"https:\/\/dcase.se\/dcase-2024\/wp-content\/uploads\/sites\/4\/2022\/05\/www.dcase.se_bb170409ln019-600x600.jpg","_links":{"self":[{"href":"https:\/\/dcase.se\/dcase-2024\/wp-json\/wp\/v2\/pages\/7875","targetHints":{"allow":["GET"]}}],"collection":[{"href":"https:\/\/dcase.se\/dcase-2024\/wp-json\/wp\/v2\/pages"}],"about":[{"href":"https:\/\/dcase.se\/dcase-2024\/wp-json\/wp\/v2\/types\/page"}],"author":[{"embeddable":true,"href":"https:\/\/dcase.se\/dcase-2024\/wp-json\/wp\/v2\/users\/2"}],"replies":[{"embeddable":true,"href":"https:\/\/dcase.se\/dcase-2024\/wp-json\/wp\/v2\/comments?post=7875"}],"version-history":[{"count":16,"href":"https:\/\/dcase.se\/dcase-2024\/wp-json\/wp\/v2\/pages\/7875\/revisions"}],"predecessor-version":[{"id":12036,"href":"https:\/\/dcase.se\/dcase-2024\/wp-json\/wp\/v2\/pages\/7875\/revisions\/12036"}],"wp:featuredmedia":[{"embeddable":true,"href":"https:\/\/dcase.se\/dcase-2024\/wp-json\/wp\/v2\/media\/7394"}],"wp:attachment":[{"href":"https:\/\/dcase.se\/dcase-2024\/wp-json\/wp\/v2\/media?parent=7875"}],"curies":[{"name":"wp","href":"https:\/\/api.w.org\/{rel}","templated":true}]}}