{"id":8682,"date":"2023-05-23T14:04:52","date_gmt":"2023-05-23T13:04:52","guid":{"rendered":"http:\/\/dcase.se\/dcase2024\/?page_id=8682"},"modified":"2023-05-30T13:10:51","modified_gmt":"2023-05-30T12:10:51","slug":"stangdadorrar","status":"publish","type":"page","link":"https:\/\/dcase.se\/dcase-2024\/stangdadorrar\/","title":{"rendered":"S\u00e5 prioriterade Mittuniversitetet sk\u00f6nheten f\u00f6re handikapp-anpassning"},"content":{"rendered":"\n<hr class=\"wp-block-separator\"\/>\n\n\n\n<div class=\"wp-block-columns is-layout-flex wp-container-core-columns-is-layout-9d6595d7 wp-block-columns-is-layout-flex\">\n<div class=\"wp-block-column is-layout-flow wp-block-column-is-layout-flow\" style=\"flex-basis:100%\"><\/div>\n<\/div>\n\n\n<div class=\"is-style-icons wp-block-themeisle-blocks-sharing-icons\" id=\"wp-block-themeisle-blocks-sharing-icons-f1e887f0\"><div class=\"social-icons-wrap\"><a class=\"social-icon is-facebook\" aria-label=\"Dela p\u00e5 Facebook\" href=\"https:\/\/www.facebook.com\/sharer\/sharer.php?u=https:\/\/dcase.se\/dcase-2024\/dcase-2024\/wp-json\/wp\/v2\/pages\/8682&#038;title=S\u00e5%20prioriterade%20Mittuniversitetet%20sk\u00f6nheten%20f\u00f6re%20handikapp-anpassning\" target=\"_blank\"><svg aria-hidden=\"true\" xmlns=\"http:\/\/www.w3.org\/2000\/svg\" viewBox=\"0 0 512 512\"><!--!Font Awesome Free 6.6.0 by @fontawesome - https:\/\/fontawesome.com License - https:\/\/fontawesome.com\/license\/free Copyright 2024 Fonticons, Inc.--><path d=\"M512 256C512 114.6 397.4 0 256 0S0 114.6 0 256C0 376 82.7 476.8 194.2 504.5V334.2H141.4V256h52.8V222.3c0-87.1 39.4-127.5 125-127.5c16.2 0 44.2 3.2 55.7 6.4V172c-6-.6-16.5-1-29.6-1c-42 0-58.2 15.9-58.2 57.2V256h83.6l-14.4 78.2H287V510.1C413.8 494.8 512 386.9 512 256h0z\"\/><\/svg><span class=\"v-line\"><\/span><\/a><a class=\"social-icon is-twitter\" aria-label=\"Dela p\u00e5 X\" href=\"http:\/\/x.com\/share?url=https:\/\/dcase.se\/dcase-2024\/dcase-2024\/wp-json\/wp\/v2\/pages\/8682&#038;text=S\u00e5%20prioriterade%20Mittuniversitetet%20sk\u00f6nheten%20f\u00f6re%20handikapp-anpassning\" target=\"_blank\"><svg aria-hidden=\"true\" xmlns=\"http:\/\/www.w3.org\/2000\/svg\" viewBox=\"0 0 512 512\"><!--!Font Awesome Free 6.6.0 by @fontawesome - https:\/\/fontawesome.com License - https:\/\/fontawesome.com\/license\/free Copyright 2024 Fonticons, Inc.--><path d=\"M389.2 48h70.6L305.6 224.2 487 464H345L233.7 318.6 106.5 464H35.8L200.7 275.5 26.8 48H172.4L272.9 180.9 389.2 48zM364.4 421.8h39.1L151.1 88h-42L364.4 421.8z\"\/><\/svg><\/a><a class=\"social-icon is-linkedin\" aria-label=\"Dela p\u00e5 LinkedIn\" href=\"https:\/\/www.linkedin.com\/shareArticle?mini=true&#038;url=https:\/\/dcase.se\/dcase-2024\/dcase-2024\/wp-json\/wp\/v2\/pages\/8682&#038;title=S\u00e5%20prioriterade%20Mittuniversitetet%20sk\u00f6nheten%20f\u00f6re%20handikapp-anpassning\" target=\"_blank\"><svg aria-hidden=\"true\" xmlns=\"http:\/\/www.w3.org\/2000\/svg\" viewBox=\"0 0 448 512\"><!--!Font Awesome Free 6.6.0 by @fontawesome - https:\/\/fontawesome.com License - https:\/\/fontawesome.com\/license\/free Copyright 2024 Fonticons, Inc.--><path d=\"M100.3 448H7.4V148.9h92.9zM53.8 108.1C24.1 108.1 0 83.5 0 53.8a53.8 53.8 0 0 1 107.6 0c0 29.7-24.1 54.3-53.8 54.3zM447.9 448h-92.7V302.4c0-34.7-.7-79.2-48.3-79.2-48.3 0-55.7 37.7-55.7 76.7V448h-92.8V148.9h89.1v40.8h1.3c12.4-23.5 42.7-48.3 87.9-48.3 94 0 111.3 61.9 111.3 142.3V448z\"\/><\/svg><span class=\"v-line\"><\/span><\/a><\/div><\/div>","protected":false},"excerpt":{"rendered":"","protected":false},"author":171,"featured_media":9396,"parent":0,"menu_order":0,"comment_status":"closed","ping_status":"closed","template":"","meta":{"_monsterinsights_skip_tracking":false,"_monsterinsights_sitenote_active":false,"_monsterinsights_sitenote_note":"","_monsterinsights_sitenote_category":0,"_themeisle_gutenberg_block_has_review":false,"footnotes":""},"class_list":["post-8682","page","type-page","status-publish","has-post-thumbnail","hentry"],"aioseo_notices":[],"featured_image_src":"https:\/\/dcase.se\/dcase-2024\/wp-content\/uploads\/sites\/4\/2023\/05\/www.dcase.se_konceptbild-600x400.jpg","featured_image_src_square":"https:\/\/dcase.se\/dcase-2024\/wp-content\/uploads\/sites\/4\/2023\/05\/www.dcase.se_konceptbild-600x600.jpg","_links":{"self":[{"href":"https:\/\/dcase.se\/dcase-2024\/wp-json\/wp\/v2\/pages\/8682","targetHints":{"allow":["GET"]}}],"collection":[{"href":"https:\/\/dcase.se\/dcase-2024\/wp-json\/wp\/v2\/pages"}],"about":[{"href":"https:\/\/dcase.se\/dcase-2024\/wp-json\/wp\/v2\/types\/page"}],"author":[{"embeddable":true,"href":"https:\/\/dcase.se\/dcase-2024\/wp-json\/wp\/v2\/users\/171"}],"replies":[{"embeddable":true,"href":"https:\/\/dcase.se\/dcase-2024\/wp-json\/wp\/v2\/comments?post=8682"}],"version-history":[{"count":33,"href":"https:\/\/dcase.se\/dcase-2024\/wp-json\/wp\/v2\/pages\/8682\/revisions"}],"predecessor-version":[{"id":11373,"href":"https:\/\/dcase.se\/dcase-2024\/wp-json\/wp\/v2\/pages\/8682\/revisions\/11373"}],"wp:featuredmedia":[{"embeddable":true,"href":"https:\/\/dcase.se\/dcase-2024\/wp-json\/wp\/v2\/media\/9396"}],"wp:attachment":[{"href":"https:\/\/dcase.se\/dcase-2024\/wp-json\/wp\/v2\/media?parent=8682"}],"curies":[{"name":"wp","href":"https:\/\/api.w.org\/{rel}","templated":true}]}}