{"id":8718,"date":"2023-05-24T13:55:30","date_gmt":"2023-05-24T12:55:30","guid":{"rendered":"http:\/\/dcase.se\/dcase2024\/?page_id=8718"},"modified":"2023-05-31T13:00:15","modified_gmt":"2023-05-31T12:00:15","slug":"i-ett-land-dar-varden-ska-vara-lika-for-alla-verkar-ens-postnummer-paverka-ens-chanser-till-att-foda-pa-sina-egna-villkor-dcase-granskar-forlossningsvarden-i-sverige-forlossningstvanget","status":"publish","type":"page","link":"https:\/\/dcase.se\/dcase-2024\/i-ett-land-dar-varden-ska-vara-lika-for-alla-verkar-ens-postnummer-paverka-ens-chanser-till-att-foda-pa-sina-egna-villkor-dcase-granskar-forlossningsvarden-i-sverige-forlossningstvanget\/","title":{"rendered":"Att f\u00f6da med \u00e5ngest \u2013 de oh\u00f6rda ropen p\u00e5 hj\u00e4lp"},"content":{"rendered":"\n<p><\/p>\n\n\n\n<div class=\"wp-block-columns is-layout-flex wp-container-core-columns-is-layout-9d6595d7 wp-block-columns-is-layout-flex\">\n<div class=\"wp-block-column is-layout-flow wp-block-column-is-layout-flow\" style=\"flex-basis:100%\">\n<div id=\"wp-block-themeisle-blocks-advanced-columns-c5baf674\" class=\"wp-block-themeisle-blocks-advanced-columns has-2-columns has-desktop-equal-layout has-tablet-equal-layout has-mobile-collapsedRows-layout has-vertical-unset\"><div class=\"wp-block-themeisle-blocks-advanced-columns-overlay\"><\/div><div class=\"innerblocks-wrap\">\n<div id=\"wp-block-themeisle-blocks-advanced-column-c45b9d6f\" class=\"wp-block-themeisle-blocks-advanced-column\">\n<p><strong>Del 1: <\/strong><\/p>\n\n\n\n<p class=\"has-larger-font-size\"><strong>Att f\u00f6da p\u00e5 olika villkor<\/strong><\/p>\n\n\n\n<p>I den f\u00f6rsta av fyra delar i #f\u00f6rlossningstv\u00e5nget granskas skillnader mellan regioner g\u00e4llande kejsarsnitt och vilka som drabbas. <\/p>\n\n\n\n<div class=\"wp-block-atomic-blocks-ab-button ab-block-button\"><a href=\"https:\/\/dcase.se\/dcase-2024\/att-foda-pa-olika-villkor\/\" class=\"ab-button ab-button-shape-rounded ab-button-size-medium\" style=\"color:#ffffff;background-color:#032f8f\">L\u00e4s artikeln h\u00e4r<\/a><\/div>\n<\/div>\n\n\n\n<div id=\"wp-block-themeisle-blocks-advanced-column-99d40a38\" class=\"wp-block-themeisle-blocks-advanced-column\">\n<div class=\"wp-block-image\"><figure class=\"aligncenter size-large is-resized\"><img loading=\"lazy\" decoding=\"async\" src=\"https:\/\/dcase.se\/wp-content\/uploads\/sites\/4\/2023\/05\/www.dcase.se_sos-hand-1-1280x1195.jpg\" alt=\"\" class=\"wp-image-9342\" width=\"320\" height=\"299\" srcset=\"https:\/\/dcase.se\/dcase-2024\/wp-content\/uploads\/sites\/4\/2023\/05\/www.dcase.se_sos-hand-1-1280x1195.jpg 1280w, https:\/\/dcase.se\/dcase-2024\/wp-content\/uploads\/sites\/4\/2023\/05\/www.dcase.se_sos-hand-1-300x280.jpg 300w, https:\/\/dcase.se\/dcase-2024\/wp-content\/uploads\/sites\/4\/2023\/05\/www.dcase.se_sos-hand-1-768x717.jpg 768w, https:\/\/dcase.se\/dcase-2024\/wp-content\/uploads\/sites\/4\/2023\/05\/www.dcase.se_sos-hand-1-1536x1434.jpg 1536w, https:\/\/dcase.se\/dcase-2024\/wp-content\/uploads\/sites\/4\/2023\/05\/www.dcase.se_sos-hand-1-2048x1912.jpg 2048w, https:\/\/dcase.se\/dcase-2024\/wp-content\/uploads\/sites\/4\/2023\/05\/www.dcase.se_sos-hand-1-600x560.jpg 600w, https:\/\/dcase.se\/dcase-2024\/wp-content\/uploads\/sites\/4\/2023\/05\/www.dcase.se_sos-hand-1-945x882.jpg 945w\" sizes=\"auto, (max-width: 320px) 100vw, 320px\" \/><figcaption><em>Bild: Fotogruppen, S\u00f6dersjukhuset<\/em><\/figcaption><\/figure><\/div>\n<\/div>\n<\/div><\/div>\n<\/div>\n<\/div>\n\n\n\n<p><strong>Del 2: <\/strong><\/p>\n\n\n\n<div class=\"wp-block-group\"><div class=\"wp-block-group__inner-container is-layout-flow wp-block-group-is-layout-flow\">\n<p class=\"has-text-align-left has-large-font-size\"><strong>De oh\u00f6rda ropen \u2013 tre kvinnors vittnesm\u00e5l fr\u00e5n f\u00f6rlossningsv\u00e5rden<\/strong><\/p>\n\n\n\n<blockquote class=\"wp-block-quote is-layout-flow wp-block-quote-is-layout-flow\" style=\"font-style:normal;font-weight:100\"><p>&nbsp;&#8221;Jag gr\u00e4t och tryckte p\u00e5 min psykiska oh\u00e4lsa&#8221;<\/p><cite>Nathalie johansson<\/cite><\/blockquote>\n<\/div><\/div>\n\n\n\n<div style=\"text-align:center\" class=\"wp-block-atomic-blocks-ab-button ab-block-button\"><a href=\"https:\/\/dcase.se\/dcase-2024\/nar-ingen-lyssnar-pa-nagot-vis-blir-det-ju-en-form-av-overgrepp\/\" class=\"ab-button ab-button-shape-rounded ab-button-size-medium\" style=\"color:#ffffff;background-color:#032f8f\">L\u00e4s om Nathalies ber\u00e4ttelse<\/a><\/div>\n\n\n\n<blockquote class=\"wp-block-quote is-layout-flow wp-block-quote-is-layout-flow\" style=\"font-style:normal;font-weight:100\"><p>&#8221;Man ska inte beh\u00f6va kriga f\u00f6r sin sak p\u00e5 det s\u00e4ttet&#8221;<\/p><cite>\u00c5sa backhaus<\/cite><\/blockquote>\n\n\n\n<div style=\"text-align:center\" class=\"wp-block-atomic-blocks-ab-button ab-block-button\"><a href=\"https:\/\/dcase.se\/dcase-2024\/asa\/\" class=\"ab-button ab-button-shape-rounded ab-button-size-medium\" style=\"color:#ffffff;background-color:#032f8f\">L\u00e4s om \u00c5sas ber\u00e4ttelse<\/a><\/div>\n\n\n\n<blockquote class=\"wp-block-quote is-layout-flow wp-block-quote-is-layout-flow\"><p>&#8221;Min r\u00f6st r\u00e4knades inte. Jag var krossad&#8221;<\/p><\/blockquote>\n\n\n\n<div style=\"text-align:center\" class=\"wp-block-atomic-blocks-ab-button ab-block-button\"><a href=\"https:\/\/dcase.se\/dcase-2024\/annika-min-rost-raknades-inte\/\" class=\"ab-button ab-button-shape-rounded ab-button-size-medium\" style=\"color:#ffffff;background-color:#032f8f\">L\u00e4s om Annikas ber\u00e4ttelse<\/a><\/div>\n\n\n\n<div id=\"wp-block-themeisle-blocks-advanced-columns-ac61db5b\" class=\"wp-block-themeisle-blocks-advanced-columns has-2-columns has-desktop-equal-layout has-tablet-equal-layout has-mobile-collapsedRows-layout has-vertical-unset\"><div class=\"wp-block-themeisle-blocks-advanced-columns-overlay\"><\/div><div class=\"innerblocks-wrap\">\n<div id=\"wp-block-themeisle-blocks-advanced-column-ed44c5cb\" class=\"wp-block-themeisle-blocks-advanced-column\">\n<p><strong>Del 3: <\/strong><\/p>\n\n\n\n<p class=\"has-large-font-size\"><strong>Den tudelade synen bland v\u00e5rdansvariga och vittnesm\u00e5len<\/strong><\/p>\n\n\n\n<p>Kvinnorna undrar hur det kan ha blivit s\u00e5 h\u00e4r. Vi tar med deras fr\u00e5gor till tv\u00e5 olika sjukhus och utkr\u00e4ver \u00e4ven ansvar fr\u00e5n socialstyrelsen.<\/p>\n\n\n\n<p><\/p>\n\n\n\n<p><\/p>\n<\/div>\n\n\n\n<div id=\"wp-block-themeisle-blocks-advanced-column-fa4eb101\" class=\"wp-block-themeisle-blocks-advanced-column\">\n<div class=\"wp-block-image\"><figure class=\"aligncenter size-large is-resized\"><img loading=\"lazy\" decoding=\"async\" src=\"https:\/\/dcase.se\/wp-content\/uploads\/sites\/4\/2023\/05\/www.dcase.se_socialstyrelsen-1280x859.jpeg\" alt=\"\" class=\"wp-image-11750\" width=\"320\" height=\"215\" srcset=\"https:\/\/dcase.se\/dcase-2024\/wp-content\/uploads\/sites\/4\/2023\/05\/www.dcase.se_socialstyrelsen-1280x859.jpeg 1280w, https:\/\/dcase.se\/dcase-2024\/wp-content\/uploads\/sites\/4\/2023\/05\/www.dcase.se_socialstyrelsen-300x201.jpeg 300w, https:\/\/dcase.se\/dcase-2024\/wp-content\/uploads\/sites\/4\/2023\/05\/www.dcase.se_socialstyrelsen-768x516.jpeg 768w, https:\/\/dcase.se\/dcase-2024\/wp-content\/uploads\/sites\/4\/2023\/05\/www.dcase.se_socialstyrelsen-1536x1031.jpeg 1536w, https:\/\/dcase.se\/dcase-2024\/wp-content\/uploads\/sites\/4\/2023\/05\/www.dcase.se_socialstyrelsen-2048x1375.jpeg 2048w, https:\/\/dcase.se\/dcase-2024\/wp-content\/uploads\/sites\/4\/2023\/05\/www.dcase.se_socialstyrelsen-600x403.jpeg 600w, https:\/\/dcase.se\/dcase-2024\/wp-content\/uploads\/sites\/4\/2023\/05\/www.dcase.se_socialstyrelsen-945x634.jpeg 945w\" sizes=\"auto, (max-width: 320px) 100vw, 320px\" \/><figcaption><em>Socialstyrelsen \/ Bild: IPTC<\/em><\/figcaption><\/figure><\/div>\n\n\n\n<p><\/p>\n<\/div>\n<\/div><\/div>\n\n\n\n<div class=\"wp-block-atomic-blocks-ab-button ab-block-button\"><a href=\"https:\/\/dcase.se\/dcase-2024\/forlossningsupplevelsen-blir-lidande-riktlinjer-saknas\/\" class=\"ab-button ab-button-shape-rounded ab-button-size-medium\" style=\"color:#ffffff;background-color:#032f8f\">L\u00e4s artikeln h\u00e4r<\/a><\/div>\n\n\n\n<p><strong>Del 4:<\/strong><\/p>\n\n\n\n<p class=\"has-large-font-size\"><strong>\u00d6verl\u00e4karen \u2013 &#8221;De flesta f\u00f6rlossningar \u00e4r ju okomplicerade&#8221;<\/strong><\/p>\n\n\n\n<p>Ylva Vladic Stjernholm f\u00f6rklarar riskerna med kejsarsnitt, b\u00e5de p\u00e5 kortare- och l\u00e4ngre sikt. \u00c4ven p\u00e5 vilket s\u00e4tt de psykiska aspekterna tas i h\u00e4nsyn i beslutsfattandet.<\/p>\n\n\n\n<div class=\"wp-block-atomic-blocks-ab-button ab-block-button\"><a href=\"https:\/\/dcase.se\/dcase-2024\/overlakaren-de-flesta-forlossningar-ar-ju-okomplicerade%ef%bf%bc\/\" class=\"ab-button ab-button-shape-rounded ab-button-size-medium\" style=\"color:#ffffff;background-color:#032f8f\">L\u00e4s artikeln h\u00e4r<\/a><\/div>\n","protected":false},"excerpt":{"rendered":"<p>Del 2: De oh\u00f6rda ropen \u2013 tre kvinnors vittnesm\u00e5l fr\u00e5n f\u00f6rlossningsv\u00e5rden &nbsp;&#8221;Jag gr\u00e4t och tryckte p\u00e5 min psykiska oh\u00e4lsa&#8221; Nathalie johansson &#8221;Man ska inte beh\u00f6va kriga f\u00f6r sin sak p\u00e5 det s\u00e4ttet&#8221; \u00c5sa backhaus &#8221;Min r\u00f6st r\u00e4knades inte. Jag var&#8230; <a class=\"more-link\" href=\"https:\/\/dcase.se\/dcase-2024\/i-ett-land-dar-varden-ska-vara-lika-for-alla-verkar-ens-postnummer-paverka-ens-chanser-till-att-foda-pa-sina-egna-villkor-dcase-granskar-forlossningsvarden-i-sverige-forlossningstvanget\/\">Forts\u00e4tt l\u00e4sa &rarr;<\/a><\/p>\n","protected":false},"author":143,"featured_media":9004,"parent":0,"menu_order":0,"comment_status":"closed","ping_status":"closed","template":"","meta":{"_monsterinsights_skip_tracking":false,"_monsterinsights_sitenote_active":false,"_monsterinsights_sitenote_note":"","_monsterinsights_sitenote_category":0,"_themeisle_gutenberg_block_has_review":false,"footnotes":""},"class_list":["post-8718","page","type-page","status-publish","has-post-thumbnail","hentry"],"aioseo_notices":[],"featured_image_src":"https:\/\/dcase.se\/dcase-2024\/wp-content\/uploads\/sites\/4\/2023\/05\/www.dcase.se_gravbild-ny-3-600x400.jpg","featured_image_src_square":"https:\/\/dcase.se\/dcase-2024\/wp-content\/uploads\/sites\/4\/2023\/05\/www.dcase.se_gravbild-ny-3-600x600.jpg","_links":{"self":[{"href":"https:\/\/dcase.se\/dcase-2024\/wp-json\/wp\/v2\/pages\/8718","targetHints":{"allow":["GET"]}}],"collection":[{"href":"https:\/\/dcase.se\/dcase-2024\/wp-json\/wp\/v2\/pages"}],"about":[{"href":"https:\/\/dcase.se\/dcase-2024\/wp-json\/wp\/v2\/types\/page"}],"author":[{"embeddable":true,"href":"https:\/\/dcase.se\/dcase-2024\/wp-json\/wp\/v2\/users\/143"}],"replies":[{"embeddable":true,"href":"https:\/\/dcase.se\/dcase-2024\/wp-json\/wp\/v2\/comments?post=8718"}],"version-history":[{"count":61,"href":"https:\/\/dcase.se\/dcase-2024\/wp-json\/wp\/v2\/pages\/8718\/revisions"}],"predecessor-version":[{"id":11801,"href":"https:\/\/dcase.se\/dcase-2024\/wp-json\/wp\/v2\/pages\/8718\/revisions\/11801"}],"wp:featuredmedia":[{"embeddable":true,"href":"https:\/\/dcase.se\/dcase-2024\/wp-json\/wp\/v2\/media\/9004"}],"wp:attachment":[{"href":"https:\/\/dcase.se\/dcase-2024\/wp-json\/wp\/v2\/media?parent=8718"}],"curies":[{"name":"wp","href":"https:\/\/api.w.org\/{rel}","templated":true}]}}