{"id":9023,"date":"2023-05-24T15:09:12","date_gmt":"2023-05-24T14:09:12","guid":{"rendered":"http:\/\/dcase.se\/dcase2024\/?page_id=9023"},"modified":"2023-05-30T16:29:52","modified_gmt":"2023-05-30T15:29:52","slug":"granskning-av-spelmarknaden-hur-fastnar-unga-vuxna-i-ett-missbruk","status":"publish","type":"page","link":"https:\/\/dcase.se\/dcase-2024\/granskning-av-spelmarknaden-hur-fastnar-unga-vuxna-i-ett-missbruk\/","title":{"rendered":"Granskning av spelmarknaden &#8211; s\u00e5 fastnar unga vuxna i ett missbruk"},"content":{"rendered":"\n<p><\/p>\n\n\n\n<div id=\"wp-block-themeisle-blocks-advanced-columns-1c0eb1a4\" class=\"wp-block-themeisle-blocks-advanced-columns has-2-columns has-desktop-equal-layout has-tablet-equal-layout has-mobile-collapsedRows-layout has-vertical-unset\"><div class=\"wp-block-themeisle-blocks-advanced-columns-overlay\"><\/div><div class=\"innerblocks-wrap\">\n<div id=\"wp-block-themeisle-blocks-advanced-column-df79288d\" class=\"wp-block-themeisle-blocks-advanced-column\">\n<p><strong>Del 1:<\/strong><\/p>\n\n\n\n<h2 class=\"wp-block-heading\">Spelberoendets start<\/h2>\n\n\n\n<p>Trots nya regleringar s\u00e5 forts\u00e4tter unga vuxna att bli beroende av att spela om pengar. I f\u00f6rsta delen s\u00e5 f\u00f6rklaras hur dessa unga hamnar i ett missbruk.<\/p>\n\n\n\n<div id=\"wp-block-themeisle-blocks-button-group-93f10d55\" class=\"wp-block-themeisle-blocks-button-group wp-block-buttons\">\n<div id=\"wp-block-themeisle-blocks-button-e3c29de7\" class=\"wp-block-themeisle-blocks-button wp-block-button\"><a href=\"https:\/\/dcase.se\/dcase-2024\/spelberoendets-start-med-facit-i-hand-sa-ar-jag-lyckligt-lottad-att-jag-sitter-har-och-lever\/\" target=\"_self\" rel=\"noopener noreferrer\" class=\"wp-block-button__link\"><span>L\u00e4s artikeln h\u00e4r<\/span><\/a><\/div>\n<\/div>\n<\/div>\n\n\n\n<div id=\"wp-block-themeisle-blocks-advanced-column-b0dddde0\" class=\"wp-block-themeisle-blocks-advanced-column\">\n<figure class=\"wp-block-image size-full\"><img loading=\"lazy\" decoding=\"async\" width=\"828\" height=\"621\" src=\"https:\/\/dcase.se\/wp-content\/uploads\/sites\/4\/2023\/05\/www.dcase.se_346103901-789117149442004-9265378445816897-n-3.jpg\" alt=\"\" class=\"wp-image-9086\" srcset=\"https:\/\/dcase.se\/dcase-2024\/wp-content\/uploads\/sites\/4\/2023\/05\/www.dcase.se_346103901-789117149442004-9265378445816897-n-3.jpg 828w, https:\/\/dcase.se\/dcase-2024\/wp-content\/uploads\/sites\/4\/2023\/05\/www.dcase.se_346103901-789117149442004-9265378445816897-n-3-300x225.jpg 300w, https:\/\/dcase.se\/dcase-2024\/wp-content\/uploads\/sites\/4\/2023\/05\/www.dcase.se_346103901-789117149442004-9265378445816897-n-3-768x576.jpg 768w, https:\/\/dcase.se\/dcase-2024\/wp-content\/uploads\/sites\/4\/2023\/05\/www.dcase.se_346103901-789117149442004-9265378445816897-n-3-600x450.jpg 600w\" sizes=\"auto, (max-width: 828px) 100vw, 828px\" \/><\/figure>\n<\/div>\n<\/div><\/div>\n\n\n\n<p> <\/p>\n\n\n\n<p><\/p>\n\n\n\n<div id=\"wp-block-themeisle-blocks-advanced-columns-df8e4939\" class=\"wp-block-themeisle-blocks-advanced-columns has-2-columns has-desktop-equal-layout has-tablet-equal-layout has-mobile-collapsedRows-layout has-vertical-unset\"><div class=\"wp-block-themeisle-blocks-advanced-columns-overlay\"><\/div><div class=\"innerblocks-wrap\">\n<div id=\"wp-block-themeisle-blocks-advanced-column-ba090376\" class=\"wp-block-themeisle-blocks-advanced-column\">\n<p><strong>Del 2:<\/strong><\/p>\n\n\n\n<h2 class=\"wp-block-heading\"><strong>Spelmissbruket som f\u00f6r\u00e4ndrade Philips liv<\/strong><\/h2>\n\n\n\n<p>I denna del f\u00e5r Philip M\u00e5rtensson ber\u00e4tta hur livet var som spelberoende och hur det kom att p\u00e5verka hans framtid.<\/p>\n\n\n\n<div id=\"wp-block-themeisle-blocks-button-group-a9166d92\" class=\"wp-block-themeisle-blocks-button-group wp-block-buttons\">\n<div id=\"wp-block-themeisle-blocks-button-0b160d88\" class=\"wp-block-themeisle-blocks-button wp-block-button\"><a href=\"https:\/\/dcase.se\/dcase-2024\/att-leva-i-ett-spelmissbruk-jag-kunde-ga-over-lik-for-en-hundralapp\/\" target=\"_self\" rel=\"noopener noreferrer\" class=\"wp-block-button__link\"><span>L\u00e4s artikeln h\u00e4r<\/span><\/a><\/div>\n<\/div>\n<\/div>\n\n\n\n<div id=\"wp-block-themeisle-blocks-advanced-column-612ba10b\" class=\"wp-block-themeisle-blocks-advanced-column\">\n<figure class=\"wp-block-image size-large\"><img loading=\"lazy\" decoding=\"async\" width=\"1280\" height=\"851\" src=\"https:\/\/dcase.se\/wp-content\/uploads\/sites\/4\/2023\/05\/www.dcase.se_skarmavbild-2023-05-26-kl.-16.04.57-1280x851.png\" alt=\"\" class=\"wp-image-10880\" srcset=\"https:\/\/dcase.se\/dcase-2024\/wp-content\/uploads\/sites\/4\/2023\/05\/www.dcase.se_skarmavbild-2023-05-26-kl.-16.04.57-1280x851.png 1280w, https:\/\/dcase.se\/dcase-2024\/wp-content\/uploads\/sites\/4\/2023\/05\/www.dcase.se_skarmavbild-2023-05-26-kl.-16.04.57-300x200.png 300w, https:\/\/dcase.se\/dcase-2024\/wp-content\/uploads\/sites\/4\/2023\/05\/www.dcase.se_skarmavbild-2023-05-26-kl.-16.04.57-768x511.png 768w, https:\/\/dcase.se\/dcase-2024\/wp-content\/uploads\/sites\/4\/2023\/05\/www.dcase.se_skarmavbild-2023-05-26-kl.-16.04.57-1536x1022.png 1536w, https:\/\/dcase.se\/dcase-2024\/wp-content\/uploads\/sites\/4\/2023\/05\/www.dcase.se_skarmavbild-2023-05-26-kl.-16.04.57-2048x1362.png 2048w, https:\/\/dcase.se\/dcase-2024\/wp-content\/uploads\/sites\/4\/2023\/05\/www.dcase.se_skarmavbild-2023-05-26-kl.-16.04.57-600x399.png 600w, https:\/\/dcase.se\/dcase-2024\/wp-content\/uploads\/sites\/4\/2023\/05\/www.dcase.se_skarmavbild-2023-05-26-kl.-16.04.57-945x629.png 945w\" sizes=\"auto, (max-width: 1280px) 100vw, 1280px\" \/><\/figure>\n<\/div>\n<\/div><\/div>\n\n\n\n<p><\/p>\n\n\n\n<p><\/p>\n\n\n\n<div id=\"wp-block-themeisle-blocks-advanced-columns-94b42fdf\" class=\"wp-block-themeisle-blocks-advanced-columns has-2-columns has-desktop-equal-layout has-tablet-equal-layout has-mobile-collapsedRows-layout has-vertical-unset\"><div class=\"wp-block-themeisle-blocks-advanced-columns-overlay\"><\/div><div class=\"innerblocks-wrap\">\n<div id=\"wp-block-themeisle-blocks-advanced-column-4b648ff7\" class=\"wp-block-themeisle-blocks-advanced-column\">\n<p><strong>Del 3:<\/strong><\/p>\n\n\n\n<h2 class=\"wp-block-heading\">Spelbolagens svar: &#8221;Problemspelare \u00e4r inget vi vill ha&#8221;<\/h2>\n\n\n\n<p>I den tredje delen av granskningen kommer spelbolagen f\u00e5 m\u00f6jligheten att bem\u00f6ta kritiken.<\/p>\n\n\n\n<div id=\"wp-block-themeisle-blocks-button-group-3dfd8e34\" class=\"wp-block-themeisle-blocks-button-group wp-block-buttons\">\n<div id=\"wp-block-themeisle-blocks-button-0bbf4bf2\" class=\"wp-block-themeisle-blocks-button wp-block-button\"><a href=\"https:\/\/dcase.se\/dcase-2024\/spelbolagens-svar-problemspelare-ar-inget-vi-vill-ha-hos-oss\/\" target=\"_self\" rel=\"noopener noreferrer\" class=\"wp-block-button__link\"><span>L\u00e4s artikeln h\u00e4r<\/span><\/a><\/div>\n<\/div>\n<\/div>\n\n\n\n<div id=\"wp-block-themeisle-blocks-advanced-column-931bcb9c\" class=\"wp-block-themeisle-blocks-advanced-column\">\n<figure class=\"wp-block-image size-full is-resized\"><img loading=\"lazy\" decoding=\"async\" src=\"https:\/\/dcase.se\/wp-content\/uploads\/sites\/4\/2023\/05\/www.dcase.se_mobile-casino-5012426-1280.jpeg\" alt=\"\" class=\"wp-image-11552\" width=\"493\" height=\"277\" srcset=\"https:\/\/dcase.se\/dcase-2024\/wp-content\/uploads\/sites\/4\/2023\/05\/www.dcase.se_mobile-casino-5012426-1280.jpeg 1280w, https:\/\/dcase.se\/dcase-2024\/wp-content\/uploads\/sites\/4\/2023\/05\/www.dcase.se_mobile-casino-5012426-1280-300x169.jpeg 300w, https:\/\/dcase.se\/dcase-2024\/wp-content\/uploads\/sites\/4\/2023\/05\/www.dcase.se_mobile-casino-5012426-1280-768x432.jpeg 768w, https:\/\/dcase.se\/dcase-2024\/wp-content\/uploads\/sites\/4\/2023\/05\/www.dcase.se_mobile-casino-5012426-1280-600x338.jpeg 600w, https:\/\/dcase.se\/dcase-2024\/wp-content\/uploads\/sites\/4\/2023\/05\/www.dcase.se_mobile-casino-5012426-1280-945x532.jpeg 945w\" sizes=\"auto, (max-width: 493px) 100vw, 493px\" \/><\/figure>\n<\/div>\n<\/div><\/div>\n\n\n\n<p><\/p>\n\n\n\n<div id=\"wp-block-themeisle-blocks-advanced-columns-1d032d3f\" class=\"wp-block-themeisle-blocks-advanced-columns has-2-columns has-desktop-equal-layout has-tablet-equal-layout has-mobile-collapsedRows-layout has-vertical-unset\"><div class=\"wp-block-themeisle-blocks-advanced-columns-overlay\"><\/div><div class=\"innerblocks-wrap\">\n<div id=\"wp-block-themeisle-blocks-advanced-column-b93d3de1\" class=\"wp-block-themeisle-blocks-advanced-column\">\n<p><strong>Del 4:<\/strong><\/p>\n\n\n\n<h2 class=\"wp-block-heading\">Tillfriskandet fr\u00e5n ett spelberoende<\/h2>\n\n\n\n<p>Har du eller n\u00e5gon du k\u00e4nner ett spelberoende? L\u00e4s v\u00e5r fj\u00e4rde och sista del om hur du kan f\u00e5 hj\u00e4lp att komma ut ur ett spelberoende. <\/p>\n<\/div>\n\n\n\n<div id=\"wp-block-themeisle-blocks-advanced-column-94045ea2\" class=\"wp-block-themeisle-blocks-advanced-column\">\n<figure class=\"wp-block-image size-large\"><img loading=\"lazy\" decoding=\"async\" width=\"1280\" height=\"854\" src=\"https:\/\/dcase.se\/wp-content\/uploads\/sites\/4\/2023\/05\/www.dcase.se_1177-webbplats-11-1280x854.jpg\" alt=\"\" class=\"wp-image-11569\" srcset=\"https:\/\/dcase.se\/dcase-2024\/wp-content\/uploads\/sites\/4\/2023\/05\/www.dcase.se_1177-webbplats-11-1280x854.jpg 1280w, https:\/\/dcase.se\/dcase-2024\/wp-content\/uploads\/sites\/4\/2023\/05\/www.dcase.se_1177-webbplats-11-300x200.jpg 300w, https:\/\/dcase.se\/dcase-2024\/wp-content\/uploads\/sites\/4\/2023\/05\/www.dcase.se_1177-webbplats-11-768x512.jpg 768w, https:\/\/dcase.se\/dcase-2024\/wp-content\/uploads\/sites\/4\/2023\/05\/www.dcase.se_1177-webbplats-11-1536x1024.jpg 1536w, https:\/\/dcase.se\/dcase-2024\/wp-content\/uploads\/sites\/4\/2023\/05\/www.dcase.se_1177-webbplats-11-2048x1366.jpg 2048w, https:\/\/dcase.se\/dcase-2024\/wp-content\/uploads\/sites\/4\/2023\/05\/www.dcase.se_1177-webbplats-11-600x400.jpg 600w, https:\/\/dcase.se\/dcase-2024\/wp-content\/uploads\/sites\/4\/2023\/05\/www.dcase.se_1177-webbplats-11-945x630.jpg 945w\" sizes=\"auto, (max-width: 1280px) 100vw, 1280px\" \/><\/figure>\n<\/div>\n<\/div><\/div>\n\n\n\n<div id=\"wp-block-themeisle-blocks-button-group-95812a78\" class=\"wp-block-themeisle-blocks-button-group wp-block-buttons\">\n<div id=\"wp-block-themeisle-blocks-button-625b28b5\" class=\"wp-block-themeisle-blocks-button wp-block-button\"><a href=\"https:\/\/dcase.se\/dcase-2024\/tillfriskandet-fran-ett-spelberoende\/\" target=\"_self\" rel=\"noopener noreferrer\" class=\"wp-block-button__link\"><span>L\u00e4s artikeln h\u00e4r<\/span><\/a><\/div>\n<\/div>\n","protected":false},"excerpt":{"rendered":"","protected":false},"author":161,"featured_media":9019,"parent":0,"menu_order":0,"comment_status":"closed","ping_status":"closed","template":"","meta":{"_monsterinsights_skip_tracking":false,"_monsterinsights_sitenote_active":false,"_monsterinsights_sitenote_note":"","_monsterinsights_sitenote_category":0,"_themeisle_gutenberg_block_has_review":false,"footnotes":""},"class_list":["post-9023","page","type-page","status-publish","has-post-thumbnail","hentry"],"aioseo_notices":[],"featured_image_src":"https:\/\/dcase.se\/dcase-2024\/wp-content\/uploads\/sites\/4\/2023\/05\/www.dcase.se_spel-om-pengar-1-600x400.jpg","featured_image_src_square":"https:\/\/dcase.se\/dcase-2024\/wp-content\/uploads\/sites\/4\/2023\/05\/www.dcase.se_spel-om-pengar-1-600x600.jpg","_links":{"self":[{"href":"https:\/\/dcase.se\/dcase-2024\/wp-json\/wp\/v2\/pages\/9023","targetHints":{"allow":["GET"]}}],"collection":[{"href":"https:\/\/dcase.se\/dcase-2024\/wp-json\/wp\/v2\/pages"}],"about":[{"href":"https:\/\/dcase.se\/dcase-2024\/wp-json\/wp\/v2\/types\/page"}],"author":[{"embeddable":true,"href":"https:\/\/dcase.se\/dcase-2024\/wp-json\/wp\/v2\/users\/161"}],"replies":[{"embeddable":true,"href":"https:\/\/dcase.se\/dcase-2024\/wp-json\/wp\/v2\/comments?post=9023"}],"version-history":[{"count":24,"href":"https:\/\/dcase.se\/dcase-2024\/wp-json\/wp\/v2\/pages\/9023\/revisions"}],"predecessor-version":[{"id":11574,"href":"https:\/\/dcase.se\/dcase-2024\/wp-json\/wp\/v2\/pages\/9023\/revisions\/11574"}],"wp:featuredmedia":[{"embeddable":true,"href":"https:\/\/dcase.se\/dcase-2024\/wp-json\/wp\/v2\/media\/9019"}],"wp:attachment":[{"href":"https:\/\/dcase.se\/dcase-2024\/wp-json\/wp\/v2\/media?parent=9023"}],"curies":[{"name":"wp","href":"https:\/\/api.w.org\/{rel}","templated":true}]}}