{"id":9140,"date":"2023-05-24T12:07:25","date_gmt":"2023-05-24T11:07:25","guid":{"rendered":"http:\/\/dcase.se\/dcase2024\/?page_id=9140"},"modified":"2023-05-30T16:46:06","modified_gmt":"2023-05-30T15:46:06","slug":"atta-procent-av-strommingen-finns-kvar-anda-ar-det-inte-straffbart-att-felrapportera-sin-fangst-dcase-granskar-det-pelagiska-fisket-slutfiskat","status":"publish","type":"page","link":"https:\/\/dcase.se\/dcase-2024\/atta-procent-av-strommingen-finns-kvar-anda-ar-det-inte-straffbart-att-felrapportera-sin-fangst-dcase-granskar-det-pelagiska-fisket-slutfiskat\/","title":{"rendered":"Str\u00f6mmingsbrist och felrapportering \u2013 DCase granskar fisket i \u00d6stersj\u00f6n"},"content":{"rendered":"\n<div class=\"wp-block-genesis-blocks-gb-columns gb-layout-team-1 gb-layout-columns-1 one-column gb-has-custom-background-color gb-columns-center alignfull\" style=\"padding-top:15%;padding-right:5%;padding-bottom:15%;padding-left:5%;background-color:#f1f1f1\"><div class=\"gb-layout-column-wrap gb-block-layout-column-gap-2 gb-is-responsive-column\" style=\"max-width:1200px\">\n<div class=\"wp-block-genesis-blocks-gb-column gb-block-layout-column\"><div class=\"gb-block-layout-column-inner\">\n<div style=\"margin-bottom:5%\" class=\"wp-block-genesis-blocks-gb-container gb-block-container\"><div class=\"gb-container-inside\"><div class=\"gb-container-content\" style=\"max-width:700px\"><\/div><\/div><\/div>\n\n\n\n<div class=\"wp-block-genesis-blocks-gb-columns gb-layout-columns-3 gb-3-col-equal\"><div class=\"gb-layout-column-wrap gb-block-layout-column-gap-2 gb-is-responsive-column\">\n<div class=\"wp-block-genesis-blocks-gb-column gb-block-layout-column\"><div class=\"gb-block-layout-column-inner\">\n<div style=\"background-color:#f2f2f2;color:#32373c\" class=\"wp-block-genesis-blocks-gb-profile-box square gb-has-avatar gb-font-size-18 gb-block-profile gb-profile-columns\"><div class=\"gb-profile-column gb-profile-avatar-wrap\"><div class=\"gb-profile-image-wrap\"><figure class=\"gb-profile-image-square\"><img loading=\"lazy\" decoding=\"async\" width=\"2048\" height=\"1536\" class=\"gb-profile-avatar wp-image-9076\" src=\"https:\/\/dcase.se\/wp-content\/uploads\/sites\/4\/2023\/05\/www.dcase.se_345906362-796441521655360-388174975964604929-n-5.jpg\" alt=\"\" srcset=\"https:\/\/dcase.se\/dcase-2024\/wp-content\/uploads\/sites\/4\/2023\/05\/www.dcase.se_345906362-796441521655360-388174975964604929-n-5.jpg 2048w, https:\/\/dcase.se\/dcase-2024\/wp-content\/uploads\/sites\/4\/2023\/05\/www.dcase.se_345906362-796441521655360-388174975964604929-n-5-300x225.jpg 300w, https:\/\/dcase.se\/dcase-2024\/wp-content\/uploads\/sites\/4\/2023\/05\/www.dcase.se_345906362-796441521655360-388174975964604929-n-5-1280x960.jpg 1280w, https:\/\/dcase.se\/dcase-2024\/wp-content\/uploads\/sites\/4\/2023\/05\/www.dcase.se_345906362-796441521655360-388174975964604929-n-5-768x576.jpg 768w, https:\/\/dcase.se\/dcase-2024\/wp-content\/uploads\/sites\/4\/2023\/05\/www.dcase.se_345906362-796441521655360-388174975964604929-n-5-1536x1152.jpg 1536w, https:\/\/dcase.se\/dcase-2024\/wp-content\/uploads\/sites\/4\/2023\/05\/www.dcase.se_345906362-796441521655360-388174975964604929-n-5-600x450.jpg 600w, https:\/\/dcase.se\/dcase-2024\/wp-content\/uploads\/sites\/4\/2023\/05\/www.dcase.se_345906362-796441521655360-388174975964604929-n-5-945x709.jpg 945w\" sizes=\"auto, (max-width: 2048px) 100vw, 2048px\" \/><\/figure><\/div><\/div><div class=\"gb-profile-column gb-profile-content-wrap\"><h2 class=\"gb-profile-name\" style=\"color:#32373c\">Felrapporteringar och str\u00f6mmingsbrist \u2013 sju ton blev 200 kilo p\u00e5 papperet<\/h2><p class=\"gb-profile-title\" style=\"color:#32373c\">Del 1<\/p><div class=\"gb-profile-text\"><p>Bristen p\u00e5 str\u00f6mming i \u00d6stersj\u00f6n och Bottenhavet har \u00f6kat de senaste \u00e5ren. Samtidigt till\u00e5ts fiskare att felrapportera sin f\u00e5ngst utan p\u00e5f\u00f6ljd. Situationen har p\u00e5talats flera g\u00e5nger \u2013 trots det verkar inte mycket f\u00f6r\u00e4ndras. <\/p><p><\/p><\/div><ul class=\"gb-social-links\"><\/ul><\/div><\/div>\n\n\n\n<div class=\"wp-block-buttons is-layout-flex wp-block-buttons-is-layout-flex\">\n<div class=\"wp-block-button\"><a class=\"wp-block-button__link\" href=\"https:\/\/dcase.se\/dcase-2024\/felrapporteringar-och-strommingsbrist-sju-ton-blev-200-kilo-pa-pappret\/\">L\u00e4s artikeln h\u00e4r<\/a><\/div>\n<\/div>\n<\/div><\/div>\n\n\n\n<div class=\"wp-block-genesis-blocks-gb-column gb-block-layout-column\"><div class=\"gb-block-layout-column-inner\">\n<div style=\"background-color:#f2f2f2;color:#32373c\" class=\"wp-block-genesis-blocks-gb-profile-box square gb-has-avatar gb-font-size-18 gb-block-profile gb-profile-columns\"><div class=\"gb-profile-column gb-profile-avatar-wrap\"><div class=\"gb-profile-image-wrap\"><figure class=\"gb-profile-image-square\"><img loading=\"lazy\" decoding=\"async\" width=\"1284\" height=\"962\" class=\"gb-profile-avatar wp-image-9974\" src=\"https:\/\/dcase.se\/wp-content\/uploads\/sites\/4\/2023\/05\/www.dcase.se_346155077-1168884027113019-1106620662886177310-n-1.jpg\" alt=\"\" srcset=\"https:\/\/dcase.se\/dcase-2024\/wp-content\/uploads\/sites\/4\/2023\/05\/www.dcase.se_346155077-1168884027113019-1106620662886177310-n-1.jpg 1284w, https:\/\/dcase.se\/dcase-2024\/wp-content\/uploads\/sites\/4\/2023\/05\/www.dcase.se_346155077-1168884027113019-1106620662886177310-n-1-300x225.jpg 300w, https:\/\/dcase.se\/dcase-2024\/wp-content\/uploads\/sites\/4\/2023\/05\/www.dcase.se_346155077-1168884027113019-1106620662886177310-n-1-1280x959.jpg 1280w, https:\/\/dcase.se\/dcase-2024\/wp-content\/uploads\/sites\/4\/2023\/05\/www.dcase.se_346155077-1168884027113019-1106620662886177310-n-1-768x575.jpg 768w, https:\/\/dcase.se\/dcase-2024\/wp-content\/uploads\/sites\/4\/2023\/05\/www.dcase.se_346155077-1168884027113019-1106620662886177310-n-1-600x450.jpg 600w, https:\/\/dcase.se\/dcase-2024\/wp-content\/uploads\/sites\/4\/2023\/05\/www.dcase.se_346155077-1168884027113019-1106620662886177310-n-1-945x708.jpg 945w\" sizes=\"auto, (max-width: 1284px) 100vw, 1284px\" \/><\/figure><\/div><\/div><div class=\"gb-profile-column gb-profile-content-wrap\"><h2 class=\"gb-profile-name\" style=\"color:#32373c\">\u00c5tta procent av str\u00f6mmingen kvar &#8211; vad inneb\u00e4r det f\u00f6r de sm\u00e5skaliga yrkesfiskarna?<\/h2><p class=\"gb-profile-title\" style=\"color:#32373c\">Del 2 <\/p><div class=\"gb-profile-text\"><p>En unders\u00f6kning av Sveriges lantbruksuniversitet och Sportfiskarna visar att endast \u00e5tta procent av str\u00f6mmingen \u00e5terst\u00e5r i vissa delar av Bottenhavet.<\/p><p>\u2013 De senaste \u00e5ren har varit de s\u00e4msta av alla, s\u00e4ger Carl-\u00c5ke Wallin, yrkesfiskare.\u00a0<\/p><\/div><ul class=\"gb-social-links\"><\/ul><\/div><\/div>\n\n\n\n<div class=\"wp-block-buttons is-layout-flex wp-block-buttons-is-layout-flex\">\n<div class=\"wp-block-button\"><a class=\"wp-block-button__link\" href=\"https:\/\/dcase.se\/dcase-2024\/atta-procent-av-strommingen-kvar-vad-innebar-det-for-de-smaskaliga-yrkesfiskarna\/\">L\u00e4s artikeln h\u00e4r<\/a><\/div>\n<\/div>\n<\/div><\/div>\n\n\n\n<div class=\"wp-block-genesis-blocks-gb-column gb-block-layout-column\"><div class=\"gb-block-layout-column-inner\">\n<div style=\"background-color:#f2f2f2;color:#32373c\" class=\"wp-block-genesis-blocks-gb-profile-box square gb-has-avatar gb-font-size-18 gb-block-profile gb-profile-columns\"><div class=\"gb-profile-column gb-profile-avatar-wrap\"><div class=\"gb-profile-image-wrap\"><figure class=\"gb-profile-image-square\"><img loading=\"lazy\" decoding=\"async\" width=\"2560\" height=\"1920\" class=\"gb-profile-avatar wp-image-11539\" src=\"https:\/\/dcase.se\/wp-content\/uploads\/sites\/4\/2023\/05\/www.dcase.se_174ad19f-5fc2-4146-a614-d5da6d4e7b57-scaled.jpg\" alt=\"\" srcset=\"https:\/\/dcase.se\/dcase-2024\/wp-content\/uploads\/sites\/4\/2023\/05\/www.dcase.se_174ad19f-5fc2-4146-a614-d5da6d4e7b57-scaled.jpg 2560w, https:\/\/dcase.se\/dcase-2024\/wp-content\/uploads\/sites\/4\/2023\/05\/www.dcase.se_174ad19f-5fc2-4146-a614-d5da6d4e7b57-300x225.jpg 300w, https:\/\/dcase.se\/dcase-2024\/wp-content\/uploads\/sites\/4\/2023\/05\/www.dcase.se_174ad19f-5fc2-4146-a614-d5da6d4e7b57-1280x960.jpg 1280w, https:\/\/dcase.se\/dcase-2024\/wp-content\/uploads\/sites\/4\/2023\/05\/www.dcase.se_174ad19f-5fc2-4146-a614-d5da6d4e7b57-768x576.jpg 768w, https:\/\/dcase.se\/dcase-2024\/wp-content\/uploads\/sites\/4\/2023\/05\/www.dcase.se_174ad19f-5fc2-4146-a614-d5da6d4e7b57-1536x1152.jpg 1536w, https:\/\/dcase.se\/dcase-2024\/wp-content\/uploads\/sites\/4\/2023\/05\/www.dcase.se_174ad19f-5fc2-4146-a614-d5da6d4e7b57-2048x1536.jpg 2048w, https:\/\/dcase.se\/dcase-2024\/wp-content\/uploads\/sites\/4\/2023\/05\/www.dcase.se_174ad19f-5fc2-4146-a614-d5da6d4e7b57-600x450.jpg 600w, https:\/\/dcase.se\/dcase-2024\/wp-content\/uploads\/sites\/4\/2023\/05\/www.dcase.se_174ad19f-5fc2-4146-a614-d5da6d4e7b57-945x709.jpg 945w\" sizes=\"auto, (max-width: 2560px) 100vw, 2560px\" \/><\/figure><\/div><\/div><div class=\"gb-profile-column gb-profile-content-wrap\"><h2 class=\"gb-profile-name\" style=\"color:#32373c\">Andra sidan av myntet \u2013 &#8221;Ingen str\u00f6mmingsbrist i \u00d6stersj\u00f6n&#8221;<\/h2><p class=\"gb-profile-title\" style=\"color:#32373c\">Del 3 <\/p><div class=\"gb-profile-text\"><p>Medier och sm\u00e5skaliga yrkesfiskare har de senaste \u00e5ren rapporterat om en omfattande str\u00f6mmingsbrist i \u00d6stersj\u00f6n och Bottenhavet. Anton Paulrud som representerar det svenska pelagiska fisket har en annan bild av situationen.<\/p><p>\u2013 Jag har aldrig h\u00f6rt om s\u00e5 stora fel innan, s\u00e4ger Paulrud.\u00a0<\/p><p><\/p><\/div><ul class=\"gb-social-links\"><\/ul><\/div><\/div>\n\n\n\n<div class=\"wp-block-buttons is-layout-flex wp-block-buttons-is-layout-flex\">\n<div class=\"wp-block-button\"><a class=\"wp-block-button__link\" href=\"https:\/\/dcase.se\/dcase-2024\/andra-sidan-av-myntet\/\">L\u00e4s artikeln h\u00e4r<\/a><\/div>\n<\/div>\n<\/div><\/div>\n<\/div><\/div>\n\n\n\n<div class=\"wp-block-genesis-blocks-gb-columns gb-layout-columns-3 gb-3-col-equal\"><div class=\"gb-layout-column-wrap gb-block-layout-column-gap-2 gb-is-responsive-column\">\n<div class=\"wp-block-genesis-blocks-gb-column gb-block-layout-column\"><div class=\"gb-block-layout-column-inner\">\n<div style=\"background-color:#f2f2f2;color:#32373c\" class=\"wp-block-genesis-blocks-gb-profile-box square gb-font-size-18 gb-block-profile gb-profile-columns\"><div class=\"gb-profile-column gb-profile-content-wrap\"><h2 class=\"gb-profile-name\" style=\"color:#32373c\"><\/h2><p class=\"gb-profile-title\" style=\"color:#32373c\"><\/p><div class=\"gb-profile-text\"><p><\/p><\/div><ul class=\"gb-social-links\"><\/ul><\/div><\/div>\n<\/div><\/div>\n\n\n\n<div class=\"wp-block-genesis-blocks-gb-column gb-block-layout-column\"><div class=\"gb-block-layout-column-inner\">\n<div style=\"background-color:#f2f2f2;color:#32373c\" class=\"wp-block-genesis-blocks-gb-profile-box square gb-font-size-18 gb-block-profile gb-profile-columns\"><div class=\"gb-profile-column gb-profile-content-wrap\"><h2 class=\"gb-profile-name\" style=\"color:#32373c\"><\/h2><p class=\"gb-profile-title\" style=\"color:#32373c\"><\/p><div class=\"gb-profile-text\"><p><\/p><\/div><ul class=\"gb-social-links\"><\/ul><\/div><\/div>\n<\/div><\/div>\n\n\n\n<div class=\"wp-block-genesis-blocks-gb-column gb-block-layout-column\"><div class=\"gb-block-layout-column-inner\">\n<div style=\"background-color:#f2f2f2;color:#32373c\" class=\"wp-block-genesis-blocks-gb-profile-box square gb-font-size-18 gb-block-profile gb-profile-columns\"><div class=\"gb-profile-column gb-profile-content-wrap\"><h2 class=\"gb-profile-name\" style=\"color:#32373c\"><\/h2><p class=\"gb-profile-title\" style=\"color:#32373c\"><\/p><div class=\"gb-profile-text\"><p><\/p><\/div><ul class=\"gb-social-links\"><\/ul><\/div><\/div>\n<\/div><\/div>\n<\/div><\/div>\n\n\n\n<p><\/p>\n<\/div><\/div>\n<\/div><\/div>\n","protected":false},"excerpt":{"rendered":"","protected":false},"author":158,"featured_media":9719,"parent":0,"menu_order":0,"comment_status":"closed","ping_status":"closed","template":"","meta":{"_monsterinsights_skip_tracking":false,"_monsterinsights_sitenote_active":false,"_monsterinsights_sitenote_note":"","_monsterinsights_sitenote_category":0,"_themeisle_gutenberg_block_has_review":false,"footnotes":""},"class_list":["post-9140","page","type-page","status-publish","has-post-thumbnail","hentry"],"aioseo_notices":[],"featured_image_src":"https:\/\/dcase.se\/dcase-2024\/wp-content\/uploads\/sites\/4\/2023\/05\/www.dcase.se_slutfiskat-1-1-600x400.jpg","featured_image_src_square":"https:\/\/dcase.se\/dcase-2024\/wp-content\/uploads\/sites\/4\/2023\/05\/www.dcase.se_slutfiskat-1-1-600x600.jpg","_links":{"self":[{"href":"https:\/\/dcase.se\/dcase-2024\/wp-json\/wp\/v2\/pages\/9140","targetHints":{"allow":["GET"]}}],"collection":[{"href":"https:\/\/dcase.se\/dcase-2024\/wp-json\/wp\/v2\/pages"}],"about":[{"href":"https:\/\/dcase.se\/dcase-2024\/wp-json\/wp\/v2\/types\/page"}],"author":[{"embeddable":true,"href":"https:\/\/dcase.se\/dcase-2024\/wp-json\/wp\/v2\/users\/158"}],"replies":[{"embeddable":true,"href":"https:\/\/dcase.se\/dcase-2024\/wp-json\/wp\/v2\/comments?post=9140"}],"version-history":[{"count":18,"href":"https:\/\/dcase.se\/dcase-2024\/wp-json\/wp\/v2\/pages\/9140\/revisions"}],"predecessor-version":[{"id":11587,"href":"https:\/\/dcase.se\/dcase-2024\/wp-json\/wp\/v2\/pages\/9140\/revisions\/11587"}],"wp:featuredmedia":[{"embeddable":true,"href":"https:\/\/dcase.se\/dcase-2024\/wp-json\/wp\/v2\/media\/9719"}],"wp:attachment":[{"href":"https:\/\/dcase.se\/dcase-2024\/wp-json\/wp\/v2\/media?parent=9140"}],"curies":[{"name":"wp","href":"https:\/\/api.w.org\/{rel}","templated":true}]}}