{"id":9413,"date":"2023-05-24T09:09:11","date_gmt":"2023-05-24T08:09:11","guid":{"rendered":"http:\/\/dcase.se\/dcase2024\/?page_id=9413"},"modified":"2023-05-30T16:28:33","modified_gmt":"2023-05-30T15:28:33","slug":"dcase-2023","status":"publish","type":"page","link":"https:\/\/dcase.se\/dcase-2024\/dcase-2023\/","title":{"rendered":"DCase 2023"},"content":{"rendered":"\n<p><\/p>\n\n\n<section class=\"gb-block-post-grid featuredpage aligncenter\"><div class=\"gb-post-grid-items is-grid columns-2\"><article id=\"post-9453\" class=\"gb-post-grid-item post-9453 page type-page status-publish has-post-thumbnail hentry\"><div class=\"gb-block-post-grid-image\"><a href=\"https:\/\/dcase.se\/dcase-2024\/teatern-i-domstolarna-dcase-granskar-tvangsvarden\/\" rel=\"bookmark\" aria-hidden=\"true\" tabindex=\"-1\"><img loading=\"lazy\" decoding=\"async\" width=\"1500\" height=\"960\" src=\"https:\/\/dcase.se\/dcase-2024\/wp-content\/uploads\/sites\/4\/2023\/05\/www.dcase.se_tvangsvardslosheten-konceptbild-1.png\" class=\"attachment-full size-full\" alt=\"\" srcset=\"https:\/\/dcase.se\/dcase-2024\/wp-content\/uploads\/sites\/4\/2023\/05\/www.dcase.se_tvangsvardslosheten-konceptbild-1.png 1500w, https:\/\/dcase.se\/dcase-2024\/wp-content\/uploads\/sites\/4\/2023\/05\/www.dcase.se_tvangsvardslosheten-konceptbild-1-300x192.png 300w, https:\/\/dcase.se\/dcase-2024\/wp-content\/uploads\/sites\/4\/2023\/05\/www.dcase.se_tvangsvardslosheten-konceptbild-1-1280x819.png 1280w, https:\/\/dcase.se\/dcase-2024\/wp-content\/uploads\/sites\/4\/2023\/05\/www.dcase.se_tvangsvardslosheten-konceptbild-1-768x492.png 768w, https:\/\/dcase.se\/dcase-2024\/wp-content\/uploads\/sites\/4\/2023\/05\/www.dcase.se_tvangsvardslosheten-konceptbild-1-600x384.png 600w, https:\/\/dcase.se\/dcase-2024\/wp-content\/uploads\/sites\/4\/2023\/05\/www.dcase.se_tvangsvardslosheten-konceptbild-1-945x605.png 945w\" sizes=\"auto, (max-width: 1500px) 100vw, 1500px\" \/><\/a><\/div><div class=\"gb-block-post-grid-text\"><header class=\"gb-block-post-grid-header\"><h3 class=\"gb-block-post-grid-title\"><a href=\"https:\/\/dcase.se\/dcase-2024\/teatern-i-domstolarna-dcase-granskar-tvangsvarden\/\" rel=\"bookmark\">Teatern i domstolarna &#8211; DCase granskar tv\u00e5ngsv\u00e5rden<\/a><\/h3><\/header><div class=\"gb-block-post-grid-excerpt\"><p><a class=\"gb-block-post-grid-more-link gb-text-link\" href=\"https:\/\/dcase.se\/dcase-2024\/teatern-i-domstolarna-dcase-granskar-tvangsvarden\/\" rel=\"bookmark\">Till granskningen <span class=\"screen-reader-text\">Teatern i domstolarna &#8211; DCase granskar tv\u00e5ngsv\u00e5rden<\/span><\/a><\/p><\/div><\/div><\/article>\n<article id=\"post-8682\" class=\"gb-post-grid-item post-8682 page type-page status-publish has-post-thumbnail hentry\"><div class=\"gb-block-post-grid-image\"><a href=\"https:\/\/dcase.se\/dcase-2024\/stangdadorrar\/\" rel=\"bookmark\" aria-hidden=\"true\" tabindex=\"-1\"><img loading=\"lazy\" decoding=\"async\" width=\"1500\" height=\"960\" src=\"https:\/\/dcase.se\/dcase-2024\/wp-content\/uploads\/sites\/4\/2023\/05\/www.dcase.se_konceptbild.jpg\" class=\"attachment-full size-full\" alt=\"\" srcset=\"https:\/\/dcase.se\/dcase-2024\/wp-content\/uploads\/sites\/4\/2023\/05\/www.dcase.se_konceptbild.jpg 1500w, https:\/\/dcase.se\/dcase-2024\/wp-content\/uploads\/sites\/4\/2023\/05\/www.dcase.se_konceptbild-300x192.jpg 300w, https:\/\/dcase.se\/dcase-2024\/wp-content\/uploads\/sites\/4\/2023\/05\/www.dcase.se_konceptbild-1280x819.jpg 1280w, https:\/\/dcase.se\/dcase-2024\/wp-content\/uploads\/sites\/4\/2023\/05\/www.dcase.se_konceptbild-768x492.jpg 768w, https:\/\/dcase.se\/dcase-2024\/wp-content\/uploads\/sites\/4\/2023\/05\/www.dcase.se_konceptbild-600x384.jpg 600w, https:\/\/dcase.se\/dcase-2024\/wp-content\/uploads\/sites\/4\/2023\/05\/www.dcase.se_konceptbild-945x605.jpg 945w\" sizes=\"auto, (max-width: 1500px) 100vw, 1500px\" \/><\/a><\/div><div class=\"gb-block-post-grid-text\"><header class=\"gb-block-post-grid-header\"><h3 class=\"gb-block-post-grid-title\"><a href=\"https:\/\/dcase.se\/dcase-2024\/stangdadorrar\/\" rel=\"bookmark\">S\u00e5 prioriterade Mittuniversitetet sk\u00f6nheten f\u00f6re handikapp-anpassning<\/a><\/h3><\/header><div class=\"gb-block-post-grid-excerpt\"><p><a class=\"gb-block-post-grid-more-link gb-text-link\" href=\"https:\/\/dcase.se\/dcase-2024\/stangdadorrar\/\" rel=\"bookmark\">Till granskningen <span class=\"screen-reader-text\">S\u00e5 prioriterade Mittuniversitetet sk\u00f6nheten f\u00f6re handikapp-anpassning<\/span><\/a><\/p><\/div><\/div><\/article>\n<article id=\"post-9140\" class=\"gb-post-grid-item post-9140 page type-page status-publish has-post-thumbnail hentry\"><div class=\"gb-block-post-grid-image\"><a href=\"https:\/\/dcase.se\/dcase-2024\/atta-procent-av-strommingen-finns-kvar-anda-ar-det-inte-straffbart-att-felrapportera-sin-fangst-dcase-granskar-det-pelagiska-fisket-slutfiskat\/\" rel=\"bookmark\" aria-hidden=\"true\" tabindex=\"-1\"><img loading=\"lazy\" decoding=\"async\" width=\"1500\" height=\"960\" src=\"https:\/\/dcase.se\/dcase-2024\/wp-content\/uploads\/sites\/4\/2023\/05\/www.dcase.se_slutfiskat-1-1.jpg\" class=\"attachment-full size-full\" alt=\"\" srcset=\"https:\/\/dcase.se\/dcase-2024\/wp-content\/uploads\/sites\/4\/2023\/05\/www.dcase.se_slutfiskat-1-1.jpg 1500w, https:\/\/dcase.se\/dcase-2024\/wp-content\/uploads\/sites\/4\/2023\/05\/www.dcase.se_slutfiskat-1-1-300x192.jpg 300w, https:\/\/dcase.se\/dcase-2024\/wp-content\/uploads\/sites\/4\/2023\/05\/www.dcase.se_slutfiskat-1-1-1280x819.jpg 1280w, https:\/\/dcase.se\/dcase-2024\/wp-content\/uploads\/sites\/4\/2023\/05\/www.dcase.se_slutfiskat-1-1-768x492.jpg 768w, https:\/\/dcase.se\/dcase-2024\/wp-content\/uploads\/sites\/4\/2023\/05\/www.dcase.se_slutfiskat-1-1-600x384.jpg 600w, https:\/\/dcase.se\/dcase-2024\/wp-content\/uploads\/sites\/4\/2023\/05\/www.dcase.se_slutfiskat-1-1-945x605.jpg 945w\" sizes=\"auto, (max-width: 1500px) 100vw, 1500px\" \/><\/a><\/div><div class=\"gb-block-post-grid-text\"><header class=\"gb-block-post-grid-header\"><h3 class=\"gb-block-post-grid-title\"><a href=\"https:\/\/dcase.se\/dcase-2024\/atta-procent-av-strommingen-finns-kvar-anda-ar-det-inte-straffbart-att-felrapportera-sin-fangst-dcase-granskar-det-pelagiska-fisket-slutfiskat\/\" rel=\"bookmark\">Str\u00f6mmingsbrist och felrapportering \u2013 DCase granskar fisket i \u00d6stersj\u00f6n<\/a><\/h3><\/header><div class=\"gb-block-post-grid-excerpt\"><p><a class=\"gb-block-post-grid-more-link gb-text-link\" href=\"https:\/\/dcase.se\/dcase-2024\/atta-procent-av-strommingen-finns-kvar-anda-ar-det-inte-straffbart-att-felrapportera-sin-fangst-dcase-granskar-det-pelagiska-fisket-slutfiskat\/\" rel=\"bookmark\">Till granskningen <span class=\"screen-reader-text\">Str\u00f6mmingsbrist och felrapportering \u2013 DCase granskar fisket i \u00d6stersj\u00f6n<\/span><\/a><\/p><\/div><\/div><\/article>\n<article id=\"post-8718\" class=\"gb-post-grid-item post-8718 page type-page status-publish has-post-thumbnail hentry\"><div class=\"gb-block-post-grid-image\"><a href=\"https:\/\/dcase.se\/dcase-2024\/i-ett-land-dar-varden-ska-vara-lika-for-alla-verkar-ens-postnummer-paverka-ens-chanser-till-att-foda-pa-sina-egna-villkor-dcase-granskar-forlossningsvarden-i-sverige-forlossningstvanget\/\" rel=\"bookmark\" aria-hidden=\"true\" tabindex=\"-1\"><img loading=\"lazy\" decoding=\"async\" width=\"1500\" height=\"960\" src=\"https:\/\/dcase.se\/dcase-2024\/wp-content\/uploads\/sites\/4\/2023\/05\/www.dcase.se_gravbild-ny-3.jpg\" class=\"attachment-full size-full\" alt=\"\" srcset=\"https:\/\/dcase.se\/dcase-2024\/wp-content\/uploads\/sites\/4\/2023\/05\/www.dcase.se_gravbild-ny-3.jpg 1500w, https:\/\/dcase.se\/dcase-2024\/wp-content\/uploads\/sites\/4\/2023\/05\/www.dcase.se_gravbild-ny-3-300x192.jpg 300w, https:\/\/dcase.se\/dcase-2024\/wp-content\/uploads\/sites\/4\/2023\/05\/www.dcase.se_gravbild-ny-3-1280x819.jpg 1280w, https:\/\/dcase.se\/dcase-2024\/wp-content\/uploads\/sites\/4\/2023\/05\/www.dcase.se_gravbild-ny-3-768x492.jpg 768w, https:\/\/dcase.se\/dcase-2024\/wp-content\/uploads\/sites\/4\/2023\/05\/www.dcase.se_gravbild-ny-3-600x384.jpg 600w, https:\/\/dcase.se\/dcase-2024\/wp-content\/uploads\/sites\/4\/2023\/05\/www.dcase.se_gravbild-ny-3-945x605.jpg 945w\" sizes=\"auto, (max-width: 1500px) 100vw, 1500px\" \/><\/a><\/div><div class=\"gb-block-post-grid-text\"><header class=\"gb-block-post-grid-header\"><h3 class=\"gb-block-post-grid-title\"><a href=\"https:\/\/dcase.se\/dcase-2024\/i-ett-land-dar-varden-ska-vara-lika-for-alla-verkar-ens-postnummer-paverka-ens-chanser-till-att-foda-pa-sina-egna-villkor-dcase-granskar-forlossningsvarden-i-sverige-forlossningstvanget\/\" rel=\"bookmark\">Att f\u00f6da med \u00e5ngest \u2013 de oh\u00f6rda ropen p\u00e5 hj\u00e4lp<\/a><\/h3><\/header><div class=\"gb-block-post-grid-excerpt\"><p><a class=\"gb-block-post-grid-more-link gb-text-link\" href=\"https:\/\/dcase.se\/dcase-2024\/i-ett-land-dar-varden-ska-vara-lika-for-alla-verkar-ens-postnummer-paverka-ens-chanser-till-att-foda-pa-sina-egna-villkor-dcase-granskar-forlossningsvarden-i-sverige-forlossningstvanget\/\" rel=\"bookmark\">Till granskningen <span class=\"screen-reader-text\">Att f\u00f6da med \u00e5ngest \u2013 de oh\u00f6rda ropen p\u00e5 hj\u00e4lp<\/span><\/a><\/p><\/div><\/div><\/article>\n<article id=\"post-9023\" class=\"gb-post-grid-item post-9023 page type-page status-publish has-post-thumbnail hentry\"><div class=\"gb-block-post-grid-image\"><a href=\"https:\/\/dcase.se\/dcase-2024\/granskning-av-spelmarknaden-hur-fastnar-unga-vuxna-i-ett-missbruk\/\" rel=\"bookmark\" aria-hidden=\"true\" tabindex=\"-1\"><img loading=\"lazy\" decoding=\"async\" width=\"1920\" height=\"1080\" src=\"https:\/\/dcase.se\/dcase-2024\/wp-content\/uploads\/sites\/4\/2023\/05\/www.dcase.se_spel-om-pengar-1.jpg\" class=\"attachment-full size-full\" alt=\"\" srcset=\"https:\/\/dcase.se\/dcase-2024\/wp-content\/uploads\/sites\/4\/2023\/05\/www.dcase.se_spel-om-pengar-1.jpg 1920w, https:\/\/dcase.se\/dcase-2024\/wp-content\/uploads\/sites\/4\/2023\/05\/www.dcase.se_spel-om-pengar-1-300x169.jpg 300w, https:\/\/dcase.se\/dcase-2024\/wp-content\/uploads\/sites\/4\/2023\/05\/www.dcase.se_spel-om-pengar-1-1280x720.jpg 1280w, https:\/\/dcase.se\/dcase-2024\/wp-content\/uploads\/sites\/4\/2023\/05\/www.dcase.se_spel-om-pengar-1-768x432.jpg 768w, https:\/\/dcase.se\/dcase-2024\/wp-content\/uploads\/sites\/4\/2023\/05\/www.dcase.se_spel-om-pengar-1-1536x864.jpg 1536w, https:\/\/dcase.se\/dcase-2024\/wp-content\/uploads\/sites\/4\/2023\/05\/www.dcase.se_spel-om-pengar-1-600x338.jpg 600w, https:\/\/dcase.se\/dcase-2024\/wp-content\/uploads\/sites\/4\/2023\/05\/www.dcase.se_spel-om-pengar-1-945x532.jpg 945w\" sizes=\"auto, (max-width: 1920px) 100vw, 1920px\" \/><\/a><\/div><div class=\"gb-block-post-grid-text\"><header class=\"gb-block-post-grid-header\"><h3 class=\"gb-block-post-grid-title\"><a href=\"https:\/\/dcase.se\/dcase-2024\/granskning-av-spelmarknaden-hur-fastnar-unga-vuxna-i-ett-missbruk\/\" rel=\"bookmark\">Granskning av spelmarknaden &#8211; s\u00e5 fastnar unga vuxna i ett missbruk<\/a><\/h3><\/header><div class=\"gb-block-post-grid-excerpt\"><p><a class=\"gb-block-post-grid-more-link gb-text-link\" href=\"https:\/\/dcase.se\/dcase-2024\/granskning-av-spelmarknaden-hur-fastnar-unga-vuxna-i-ett-missbruk\/\" rel=\"bookmark\">Till granskningen <span class=\"screen-reader-text\">Granskning av spelmarknaden &#8211; s\u00e5 fastnar unga vuxna i ett missbruk<\/span><\/a><\/p><\/div><\/div><\/article>\n<article id=\"post-9837\" class=\"gb-post-grid-item post-9837 page type-page status-publish has-post-thumbnail hentry\"><div class=\"gb-block-post-grid-image\"><a href=\"https:\/\/dcase.se\/dcase-2024\/dcase-avslojar-sa-latt-ar-det-att-kopa-sig-forbi-riskutbildningen\/\" rel=\"bookmark\" aria-hidden=\"true\" tabindex=\"-1\"><img loading=\"lazy\" decoding=\"async\" width=\"1890\" height=\"1417\" src=\"https:\/\/dcase.se\/dcase-2024\/wp-content\/uploads\/sites\/4\/2023\/05\/www.dcase.se_bild-2-ovningskor-redigerad-1.jpg\" class=\"attachment-full size-full\" alt=\"\" srcset=\"https:\/\/dcase.se\/dcase-2024\/wp-content\/uploads\/sites\/4\/2023\/05\/www.dcase.se_bild-2-ovningskor-redigerad-1.jpg 1890w, https:\/\/dcase.se\/dcase-2024\/wp-content\/uploads\/sites\/4\/2023\/05\/www.dcase.se_bild-2-ovningskor-redigerad-1-300x225.jpg 300w, https:\/\/dcase.se\/dcase-2024\/wp-content\/uploads\/sites\/4\/2023\/05\/www.dcase.se_bild-2-ovningskor-redigerad-1-1280x960.jpg 1280w, https:\/\/dcase.se\/dcase-2024\/wp-content\/uploads\/sites\/4\/2023\/05\/www.dcase.se_bild-2-ovningskor-redigerad-1-768x576.jpg 768w, https:\/\/dcase.se\/dcase-2024\/wp-content\/uploads\/sites\/4\/2023\/05\/www.dcase.se_bild-2-ovningskor-redigerad-1-1536x1152.jpg 1536w, https:\/\/dcase.se\/dcase-2024\/wp-content\/uploads\/sites\/4\/2023\/05\/www.dcase.se_bild-2-ovningskor-redigerad-1-600x450.jpg 600w, https:\/\/dcase.se\/dcase-2024\/wp-content\/uploads\/sites\/4\/2023\/05\/www.dcase.se_bild-2-ovningskor-redigerad-1-945x709.jpg 945w\" sizes=\"auto, (max-width: 1890px) 100vw, 1890px\" \/><\/a><\/div><div class=\"gb-block-post-grid-text\"><header class=\"gb-block-post-grid-header\"><h3 class=\"gb-block-post-grid-title\"><a href=\"https:\/\/dcase.se\/dcase-2024\/dcase-avslojar-sa-latt-ar-det-att-kopa-sig-forbi-riskutbildningen\/\" rel=\"bookmark\">DCase avsl\u00f6jar: S\u00e5 l\u00e4tt \u00e4r det att k\u00f6pa sig f\u00f6rbi riskutbildningen<\/a><\/h3><\/header><div class=\"gb-block-post-grid-excerpt\"><p><a class=\"gb-block-post-grid-more-link gb-text-link\" href=\"https:\/\/dcase.se\/dcase-2024\/dcase-avslojar-sa-latt-ar-det-att-kopa-sig-forbi-riskutbildningen\/\" rel=\"bookmark\">Till granskningen <span class=\"screen-reader-text\">DCase avsl\u00f6jar: S\u00e5 l\u00e4tt \u00e4r det att k\u00f6pa sig f\u00f6rbi riskutbildningen<\/span><\/a><\/p><\/div><\/div><\/article>\n<article id=\"post-11021\" class=\"gb-post-grid-item post-11021 page type-page status-publish has-post-thumbnail hentry\"><div class=\"gb-block-post-grid-image\"><a href=\"https:\/\/dcase.se\/dcase-2024\/sa-latt-hamnar-barn-och-ungdomar-i-handerna-pa-forovare-dcase-granskar-den-planeten-pedofilplaneten\/\" rel=\"bookmark\" aria-hidden=\"true\" tabindex=\"-1\"><img loading=\"lazy\" decoding=\"async\" width=\"1500\" height=\"960\" src=\"https:\/\/dcase.se\/dcase-2024\/wp-content\/uploads\/sites\/4\/2023\/05\/www.dcase.se_pedofilplaneten-1.jpg\" class=\"attachment-full size-full\" alt=\"\" srcset=\"https:\/\/dcase.se\/dcase-2024\/wp-content\/uploads\/sites\/4\/2023\/05\/www.dcase.se_pedofilplaneten-1.jpg 1500w, https:\/\/dcase.se\/dcase-2024\/wp-content\/uploads\/sites\/4\/2023\/05\/www.dcase.se_pedofilplaneten-1-300x192.jpg 300w, https:\/\/dcase.se\/dcase-2024\/wp-content\/uploads\/sites\/4\/2023\/05\/www.dcase.se_pedofilplaneten-1-1280x819.jpg 1280w, https:\/\/dcase.se\/dcase-2024\/wp-content\/uploads\/sites\/4\/2023\/05\/www.dcase.se_pedofilplaneten-1-768x492.jpg 768w, https:\/\/dcase.se\/dcase-2024\/wp-content\/uploads\/sites\/4\/2023\/05\/www.dcase.se_pedofilplaneten-1-600x384.jpg 600w, https:\/\/dcase.se\/dcase-2024\/wp-content\/uploads\/sites\/4\/2023\/05\/www.dcase.se_pedofilplaneten-1-945x605.jpg 945w\" sizes=\"auto, (max-width: 1500px) 100vw, 1500px\" \/><\/a><\/div><div class=\"gb-block-post-grid-text\"><header class=\"gb-block-post-grid-header\"><h3 class=\"gb-block-post-grid-title\"><a href=\"https:\/\/dcase.se\/dcase-2024\/sa-latt-hamnar-barn-och-ungdomar-i-handerna-pa-forovare-dcase-granskar-den-planeten-pedofilplaneten\/\" rel=\"bookmark\">S\u00e5 l\u00e4tt hamnar barn och ungdomar i h\u00e4nderna p\u00e5 f\u00f6r\u00f6vare. DCase granskar barnspelet Moviestarplanet<\/a><\/h3><\/header><div class=\"gb-block-post-grid-excerpt\"><p><a class=\"gb-block-post-grid-more-link gb-text-link\" href=\"https:\/\/dcase.se\/dcase-2024\/sa-latt-hamnar-barn-och-ungdomar-i-handerna-pa-forovare-dcase-granskar-den-planeten-pedofilplaneten\/\" rel=\"bookmark\">Till granskningen <span class=\"screen-reader-text\">S\u00e5 l\u00e4tt hamnar barn och ungdomar i h\u00e4nderna p\u00e5 f\u00f6r\u00f6vare. DCase granskar barnspelet Moviestarplanet<\/span><\/a><\/p><\/div><\/div><\/article>\n<article id=\"post-11064\" class=\"gb-post-grid-item post-11064 page type-page status-publish has-post-thumbnail hentry\"><div class=\"gb-block-post-grid-image\"><a href=\"https:\/\/dcase.se\/dcase-2024\/dcase-granskar-hashtaggarna-som-leder-till-drogmarknaden\/\" rel=\"bookmark\" aria-hidden=\"true\" tabindex=\"-1\"><img loading=\"lazy\" decoding=\"async\" width=\"1920\" height=\"1080\" src=\"https:\/\/dcase.se\/dcase-2024\/wp-content\/uploads\/sites\/4\/2023\/05\/www.dcase.se_hasch-taggarna-2.jpg\" class=\"attachment-full size-full\" alt=\"\" srcset=\"https:\/\/dcase.se\/dcase-2024\/wp-content\/uploads\/sites\/4\/2023\/05\/www.dcase.se_hasch-taggarna-2.jpg 1920w, https:\/\/dcase.se\/dcase-2024\/wp-content\/uploads\/sites\/4\/2023\/05\/www.dcase.se_hasch-taggarna-2-300x169.jpg 300w, https:\/\/dcase.se\/dcase-2024\/wp-content\/uploads\/sites\/4\/2023\/05\/www.dcase.se_hasch-taggarna-2-1280x720.jpg 1280w, https:\/\/dcase.se\/dcase-2024\/wp-content\/uploads\/sites\/4\/2023\/05\/www.dcase.se_hasch-taggarna-2-768x432.jpg 768w, https:\/\/dcase.se\/dcase-2024\/wp-content\/uploads\/sites\/4\/2023\/05\/www.dcase.se_hasch-taggarna-2-1536x864.jpg 1536w, https:\/\/dcase.se\/dcase-2024\/wp-content\/uploads\/sites\/4\/2023\/05\/www.dcase.se_hasch-taggarna-2-600x338.jpg 600w, https:\/\/dcase.se\/dcase-2024\/wp-content\/uploads\/sites\/4\/2023\/05\/www.dcase.se_hasch-taggarna-2-945x532.jpg 945w\" sizes=\"auto, (max-width: 1920px) 100vw, 1920px\" \/><\/a><\/div><div class=\"gb-block-post-grid-text\"><header class=\"gb-block-post-grid-header\"><h3 class=\"gb-block-post-grid-title\"><a href=\"https:\/\/dcase.se\/dcase-2024\/dcase-granskar-hashtaggarna-som-leder-till-drogmarknaden\/\" rel=\"bookmark\">DCase granskar hashtaggarna som leder till drogmarknaden<\/a><\/h3><\/header><div class=\"gb-block-post-grid-excerpt\"><p><a class=\"gb-block-post-grid-more-link gb-text-link\" href=\"https:\/\/dcase.se\/dcase-2024\/dcase-granskar-hashtaggarna-som-leder-till-drogmarknaden\/\" rel=\"bookmark\">Till granskningen <span class=\"screen-reader-text\">DCase granskar hashtaggarna som leder till drogmarknaden<\/span><\/a><\/p><\/div><\/div><\/article>\n<article id=\"post-10105\" class=\"gb-post-grid-item post-10105 page type-page status-publish has-post-thumbnail hentry\"><div class=\"gb-block-post-grid-image\"><a href=\"https:\/\/dcase.se\/dcase-2024\/dcase-granskning-av-nathandeln-sa-latt-ar-det-att-bli-blast-pa-ett-klick\/\" rel=\"bookmark\" aria-hidden=\"true\" tabindex=\"-1\"><img loading=\"lazy\" decoding=\"async\" width=\"2560\" height=\"1484\" src=\"https:\/\/dcase.se\/dcase-2024\/wp-content\/uploads\/sites\/4\/2023\/05\/www.dcase.se_omslagsbild-scaled.jpg\" class=\"attachment-full size-full\" alt=\"Hooked p\u00e5 hokas\" srcset=\"https:\/\/dcase.se\/dcase-2024\/wp-content\/uploads\/sites\/4\/2023\/05\/www.dcase.se_omslagsbild-scaled.jpg 2560w, https:\/\/dcase.se\/dcase-2024\/wp-content\/uploads\/sites\/4\/2023\/05\/www.dcase.se_omslagsbild-300x174.jpg 300w, https:\/\/dcase.se\/dcase-2024\/wp-content\/uploads\/sites\/4\/2023\/05\/www.dcase.se_omslagsbild-1280x742.jpg 1280w, https:\/\/dcase.se\/dcase-2024\/wp-content\/uploads\/sites\/4\/2023\/05\/www.dcase.se_omslagsbild-768x445.jpg 768w, https:\/\/dcase.se\/dcase-2024\/wp-content\/uploads\/sites\/4\/2023\/05\/www.dcase.se_omslagsbild-1536x890.jpg 1536w, https:\/\/dcase.se\/dcase-2024\/wp-content\/uploads\/sites\/4\/2023\/05\/www.dcase.se_omslagsbild-2048x1187.jpg 2048w, https:\/\/dcase.se\/dcase-2024\/wp-content\/uploads\/sites\/4\/2023\/05\/www.dcase.se_omslagsbild-600x348.jpg 600w, https:\/\/dcase.se\/dcase-2024\/wp-content\/uploads\/sites\/4\/2023\/05\/www.dcase.se_omslagsbild-945x548.jpg 945w\" sizes=\"auto, (max-width: 2560px) 100vw, 2560px\" \/><\/a><\/div><div class=\"gb-block-post-grid-text\"><header class=\"gb-block-post-grid-header\"><h3 class=\"gb-block-post-grid-title\"><a href=\"https:\/\/dcase.se\/dcase-2024\/dcase-granskning-av-nathandeln-sa-latt-ar-det-att-bli-blast-pa-ett-klick\/\" rel=\"bookmark\">Dcase granskning av n\u00e4thandeln &#8211; s\u00e5 l\u00e4tt \u00e4r det att bli bl\u00e5st p\u00e5 ett klick.<\/a><\/h3><\/header><div class=\"gb-block-post-grid-excerpt\"><p><a class=\"gb-block-post-grid-more-link gb-text-link\" href=\"https:\/\/dcase.se\/dcase-2024\/dcase-granskning-av-nathandeln-sa-latt-ar-det-att-bli-blast-pa-ett-klick\/\" rel=\"bookmark\">Till granskningen <span class=\"screen-reader-text\">Dcase granskning av n\u00e4thandeln &#8211; s\u00e5 l\u00e4tt \u00e4r det att bli bl\u00e5st p\u00e5 ett klick.<\/span><\/a><\/p><\/div><\/div><\/article>\n<\/div><\/section>","protected":false},"excerpt":{"rendered":"","protected":false},"author":109,"featured_media":0,"parent":0,"menu_order":0,"comment_status":"closed","ping_status":"closed","template":"","meta":{"_monsterinsights_skip_tracking":false,"_monsterinsights_sitenote_active":false,"_monsterinsights_sitenote_note":"","_monsterinsights_sitenote_category":0,"_themeisle_gutenberg_block_has_review":false,"footnotes":""},"class_list":["post-9413","page","type-page","status-publish","hentry"],"aioseo_notices":[],"featured_image_src":null,"featured_image_src_square":null,"_links":{"self":[{"href":"https:\/\/dcase.se\/dcase-2024\/wp-json\/wp\/v2\/pages\/9413","targetHints":{"allow":["GET"]}}],"collection":[{"href":"https:\/\/dcase.se\/dcase-2024\/wp-json\/wp\/v2\/pages"}],"about":[{"href":"https:\/\/dcase.se\/dcase-2024\/wp-json\/wp\/v2\/types\/page"}],"author":[{"embeddable":true,"href":"https:\/\/dcase.se\/dcase-2024\/wp-json\/wp\/v2\/users\/109"}],"replies":[{"embeddable":true,"href":"https:\/\/dcase.se\/dcase-2024\/wp-json\/wp\/v2\/comments?post=9413"}],"version-history":[{"count":16,"href":"https:\/\/dcase.se\/dcase-2024\/wp-json\/wp\/v2\/pages\/9413\/revisions"}],"predecessor-version":[{"id":11766,"href":"https:\/\/dcase.se\/dcase-2024\/wp-json\/wp\/v2\/pages\/9413\/revisions\/11766"}],"wp:attachment":[{"href":"https:\/\/dcase.se\/dcase-2024\/wp-json\/wp\/v2\/media?parent=9413"}],"curies":[{"name":"wp","href":"https:\/\/api.w.org\/{rel}","templated":true}]}}