{"id":9837,"date":"2023-05-25T10:46:10","date_gmt":"2023-05-25T09:46:10","guid":{"rendered":"http:\/\/dcase.se\/dcase2024\/?page_id=9837"},"modified":"2023-06-01T12:31:09","modified_gmt":"2023-06-01T11:31:09","slug":"dcase-avslojar-sa-latt-ar-det-att-kopa-sig-forbi-riskutbildningen","status":"publish","type":"page","link":"https:\/\/dcase.se\/dcase-2024\/dcase-avslojar-sa-latt-ar-det-att-kopa-sig-forbi-riskutbildningen\/","title":{"rendered":"DCase avsl\u00f6jar: S\u00e5 l\u00e4tt \u00e4r det att k\u00f6pa sig f\u00f6rbi riskutbildningen"},"content":{"rendered":"\n<div class=\"wp-block-group\"><div class=\"wp-block-group__inner-container is-layout-flow wp-block-group-is-layout-flow\">\n<div id=\"wp-block-themeisle-blocks-advanced-columns-f14e689e\" class=\"wp-block-themeisle-blocks-advanced-columns has-2-columns has-desktop-equal-layout has-tablet-equal-layout has-mobile-collapsedRows-layout has-vertical-unset\"><div class=\"wp-block-themeisle-blocks-advanced-columns-overlay\"><\/div><div class=\"innerblocks-wrap\">\n<div id=\"wp-block-themeisle-blocks-advanced-column-52d84cd5\" class=\"wp-block-themeisle-blocks-advanced-column\">\n<div class=\"wp-block-columns is-layout-flex wp-container-core-columns-is-layout-9d6595d7 wp-block-columns-is-layout-flex\">\n<div class=\"wp-block-column is-layout-flow wp-block-column-is-layout-flow\" style=\"flex-basis:100%\">\n<h2 class=\"has-large-font-size wp-block-heading\"><a href=\"https:\/\/dcase.se\/dcase-2024\/dcase-avslojar-sa-fifflas-det-med-riskutbildningen-elever-godkanns-utan-att-delta\/\" target=\"_blank\" rel=\"noopener\" title=\"\">DCase<\/a><a href=\"https:\/\/dcase.se\/dcase-2024\/dcase-avslojar-sa-fifflas-det-med-riskutbildningen-elever-godkanns-utan-att-delta\/\" target=\"_blank\" rel=\"noreferrer noopener\"> avsl\u00f6jar: S\u00e5 fifflas det med riskutbildningen \u2013 elever godk\u00e4nns utan att delta<\/a><\/h2>\n<\/div>\n<\/div>\n\n\n\n<p>49 telefonsamtal g\u00f6rs. Vid fem olika tillf\u00e4llen s\u00e4ger personer till v\u00e5r reporter att hon ska f\u00e5 bli godk\u00e4nd p\u00e5 riskutbildning f\u00f6r personbil utan att vara p\u00e5 plats. Detta trots att momenten \u00e4r obligatoriska att n\u00e4rvara p\u00e5 f\u00f6r att ta k\u00f6rkort\u2026.&nbsp;<a href=\"https:\/\/dcase.se\/dcase-2024\/dcase-avslojar-sa-fifflas-det-med-riskutbildningen-elever-godkanns-utan-att-delta\/\">Forts\u00e4tt l\u00e4sa \u2192<\/a><\/p>\n<\/div>\n\n\n\n<div id=\"wp-block-themeisle-blocks-advanced-column-2c9050b9\" class=\"wp-block-themeisle-blocks-advanced-column\">\n<div class=\"wp-block-image\"><figure class=\"alignright size-large\"><img loading=\"lazy\" decoding=\"async\" width=\"1280\" height=\"853\" src=\"https:\/\/dcase.se\/wp-content\/uploads\/sites\/4\/2023\/05\/www.dcase.se_img-7224-4-1280x853.jpg\" alt=\"\" class=\"wp-image-10511\" srcset=\"https:\/\/dcase.se\/dcase-2024\/wp-content\/uploads\/sites\/4\/2023\/05\/www.dcase.se_img-7224-4-1280x853.jpg 1280w, https:\/\/dcase.se\/dcase-2024\/wp-content\/uploads\/sites\/4\/2023\/05\/www.dcase.se_img-7224-4-300x200.jpg 300w, https:\/\/dcase.se\/dcase-2024\/wp-content\/uploads\/sites\/4\/2023\/05\/www.dcase.se_img-7224-4-768x512.jpg 768w, https:\/\/dcase.se\/dcase-2024\/wp-content\/uploads\/sites\/4\/2023\/05\/www.dcase.se_img-7224-4-1536x1024.jpg 1536w, https:\/\/dcase.se\/dcase-2024\/wp-content\/uploads\/sites\/4\/2023\/05\/www.dcase.se_img-7224-4-2048x1365.jpg 2048w, https:\/\/dcase.se\/dcase-2024\/wp-content\/uploads\/sites\/4\/2023\/05\/www.dcase.se_img-7224-4-600x400.jpg 600w, https:\/\/dcase.se\/dcase-2024\/wp-content\/uploads\/sites\/4\/2023\/05\/www.dcase.se_img-7224-4-945x630.jpg 945w\" sizes=\"auto, (max-width: 1280px) 100vw, 1280px\" \/><\/figure><\/div>\n<\/div>\n<\/div><\/div>\n<\/div><\/div>\n\n\n\n<div class=\"wp-block-columns is-layout-flex wp-container-core-columns-is-layout-9d6595d7 wp-block-columns-is-layout-flex\">\n<div class=\"wp-block-column is-layout-flow wp-block-column-is-layout-flow\" style=\"flex-basis:100%\">\n<div id=\"wp-block-themeisle-blocks-font-awesome-icons-177e1565\" class=\"wp-block-themeisle-blocks-font-awesome-icons\"><span class=\"wp-block-themeisle-blocks-font-awesome-icons-container\"><i class=\"fas fa-car-crash\"><\/i><\/span><\/div>\n<\/div>\n<\/div>\n\n\n\n<div class=\"wp-block-group\"><div class=\"wp-block-group__inner-container is-layout-flow wp-block-group-is-layout-flow\">\n<div class=\"wp-block-columns is-layout-flex wp-container-core-columns-is-layout-9d6595d7 wp-block-columns-is-layout-flex\">\n<div class=\"wp-block-column is-layout-flow wp-block-column-is-layout-flow\" style=\"flex-basis:100%\">\n<div class=\"wp-block-group\"><div class=\"wp-block-group__inner-container is-layout-flow wp-block-group-is-layout-flow\">\n<div id=\"wp-block-themeisle-blocks-advanced-columns-332ce6d7\" class=\"wp-block-themeisle-blocks-advanced-columns has-2-columns has-desktop-equal-layout has-tablet-equal-layout has-mobile-collapsedRows-layout has-vertical-unset\"><div class=\"wp-block-themeisle-blocks-advanced-columns-overlay\"><\/div><div class=\"innerblocks-wrap\">\n<div id=\"wp-block-themeisle-blocks-advanced-column-07121d30\" class=\"wp-block-themeisle-blocks-advanced-column\">\n<p class=\"has-large-font-size\"><a href=\"https:\/\/dcase.se\/dcase-2024\/har-tillats-dcases-reporter-fuska-sig-genom-riskutbildningen-se-video\/\" target=\"_blank\" rel=\"noreferrer noopener\"><strong>H\u00e4r till\u00e5ts DCase:s reporter fuska sig genom riskutbildningen \u2013 se video!<\/strong><\/a><\/p>\n\n\n\n<p class=\"has-text-align-left\">Fem g\u00e5nger erbjuds reportern riskutbildning utan att delta p\u00e5 plats. DCase:s unders\u00f6kning leder fram till trafikskolor och personer som \u00e4r beredda att fiffla. Vi   spelade in n\u00e4r de erbj\u00f6d sig att fiffla mot betalning. H\u00e4r \u00e4r andra delen i granskningen\u2026&nbsp;<a href=\"https:\/\/dcase.se\/dcase-2024\/har-tillats-dcases-reporter-fuska-sig-genom-riskutbildningen-se-video\/\">Forts\u00e4tt l\u00e4sa \u2192<\/a><\/p>\n<\/div>\n\n\n\n<div id=\"wp-block-themeisle-blocks-advanced-column-e14a2869\" class=\"wp-block-themeisle-blocks-advanced-column\">\n<div class=\"wp-block-image\"><figure class=\"alignright size-large\"><img loading=\"lazy\" decoding=\"async\" width=\"1280\" height=\"960\" src=\"https:\/\/dcase.se\/wp-content\/uploads\/sites\/4\/2023\/05\/www.dcase.se_forsta-bild-till-del-2-1-1280x960.jpg\" alt=\"\" class=\"wp-image-10561\" srcset=\"https:\/\/dcase.se\/dcase-2024\/wp-content\/uploads\/sites\/4\/2023\/05\/www.dcase.se_forsta-bild-till-del-2-1-1280x960.jpg 1280w, https:\/\/dcase.se\/dcase-2024\/wp-content\/uploads\/sites\/4\/2023\/05\/www.dcase.se_forsta-bild-till-del-2-1-300x225.jpg 300w, https:\/\/dcase.se\/dcase-2024\/wp-content\/uploads\/sites\/4\/2023\/05\/www.dcase.se_forsta-bild-till-del-2-1-768x576.jpg 768w, https:\/\/dcase.se\/dcase-2024\/wp-content\/uploads\/sites\/4\/2023\/05\/www.dcase.se_forsta-bild-till-del-2-1-1536x1152.jpg 1536w, https:\/\/dcase.se\/dcase-2024\/wp-content\/uploads\/sites\/4\/2023\/05\/www.dcase.se_forsta-bild-till-del-2-1-600x450.jpg 600w, https:\/\/dcase.se\/dcase-2024\/wp-content\/uploads\/sites\/4\/2023\/05\/www.dcase.se_forsta-bild-till-del-2-1-945x709.jpg 945w, https:\/\/dcase.se\/dcase-2024\/wp-content\/uploads\/sites\/4\/2023\/05\/www.dcase.se_forsta-bild-till-del-2-1.jpg 1890w\" sizes=\"auto, (max-width: 1280px) 100vw, 1280px\" \/><\/figure><\/div>\n<\/div>\n<\/div><\/div>\n<\/div><\/div>\n<\/div>\n<\/div>\n<\/div><\/div>\n\n\n\n<div class=\"wp-block-columns is-layout-flex wp-container-core-columns-is-layout-9d6595d7 wp-block-columns-is-layout-flex\">\n<div class=\"wp-block-column is-layout-flow wp-block-column-is-layout-flow\">\n<h3 class=\"wp-block-heading\"><a href=\"https:\/\/dcase.se\/dcase-2024\/ett-fatal-tillstand-for-riskutbildning-aterkallas-sju-beslut-sedan-2018\/\">Ett f\u00e5tal tillst\u00e5nd f\u00f6r riskutbildning \u00e5terkallas \u2013 sju beslut sedan 2018<\/a><\/h3>\n\n\n\n<p><a href=\"https:\/\/dcase.se\/dcase-2024\/ett-fatal-tillstand-for-riskutbildning-aterkallas-sju-beslut-sedan-2018\/\" title=\"Ett f\u00e5tal tillst\u00e5nd f\u00f6r riskutbildning \u00e5terkallas \u2013 sju beslut sedan 2018\">Att tillst\u00e5ndet att bedriva riskutbildning f\u00f6r personbil \u00e5terkallas \u00e4r relativt s\u00e4llsynt. Sedan 2018 och fram till i dag har Transportstyrelsen fattat sju s\u00e5dana beslut. <\/a><\/p>\n<\/div>\n\n\n\n<div class=\"wp-block-column is-layout-flow wp-block-column-is-layout-flow\">\n<div class=\"wp-block-image\"><figure class=\"alignright size-large is-resized\"><img loading=\"lazy\" decoding=\"async\" src=\"https:\/\/dcase.se\/wp-content\/uploads\/sites\/4\/2023\/05\/www.dcase.se_img-7414-1280x853.jpg\" alt=\"\" class=\"wp-image-10930\" width=\"334\" height=\"222\" srcset=\"https:\/\/dcase.se\/dcase-2024\/wp-content\/uploads\/sites\/4\/2023\/05\/www.dcase.se_img-7414-1280x853.jpg 1280w, https:\/\/dcase.se\/dcase-2024\/wp-content\/uploads\/sites\/4\/2023\/05\/www.dcase.se_img-7414-300x200.jpg 300w, https:\/\/dcase.se\/dcase-2024\/wp-content\/uploads\/sites\/4\/2023\/05\/www.dcase.se_img-7414-768x512.jpg 768w, https:\/\/dcase.se\/dcase-2024\/wp-content\/uploads\/sites\/4\/2023\/05\/www.dcase.se_img-7414-1536x1024.jpg 1536w, https:\/\/dcase.se\/dcase-2024\/wp-content\/uploads\/sites\/4\/2023\/05\/www.dcase.se_img-7414-2048x1365.jpg 2048w, https:\/\/dcase.se\/dcase-2024\/wp-content\/uploads\/sites\/4\/2023\/05\/www.dcase.se_img-7414-600x400.jpg 600w, https:\/\/dcase.se\/dcase-2024\/wp-content\/uploads\/sites\/4\/2023\/05\/www.dcase.se_img-7414-945x630.jpg 945w\" sizes=\"auto, (max-width: 334px) 100vw, 334px\" \/><\/figure><\/div>\n<\/div>\n<\/div>\n\n\n\n<div id=\"wp-block-themeisle-blocks-advanced-columns-61086c41\" class=\"wp-block-themeisle-blocks-advanced-columns has-2-columns has-desktop-equal-layout has-tablet-equal-layout has-mobile-collapsedRows-layout has-vertical-unset\"><div class=\"wp-block-themeisle-blocks-advanced-columns-overlay\"><\/div><div class=\"innerblocks-wrap\">\n<div id=\"wp-block-themeisle-blocks-advanced-column-01929bd2\" class=\"wp-block-themeisle-blocks-advanced-column\">\n<h2 class=\"wp-block-heading\"><a href=\"https:\/\/dcase.se\/dcase-2024\/lastbilskort-utan-att-vara-pa-plats-man-atalad-for-mutbrott\/\" rel=\"nofollow\" title=\"Lastbilskort utan att vara p\u00e5 plats \u2013 man \u00e5talad f\u00f6r mutbrott\">Lastbilskort utan att vara p\u00e5 plats \u2013 man \u00e5talad f\u00f6r mutbrott<\/a> <\/h2>\n\n\n\n<p>Enligt ett \u00e5tal vid Lule\u00e5 tingsr\u00e4tt ska en man i Norrbotten genom sin trafikskola ha intygat att flera deltagare fullbordat grundutbildning f\u00f6r yrkeskompetens \u2013 utan att de deltagit p\u00e5 plats. <\/p>\n<\/div>\n\n\n\n<div id=\"wp-block-themeisle-blocks-advanced-column-91547bd9\" class=\"wp-block-themeisle-blocks-advanced-column\">\n<div class=\"wp-block-image\"><figure class=\"alignright size-full is-resized\"><img loading=\"lazy\" decoding=\"async\" src=\"https:\/\/dcase.se\/wp-content\/uploads\/sites\/4\/2023\/05\/www.dcase.se_www.dcase-.se-tire-gb60e8eb6b-1280.jpeg\" alt=\"\" class=\"wp-image-11624\" width=\"294\" height=\"193\" srcset=\"https:\/\/dcase.se\/dcase-2024\/wp-content\/uploads\/sites\/4\/2023\/05\/www.dcase.se_www.dcase-.se-tire-gb60e8eb6b-1280.jpeg 1280w, https:\/\/dcase.se\/dcase-2024\/wp-content\/uploads\/sites\/4\/2023\/05\/www.dcase.se_www.dcase-.se-tire-gb60e8eb6b-1280-300x198.jpeg 300w, https:\/\/dcase.se\/dcase-2024\/wp-content\/uploads\/sites\/4\/2023\/05\/www.dcase.se_www.dcase-.se-tire-gb60e8eb6b-1280-768x506.jpeg 768w, https:\/\/dcase.se\/dcase-2024\/wp-content\/uploads\/sites\/4\/2023\/05\/www.dcase.se_www.dcase-.se-tire-gb60e8eb6b-1280-600x395.jpeg 600w, https:\/\/dcase.se\/dcase-2024\/wp-content\/uploads\/sites\/4\/2023\/05\/www.dcase.se_www.dcase-.se-tire-gb60e8eb6b-1280-945x622.jpeg 945w\" sizes=\"auto, (max-width: 294px) 100vw, 294px\" \/><\/figure><\/div>\n<\/div>\n<\/div><\/div>\n\n\n\n<div id=\"wp-block-themeisle-blocks-advanced-columns-44a533ad\" class=\"wp-block-themeisle-blocks-advanced-columns has-2-columns has-desktop-equal-layout has-tablet-equal-layout has-mobile-collapsedRows-layout has-vertical-unset\"><div class=\"wp-block-themeisle-blocks-advanced-columns-overlay\"><\/div><div class=\"innerblocks-wrap\">\n<div id=\"wp-block-themeisle-blocks-advanced-column-5c8662f8\" class=\"wp-block-themeisle-blocks-advanced-column\">\n<h2 class=\"wp-block-heading\"><a href=\"https:\/\/dcase.se\/dcase-2024\/har-konfronteras-personerna-bakom-riskfifflet\/\" rel=\"nofollow\" title=\"H\u00e4r konfronteras personerna bakom riskfifflet\">H\u00e4r konfronteras personerna bakom riskfifflet<\/a><\/h2>\n\n\n\n<p>Vid trafikskolorna nekar man n\u00e4r DCase ringer upp och ber\u00e4ttar om uppgifterna som framkommit i unders\u00f6kningen. \u00c4ven personerna vi f\u00e5tt kontakt med p\u00e5 sociala medier menar att uppgifterna inte \u00e4r sanna och att det har blivit ett missf\u00f6rst\u00e5nd. <\/p>\n<\/div>\n\n\n\n<div id=\"wp-block-themeisle-blocks-advanced-column-7b4f2e7a\" class=\"wp-block-themeisle-blocks-advanced-column\">\n<figure class=\"wp-block-video alignright\"><video height=\"1080\" style=\"aspect-ratio: 1920 \/ 1080;\" width=\"1920\" controls src=\"https:\/\/dcase.se\/wp-content\/uploads\/sites\/4\/2023\/05\/www.dcase.se_alskade-haidar-2.mp4\"><\/video><\/figure>\n<\/div>\n<\/div><\/div>\n\n\n\n<div id=\"wp-block-themeisle-blocks-advanced-columns-4128a830\" class=\"wp-block-themeisle-blocks-advanced-columns has-2-columns has-desktop-equal-layout has-tablet-equal-layout has-mobile-collapsedRows-layout has-vertical-unset\"><div class=\"wp-block-themeisle-blocks-advanced-columns-overlay\"><\/div><div class=\"innerblocks-wrap\">\n<div id=\"wp-block-themeisle-blocks-advanced-column-adc72f37\" class=\"wp-block-themeisle-blocks-advanced-column\">\n<h2 class=\"wp-block-heading\"><a href=\"https:\/\/dcase.se\/dcase-2024\/transportstyrelsen-om-dcases-granskning-uppgifter-vi-ser-mycket-allvarligt-pa\/\" rel=\"nofollow\" title=\"Transportstyrelsen om DCase:s granskning: \u201dUppgifter vi ser mycket allvarligt p\u00e5\u201d\">Transportstyrelsen om DCase:s granskning: \u201dUppgifter vi ser mycket allvarligt p\u00e5\u201d<\/a><\/h2>\n\n\n\n<p>Nu reagerar Transportstyrelsen p\u00e5 DCase:s granskning.<strong> <\/strong><\/p>\n<\/div>\n\n\n\n<div id=\"wp-block-themeisle-blocks-advanced-column-e2bf90ad\" class=\"wp-block-themeisle-blocks-advanced-column\">\n<div class=\"wp-block-image\"><figure class=\"alignright size-full is-resized\"><img decoding=\"async\" src=\"https:\/\/dcase.se\/wp-content\/uploads\/sites\/4\/2023\/05\/www.dcase.se_www.dcase-.se-img-7214-1280x853-1.jpeg\" alt=\"\" class=\"wp-image-11802\" width=\"-3\" height=\"-2\" srcset=\"https:\/\/dcase.se\/dcase-2024\/wp-content\/uploads\/sites\/4\/2023\/05\/www.dcase.se_www.dcase-.se-img-7214-1280x853-1.jpeg 1280w, https:\/\/dcase.se\/dcase-2024\/wp-content\/uploads\/sites\/4\/2023\/05\/www.dcase.se_www.dcase-.se-img-7214-1280x853-1-300x200.jpeg 300w, https:\/\/dcase.se\/dcase-2024\/wp-content\/uploads\/sites\/4\/2023\/05\/www.dcase.se_www.dcase-.se-img-7214-1280x853-1-768x512.jpeg 768w, https:\/\/dcase.se\/dcase-2024\/wp-content\/uploads\/sites\/4\/2023\/05\/www.dcase.se_www.dcase-.se-img-7214-1280x853-1-600x400.jpeg 600w, https:\/\/dcase.se\/dcase-2024\/wp-content\/uploads\/sites\/4\/2023\/05\/www.dcase.se_www.dcase-.se-img-7214-1280x853-1-945x630.jpeg 945w\" sizes=\"(max-width: 1280px) 100vw, 1280px\" \/><\/figure><\/div>\n<\/div>\n<\/div><\/div>\n","protected":false},"excerpt":{"rendered":"<p>Ett f\u00e5tal tillst\u00e5nd f\u00f6r riskutbildning \u00e5terkallas \u2013 sju beslut sedan 2018 Att tillst\u00e5ndet att bedriva riskutbildning f\u00f6r personbil \u00e5terkallas \u00e4r relativt s\u00e4llsynt. Sedan 2018 och fram till i dag har Transportstyrelsen fattat sju s\u00e5dana beslut.<\/p>\n","protected":false},"author":156,"featured_media":9839,"parent":0,"menu_order":0,"comment_status":"closed","ping_status":"closed","template":"","meta":{"_monsterinsights_skip_tracking":false,"_monsterinsights_sitenote_active":false,"_monsterinsights_sitenote_note":"","_monsterinsights_sitenote_category":0,"_themeisle_gutenberg_block_has_review":false,"footnotes":""},"class_list":["post-9837","page","type-page","status-publish","has-post-thumbnail","hentry"],"aioseo_notices":[],"featured_image_src":"https:\/\/dcase.se\/dcase-2024\/wp-content\/uploads\/sites\/4\/2023\/05\/www.dcase.se_bild-2-ovningskor-redigerad-1-600x400.jpg","featured_image_src_square":"https:\/\/dcase.se\/dcase-2024\/wp-content\/uploads\/sites\/4\/2023\/05\/www.dcase.se_bild-2-ovningskor-redigerad-1-600x600.jpg","_links":{"self":[{"href":"https:\/\/dcase.se\/dcase-2024\/wp-json\/wp\/v2\/pages\/9837","targetHints":{"allow":["GET"]}}],"collection":[{"href":"https:\/\/dcase.se\/dcase-2024\/wp-json\/wp\/v2\/pages"}],"about":[{"href":"https:\/\/dcase.se\/dcase-2024\/wp-json\/wp\/v2\/types\/page"}],"author":[{"embeddable":true,"href":"https:\/\/dcase.se\/dcase-2024\/wp-json\/wp\/v2\/users\/156"}],"replies":[{"embeddable":true,"href":"https:\/\/dcase.se\/dcase-2024\/wp-json\/wp\/v2\/comments?post=9837"}],"version-history":[{"count":68,"href":"https:\/\/dcase.se\/dcase-2024\/wp-json\/wp\/v2\/pages\/9837\/revisions"}],"predecessor-version":[{"id":11805,"href":"https:\/\/dcase.se\/dcase-2024\/wp-json\/wp\/v2\/pages\/9837\/revisions\/11805"}],"wp:featuredmedia":[{"embeddable":true,"href":"https:\/\/dcase.se\/dcase-2024\/wp-json\/wp\/v2\/media\/9839"}],"wp:attachment":[{"href":"https:\/\/dcase.se\/dcase-2024\/wp-json\/wp\/v2\/media?parent=9837"}],"curies":[{"name":"wp","href":"https:\/\/api.w.org\/{rel}","templated":true}]}}